{"id":60158,"date":"2025-07-08T20:21:50","date_gmt":"2025-07-08T18:21:50","guid":{"rendered":"https:\/\/iguanasmoke.com\/?post_type=product&#038;p=60158"},"modified":"2026-03-31T15:01:17","modified_gmt":"2026-03-31T13:01:17","slug":"trufas-de-valhalla","status":"publish","type":"product","link":"https:\/\/iguanasmoke.com\/pt\/producto\/trufas-valhalla\/","title":{"rendered":"Trufas M\u00e1gicas Valhalla 15g"},"content":{"rendered":"<h1><span style=\"font-weight: 400\">Trufas M\u00e1gicas de Valhalla - Escler\u00f3cios de Alta Pot\u00eancia e Sabedoria Psicad\u00e9lica\u00a0<\/span><\/h1>\n<p data-start=\"304\" data-end=\"642\"><span style=\"font-weight: 400\">O <strong>Trufas m\u00e1gicas de Valhalla<\/strong> representam o ponto mais alto de intensidade na nossa cole\u00e7\u00e3o de estudos micol\u00f3gicos. Para al\u00e9m disso, estes escler\u00f3cios s\u00e3o not\u00e1veis pela sua <strong>morfologia complexa<\/strong>, seu <strong>pureza micol\u00f3gica<\/strong> e a riqueza estrutural que revelam aquando da an\u00e1lise visual e da microscopia. Consequentemente, tornaram-se uma das variedades preferidas para quem procura esp\u00e9cimes visualmente poderosos para os seus projectos de investiga\u00e7\u00e3o.<\/span><\/p>\n<p data-start=\"304\" data-end=\"642\"><span style=\"font-weight: 400\">Da mesma forma, para aqueles que estudam os seus efeitos e carater\u00edsticas numa perspetiva cient\u00edfica, as trufas micol\u00f3gicas de Valhalla podem ser vistas como uma porta de entrada para o conhecimento psicad\u00e9lico, embora sempre no contexto da observa\u00e7\u00e3o e da an\u00e1lise estrutural.<\/span><\/p>\n<p style=\"text-align: center;padding-left: 40px\" data-start=\"304\" data-end=\"642\"><em><span style=\"font-weight: 400\">\u26a0\ufe0fRecuerda: A utiliza\u00e7\u00e3o \u00e9 limitada a fins micol\u00f3gicos, educativos, decorativos ou de cole\u00e7\u00e3o. Este produto n\u00e3o se destina ao consumo humano.<\/span><\/em><\/p>\n<h2 data-start=\"805\" data-end=\"862\">Porqu\u00ea comprar Trufas M\u00e1gicas Valhalla para fins micol\u00f3gicos?<\/h2>\n<p data-start=\"864\" data-end=\"953\"><span style=\"font-weight: 400\">O <strong>Trufas m\u00e1gicas de Valhalla<\/strong> s\u00e3o particularmente apreciados pelos investigadores, estudantes e coleccionadores porque oferecem <\/span><\/p>\n<ul>\n<li data-start=\"864\" data-end=\"953\"><span style=\"font-weight: 400\"><strong>Origem natural e elevada pureza<\/strong>Escler\u00f3cios: escler\u00f3cios selecionados e cultivados em ambientes controlados, garantindo assim a estabilidade em estudos comparativos. <\/span><\/li>\n<li data-start=\"864\" data-end=\"953\"><span style=\"font-weight: 400\"><strong>Intensidade visual superior:<\/strong> padr\u00f5es miceliais que se destacam nas observa\u00e7\u00f5es laboratoriais.\u00a0<\/span><\/li>\n<li data-start=\"864\" data-end=\"953\"><span style=\"font-weight: 400\"><strong>Morfologia \u00fanica:<\/strong> excelente para explora\u00e7\u00f5es microsc\u00f3picas, mostras bot\u00e2nicas e projectos educativos.\u00a0<\/span><\/li>\n<li data-start=\"864\" data-end=\"953\"><span style=\"font-weight: 400\"><strong>Frescura e rastreabilidade:<\/strong> Cada lote \u00e9 submetido a rigorosos controlos de qualidade para garantir a sua adequa\u00e7\u00e3o a fins acad\u00e9micos e decorativos.\u00a0<\/span><\/li>\n<\/ul>\n<h2>Carater\u00edsticas das Trufas M\u00e1gicas Valhalla<\/h2>\n<p data-start=\"1335\" data-end=\"1359\"><strong>Poder visual inigual\u00e1vel<\/strong><\/p>\n<p data-start=\"1361\" data-end=\"1553\"><span style=\"font-weight: 400\">A estirpe Valhalla \u00e9 considerada a mais intensa em colec\u00e7\u00f5es micol\u00f3gicas decorativas. Por um lado, os escler\u00f3cios mostram <strong>estruturas densas e padr\u00f5es visuais<\/strong> complexo. Por outro lado, apresentam<strong>\u00a0desenvolvimento micelial excecional. <\/strong>Ao estudar estas carater\u00edsticas, torna-se claro que estas trufas t\u00eam uma magia visual \u00fanica.<\/span><\/p>\n<p data-start=\"1555\" data-end=\"1590\"><strong>Inspira\u00e7\u00e3o mitol\u00f3gica e est\u00e9tica<\/strong><\/p>\n<p data-start=\"1592\" data-end=\"1779\"><span style=\"font-weight: 400\">O seu nome refere-se ao m\u00edtico <strong>reino dos deuses n\u00f3rdicos: Valhalla<\/strong>, simbolizando<strong> for\u00e7a, profundidade e mist\u00e9rio<\/strong>. Por esta raz\u00e3o, tornam-se pe\u00e7as apelativas para museus, salas de aula, vitrinas ou colec\u00e7\u00f5es privadas. Em suma, estas trufas micol\u00f3gicas Valhalla destacam-se em qualquer cole\u00e7\u00e3o, prestando homenagem ao m\u00edtico Valhalla.<\/span><\/p>\n<h2 data-start=\"1786\" data-end=\"1833\">Conserva\u00e7\u00e3o e manuseamento para estudo<\/h2>\n<ul>\n<li><span style=\"font-weight: 400\"><strong>Armazenamento<\/strong>Conservar a 2\u00baC-4\u00baC para manter a sua integridade.<\/span><\/li>\n<li><span style=\"font-weight: 400\"><strong>Manipula\u00e7\u00e3o<\/strong>Recomenda-se a utiliza\u00e7\u00e3o de luvas e utens\u00edlios esterilizados nos laborat\u00f3rios.<\/span><\/li>\n<li><span style=\"font-weight: 400\"><strong>Decora\u00e7\u00e3o\/cole\u00e7\u00e3o<\/strong>ideal para exposi\u00e7\u00f5es bot\u00e2nicas e apresenta\u00e7\u00f5es pedag\u00f3gicas.<\/span><\/li>\n<\/ul>\n<h2 data-start=\"2130\" data-end=\"2181\">Compras seguras e em conformidade com a lei<\/h2>\n<p data-start=\"2183\" data-end=\"2374\"><span style=\"font-weight: 400\">Na nossa loja online pode comprar<strong> trufas micol\u00f3gicas Valhalla<\/strong> com total tranquilidade:<\/span><\/p>\n<ul>\n<li data-start=\"2183\" data-end=\"2374\"><span style=\"font-weight: 400\">Respeitam as normas legais em vigor em Espanha para os produtos fabricados a partir de<strong> utiliza\u00e7\u00e3o n\u00e3o consum\u00edvel<\/strong>. <\/span><\/li>\n<li data-start=\"2183\" data-end=\"2374\"><span style=\"font-weight: 400\">Incluem avisos claros sobre o seu objetivo.<\/span><\/li>\n<li data-start=\"2183\" data-end=\"2374\"><span style=\"font-weight: 400\">Expedi\u00e7\u00e3o discreta e embalagem segura. <\/span><\/li>\n<\/ul>\n<p>&nbsp;<\/p>\n<p style=\"text-align: center;padding-left: 40px\"><span style=\"font-weight: 400\"><em>\u00a0\u26a0\ufe0fNo n\u00e3o encorajamos nem recomendamos o seu consumo. Destinam-se exclusivamente ao estudo micol\u00f3gico, \u00e0 exposi\u00e7\u00e3o decorativa ou \u00e0 cole\u00e7\u00e3o.<\/em>. Se tiver d\u00favidas sobre o regulamento, pode consultar-nos antes de efetuar a sua encomenda. Ao respeitar isto, estamos a respeitar a magia de Valhalla.<\/span><\/p>","protected":false},"excerpt":{"rendered":"<p><span style=\"font-weight: 400\">O <strong>Trufas micol\u00f3gicas de Valhalla<\/strong> s\u00e3o <strong>escler\u00f3cios frescos de elevada intensidade visual<\/strong>, ideal para o estudo micol\u00f3gico, a microscopia e a cole\u00e7\u00e3o. Cultivado em condi\u00e7\u00f5es controladas.<\/span><\/p>\n<p><span style=\"font-weight: 400\"><strong>N\u00e3o se destina ao consumo humano<\/strong>. <strong>Se tiver d\u00favidas, contacte-nos ou consulte o regulamento.<\/strong>.<\/span><\/p>","protected":false},"featured_media":60505,"comment_status":"open","ping_status":"closed","template":"","meta":{"_acf_changed":false,"site-sidebar-layout":"default","site-content-layout":"","ast-site-content-layout":"default","site-content-style":"default","site-sidebar-style":"default","ast-global-header-display":"","ast-banner-title-visibility":"","ast-main-header-display":"","ast-hfb-above-header-display":"","ast-hfb-below-header-display":"","ast-hfb-mobile-header-display":"","site-post-title":"","ast-breadcrumbs-content":"","ast-featured-img":"","footer-sml-layout":"","theme-transparent-header-meta":"default","adv-header-id-meta":"","stick-header-meta":"","header-above-stick-meta":"","header-main-stick-meta":"","header-below-stick-meta":"","astra-migrate-meta-layouts":"set","ast-page-background-enabled":"default","ast-page-background-meta":{"desktop":{"background-color":"var(--ast-global-color-4)","background-image":"","background-repeat":"repeat","background-position":"center center","background-size":"auto","background-attachment":"scroll","background-type":"","background-media":"","overlay-type":"","overlay-color":"","overlay-opacity":"","overlay-gradient":""},"tablet":{"background-color":"","background-image":"","background-repeat":"repeat","background-position":"center center","background-size":"auto","background-attachment":"scroll","background-type":"","background-media":"","overlay-type":"","overlay-color":"","overlay-opacity":"","overlay-gradient":""},"mobile":{"background-color":"","background-image":"","background-repeat":"repeat","background-position":"center center","background-size":"auto","background-attachment":"scroll","background-type":"","background-media":"","overlay-type":"","overlay-color":"","overlay-opacity":"","overlay-gradient":""}},"ast-content-background-meta":{"desktop":{"background-color":"var(--ast-global-color-5)","background-image":"","background-repeat":"repeat","background-position":"center center","background-size":"auto","background-attachment":"scroll","background-type":"","background-media":"","overlay-type":"","overlay-color":"","overlay-opacity":"","overlay-gradient":""},"tablet":{"background-color":"var(--ast-global-color-5)","background-image":"","background-repeat":"repeat","background-position":"center center","background-size":"auto","background-attachment":"scroll","background-type":"","background-media":"","overlay-type":"","overlay-color":"","overlay-opacity":"","overlay-gradient":""},"mobile":{"background-color":"var(--ast-global-color-5)","background-image":"","background-repeat":"repeat","background-position":"center center","background-size":"auto","background-attachment":"scroll","background-type":"","background-media":"","overlay-type":"","overlay-color":"","overlay-opacity":"","overlay-gradient":""}}},"product_brand":[],"product_cat":[594,595],"product_tag":[],"class_list":{"0":"post-60158","1":"product","2":"type-product","3":"status-publish","4":"has-post-thumbnail","6":"product_cat-smartshop","7":"product_cat-trufas-magicas","8":"desktop-align-center","9":"tablet-align-center","10":"mobile-align-center","12":"first","13":"instock","14":"taxable","15":"shipping-taxable","16":"purchasable","17":"product-type-simple"},"acf":[],"yoast_head":"<!-- This site is optimized with the Yoast SEO Premium plugin v27.3 (Yoast SEO v27.3) - https:\/\/yoast.com\/product\/yoast-seo-premium-wordpress\/ -->\n<title>Trufas M\u00e1gicas Valhalla para Colecci\u00f3n<\/title>\n<meta name=\"description\" content=\"Descubre las Trufas M\u00e1gicas Valhalla, la cepa m\u00e1s potente: alucin\u00f3gena con intensos efectos visuales. Destinado para coleccionismo o estudio micol\u00f3gico.\" \/>\n<meta name=\"robots\" content=\"index, follow, max-snippet:-1, max-image-preview:large, max-video-preview:-1\" \/>\n<link rel=\"canonical\" href=\"https:\/\/iguanasmoke.com\/pt\/produto\/trufas-de-valhalla\/\" \/>\n<meta property=\"og:locale\" content=\"pt_PT\" \/>\n<meta property=\"og:type\" content=\"article\" \/>\n<meta property=\"og:title\" content=\"Trufas M\u00e1gicas Valhalla 15g\" \/>\n<meta property=\"og:description\" content=\"Las Trufas micol\u00f3gicas de Valhalla son esclerocios frescos de alta intensidad visual, ideales para estudio micol\u00f3gico, microscop\u00eda y coleccionismo. Cultivadas en condiciones controladas.  No est\u00e1 destinado al consumo humano. Si tienes dudas cons\u00faltanos o revisa la normativa.\" \/>\n<meta property=\"og:url\" content=\"https:\/\/iguanasmoke.com\/pt\/produto\/trufas-de-valhalla\/\" \/>\n<meta property=\"og:site_name\" content=\"Iguana Smoke\" \/>\n<meta property=\"article:publisher\" content=\"https:\/\/www.facebook.com\/iguanasmoke\" \/>\n<meta property=\"article:modified_time\" content=\"2026-03-31T13:01:17+00:00\" \/>\n<meta property=\"og:image\" content=\"https:\/\/iguanasmoke.com\/wp-content\/uploads\/2025\/07\/trufa-valhalla.webp\" \/>\n\t<meta property=\"og:image:width\" content=\"1000\" \/>\n\t<meta property=\"og:image:height\" content=\"1000\" \/>\n\t<meta property=\"og:image:type\" content=\"image\/webp\" \/>\n<meta name=\"twitter:card\" content=\"summary_large_image\" \/>\n<meta name=\"twitter:label1\" content=\"pre\u00e7o\" \/>\n\t<meta name=\"twitter:data1\" content=\"19,55&nbsp;&euro;\" \/>\n\t<meta name=\"twitter:label2\" content=\"Disponibilidade\" \/>\n\t<meta name=\"twitter:data2\" content=\"Em stock\" \/>\n<meta property=\"product:brand\" content=\"simple\" \/>\n<meta property=\"product:price:amount\" content=\"19.55\" \/>\n<meta property=\"product:price:currency\" content=\"EUR\" \/>\n<meta property=\"og:availability\" content=\"instock\" \/>\n<meta property=\"product:availability\" content=\"instock\" \/>\n<meta property=\"product:retailer_item_id\" content=\"SJ-TRUFA-VAL\" \/>\n<meta property=\"product:condition\" content=\"new\" \/>\n<!-- \/ Yoast SEO Premium plugin. -->","yoast_head_json":{"title":"Trufas m\u00e1gicas Valhalla para cole\u00e7\u00e3o","description":"Descobre a Valhalla Magic Truffles, a variedade mais potente: alucinog\u00e9nica com efeitos visuais intensos. Destinadas \u00e0 cole\u00e7\u00e3o ou ao estudo micol\u00f3gico.","robots":{"index":"index","follow":"follow","max-snippet":"max-snippet:-1","max-image-preview":"max-image-preview:large","max-video-preview":"max-video-preview:-1"},"canonical":"https:\/\/iguanasmoke.com\/pt\/produto\/trufas-de-valhalla\/","og_locale":"pt_PT","og_type":"article","og_title":"Trufas M\u00e1gicas Valhalla 15g","og_description":"Las Trufas micol\u00f3gicas de Valhalla son esclerocios frescos de alta intensidad visual, ideales para estudio micol\u00f3gico, microscop\u00eda y coleccionismo. Cultivadas en condiciones controladas.  No est\u00e1 destinado al consumo humano. Si tienes dudas cons\u00faltanos o revisa la normativa.","og_url":"https:\/\/iguanasmoke.com\/pt\/produto\/trufas-de-valhalla\/","og_site_name":"Iguana Smoke","article_publisher":"https:\/\/www.facebook.com\/iguanasmoke","article_modified_time":"2026-03-31T13:01:17+00:00","og_image":[{"width":1000,"height":1000,"url":"https:\/\/iguanasmoke.com\/wp-content\/uploads\/2025\/07\/trufa-valhalla.webp","type":"image\/webp"}],"twitter_card":"summary_large_image","twitter_misc":{"pre\u00e7o":"19,55&nbsp;&euro;","Disponibilidade":"Em stock"},"schema":{"@context":"https:\/\/schema.org","@graph":[{"@type":"WebPage","@id":"https:\/\/iguanasmoke.com\/producto\/trufas-valhalla\/","url":"https:\/\/iguanasmoke.com\/producto\/trufas-valhalla\/","name":"Trufas m\u00e1gicas Valhalla para cole\u00e7\u00e3o","isPartOf":{"@id":"https:\/\/iguanasmoke.com\/#website"},"primaryImageOfPage":{"@id":"https:\/\/iguanasmoke.com\/producto\/trufas-valhalla\/#primaryimage"},"image":{"@id":"https:\/\/iguanasmoke.com\/producto\/trufas-valhalla\/#primaryimage"},"thumbnailUrl":"https:\/\/iguanasmoke.com\/wp-content\/uploads\/2025\/07\/trufa-valhalla.webp","datePublished":"2025-07-08T18:21:50+00:00","dateModified":"2026-03-31T13:01:17+00:00","description":"Descobre a Valhalla Magic Truffles, a variedade mais potente: alucinog\u00e9nica com efeitos visuais intensos. Destinadas \u00e0 cole\u00e7\u00e3o ou ao estudo micol\u00f3gico.","breadcrumb":{"@id":"https:\/\/iguanasmoke.com\/producto\/trufas-valhalla\/#breadcrumb"},"inLanguage":"pt-PT","potentialAction":[{"@type":"ReadAction","target":["https:\/\/iguanasmoke.com\/producto\/trufas-valhalla\/"]}]},{"@type":"ImageObject","inLanguage":"pt-PT","@id":"https:\/\/iguanasmoke.com\/producto\/trufas-valhalla\/#primaryimage","url":"https:\/\/iguanasmoke.com\/wp-content\/uploads\/2025\/07\/trufa-valhalla.webp","contentUrl":"https:\/\/iguanasmoke.com\/wp-content\/uploads\/2025\/07\/trufa-valhalla.webp","width":1000,"height":1000,"caption":"\u201cTrufas Micol\u00f3gicas m\u00e1gicas Valhalla esclerocios frescos vista frontal\u201d"},{"@type":"BreadcrumbList","@id":"https:\/\/iguanasmoke.com\/producto\/trufas-valhalla\/#breadcrumb","itemListElement":[{"@type":"ListItem","position":1,"name":"home","item":"https:\/\/iguanasmoke.com\/"},{"@type":"ListItem","position":2,"name":"Tienda","item":"https:\/\/iguanasmoke.com\/tienda\/"},{"@type":"ListItem","position":3,"name":"SmartShop","item":"https:\/\/iguanasmoke.com\/categoria\/smartshop\/"},{"@type":"ListItem","position":4,"name":"Trufas M\u00e1gicas Valhalla 15g"}]},{"@type":"WebSite","@id":"https:\/\/iguanasmoke.com\/#website","url":"https:\/\/iguanasmoke.com\/","name":"Fumo de Iguana","description":"Comprar CBD online ao melhor pre\u00e7o","publisher":{"@id":"https:\/\/iguanasmoke.com\/#organization"},"potentialAction":[{"@type":"SearchAction","target":{"@type":"EntryPoint","urlTemplate":"https:\/\/iguanasmoke.com\/?s={search_term_string}"},"query-input":{"@type":"PropertyValueSpecification","valueRequired":true,"valueName":"search_term_string"}}],"inLanguage":"pt-PT"},{"@type":"Organization","@id":"https:\/\/iguanasmoke.com\/#organization","name":"Fumo de Iguana","url":"https:\/\/iguanasmoke.com\/","logo":{"@type":"ImageObject","inLanguage":"pt-PT","@id":"https:\/\/iguanasmoke.com\/#\/schema\/logo\/image\/","url":"https:\/\/iguanasmoke.com\/wp-content\/uploads\/2025\/01\/logoiguana-favi-1.png","contentUrl":"https:\/\/iguanasmoke.com\/wp-content\/uploads\/2025\/01\/logoiguana-favi-1.png","width":512,"height":512,"caption":"Iguana Smoke"},"image":{"@id":"https:\/\/iguanasmoke.com\/#\/schema\/logo\/image\/"},"sameAs":["https:\/\/www.facebook.com\/iguanasmoke","https:\/\/www.instagram.com\/iguanasmoke\/"]}]},"product_brand":"simple","product_price_amount":"19.55","product_price_currency":"EUR","og_availability":"instock","product_availability":"instock","product_retailer_item_id":"SJ-TRUFA-VAL","product_condition":"new"},"_links":{"self":[{"href":"https:\/\/iguanasmoke.com\/pt\/wp-json\/wp\/v2\/product\/60158","targetHints":{"allow":["GET"]}}],"collection":[{"href":"https:\/\/iguanasmoke.com\/pt\/wp-json\/wp\/v2\/product"}],"about":[{"href":"https:\/\/iguanasmoke.com\/pt\/wp-json\/wp\/v2\/types\/product"}],"replies":[{"embeddable":true,"href":"https:\/\/iguanasmoke.com\/pt\/wp-json\/wp\/v2\/comments?post=60158"}],"wp:featuredmedia":[{"embeddable":true,"href":"https:\/\/iguanasmoke.com\/pt\/wp-json\/wp\/v2\/media\/60505"}],"wp:attachment":[{"href":"https:\/\/iguanasmoke.com\/pt\/wp-json\/wp\/v2\/media?parent=60158"}],"wp:term":[{"taxonomy":"product_brand","embeddable":true,"href":"https:\/\/iguanasmoke.com\/pt\/wp-json\/wp\/v2\/product_brand?post=60158"},{"taxonomy":"product_cat","embeddable":true,"href":"https:\/\/iguanasmoke.com\/pt\/wp-json\/wp\/v2\/product_cat?post=60158"},{"taxonomy":"product_tag","embeddable":true,"href":"https:\/\/iguanasmoke.com\/pt\/wp-json\/wp\/v2\/product_tag?post=60158"}],"curies":[{"name":"wp","href":"https:\/\/api.w.org\/{rel}","templated":true}]}}