{"id":60160,"date":"2025-07-08T20:21:20","date_gmt":"2025-07-08T18:21:20","guid":{"rendered":"https:\/\/iguanasmoke.com\/?post_type=product&#038;p=60160"},"modified":"2026-03-31T15:01:28","modified_gmt":"2026-03-31T13:01:28","slug":"trufas-magicas-utopia","status":"publish","type":"product","link":"https:\/\/iguanasmoke.com\/pt\/producto\/trufas-magicas-utopia\/","title":{"rendered":"Trufas M\u00e1gicas Utopia 15g"},"content":{"rendered":"<h1><span style=\"font-weight: 400\">Trufas M\u00e1gicas Utopia - Escler\u00f3cios de Alta Intensidade Visual e Espiritual\u00a0\u00a0<\/span><\/h1>\n<p data-start=\"304\" data-end=\"642\"><span style=\"font-weight: 400\">O <strong>Trufas m\u00e1gicas Utopia <\/strong>s\u00e3o um dos<strong> estirpes mais intensas e complexas<\/strong> na micologia decorativa e de cole\u00e7\u00e3o. Estes escler\u00f3cios micol\u00f3gicos t\u00eam uma <strong>estrutura densa e um padr\u00e3o micelial<\/strong> O avan\u00e7ado, que tamb\u00e9m \u00e9 ideal para a observa\u00e7\u00e3o microsc\u00f3pica.<strong> morfologia avan\u00e7ada. <\/strong>Devido \u00e0 sua <strong>pureza micol\u00f3gica<\/strong> torna-o ideal para laborat\u00f3rio, microscopia e exposi\u00e7\u00f5es bot\u00e2nicas.<\/span><\/p>\n<p data-start=\"304\" data-end=\"642\"><span style=\"font-weight: 400\">Al\u00e9m disso, foram concebidos para o psiconauta mais experiente que procura <strong>comprar trufas m\u00e1gicas de alta qualidade.<\/strong> Ao escolh\u00ea-las, muitos notam que o nome \u201cUtopia Magic Truffles\u201d evoca uma experi\u00eancia muito especial.<\/span><\/p>\n<p style=\"text-align: center;padding-left: 40px\" data-start=\"304\" data-end=\"642\"><em><span style=\"font-weight: 400\">\u26a0\ufe0fRecuerda: A utiliza\u00e7\u00e3o \u00e9 limitada a fins micol\u00f3gicos, educativos, decorativos ou de cole\u00e7\u00e3o. Este produto n\u00e3o se destina ao consumo humano.<\/span><\/em><\/p>\n<h2 data-start=\"867\" data-end=\"898\">O que \u00e9 o Psilocybe Utopia?<\/h2>\n<p data-start=\"900\" data-end=\"1251\"><span style=\"font-weight: 400\">O <strong>Psilocibo Utopia<\/strong> \u00e9 uma estirpe selecionada para maximizar a qualidade visual e estrutural dos escler\u00f3cios. Al\u00e9m disso, possui uma s\u00e9rie de carater\u00edsticas excepcionais:\u00a0<\/span><\/p>\n<ul>\n<li data-start=\"900\" data-end=\"1251\"><strong>Alta densidade interna<\/strong><\/li>\n<li data-start=\"900\" data-end=\"1251\">Padr\u00e3o micelial complexo<\/li>\n<li data-start=\"900\" data-end=\"1251\">Elevada pureza morfol\u00f3gica<\/li>\n<\/ul>\n<p data-start=\"900\" data-end=\"1251\"><span style=\"font-weight: 400\">Por conseguinte, o <strong>Trufas m\u00e1gicas Utopia<\/strong> s\u00e3o muito apreciadas em projectos cient\u00edficos, na recolha especializada e na observa\u00e7\u00e3o microsc\u00f3pica. De facto, quem procura as \u201cTrufas M\u00e1gicas Utopia\u201d f\u00e1-lo, normalmente, precisamente pela sua elevada qualidade para estes fins. Tornaram-se, assim, uma refer\u00eancia no estudo micol\u00f3gico decorativo.<\/span><\/p>\n<h2>Carater\u00edsticas das Trufas M\u00e1gicas Utopia<\/h2>\n<ul>\n<li data-start=\"1335\" data-end=\"1359\"><strong>Pot\u00eancia m\u00e1xima em cada estrutura <\/strong><\/li>\n<\/ul>\n<p>A tens\u00e3o <strong style=\"font-size: 16px\">Psilocibo Utopia <\/strong>\u00e9 classificado<span style=\"font-size: 16px;font-weight: 400\">\u00a0com<\/span><strong style=\"font-size: 16px\"> 5\/5 em riqueza micelial<\/strong><span style=\"font-size: 16px;font-weight: 400\">, \u00c9, por conseguinte, uma das variedades mais apreciadas para a an\u00e1lise visual e microsc\u00f3pica. Al\u00e9m disso, a sua estrutura interna oferece uma complexidade ideal para observa\u00e7\u00f5es pormenorizadas.<\/span><\/p>\n<ul>\n<li data-start=\"1361\" data-end=\"1553\"><strong>Cultivo a longo prazo (at\u00e9 12 meses)<\/strong><\/li>\n<\/ul>\n<p data-start=\"1361\" data-end=\"1553\"><span style=\"font-weight: 400\">Este cultivo prolongado favorece o desenvolvimento de <strong>propriedades<\/strong> y <strong>estruturas internas mais complexas, <\/strong>perfeitas para a observa\u00e7\u00e3o t\u00e9cnica e a documenta\u00e7\u00e3o cient\u00edfica. Assim, as trufas m\u00e1gicas Utopia s\u00e3o ideais para estudos avan\u00e7ados que exigem precis\u00e3o. Por outro lado, este longo processo garante uma maior estabilidade dos escler\u00f3cios.<\/span><\/p>\n<ul>\n<li data-start=\"1555\" data-end=\"1590\"><strong>Frescura e apresenta\u00e7\u00e3o de primeira qualidade<\/strong><\/li>\n<\/ul>\n<p data-start=\"1592\" data-end=\"1779\"><span style=\"font-weight: 400\">Cada unidade \u00e9 <strong>embalado em v\u00e1cuo<\/strong> num formato de <strong>15 gramas<\/strong>, preservando assim a sua integridade e o seu aspeto natural.<\/span> Este tipo de embalagem tamb\u00e9m ajuda a manter a sua qualidade durante um per\u00edodo de tempo mais longo. Para muitos, esta embalagem tornou-se mesmo um s\u00edmbolo da aten\u00e7\u00e3o aos pormenores das Trufas M\u00e1gicas Utopia.<\/p>\n<h2 data-start=\"805\" data-end=\"862\">Porqu\u00ea comprar Trufas M\u00e1gicas Utopia para fins micol\u00f3gicos?<\/h2>\n<p data-start=\"864\" data-end=\"953\"><span style=\"font-weight: 400\">O <strong>Trufas m\u00e1gicas Utopia <\/strong>s\u00e3o muito apreciados pelos investigadores e coleccionadores pela sua<\/span> Muitas vezes, a combina\u00e7\u00e3o de Trufas e Utopia \u00e9 irresist\u00edvel devido \u00e0 sua origem \u00fanica.<\/p>\n<ul>\n<li data-start=\"864\" data-end=\"953\"><span style=\"font-weight: 400\"><strong>Origem natural e elevada pureza<\/strong>Sclerotia: escler\u00f3cios selecionados e cultivados em ambientes controlados nos Pa\u00edses Baixos.<\/span><\/li>\n<li data-start=\"864\" data-end=\"953\"><span style=\"font-weight: 400\"><strong>Estrutura densa e complexa:<\/strong> padr\u00f5es miceliais ideais para microscopia avan\u00e7ada.<\/span><\/li>\n<li data-start=\"864\" data-end=\"953\"><span style=\"font-weight: 400\"><strong>Frescura e rastreabilidade:<\/strong> cada lote obedece a rigorosos controlos de qualidade.\u00a0<\/span><\/li>\n<\/ul>\n<h2 data-start=\"1786\" data-end=\"1833\">Conserva\u00e7\u00e3o e manuseamento para estudo<\/h2>\n<ul>\n<li><span style=\"font-weight: 400\"><strong>Armazenamento<\/strong>Conservar a 2\u00baC-4\u00baC para manter a sua integridade.<\/span><\/li>\n<li><span style=\"font-weight: 400\"><strong>Manipula\u00e7\u00e3o<\/strong>Recomenda-se a utiliza\u00e7\u00e3o de luvas e utens\u00edlios esterilizados nos laborat\u00f3rios.<\/span><\/li>\n<li><span style=\"font-weight: 400\"><strong>Decora\u00e7\u00e3o\/cole\u00e7\u00e3o<\/strong>ideal para exposi\u00e7\u00f5es bot\u00e2nicas e apresenta\u00e7\u00f5es pedag\u00f3gicas.<\/span><\/li>\n<\/ul>\n<h2 data-start=\"2130\" data-end=\"2181\">Compras seguras e em conformidade com a lei<\/h2>\n<p data-start=\"2183\" data-end=\"2374\"><span style=\"font-weight: 400\">Na nossa loja online pode comprar<strong> trufas micol\u00f3gicas Utopia <\/strong>com total tranquilidade:<\/span><\/p>\n<ul>\n<li data-start=\"2183\" data-end=\"2374\"><span style=\"font-weight: 400\">Respeitam as normas legais em vigor em Espanha para os produtos fabricados a partir de<strong> utiliza\u00e7\u00e3o n\u00e3o consum\u00edvel<\/strong>. <\/span><\/li>\n<li data-start=\"2183\" data-end=\"2374\"><span style=\"font-weight: 400\">Incluem avisos claros sobre o seu objetivo.<\/span><\/li>\n<li data-start=\"2183\" data-end=\"2374\"><span style=\"font-weight: 400\">Expedi\u00e7\u00e3o discreta e embalagem segura. <\/span><\/li>\n<\/ul>\n<p>&nbsp;<\/p>\n<p style=\"text-align: center;padding-left: 40px\"><span style=\"font-weight: 400\"><em>\u00a0\u26a0\ufe0fNo n\u00e3o encorajamos nem recomendamos o seu consumo. Destinam-se exclusivamente ao estudo micol\u00f3gico, \u00e0 exposi\u00e7\u00e3o decorativa ou \u00e0 cole\u00e7\u00e3o.<\/em>. Se tiver d\u00favidas sobre o regulamento, pode consultar-nos antes de efetuar a sua encomenda. Ao respeitar isto, respeitamos a espiritualidade da Psilocybe Utopia.<\/span><\/p>","protected":false},"excerpt":{"rendered":"<p><span style=\"font-weight: 400\">O <strong>Trufas micol\u00f3gicas da Utopia <\/strong>s\u00e3o <strong>escler\u00f3cios frescos de esp\u00e9cies micol\u00f3gicas selecionadas<\/strong>, excelente para estudo micol\u00f3gico, microscopia e cole\u00e7\u00e3o. Cultivado em condi\u00e7\u00f5es controladas.<\/span><\/p>\n<p><span style=\"font-weight: 400\"><strong>N\u00e3o se destina ao consumo humano<\/strong>. <strong>Se tiver d\u00favidas, contacte-nos ou consulte o regulamento.<\/strong>.<\/span><\/p>","protected":false},"featured_media":60506,"comment_status":"open","ping_status":"closed","template":"","meta":{"_acf_changed":false,"site-sidebar-layout":"default","site-content-layout":"","ast-site-content-layout":"default","site-content-style":"default","site-sidebar-style":"default","ast-global-header-display":"","ast-banner-title-visibility":"","ast-main-header-display":"","ast-hfb-above-header-display":"","ast-hfb-below-header-display":"","ast-hfb-mobile-header-display":"","site-post-title":"","ast-breadcrumbs-content":"","ast-featured-img":"","footer-sml-layout":"","theme-transparent-header-meta":"default","adv-header-id-meta":"","stick-header-meta":"","header-above-stick-meta":"","header-main-stick-meta":"","header-below-stick-meta":"","astra-migrate-meta-layouts":"set","ast-page-background-enabled":"default","ast-page-background-meta":{"desktop":{"background-color":"var(--ast-global-color-4)","background-image":"","background-repeat":"repeat","background-position":"center center","background-size":"auto","background-attachment":"scroll","background-type":"","background-media":"","overlay-type":"","overlay-color":"","overlay-opacity":"","overlay-gradient":""},"tablet":{"background-color":"","background-image":"","background-repeat":"repeat","background-position":"center center","background-size":"auto","background-attachment":"scroll","background-type":"","background-media":"","overlay-type":"","overlay-color":"","overlay-opacity":"","overlay-gradient":""},"mobile":{"background-color":"","background-image":"","background-repeat":"repeat","background-position":"center center","background-size":"auto","background-attachment":"scroll","background-type":"","background-media":"","overlay-type":"","overlay-color":"","overlay-opacity":"","overlay-gradient":""}},"ast-content-background-meta":{"desktop":{"background-color":"var(--ast-global-color-5)","background-image":"","background-repeat":"repeat","background-position":"center center","background-size":"auto","background-attachment":"scroll","background-type":"","background-media":"","overlay-type":"","overlay-color":"","overlay-opacity":"","overlay-gradient":""},"tablet":{"background-color":"var(--ast-global-color-5)","background-image":"","background-repeat":"repeat","background-position":"center center","background-size":"auto","background-attachment":"scroll","background-type":"","background-media":"","overlay-type":"","overlay-color":"","overlay-opacity":"","overlay-gradient":""},"mobile":{"background-color":"var(--ast-global-color-5)","background-image":"","background-repeat":"repeat","background-position":"center center","background-size":"auto","background-attachment":"scroll","background-type":"","background-media":"","overlay-type":"","overlay-color":"","overlay-opacity":"","overlay-gradient":""}}},"product_brand":[],"product_cat":[594,595],"product_tag":[],"class_list":{"0":"post-60160","1":"product","2":"type-product","3":"status-publish","4":"has-post-thumbnail","6":"product_cat-smartshop","7":"product_cat-trufas-magicas","8":"desktop-align-center","9":"tablet-align-center","10":"mobile-align-center","12":"first","13":"instock","14":"taxable","15":"shipping-taxable","16":"purchasable","17":"product-type-simple"},"acf":[],"yoast_head":"<!-- This site is optimized with the Yoast SEO Premium plugin v27.3 (Yoast SEO v27.3) - https:\/\/yoast.com\/product\/yoast-seo-premium-wordpress\/ -->\n<title>Trufas M\u00e1gicas Utop\u00eda para Coleccionismo<\/title>\n<meta name=\"description\" content=\"Descubre las Trufas M\u00e1gicas Utop\u00eda, una variedad ultra potente. Compra legal en Espa\u00f1a solo para colecci\u00f3n o estudio. No apta para menores de 18.\" \/>\n<meta name=\"robots\" content=\"index, follow, max-snippet:-1, max-image-preview:large, max-video-preview:-1\" \/>\n<link rel=\"canonical\" href=\"https:\/\/iguanasmoke.com\/pt\/produto\/trufas-magicas-utopia\/\" \/>\n<meta property=\"og:locale\" content=\"pt_PT\" \/>\n<meta property=\"og:type\" content=\"article\" \/>\n<meta property=\"og:title\" content=\"Trufas M\u00e1gicas Utop\u00eda 15g\" \/>\n<meta property=\"og:description\" content=\"Las Trufas micol\u00f3gicas de Utop\u00eda son esclerocios frescos de especies micol\u00f3gicas seleccionadas, excelentes para estudio micol\u00f3gico, microscop\u00eda y coleccionismo. Cultivadas en condiciones controladas.  No est\u00e1 destinado al consumo humano. Si tienes dudas cons\u00faltanos o revisa la normativa.\" \/>\n<meta property=\"og:url\" content=\"https:\/\/iguanasmoke.com\/pt\/produto\/trufas-magicas-utopia\/\" \/>\n<meta property=\"og:site_name\" content=\"Iguana Smoke\" \/>\n<meta property=\"article:publisher\" content=\"https:\/\/www.facebook.com\/iguanasmoke\" \/>\n<meta property=\"article:modified_time\" content=\"2026-03-31T13:01:28+00:00\" \/>\n<meta property=\"og:image\" content=\"https:\/\/iguanasmoke.com\/wp-content\/uploads\/2025\/07\/trufa-utopia.webp\" \/>\n\t<meta property=\"og:image:width\" content=\"1000\" \/>\n\t<meta property=\"og:image:height\" content=\"1000\" \/>\n\t<meta property=\"og:image:type\" content=\"image\/webp\" \/>\n<meta name=\"twitter:card\" content=\"summary_large_image\" \/>\n<meta name=\"twitter:label1\" content=\"pre\u00e7o\" \/>\n\t<meta name=\"twitter:data1\" content=\"17,55&nbsp;&euro;\" \/>\n\t<meta name=\"twitter:label2\" content=\"Disponibilidade\" \/>\n\t<meta name=\"twitter:data2\" content=\"Em stock\" \/>\n<meta property=\"product:brand\" content=\"simple\" \/>\n<meta property=\"product:price:amount\" content=\"17.55\" \/>\n<meta property=\"product:price:currency\" content=\"EUR\" \/>\n<meta property=\"og:availability\" content=\"instock\" \/>\n<meta property=\"product:availability\" content=\"instock\" \/>\n<meta property=\"product:retailer_item_id\" content=\"SJ-TRUFA-UTO\" \/>\n<meta property=\"product:condition\" content=\"new\" \/>\n<!-- \/ Yoast SEO Premium plugin. -->","yoast_head_json":{"title":"Trufas m\u00e1gicas Utopia para coleccionadores","description":"Descobre a Utopia Magic Truffles, uma variedade ultra potente. Compra legal em Espanha apenas para cole\u00e7\u00e3o ou estudo. N\u00e3o aconselh\u00e1vel a menores de 18 anos.","robots":{"index":"index","follow":"follow","max-snippet":"max-snippet:-1","max-image-preview":"max-image-preview:large","max-video-preview":"max-video-preview:-1"},"canonical":"https:\/\/iguanasmoke.com\/pt\/produto\/trufas-magicas-utopia\/","og_locale":"pt_PT","og_type":"article","og_title":"Trufas M\u00e1gicas Utop\u00eda 15g","og_description":"Las Trufas micol\u00f3gicas de Utop\u00eda son esclerocios frescos de especies micol\u00f3gicas seleccionadas, excelentes para estudio micol\u00f3gico, microscop\u00eda y coleccionismo. Cultivadas en condiciones controladas.  No est\u00e1 destinado al consumo humano. Si tienes dudas cons\u00faltanos o revisa la normativa.","og_url":"https:\/\/iguanasmoke.com\/pt\/produto\/trufas-magicas-utopia\/","og_site_name":"Iguana Smoke","article_publisher":"https:\/\/www.facebook.com\/iguanasmoke","article_modified_time":"2026-03-31T13:01:28+00:00","og_image":[{"width":1000,"height":1000,"url":"https:\/\/iguanasmoke.com\/wp-content\/uploads\/2025\/07\/trufa-utopia.webp","type":"image\/webp"}],"twitter_card":"summary_large_image","twitter_misc":{"pre\u00e7o":"17,55&nbsp;&euro;","Disponibilidade":"Em stock"},"schema":{"@context":"https:\/\/schema.org","@graph":[{"@type":"WebPage","@id":"https:\/\/iguanasmoke.com\/producto\/trufas-magicas-utopia\/","url":"https:\/\/iguanasmoke.com\/producto\/trufas-magicas-utopia\/","name":"Trufas m\u00e1gicas Utopia para coleccionadores","isPartOf":{"@id":"https:\/\/iguanasmoke.com\/#website"},"primaryImageOfPage":{"@id":"https:\/\/iguanasmoke.com\/producto\/trufas-magicas-utopia\/#primaryimage"},"image":{"@id":"https:\/\/iguanasmoke.com\/producto\/trufas-magicas-utopia\/#primaryimage"},"thumbnailUrl":"https:\/\/iguanasmoke.com\/wp-content\/uploads\/2025\/07\/trufa-utopia.webp","datePublished":"2025-07-08T18:21:20+00:00","dateModified":"2026-03-31T13:01:28+00:00","description":"Descobre a Utopia Magic Truffles, uma variedade ultra potente. Compra legal em Espanha apenas para cole\u00e7\u00e3o ou estudo. N\u00e3o aconselh\u00e1vel a menores de 18 anos.","breadcrumb":{"@id":"https:\/\/iguanasmoke.com\/producto\/trufas-magicas-utopia\/#breadcrumb"},"inLanguage":"pt-PT","potentialAction":[{"@type":"ReadAction","target":["https:\/\/iguanasmoke.com\/producto\/trufas-magicas-utopia\/"]}]},{"@type":"ImageObject","inLanguage":"pt-PT","@id":"https:\/\/iguanasmoke.com\/producto\/trufas-magicas-utopia\/#primaryimage","url":"https:\/\/iguanasmoke.com\/wp-content\/uploads\/2025\/07\/trufa-utopia.webp","contentUrl":"https:\/\/iguanasmoke.com\/wp-content\/uploads\/2025\/07\/trufa-utopia.webp","width":1000,"height":1000,"caption":"\u201cTrufas Micol\u00f3gicas Utop\u00eda esclerocios frescos vista frontal\u201d"},{"@type":"BreadcrumbList","@id":"https:\/\/iguanasmoke.com\/producto\/trufas-magicas-utopia\/#breadcrumb","itemListElement":[{"@type":"ListItem","position":1,"name":"home","item":"https:\/\/iguanasmoke.com\/"},{"@type":"ListItem","position":2,"name":"Tienda","item":"https:\/\/iguanasmoke.com\/tienda\/"},{"@type":"ListItem","position":3,"name":"SmartShop","item":"https:\/\/iguanasmoke.com\/categoria\/smartshop\/"},{"@type":"ListItem","position":4,"name":"Trufas M\u00e1gicas Utop\u00eda 15g"}]},{"@type":"WebSite","@id":"https:\/\/iguanasmoke.com\/#website","url":"https:\/\/iguanasmoke.com\/","name":"Fumo de Iguana","description":"Comprar CBD online ao melhor pre\u00e7o","publisher":{"@id":"https:\/\/iguanasmoke.com\/#organization"},"potentialAction":[{"@type":"SearchAction","target":{"@type":"EntryPoint","urlTemplate":"https:\/\/iguanasmoke.com\/?s={search_term_string}"},"query-input":{"@type":"PropertyValueSpecification","valueRequired":true,"valueName":"search_term_string"}}],"inLanguage":"pt-PT"},{"@type":"Organization","@id":"https:\/\/iguanasmoke.com\/#organization","name":"Fumo de Iguana","url":"https:\/\/iguanasmoke.com\/","logo":{"@type":"ImageObject","inLanguage":"pt-PT","@id":"https:\/\/iguanasmoke.com\/#\/schema\/logo\/image\/","url":"https:\/\/iguanasmoke.com\/wp-content\/uploads\/2025\/01\/logoiguana-favi-1.png","contentUrl":"https:\/\/iguanasmoke.com\/wp-content\/uploads\/2025\/01\/logoiguana-favi-1.png","width":512,"height":512,"caption":"Iguana Smoke"},"image":{"@id":"https:\/\/iguanasmoke.com\/#\/schema\/logo\/image\/"},"sameAs":["https:\/\/www.facebook.com\/iguanasmoke","https:\/\/www.instagram.com\/iguanasmoke\/"]}]},"product_brand":"simple","product_price_amount":"17.55","product_price_currency":"EUR","og_availability":"instock","product_availability":"instock","product_retailer_item_id":"SJ-TRUFA-UTO","product_condition":"new"},"_links":{"self":[{"href":"https:\/\/iguanasmoke.com\/pt\/wp-json\/wp\/v2\/product\/60160","targetHints":{"allow":["GET"]}}],"collection":[{"href":"https:\/\/iguanasmoke.com\/pt\/wp-json\/wp\/v2\/product"}],"about":[{"href":"https:\/\/iguanasmoke.com\/pt\/wp-json\/wp\/v2\/types\/product"}],"replies":[{"embeddable":true,"href":"https:\/\/iguanasmoke.com\/pt\/wp-json\/wp\/v2\/comments?post=60160"}],"wp:featuredmedia":[{"embeddable":true,"href":"https:\/\/iguanasmoke.com\/pt\/wp-json\/wp\/v2\/media\/60506"}],"wp:attachment":[{"href":"https:\/\/iguanasmoke.com\/pt\/wp-json\/wp\/v2\/media?parent=60160"}],"wp:term":[{"taxonomy":"product_brand","embeddable":true,"href":"https:\/\/iguanasmoke.com\/pt\/wp-json\/wp\/v2\/product_brand?post=60160"},{"taxonomy":"product_cat","embeddable":true,"href":"https:\/\/iguanasmoke.com\/pt\/wp-json\/wp\/v2\/product_cat?post=60160"},{"taxonomy":"product_tag","embeddable":true,"href":"https:\/\/iguanasmoke.com\/pt\/wp-json\/wp\/v2\/product_tag?post=60160"}],"curies":[{"name":"wp","href":"https:\/\/api.w.org\/{rel}","templated":true}]}}