{"id":60566,"date":"2025-07-10T00:51:12","date_gmt":"2025-07-09T22:51:12","guid":{"rendered":"https:\/\/iguanasmoke.com\/?post_type=product&#038;p=60566"},"modified":"2025-12-17T14:36:17","modified_gmt":"2025-12-17T13:36:17","slug":"trufas-de-microdosagem-2","status":"publish","type":"product","link":"https:\/\/iguanasmoke.com\/pt\/producto\/microdosing-trufas\/","title":{"rendered":"Microdosagem de Trufas M\u00e1gicas 6x1g"},"content":{"rendered":"<h1><span style=\"font-weight: 400;\">Microdosagem de trufas m\u00e1gicas para estudos micol\u00f3gicos<\/span><\/h1>\n<p><span style=\"font-weight: 400;\">Convidamo-lo a descobrir o conceito de <strong>Microdosagem de trufas m\u00e1gicas<\/strong> na perspetiva de <strong>informativo, cient\u00edfico e micol\u00f3gico<\/strong>. Este formato tornou-se, ao longo do tempo, um ponto de interesse na <strong>escler\u00f3cios psiloc\u00edticos<\/strong>, nomeadamente pela sua apresenta\u00e7\u00e3o precisa e normalizada. <\/span><\/p>\n<p><span style=\"font-weight: 400;\">Al\u00e9m disso, a microdosagem de trufas \u00e9 particularmente \u00fatil nos seguintes dom\u00ednios <strong>projectos de observa\u00e7\u00e3o micol\u00f3gica, an\u00e1lise morfol\u00f3gica e documenta\u00e7\u00e3o<\/strong>, Permite o exame de pequenas unidades homog\u00e9neas sem alterar a estrutura natural do esp\u00e9cime.<\/span><\/p>\n<p>&nbsp;<\/p>\n<h2>O que \u00e9 a microdosagem de trufas?<\/h2>\n<p><span style=\"font-weight: 400;\">Na sua ess\u00eancia, a microdosagem refere-se a uma <strong>formato de apresenta\u00e7\u00e3o em pequenas frac\u00e7\u00f5es<\/strong>, Os produtos s\u00e3o cuidadosamente separados e embalados. Neste contexto, <strong>n\u00e3o descreve um m\u00e9todo de consumo<\/strong>, mas uma forma pr\u00e1tica de <strong>sele\u00e7\u00e3o, estudo e conserva\u00e7\u00e3o de trufas psilocibianas<\/strong> para an\u00e1lise.<\/span><\/p>\n<p><span style=\"font-weight: 400;\">Por outro lado, este tipo de apresenta\u00e7\u00e3o facilita o trabalho dos investigadores, dos coleccionadores e dos entusiastas da micologia, pois permite comparar as texturas, a densidade interna e os padr\u00f5es miceliais de forma ordenada e sistem\u00e1tica. A microdosagem das trufas m\u00e1gicas garante a exatid\u00e3o.<\/span><\/p>\n<p><span style=\"font-weight: 400;\">Al\u00e9m disso, como se trata de unidades normalizadas, \u00e9 particularmente \u00fatil para <strong>estudos comparativos<\/strong>, O registo fotogr\u00e1fico e a observa\u00e7\u00e3o microsc\u00f3pica pormenorizada. por coleccionadores e expositores.<\/span><\/p>\n<p>&nbsp;<\/p>\n<h3>Contexto hist\u00f3rico e cient\u00edfico da microdosagem<\/h3>\n<p><span style=\"font-weight: 400;\">De um ponto de vista hist\u00f3rico, o interesse pela <strong>doses m\u00ednimas em ambientes cient\u00edficos<\/strong> surgiu como uma forma de analisar subst\u00e2ncias e organismos sem alterar significativamente as suas propriedades naturais. <\/span><\/p>\n<p><span style=\"font-weight: 400;\">Com o passar do tempo, este conceito foi tamb\u00e9m adotado no \u00e2mbito da<strong> micologia moderna<\/strong>, em que a microdosagem \u00e9 entendida como uma <strong>formato de estudo estruturado<\/strong>, n\u00e3o como uma pr\u00e1tica para uso pessoal. <\/span><\/p>\n<p><span style=\"font-weight: 400;\">Atualmente, enquanto a investiga\u00e7\u00e3o acad\u00e9mica sobre escler\u00f3cios continua a fazer progressos incrementais, muitos estudos de observa\u00e7\u00e3o destacam o valor da microdosagem para a <strong>documenta\u00e7\u00e3o micol\u00f3gica<\/strong>, an\u00e1lise criativa e compreens\u00e3o dos processos f\u00fangicos. De facto, a microdosagem de trufas m\u00e1gicas \u00e9 muito relevante neste dom\u00ednio.<\/span><\/p>\n<p><span style=\"font-weight: 400;\">Consequentemente, este formato ganhou relev\u00e2ncia em contextos educativos, recolha especializada e projectos experimentais controlados.\u00a0 <\/span><\/p>\n<h2><strong>Aplica\u00e7\u00f5es de microdosagem em micologia<\/strong><\/h2>\n<p><span style=\"font-weight: 400;\">Em geral, a microdosagem de trufas permite: <\/span><\/p>\n<ul>\n<li><span style=\"font-weight: 400;\"><strong>Facilitar a observa\u00e7\u00e3o micol\u00f3gica<\/strong>ideal para estudos pormenorizados e comparativos. <\/span><\/li>\n<li><span style=\"font-weight: 400;\"><strong>Otimizar a an\u00e1lise estrutural:<\/strong> gra\u00e7as \u00e0 homogeneidade de cada unidade. <\/span><\/li>\n<li><span style=\"font-weight: 400;\"><strong>Melhorar a documenta\u00e7\u00e3o cient\u00edfica:<\/strong> especialmente em registos laboratoriais e fotogr\u00e1ficos. A t\u00e9cnica de microdosagem utilizada com as trufas m\u00e1gicas destaca-se neste dom\u00ednio. <\/span><\/li>\n<li><span style=\"font-weight: 400;\"><strong>Apoiar projectos criativos e educativos:<\/strong> ligados \u00e0 micologia e \u00e0 bot\u00e2nica experimental. <\/span><\/li>\n<\/ul>\n<p><span style=\"font-weight: 400;\">Consequentemente, este formato posiciona-se como uma op\u00e7\u00e3o pr\u00e1tica para quem procura <strong>ordem, precis\u00e3o e qualidade<\/strong> nos seus estudos. <\/span><\/p>\n<p>&nbsp;<\/p>\n<h2>Carater\u00edsticas da microdosagem de trufas m\u00e1gicas<\/h2>\n<ul>\n<li><strong>100% natural e ecol\u00f3gico<\/strong><\/li>\n<li><strong>Trufas frescas Psilocybe Galindoi<\/strong><\/li>\n<li><strong>Controlo da qualidade e da pureza<\/strong><\/li>\n<li><strong>Conserva\u00e7\u00e3o no v\u00e1cuo<\/strong><\/li>\n<li><strong>Dosagem exacta e segura: 1 grama<\/strong><\/li>\n<li><strong>Elevada pureza micol\u00f3gica<\/strong><\/li>\n<\/ul>\n<p><span style=\"font-weight: 400;\">Gra\u00e7as a estas carater\u00edsticas, torna-se uma excelente ferramenta para <strong>estudos micol\u00f3gicos respons\u00e1veis<\/strong>, especialmente quando realizada sob a abordagem de microdosagem de trufas m\u00e1gicas.<\/span><\/p>\n<p>&nbsp;<\/p>\n<h2 data-start=\"2130\" data-end=\"2181\">Compras seguras e em conformidade com a lei<\/h2>\n<p data-start=\"2183\" data-end=\"2374\"><span style=\"font-weight: 400;\">Na nossa loja online pode comprar<strong> Microdosagem de trufas m\u00e1gicas <\/strong>com total tranquilidade:<\/span><\/p>\n<ul>\n<li data-start=\"2183\" data-end=\"2374\"><span style=\"font-weight: 400;\">Respeitam as normas legais em vigor em Espanha para os produtos fabricados a partir de<strong> utiliza\u00e7\u00e3o n\u00e3o consum\u00edvel<\/strong>. <\/span><\/li>\n<li data-start=\"2183\" data-end=\"2374\"><span style=\"font-weight: 400;\">Incluem avisos claros sobre o seu objetivo.<\/span><\/li>\n<li data-start=\"2183\" data-end=\"2374\"><span style=\"font-weight: 400;\">Expedi\u00e7\u00e3o discreta e embalagem segura. <\/span><\/li>\n<\/ul>\n<p>&nbsp;<\/p>\n<p style=\"text-align: center; padding-left: 40px;\"><span style=\"font-weight: 400;\"><em>\u00a0\u26a0\ufe0fNo n\u00e3o encorajamos nem recomendamos o seu consumo. Destinam-se exclusivamente ao estudo micol\u00f3gico, \u00e0 exposi\u00e7\u00e3o decorativa ou \u00e0 cole\u00e7\u00e3o.<\/em>. Se tiver alguma d\u00favida sobre o regulamento, contacte-nos antes de efetuar a sua encomenda.\u00a0<\/span><\/p>","protected":false},"excerpt":{"rendered":"<p><span style=\"font-size: 16px; font-weight: 400;\">O <strong>microdosagem de trufas micol\u00f3gicas<\/strong> de<em><strong> Psilocibo galindoi<\/strong> <\/em>apresenta-se num formato de 6 doses de 1g. Trata-se de escler\u00f3cios frescos, de excelente qualidade para estudos micol\u00f3gicos.\u00a0\u00a0<\/span><\/p>\n<p><span style=\"font-weight: 400;\"><strong>N\u00e3o se destina ao consumo humano<\/strong>. <strong>Se tiver d\u00favidas, contacte-nos ou consulte o regulamento.<\/strong>.<\/span><\/p>","protected":false},"featured_media":60626,"comment_status":"open","ping_status":"closed","template":"","meta":{"_acf_changed":false,"site-sidebar-layout":"default","site-content-layout":"","ast-site-content-layout":"default","site-content-style":"default","site-sidebar-style":"default","ast-global-header-display":"","ast-banner-title-visibility":"","ast-main-header-display":"","ast-hfb-above-header-display":"","ast-hfb-below-header-display":"","ast-hfb-mobile-header-display":"","site-post-title":"","ast-breadcrumbs-content":"","ast-featured-img":"","footer-sml-layout":"","theme-transparent-header-meta":"default","adv-header-id-meta":"","stick-header-meta":"","header-above-stick-meta":"","header-main-stick-meta":"","header-below-stick-meta":"","astra-migrate-meta-layouts":"set","ast-page-background-enabled":"default","ast-page-background-meta":{"desktop":{"background-color":"var(--ast-global-color-4)","background-image":"","background-repeat":"repeat","background-position":"center center","background-size":"auto","background-attachment":"scroll","background-type":"","background-media":"","overlay-type":"","overlay-color":"","overlay-opacity":"","overlay-gradient":""},"tablet":{"background-color":"","background-image":"","background-repeat":"repeat","background-position":"center center","background-size":"auto","background-attachment":"scroll","background-type":"","background-media":"","overlay-type":"","overlay-color":"","overlay-opacity":"","overlay-gradient":""},"mobile":{"background-color":"","background-image":"","background-repeat":"repeat","background-position":"center center","background-size":"auto","background-attachment":"scroll","background-type":"","background-media":"","overlay-type":"","overlay-color":"","overlay-opacity":"","overlay-gradient":""}},"ast-content-background-meta":{"desktop":{"background-color":"var(--ast-global-color-5)","background-image":"","background-repeat":"repeat","background-position":"center center","background-size":"auto","background-attachment":"scroll","background-type":"","background-media":"","overlay-type":"","overlay-color":"","overlay-opacity":"","overlay-gradient":""},"tablet":{"background-color":"var(--ast-global-color-5)","background-image":"","background-repeat":"repeat","background-position":"center center","background-size":"auto","background-attachment":"scroll","background-type":"","background-media":"","overlay-type":"","overlay-color":"","overlay-opacity":"","overlay-gradient":""},"mobile":{"background-color":"var(--ast-global-color-5)","background-image":"","background-repeat":"repeat","background-position":"center center","background-size":"auto","background-attachment":"scroll","background-type":"","background-media":"","overlay-type":"","overlay-color":"","overlay-opacity":"","overlay-gradient":""}}},"product_brand":[],"product_cat":[594,595],"product_tag":[],"class_list":{"0":"post-60566","1":"product","2":"type-product","3":"status-publish","4":"has-post-thumbnail","6":"product_cat-smartshop","7":"product_cat-trufas-magicas","8":"desktop-align-center","9":"tablet-align-center","10":"mobile-align-center","12":"first","13":"outofstock","14":"taxable","15":"shipping-taxable","16":"purchasable","17":"product-type-simple"},"acf":[],"yoast_head":"<!-- This site is optimized with the Yoast SEO Premium plugin v27.3 (Yoast SEO v27.3) - https:\/\/yoast.com\/product\/yoast-seo-premium-wordpress\/ -->\n<title>Microdosing de Trufas M\u00e1gicas 6x1g | Iguana Smoke<\/title>\n<meta name=\"description\" content=\"Conoce las claves del microdosing de trufas m\u00e1gicas desde un enfoque cient\u00edfico y micol\u00f3gico. \u00a1Explora este interesante mundo micol\u00f3gico ahora!\" \/>\n<meta name=\"robots\" content=\"index, follow, max-snippet:-1, max-image-preview:large, max-video-preview:-1\" \/>\n<link rel=\"canonical\" href=\"https:\/\/iguanasmoke.com\/pt\/produto\/trufas-de-microdosagem-2\/\" \/>\n<meta property=\"og:locale\" content=\"pt_PT\" \/>\n<meta property=\"og:type\" content=\"article\" \/>\n<meta property=\"og:title\" content=\"Microdosing de Trufas M\u00e1gicas 6x1g\" \/>\n<meta property=\"og:description\" content=\"El microdosing de Trufas micol\u00f3gicas de Psilocybe Galindoi viene en un formato de 6 dosis de 1g. Estos son esclerocios frescos, con una calidad excelente para hacer estudios micol\u00f3gicos.\u00a0\u00a0  No est\u00e1 destinado al consumo humano. Si tienes dudas cons\u00faltanos o revisa la normativa.\" \/>\n<meta property=\"og:url\" content=\"https:\/\/iguanasmoke.com\/pt\/produto\/trufas-de-microdosagem-2\/\" \/>\n<meta property=\"og:site_name\" content=\"Iguana Smoke\" \/>\n<meta property=\"article:publisher\" content=\"https:\/\/www.facebook.com\/iguanasmoke\" \/>\n<meta property=\"article:modified_time\" content=\"2025-12-17T13:36:17+00:00\" \/>\n<meta property=\"og:image\" content=\"https:\/\/iguanasmoke.com\/wp-content\/uploads\/2025\/07\/microdosis.webp\" \/>\n\t<meta property=\"og:image:width\" content=\"1000\" \/>\n\t<meta property=\"og:image:height\" content=\"1000\" \/>\n\t<meta property=\"og:image:type\" content=\"image\/webp\" \/>\n<meta name=\"twitter:card\" content=\"summary_large_image\" \/>\n<meta name=\"twitter:label1\" content=\"pre\u00e7o\" \/>\n\t<meta name=\"twitter:data1\" content=\"18,25&nbsp;&euro;\" \/>\n\t<meta name=\"twitter:label2\" content=\"Disponibilidade\" \/>\n\t<meta name=\"twitter:data2\" content=\"Esgotado\" \/>\n<meta property=\"product:brand\" content=\"simple\" \/>\n<meta property=\"product:price:amount\" content=\"18.25\" \/>\n<meta property=\"product:price:currency\" content=\"EUR\" \/>\n<meta property=\"og:availability\" content=\"out of stock\" \/>\n<meta property=\"product:availability\" content=\"out of stock\" \/>\n<meta property=\"product:retailer_item_id\" content=\"SJ-MICROTRUFA\" \/>\n<meta property=\"product:condition\" content=\"new\" \/>\n<!-- \/ Yoast SEO Premium plugin. -->","yoast_head_json":{"title":"Microdosagem de Trufas M\u00e1gicas 6x1g | Iguana Smoke","description":"Conhe\u00e7a as chaves da microdosagem das trufas m\u00e1gicas a partir de uma abordagem cient\u00edfica e micol\u00f3gica - explore j\u00e1 este interessante mundo micol\u00f3gico!","robots":{"index":"index","follow":"follow","max-snippet":"max-snippet:-1","max-image-preview":"max-image-preview:large","max-video-preview":"max-video-preview:-1"},"canonical":"https:\/\/iguanasmoke.com\/pt\/produto\/trufas-de-microdosagem-2\/","og_locale":"pt_PT","og_type":"article","og_title":"Microdosing de Trufas M\u00e1gicas 6x1g","og_description":"El microdosing de Trufas micol\u00f3gicas de Psilocybe Galindoi viene en un formato de 6 dosis de 1g. Estos son esclerocios frescos, con una calidad excelente para hacer estudios micol\u00f3gicos.\u00a0\u00a0  No est\u00e1 destinado al consumo humano. Si tienes dudas cons\u00faltanos o revisa la normativa.","og_url":"https:\/\/iguanasmoke.com\/pt\/produto\/trufas-de-microdosagem-2\/","og_site_name":"Iguana Smoke","article_publisher":"https:\/\/www.facebook.com\/iguanasmoke","article_modified_time":"2025-12-17T13:36:17+00:00","og_image":[{"width":1000,"height":1000,"url":"https:\/\/iguanasmoke.com\/wp-content\/uploads\/2025\/07\/microdosis.webp","type":"image\/webp"}],"twitter_card":"summary_large_image","twitter_misc":{"pre\u00e7o":"18,25&nbsp;&euro;","Disponibilidade":"Esgotado"},"schema":{"@context":"https:\/\/schema.org","@graph":[{"@type":"WebPage","@id":"https:\/\/iguanasmoke.com\/producto\/microdosing-trufas\/","url":"https:\/\/iguanasmoke.com\/producto\/microdosing-trufas\/","name":"Microdosagem de Trufas M\u00e1gicas 6x1g | Iguana Smoke","isPartOf":{"@id":"https:\/\/iguanasmoke.com\/#website"},"primaryImageOfPage":{"@id":"https:\/\/iguanasmoke.com\/producto\/microdosing-trufas\/#primaryimage"},"image":{"@id":"https:\/\/iguanasmoke.com\/producto\/microdosing-trufas\/#primaryimage"},"thumbnailUrl":"https:\/\/iguanasmoke.com\/wp-content\/uploads\/2025\/07\/microdosis.webp","datePublished":"2025-07-09T22:51:12+00:00","dateModified":"2025-12-17T13:36:17+00:00","description":"Conhe\u00e7a as chaves da microdosagem das trufas m\u00e1gicas a partir de uma abordagem cient\u00edfica e micol\u00f3gica - explore j\u00e1 este interessante mundo micol\u00f3gico!","breadcrumb":{"@id":"https:\/\/iguanasmoke.com\/producto\/microdosing-trufas\/#breadcrumb"},"inLanguage":"pt-PT","potentialAction":[{"@type":"ReadAction","target":["https:\/\/iguanasmoke.com\/producto\/microdosing-trufas\/"]}]},{"@type":"ImageObject","inLanguage":"pt-PT","@id":"https:\/\/iguanasmoke.com\/producto\/microdosing-trufas\/#primaryimage","url":"https:\/\/iguanasmoke.com\/wp-content\/uploads\/2025\/07\/microdosis.webp","contentUrl":"https:\/\/iguanasmoke.com\/wp-content\/uploads\/2025\/07\/microdosis.webp","width":1000,"height":1000,"caption":"Microdosing de trufas m\u00e1gicas"},{"@type":"BreadcrumbList","@id":"https:\/\/iguanasmoke.com\/producto\/microdosing-trufas\/#breadcrumb","itemListElement":[{"@type":"ListItem","position":1,"name":"home","item":"https:\/\/iguanasmoke.com\/"},{"@type":"ListItem","position":2,"name":"Tienda","item":"https:\/\/iguanasmoke.com\/tienda\/"},{"@type":"ListItem","position":3,"name":"SmartShop","item":"https:\/\/iguanasmoke.com\/categoria\/smartshop\/"},{"@type":"ListItem","position":4,"name":"Microdosing de Trufas M\u00e1gicas 6x1g"}]},{"@type":"WebSite","@id":"https:\/\/iguanasmoke.com\/#website","url":"https:\/\/iguanasmoke.com\/","name":"Fumo de Iguana","description":"Comprar CBD online ao melhor pre\u00e7o","publisher":{"@id":"https:\/\/iguanasmoke.com\/#organization"},"potentialAction":[{"@type":"SearchAction","target":{"@type":"EntryPoint","urlTemplate":"https:\/\/iguanasmoke.com\/?s={search_term_string}"},"query-input":{"@type":"PropertyValueSpecification","valueRequired":true,"valueName":"search_term_string"}}],"inLanguage":"pt-PT"},{"@type":"Organization","@id":"https:\/\/iguanasmoke.com\/#organization","name":"Fumo de Iguana","url":"https:\/\/iguanasmoke.com\/","logo":{"@type":"ImageObject","inLanguage":"pt-PT","@id":"https:\/\/iguanasmoke.com\/#\/schema\/logo\/image\/","url":"https:\/\/iguanasmoke.com\/wp-content\/uploads\/2025\/01\/logoiguana-favi-1.png","contentUrl":"https:\/\/iguanasmoke.com\/wp-content\/uploads\/2025\/01\/logoiguana-favi-1.png","width":512,"height":512,"caption":"Iguana Smoke"},"image":{"@id":"https:\/\/iguanasmoke.com\/#\/schema\/logo\/image\/"},"sameAs":["https:\/\/www.facebook.com\/iguanasmoke","https:\/\/www.instagram.com\/iguanasmoke\/"]}]},"product_brand":"simple","product_price_amount":"18.25","product_price_currency":"EUR","og_availability":"out of stock","product_availability":"out of stock","product_retailer_item_id":"SJ-MICROTRUFA","product_condition":"new"},"_links":{"self":[{"href":"https:\/\/iguanasmoke.com\/pt\/wp-json\/wp\/v2\/product\/60566","targetHints":{"allow":["GET"]}}],"collection":[{"href":"https:\/\/iguanasmoke.com\/pt\/wp-json\/wp\/v2\/product"}],"about":[{"href":"https:\/\/iguanasmoke.com\/pt\/wp-json\/wp\/v2\/types\/product"}],"replies":[{"embeddable":true,"href":"https:\/\/iguanasmoke.com\/pt\/wp-json\/wp\/v2\/comments?post=60566"}],"wp:featuredmedia":[{"embeddable":true,"href":"https:\/\/iguanasmoke.com\/pt\/wp-json\/wp\/v2\/media\/60626"}],"wp:attachment":[{"href":"https:\/\/iguanasmoke.com\/pt\/wp-json\/wp\/v2\/media?parent=60566"}],"wp:term":[{"taxonomy":"product_brand","embeddable":true,"href":"https:\/\/iguanasmoke.com\/pt\/wp-json\/wp\/v2\/product_brand?post=60566"},{"taxonomy":"product_cat","embeddable":true,"href":"https:\/\/iguanasmoke.com\/pt\/wp-json\/wp\/v2\/product_cat?post=60566"},{"taxonomy":"product_tag","embeddable":true,"href":"https:\/\/iguanasmoke.com\/pt\/wp-json\/wp\/v2\/product_tag?post=60566"}],"curies":[{"name":"wp","href":"https:\/\/api.w.org\/{rel}","templated":true}]}}