{"id":61011,"date":"2025-07-14T19:50:53","date_gmt":"2025-07-14T17:50:53","guid":{"rendered":"https:\/\/iguanasmoke.com\/?post_type=product&#038;p=61011"},"modified":"2026-03-19T15:31:33","modified_gmt":"2026-03-19T14:31:33","slug":"creme-hash-cbd-kiwi","status":"publish","type":"product","link":"https:\/\/iguanasmoke.com\/pt\/producto\/hash-cbd-kiwi-cream\/","title":{"rendered":"Creme de Kiwi Hash CBD 30%"},"content":{"rendered":"<h1><span style=\"font-weight: 400;\">Kiwi Cream Hash 30% CBD: O haxixe de alta qualidade mais frutado<\/span><\/h1>\n<p><span style=\"font-weight: 400;\">Descubra o sabor ex\u00f3tico e equilibrado da <strong>hash CBD Kiwi Cream 30%<\/strong>, um haxixe premium com um perfil arom\u00e1tico \u00fanico que mistura notas de kiwi maduro com um fundo cremoso. <\/span><span style=\"font-weight: 400;\">Fabricado com <strong>c\u00e2nhamo de primeira qualidade<\/strong> destaca-se pelo facto de<strong>\u00a0\u00e9 um hash<\/strong><strong> Sem THC com elevado teor de CBD\u00a0<\/strong>e um perfil natural de terpenos que <span style=\"font-size: 16px; font-weight: 400;\">\u00e9 perfeito para aqueles que querem<\/span><strong style=\"font-size: 16px;\"> comprar haxixe CBD barato<\/strong><span style=\"font-size: 16px; font-weight: 400;\"> com a garantia de qualidade.<\/span><\/span><\/p>\n<p><span style=\"font-weight: 400;\"><span style=\"font-size: 16px; font-weight: 400;\">Experimente-o agora e deixe-se levar pela sua <strong>notas frutadas para uma sensa\u00e7\u00e3o suave, calmante e agrad\u00e1vel<\/strong>. N\u00e3o hesite em comprar <strong>Haxixe CBD Kiwi Cream 30% <\/strong>no Iguana Smoke.<\/span><\/span><\/p>\n<p>&nbsp;<\/p>\n<h2>Carater\u00edsticas do Hash CBD Kiwi Cream 30%:<\/h2>\n<ul>\n<li>Aspeto e textura: <span style=\"font-weight: 400;\">O seu aspeto convida-o a apreciar o seu toque <strong>male\u00e1vel, resinoso e f\u00e1cil de manusear<\/strong>. Na apar\u00eancia <strong>macio, compacto e ligeiramente oleoso<\/strong> com um tom castanho claro que revela a sua pureza.\u00a0<\/span><\/li>\n<li><span style=\"font-size: 16px; font-weight: 400;\"><strong>Aroma e sabor:<\/strong> O aroma \u00e9 <strong>ex\u00f3tico<\/strong>, uma das suas principais atrac\u00e7\u00f5es: \u00e9 uma combina\u00e7\u00e3o de <strong>notas frutadas de kiwi maduro<\/strong>, <strong>notas de citrinos<\/strong> e um fundo com um c<strong>cremosidade suave e macia<\/strong> o que o tornar\u00e1 um dos seus hashes favoritos.<\/span><\/li>\n<li><span style=\"font-size: 16px; font-weight: 400;\"><strong>Origem e pureza:<\/strong> Esta resina \u00e9 obtida a partir das flores de c\u00e2nhamo, atrav\u00e9s de um processo de extra\u00e7\u00e3o mec\u00e2nica, sem solventes ou produtos qu\u00edmicos. Este m\u00e9todo preserva os tricomas e mant\u00e9m intactos os terpenos naturais da planta, respons\u00e1veis pelo seu aroma carater\u00edstico. Crucial para quem procura <strong>CBD barato<\/strong> mas n\u00e3o quer comprometer a qualidade do <strong>CBD Kiwi Cream Hash 30%.<\/strong><\/span><\/li>\n<\/ul>\n<p>&nbsp;<\/p>\n<h3><b>Porqu\u00ea comprar haxixe e resina CBD \u00e0 Iguana Smoke?<\/b><\/h3>\n<p><span style=\"font-weight: 400;\">Na Iguana Smoke, estamos empenhados na qualidade. Os nossos produtos de haxixe CBD s\u00e3o 100% naturais e org\u00e2nicos, sem qu\u00edmicos ou pesticidas. Isto significa que quando nos compra, est\u00e1 a escolher haxixe e resinas CBD puras e seguras. Como \u00e9 o caso do nosso <strong>h<\/strong><span style=\"font-size: 16px; font-weight: 400;\"><strong>ach\u00eds CBD Kiwi Cream 30%<\/strong><\/span><strong>.<\/strong><\/span><\/p>\n<p><span style=\"font-weight: 400;\">Sem d\u00favida, este \u00e9 o lugar seguro <strong>onde comprar haxixe CBD barato em Espanha<\/strong> uma vez que todos os nossos produtos s\u00e3o aprovados pela Uni\u00e3o Europeia, garantindo a sua legalidade e seguran\u00e7a. Com menos de 0,3 % de THC, o nosso haxixe e resina de CBD permitem-lhe desfrutar dos muitos benef\u00edcios do CBD sem os efeitos psicoactivos. <\/span><span style=\"font-weight: 400;\">Pode consultar a an\u00e1lise da qualidade deste haxixe <a href=\"https:\/\/iguanasmoke.com\/pt\/analiticas\/\">aqui<\/a>.\u00a0<\/span><\/p>\n<p><em><span style=\"font-weight: 400;\">Lembre-se: a sua utiliza\u00e7\u00e3o destina-se \u00e0 recolha ou \u00e0 aromaterapia, de acordo com a legisla\u00e7\u00e3o espanhola.\u00a0<\/span><\/em><\/p>\n<p><span style=\"font-weight: 400;\">Recomendamos-lhe que experimente as nossas outras resinas de CBD, tais como a <a href=\"https:\/\/iguanasmoke.com\/pt\/produto\/static-runtz-hash-cbd-40\/\">Runtz est\u00e1tico<\/a> ou o <a href=\"https:\/\/iguanasmoke.com\/pt\/produto\/hash-cbd-frozen-golden-cider\/\">Cidra dourada congelada Hash CBD<\/a>. Embora estejamos certos de que o <strong>Creme de Kiwi Hash CBD <span style=\"font-size: 16px; font-weight: 400;\">30%<\/span><\/strong>\u00a0vai adorar. Al\u00e9m disso, n\u00e3o se esque\u00e7a de explorar outros produtos mais vendidos, como o <a href=\"https:\/\/iguanasmoke.com\/pt\/produto\/cbd-vape-iguana-pod-mango\/\">Vapes CBD Full Spectrum<\/a> e o <a href=\"https:\/\/iguanasmoke.com\/pt\/produto\/trufas-tampanensis\/\">Trufas <\/a> \u00a1<\/span><span style=\"font-weight: 400;\">Entre agora e compre o seu favorito!<\/span><\/p>\n<p>&nbsp;<\/p>\n<h3><b>Iguana Smoke \u00e9 sin\u00f3nimo de qualidade e fiabilidade.<\/b><\/h3>\n<p><span style=\"font-weight: 400;\">Na Iguana Smoke, acreditamos que desfrutar do CBD deve ser uma experi\u00eancia segura, acess\u00edvel e prazerosa. Por isso, temos produtos de alta qualidade que se conectam com as novas gera\u00e7\u00f5es: pessoas que buscam um bem-estar descomplicado, com marcas aut\u00eanticas e confi\u00e1veis. Lembre-se que todos os nossos produtos s\u00e3o <strong>Haxixe sem THC com elevado teor de CBD<\/strong>, como o <strong>haxixe<\/strong> <\/span><span style=\"font-weight: 400;\"><strong>Creme de Kiwi CBD <span style=\"font-size: 16px;\">30% <\/span><\/strong>que est\u00e1 prestes a comprar.<\/span><\/p>\n<p>Por outras palavras, a nossa miss\u00e3o \u00e9 clara: trazer-lhe o melhor do CBD a um pre\u00e7o justo, com a tranquilidade de saber que est\u00e1 a escolher um produto certificado, eficaz e 100% legal. Estamos na vanguarda dos produtos de CBD.<\/p>\n<p>Tem alguma quest\u00e3o? Escreva-nos e teremos todo o gosto em ajud\u00e1-lo a encontrar o produto certo para si.<\/p>","protected":false},"excerpt":{"rendered":"<p>Explorar o nosso creme de kiwi CBD <span style=\"font-weight: 400;\"><span style=\"font-size: 16px; font-weight: 400;\"><strong>30%<\/strong><\/span><\/span>, A resina CBD destaca-se pelo seu aroma frutado a kiwi com notas cremosas.<\/p>\n<ul>\n<li data-start=\"235\" data-end=\"281\">Textura suave, resinosa e f\u00e1cil de manusear<\/li>\n<li data-start=\"284\" data-end=\"312\">Rico em terpenos naturais<\/li>\n<li data-start=\"315\" data-end=\"355\">Produto legal em Espanha: THC &lt;0,3%<\/li>\n<\/ul>\n<p>An\u00e1lise da qualidade: clique <a href=\"https:\/\/iguanasmoke.com\/pt\/analiticas\/\">aqui<\/a><\/p>","protected":false},"featured_media":81750,"comment_status":"open","ping_status":"closed","template":"","meta":{"_acf_changed":false,"site-sidebar-layout":"default","site-content-layout":"","ast-site-content-layout":"default","site-content-style":"default","site-sidebar-style":"default","ast-global-header-display":"","ast-banner-title-visibility":"","ast-main-header-display":"","ast-hfb-above-header-display":"","ast-hfb-below-header-display":"","ast-hfb-mobile-header-display":"","site-post-title":"","ast-breadcrumbs-content":"","ast-featured-img":"","footer-sml-layout":"","theme-transparent-header-meta":"default","adv-header-id-meta":"","stick-header-meta":"","header-above-stick-meta":"","header-main-stick-meta":"","header-below-stick-meta":"","astra-migrate-meta-layouts":"set","ast-page-background-enabled":"default","ast-page-background-meta":{"desktop":{"background-color":"var(--ast-global-color-4)","background-image":"","background-repeat":"repeat","background-position":"center center","background-size":"auto","background-attachment":"scroll","background-type":"","background-media":"","overlay-type":"","overlay-color":"","overlay-opacity":"","overlay-gradient":""},"tablet":{"background-color":"","background-image":"","background-repeat":"repeat","background-position":"center center","background-size":"auto","background-attachment":"scroll","background-type":"","background-media":"","overlay-type":"","overlay-color":"","overlay-opacity":"","overlay-gradient":""},"mobile":{"background-color":"","background-image":"","background-repeat":"repeat","background-position":"center center","background-size":"auto","background-attachment":"scroll","background-type":"","background-media":"","overlay-type":"","overlay-color":"","overlay-opacity":"","overlay-gradient":""}},"ast-content-background-meta":{"desktop":{"background-color":"var(--ast-global-color-5)","background-image":"","background-repeat":"repeat","background-position":"center center","background-size":"auto","background-attachment":"scroll","background-type":"","background-media":"","overlay-type":"","overlay-color":"","overlay-opacity":"","overlay-gradient":""},"tablet":{"background-color":"var(--ast-global-color-5)","background-image":"","background-repeat":"repeat","background-position":"center center","background-size":"auto","background-attachment":"scroll","background-type":"","background-media":"","overlay-type":"","overlay-color":"","overlay-opacity":"","overlay-gradient":""},"mobile":{"background-color":"var(--ast-global-color-5)","background-image":"","background-repeat":"repeat","background-position":"center center","background-size":"auto","background-attachment":"scroll","background-type":"","background-media":"","overlay-type":"","overlay-color":"","overlay-opacity":"","overlay-gradient":""}}},"product_brand":[],"product_cat":[397],"product_tag":[],"class_list":{"0":"post-61011","1":"product","2":"type-product","3":"status-publish","4":"has-post-thumbnail","6":"product_cat-hash-cbd","7":"desktop-align-center","8":"tablet-align-center","9":"mobile-align-center","11":"first","12":"instock","13":"taxable","14":"shipping-taxable","15":"purchasable","16":"product-type-variable"},"acf":[],"yoast_head":"<!-- This site is optimized with the Yoast SEO Premium plugin v27.3 (Yoast SEO v27.3) - https:\/\/yoast.com\/product\/yoast-seo-premium-wordpress\/ -->\n<title>Hash CBD Kiwi Cream 30%: Aroma Frutal y cremoso| Iguana Smoke<\/title>\n<meta name=\"description\" content=\"Descubre el hach\u00eds CBD Kiwi Cream, tu hash CBD premium con aroma frutal y textura suave: Tu Hash sin THC con alto contenido en CBD 100% legal en Espa\u00f1a.\" \/>\n<meta name=\"robots\" content=\"index, follow, max-snippet:-1, max-image-preview:large, max-video-preview:-1\" \/>\n<link rel=\"canonical\" href=\"https:\/\/iguanasmoke.com\/pt\/produto\/creme-hash-cbd-kiwi\/\" \/>\n<meta property=\"og:locale\" content=\"pt_PT\" \/>\n<meta property=\"og:type\" content=\"article\" \/>\n<meta property=\"og:title\" content=\"Hash CBD Kiwi Cream 30%\" \/>\n<meta property=\"og:description\" content=\"Explora nuestro Kiwi Cream CBD 30%, una resina CBD que destaca por su aroma afrutado a kiwi con notas cremosas.   Textura suave, resinosa y f\u00e1cil de manipular  Rico en terpenos naturales  Producto legal en Espa\u00f1a: THC &lt;0,3%  An\u00e1lisis de calidad: pincha aqu\u00ed\" \/>\n<meta property=\"og:url\" content=\"https:\/\/iguanasmoke.com\/pt\/produto\/creme-hash-cbd-kiwi\/\" \/>\n<meta property=\"og:site_name\" content=\"Iguana Smoke\" \/>\n<meta property=\"article:publisher\" content=\"https:\/\/www.facebook.com\/iguanasmoke\" \/>\n<meta property=\"article:modified_time\" content=\"2026-03-19T14:31:33+00:00\" \/>\n<meta property=\"og:image\" content=\"https:\/\/iguanasmoke.com\/wp-content\/uploads\/2025\/07\/Kiwi-2g-con-hash.webp\" \/>\n\t<meta property=\"og:image:width\" content=\"1000\" \/>\n\t<meta property=\"og:image:height\" content=\"1000\" \/>\n\t<meta property=\"og:image:type\" content=\"image\/webp\" \/>\n<meta name=\"twitter:card\" content=\"summary_large_image\" \/>\n<meta name=\"twitter:label1\" content=\"Disponibilidade\" \/>\n\t<meta name=\"twitter:data1\" content=\"Em stock\" \/>\n<meta property=\"product:brand\" content=\"variable\" \/>\n<meta property=\"og:availability\" content=\"instock\" \/>\n<meta property=\"product:availability\" content=\"instock\" \/>\n<meta property=\"product:condition\" content=\"new\" \/>\n<!-- \/ Yoast SEO Premium plugin. -->","yoast_head_json":{"title":"Hash CBD Kiwi Cream 30%: Aroma frutado e cremoso| Iguana Smoke","description":"Descubra o Kiwi Cream CBD Hash, o seu haxixe CBD de qualidade superior com aroma frutado e textura suave: o seu haxixe sem THC com elevado teor de CBD 100% legal em Espanha.","robots":{"index":"index","follow":"follow","max-snippet":"max-snippet:-1","max-image-preview":"max-image-preview:large","max-video-preview":"max-video-preview:-1"},"canonical":"https:\/\/iguanasmoke.com\/pt\/produto\/creme-hash-cbd-kiwi\/","og_locale":"pt_PT","og_type":"article","og_title":"Hash CBD Kiwi Cream 30%","og_description":"Explora nuestro Kiwi Cream CBD 30%, una resina CBD que destaca por su aroma afrutado a kiwi con notas cremosas.   Textura suave, resinosa y f\u00e1cil de manipular  Rico en terpenos naturales  Producto legal en Espa\u00f1a: THC &lt;0,3%  An\u00e1lisis de calidad: pincha aqu\u00ed","og_url":"https:\/\/iguanasmoke.com\/pt\/produto\/creme-hash-cbd-kiwi\/","og_site_name":"Iguana Smoke","article_publisher":"https:\/\/www.facebook.com\/iguanasmoke","article_modified_time":"2026-03-19T14:31:33+00:00","og_image":[{"width":1000,"height":1000,"url":"https:\/\/iguanasmoke.com\/wp-content\/uploads\/2025\/07\/Kiwi-2g-con-hash.webp","type":"image\/webp"}],"twitter_card":"summary_large_image","twitter_misc":{"Disponibilidade":"Em stock"},"schema":{"@context":"https:\/\/schema.org","@graph":[{"@type":"WebPage","@id":"https:\/\/iguanasmoke.com\/producto\/hash-cbd-kiwi-cream\/","url":"https:\/\/iguanasmoke.com\/producto\/hash-cbd-kiwi-cream\/","name":"Hash CBD Kiwi Cream 30%: Aroma frutado e cremoso| Iguana Smoke","isPartOf":{"@id":"https:\/\/iguanasmoke.com\/#website"},"primaryImageOfPage":{"@id":"https:\/\/iguanasmoke.com\/producto\/hash-cbd-kiwi-cream\/#primaryimage"},"image":{"@id":"https:\/\/iguanasmoke.com\/producto\/hash-cbd-kiwi-cream\/#primaryimage"},"thumbnailUrl":"https:\/\/iguanasmoke.com\/wp-content\/uploads\/2025\/07\/Kiwi-2g-con-hash.webp","datePublished":"2025-07-14T17:50:53+00:00","dateModified":"2026-03-19T14:31:33+00:00","description":"Descubra o Kiwi Cream CBD Hash, o seu haxixe CBD de qualidade superior com aroma frutado e textura suave: o seu haxixe sem THC com elevado teor de CBD 100% legal em Espanha.","breadcrumb":{"@id":"https:\/\/iguanasmoke.com\/producto\/hash-cbd-kiwi-cream\/#breadcrumb"},"inLanguage":"pt-PT","potentialAction":[{"@type":"ReadAction","target":["https:\/\/iguanasmoke.com\/producto\/hash-cbd-kiwi-cream\/"]}]},{"@type":"ImageObject","inLanguage":"pt-PT","@id":"https:\/\/iguanasmoke.com\/producto\/hash-cbd-kiwi-cream\/#primaryimage","url":"https:\/\/iguanasmoke.com\/wp-content\/uploads\/2025\/07\/Kiwi-2g-con-hash.webp","contentUrl":"https:\/\/iguanasmoke.com\/wp-content\/uploads\/2025\/07\/Kiwi-2g-con-hash.webp","width":1000,"height":1000,"caption":"Hash CBD Kiwi Cream 2g"},{"@type":"BreadcrumbList","@id":"https:\/\/iguanasmoke.com\/producto\/hash-cbd-kiwi-cream\/#breadcrumb","itemListElement":[{"@type":"ListItem","position":1,"name":"home","item":"https:\/\/iguanasmoke.com\/"},{"@type":"ListItem","position":2,"name":"Tienda","item":"https:\/\/iguanasmoke.com\/tienda\/"},{"@type":"ListItem","position":3,"name":"Hash CBD","item":"https:\/\/iguanasmoke.com\/categoria\/hash-cbd\/"},{"@type":"ListItem","position":4,"name":"Hash CBD Kiwi Cream 30%"}]},{"@type":"WebSite","@id":"https:\/\/iguanasmoke.com\/#website","url":"https:\/\/iguanasmoke.com\/","name":"Fumo de Iguana","description":"Comprar CBD online ao melhor pre\u00e7o","publisher":{"@id":"https:\/\/iguanasmoke.com\/#organization"},"potentialAction":[{"@type":"SearchAction","target":{"@type":"EntryPoint","urlTemplate":"https:\/\/iguanasmoke.com\/?s={search_term_string}"},"query-input":{"@type":"PropertyValueSpecification","valueRequired":true,"valueName":"search_term_string"}}],"inLanguage":"pt-PT"},{"@type":"Organization","@id":"https:\/\/iguanasmoke.com\/#organization","name":"Fumo de Iguana","url":"https:\/\/iguanasmoke.com\/","logo":{"@type":"ImageObject","inLanguage":"pt-PT","@id":"https:\/\/iguanasmoke.com\/#\/schema\/logo\/image\/","url":"https:\/\/iguanasmoke.com\/wp-content\/uploads\/2025\/01\/logoiguana-favi-1.png","contentUrl":"https:\/\/iguanasmoke.com\/wp-content\/uploads\/2025\/01\/logoiguana-favi-1.png","width":512,"height":512,"caption":"Iguana Smoke"},"image":{"@id":"https:\/\/iguanasmoke.com\/#\/schema\/logo\/image\/"},"sameAs":["https:\/\/www.facebook.com\/iguanasmoke","https:\/\/www.instagram.com\/iguanasmoke\/"]}]},"product_brand":"variable","og_availability":"instock","product_availability":"instock","product_condition":"new"},"_links":{"self":[{"href":"https:\/\/iguanasmoke.com\/pt\/wp-json\/wp\/v2\/product\/61011","targetHints":{"allow":["GET"]}}],"collection":[{"href":"https:\/\/iguanasmoke.com\/pt\/wp-json\/wp\/v2\/product"}],"about":[{"href":"https:\/\/iguanasmoke.com\/pt\/wp-json\/wp\/v2\/types\/product"}],"replies":[{"embeddable":true,"href":"https:\/\/iguanasmoke.com\/pt\/wp-json\/wp\/v2\/comments?post=61011"}],"wp:featuredmedia":[{"embeddable":true,"href":"https:\/\/iguanasmoke.com\/pt\/wp-json\/wp\/v2\/media\/81750"}],"wp:attachment":[{"href":"https:\/\/iguanasmoke.com\/pt\/wp-json\/wp\/v2\/media?parent=61011"}],"wp:term":[{"taxonomy":"product_brand","embeddable":true,"href":"https:\/\/iguanasmoke.com\/pt\/wp-json\/wp\/v2\/product_brand?post=61011"},{"taxonomy":"product_cat","embeddable":true,"href":"https:\/\/iguanasmoke.com\/pt\/wp-json\/wp\/v2\/product_cat?post=61011"},{"taxonomy":"product_tag","embeddable":true,"href":"https:\/\/iguanasmoke.com\/pt\/wp-json\/wp\/v2\/product_tag?post=61011"}],"curies":[{"name":"wp","href":"https:\/\/api.w.org\/{rel}","templated":true}]}}