{"id":61045,"date":"2025-07-15T19:11:46","date_gmt":"2025-07-15T17:11:46","guid":{"rendered":"https:\/\/iguanasmoke.com\/?post_type=product&#038;p=61045"},"modified":"2026-03-19T15:28:52","modified_gmt":"2026-03-19T14:28:52","slug":"cidra-congelada-hash-cbd","status":"publish","type":"product","link":"https:\/\/iguanasmoke.com\/pt\/producto\/hash-cbd-frozen-cider\/","title":{"rendered":"Cidra dourada congelada Hash CBD 61%"},"content":{"rendered":"<h1><span style=\"font-weight: 400;\">Hash CBD Frozen Golden Cider 61%: pureza congelada com efeito profundo<\/span><\/h1>\n<p><span style=\"font-weight: 400;\">O <strong>Haxixe CBD Frozen Golden Cider<\/strong> destaca-se pelo seu impressionante teor de CBD, que atinge at\u00e9 <strong>61% en total (56%CBD + 5%CBD-A)<\/strong>, juntamente com um <strong>0,4% de CBG<\/strong>. Esta concentra\u00e7\u00e3o potente faz com que seja a escolha ideal para quem procura uma <strong>efeito relaxante potente e duradouro<\/strong>. Al\u00e9m disso, esta variedade \u00e9 reconhecida no mundo dos canabin\u00f3ides, a <strong>sidra dourada congelada hash CBD<\/strong> destaca-se pelos seus efeitos \u00fanicos.\u00a0<\/span><\/p>\n<p><span style=\"font-weight: 400;\">Este hash \u00e9 feito de <strong>flores de c\u00e2nhamo congeladas<\/strong> logo ap\u00f3s a colheita para preservar os canabin\u00f3ides e os terpenos gra\u00e7as \u00e0 t\u00e9cnica do extrato congelado. Utiliza\u00e7\u00e3o do m\u00e9todo \u201cExtrato congelado\u201c<strong>haxixe de \u00e1gua gelada<\/strong>\u201d ou extra\u00e7\u00e3o com \u00e1gua gelada, que consiste em agitar as flores congeladas em \u00e1gua gelada para separar o <strong>tricomas <\/strong>(pequenas gl\u00e2ndulas cheias de resina que cont\u00eam CBD e outros compostos activos) e s\u00e3o prensadas para criar um <strong>haxixe puro e potente<\/strong>. <\/span><\/p>\n<p><span style=\"font-weight: 400;\">Por vezes, a t\u00e9cnica \u00e9 aplicada <em>colof\u00f3nia<\/em>, que extrai a resina sem solventes, utilizando calor e press\u00e3o, para uma extra\u00e7\u00e3o ainda mais limpa.\u00a0<\/span><\/p>\n<p><span style=\"font-weight: 400;\">Tamb\u00e9m tem menos de 0,3% de THC, por isso este haxixe \u00e9 <strong>legal em Espanha e na Europa<\/strong>. Explore a sua textura e saboreie os seus aromas! Descubra porque \u00e9 que o <strong>Cidra dourada congelada Hash CBD 61% <\/strong>\u00e9 uma das resinas mais fortes e de maior qualidade que pode encontrar se quiser <strong>haxixe CBD barato<\/strong> mas de pr\u00e9mio.<\/span><\/p>\n<p>&nbsp;<\/p>\n<h2>Carater\u00edsticas da sidra dourada congelada Hash CBD:<\/h2>\n<ul>\n<li><b>Aspeto e textura: <span style=\"font-size: 16px; font-weight: 400;\">distingue-se pela sua cor dourada, <strong>textura cristalina e compacta<\/strong>. Quando aquecido, derrete suavemente, libertando uma <strong>fumo denso<\/strong> e sedoso, revelando a sua pureza e qualidade superior. O seu c<strong>onsist\u00eancia no desmoronamento<\/strong> facilita uma utiliza\u00e7\u00e3o agrad\u00e1vel, reflectindo o cuidado e a precis\u00e3o do seu fabrico.\u00a0<\/span><\/b><\/li>\n<li><span style=\"font-size: 16px; font-weight: 400;\"><strong>Aroma e sabor:<\/strong> fresco e natural, que faz lembrar o <strong>florestas de pinheiros<\/strong>. Oferece um sabor equilibrado com <strong>notas herb\u00e1ceas<\/strong> evocativo da frescura da natureza, acompanhado de um <strong>leve toque mentolado<\/strong> que proporciona frescura. <strong>Tons c\u00edtricos e notas de madeira de cedro<\/strong> que enriquecem a experi\u00eancia para a tornar memor\u00e1vel.\u00a0\u00a0<\/span><\/li>\n<li><strong>Origem e pureza:<\/strong><span style=\"font-size: 16px; font-weight: 400;\"> tem as suas ra\u00edzes nas montanhas de <strong>Afeganist\u00e3o<\/strong>. Combina a tradi\u00e7\u00e3o do haxixe afeg\u00e3o com t\u00e9cnicas modernas. Feito com flores de c\u00e2nhamo ricas em CBD, oferece uma experi\u00eancia legal, calmante e relaxante. Une os <strong style=\"font-size: 16px; font-style: normal;\">sabedoria antiga e inova\u00e7\u00e3o<\/strong>s para manter viva a ess\u00eancia do aut\u00eantico haxixe artesanal.\u00a0<\/span><\/li>\n<\/ul>\n<p>&nbsp;<\/p>\n<h3><b>Porqu\u00ea comprar haxixe CBD Frozen Golden Cider da Iguana Smoke?<\/b><\/h3>\n<p><span style=\"font-weight: 400;\">Na Iguana Smoke, estamos empenhados na qualidade. Os nossos produtos de haxixe CBD s\u00e3o 100% naturais e org\u00e2nicos, sem qu\u00edmicos ou pesticidas. Isto significa que quando nos compra, est\u00e1 a escolher <strong>resina e haxixe CBD puros e seguros<\/strong>. Como \u00e9 o caso do nosso <strong>Haxixe CBD Cidra dourada congelada 61%<\/strong><strong>.<\/strong><\/span><\/p>\n<p><span style=\"font-weight: 400;\">Este \u00e9 o local seguro para <strong>comprar haxixe CBD online em Espanha.<\/strong> Todos os nossos produtos s\u00e3o aprovados pela UE, garantindo a sua legalidade e seguran\u00e7a. Com menos de 0,3 % de THC, pode desfrutar dos muitos benef\u00edcios do CBD sem os efeitos psicoactivos. Os nossos <strong>Haxixe de CBD sem THC com elevado teor de CBD<\/strong> cumpre as normas de qualidade, cuja an\u00e1lise pode ser consultada em<\/span><span style=\"font-weight: 400;\">\u00a0<a href=\"https:\/\/iguanasmoke.com\/pt\/analiticas\/\">aqui<\/a>.\u00a0<\/span><\/p>\n<p><em><span style=\"font-weight: 400;\">*Nota: a sua utiliza\u00e7\u00e3o destina-se a cole\u00e7\u00e3o ou aromaterapia, de acordo com a legisla\u00e7\u00e3o espanhola.\u00a0<\/span><\/em><\/p>\n<p><span style=\"font-weight: 400;\">Al\u00e9m disso, se gosta das nossas resinas CBD mais tradicionais, como a <a href=\"https:\/\/iguanasmoke.com\/pt\/produto\/lemon-haze-hash-cbd-20\/\">haxixe CBD Lemon Haze<\/a> ou o <a href=\"https:\/\/iguanasmoke.com\/pt\/produto\/nepal-cream-hash-cbd-20\/\">haxixe CBD Nepal<\/a>,tu <\/span><span style=\"font-weight: 400;\">garantimos que o <strong>Cidra dourada congelada Hash CBD 61%<\/strong> vai fazer-te voar. Al\u00e9m disso, n\u00e3o te esque\u00e7as de experimentar outros <strong>Produtos TOP<\/strong> como o <a href=\"https:\/\/iguanasmoke.com\/pt\/produto\/stv-10oh-e8h-space-vape-3-pack-2ml-vapers\/\">Embalagem para vaper STV-10-OH e E8H<\/a> ou o <a href=\"https:\/\/iguanasmoke.com\/pt\/produto\/capsula-cbd-descartavel-iguana-capsula-iguana-bolso-amnesia-largo-espetro-750mg\/\">CBD Amnesia CBD de largo espetro vaper<\/a>. <\/span><span style=\"font-weight: 400;\">Em suma, explore a nossa variedade e encontre j\u00e1 os seus favoritos.\u00a0<\/span><\/p>\n<p>&nbsp;<\/p>\n<h3><b>Iguana Smoke \u00e9 sin\u00f3nimo de qualidade e fiabilidade.<\/b><\/h3>\n<p><span style=\"font-weight: 400;\">Na Iguana Smoke, acreditamos que desfrutar do CBD deve ser uma experi\u00eancia segura e prazerosa. Por isso, temos produtos de alta qualidade que se conectam com as novas gera\u00e7\u00f5es: pessoas que buscam um bem-estar descomplicado, com marcas aut\u00eanticas e confi\u00e1veis. Lembre-se que todos os nossos produtos s\u00e3o <strong>Haxixe de CBD sem THC<\/strong>, como o <strong>Cidra dourada congelada Hash CBD <\/strong>vai tentar.<\/span><\/p>\n<p>A nossa miss\u00e3o \u00e9 clara: trazer-lhe o melhor do mundo dos canabin\u00f3ides a um pre\u00e7o justo, com a tranquilidade de saber que est\u00e1 a escolher um produto certificado, eficaz e 100% legal. Estamos na vanguarda dos produtos CBD.<\/p>\n<p>Ainda tem d\u00favidas? Escreva-nos e teremos todo o gosto em ajud\u00e1-lo a encontrar o produto certo para si.<\/p>","protected":false},"excerpt":{"rendered":"<p>Este <strong>haxixe<\/strong> <span style=\"font-weight: 400;\"><strong>Cidra dourada congelada CBD <\/strong><\/span>\u00e9 feito a partir de flores frescas que foram congeladas e extra\u00eddas a frio para preservar a m\u00e1xima pureza e concentra\u00e7\u00e3o de terpenos:<\/p>\n<ul>\n<li data-start=\"246\" data-end=\"275\">Textura fina e dourada<\/li>\n<li>Produto legal em Espanha: THC &lt;0,3%<\/li>\n<\/ul>\n<p>An\u00e1lise da qualidade: clique <a href=\"https:\/\/iguanasmoke.com\/pt\/analiticas\/\">aqui<\/a><\/p>","protected":false},"featured_media":81744,"comment_status":"open","ping_status":"closed","template":"","meta":{"_acf_changed":false,"site-sidebar-layout":"default","site-content-layout":"","ast-site-content-layout":"default","site-content-style":"default","site-sidebar-style":"default","ast-global-header-display":"","ast-banner-title-visibility":"","ast-main-header-display":"","ast-hfb-above-header-display":"","ast-hfb-below-header-display":"","ast-hfb-mobile-header-display":"","site-post-title":"","ast-breadcrumbs-content":"","ast-featured-img":"","footer-sml-layout":"","theme-transparent-header-meta":"default","adv-header-id-meta":"","stick-header-meta":"","header-above-stick-meta":"","header-main-stick-meta":"","header-below-stick-meta":"","astra-migrate-meta-layouts":"set","ast-page-background-enabled":"default","ast-page-background-meta":{"desktop":{"background-color":"var(--ast-global-color-4)","background-image":"","background-repeat":"repeat","background-position":"center center","background-size":"auto","background-attachment":"scroll","background-type":"","background-media":"","overlay-type":"","overlay-color":"","overlay-opacity":"","overlay-gradient":""},"tablet":{"background-color":"","background-image":"","background-repeat":"repeat","background-position":"center center","background-size":"auto","background-attachment":"scroll","background-type":"","background-media":"","overlay-type":"","overlay-color":"","overlay-opacity":"","overlay-gradient":""},"mobile":{"background-color":"","background-image":"","background-repeat":"repeat","background-position":"center center","background-size":"auto","background-attachment":"scroll","background-type":"","background-media":"","overlay-type":"","overlay-color":"","overlay-opacity":"","overlay-gradient":""}},"ast-content-background-meta":{"desktop":{"background-color":"var(--ast-global-color-5)","background-image":"","background-repeat":"repeat","background-position":"center center","background-size":"auto","background-attachment":"scroll","background-type":"","background-media":"","overlay-type":"","overlay-color":"","overlay-opacity":"","overlay-gradient":""},"tablet":{"background-color":"var(--ast-global-color-5)","background-image":"","background-repeat":"repeat","background-position":"center center","background-size":"auto","background-attachment":"scroll","background-type":"","background-media":"","overlay-type":"","overlay-color":"","overlay-opacity":"","overlay-gradient":""},"mobile":{"background-color":"var(--ast-global-color-5)","background-image":"","background-repeat":"repeat","background-position":"center center","background-size":"auto","background-attachment":"scroll","background-type":"","background-media":"","overlay-type":"","overlay-color":"","overlay-opacity":"","overlay-gradient":""}}},"product_brand":[],"product_cat":[397],"product_tag":[],"class_list":{"0":"post-61045","1":"product","2":"type-product","3":"status-publish","4":"has-post-thumbnail","6":"product_cat-hash-cbd","7":"desktop-align-center","8":"tablet-align-center","9":"mobile-align-center","11":"first","12":"instock","13":"taxable","14":"shipping-taxable","15":"purchasable","16":"product-type-variable"},"acf":[],"yoast_head":"<!-- This site is optimized with the Yoast SEO Premium plugin v27.3 (Yoast SEO v27.3) - https:\/\/yoast.com\/product\/yoast-seo-premium-wordpress\/ -->\n<title>Hash CBD Frozen Golden Cider 61%: Compra CBD barato online | Iguana Smoke<\/title>\n<meta name=\"description\" content=\"Hach\u00eds CBD Frozen Golden Cider: extracci\u00f3n en fr\u00edo, 61\u202f% CBD, textura de locura; tu hach\u00eds de CBD barato pero con calidad premium.\" \/>\n<meta name=\"robots\" content=\"index, follow, max-snippet:-1, max-image-preview:large, max-video-preview:-1\" \/>\n<link rel=\"canonical\" href=\"https:\/\/iguanasmoke.com\/pt\/produto\/cidra-congelada-hash-cbd\/\" \/>\n<meta property=\"og:locale\" content=\"pt_PT\" \/>\n<meta property=\"og:type\" content=\"article\" \/>\n<meta property=\"og:title\" content=\"Hash CBD Frozen Golden Cider 61%\" \/>\n<meta property=\"og:description\" content=\"Este hash CBD Frozen Golden Cider est\u00e1 elaborado con flores frescas congeladas y extra\u00eddas en fr\u00edo\u00a0para conservar la m\u00e1xima pureza y la concentraci\u00f3n de terpenos:   Textura fina y dorada  Producto legal en Espa\u00f1a: THC &lt;0,3%  An\u00e1lisis de calidad: pincha aqu\u00ed\" \/>\n<meta property=\"og:url\" content=\"https:\/\/iguanasmoke.com\/pt\/produto\/cidra-congelada-hash-cbd\/\" \/>\n<meta property=\"og:site_name\" content=\"Iguana Smoke\" \/>\n<meta property=\"article:publisher\" content=\"https:\/\/www.facebook.com\/iguanasmoke\" \/>\n<meta property=\"article:modified_time\" content=\"2026-03-19T14:28:52+00:00\" \/>\n<meta property=\"og:image\" content=\"https:\/\/iguanasmoke.com\/wp-content\/uploads\/2025\/07\/Frozen-2g-con-hash.webp\" \/>\n\t<meta property=\"og:image:width\" content=\"1000\" \/>\n\t<meta property=\"og:image:height\" content=\"1000\" \/>\n\t<meta property=\"og:image:type\" content=\"image\/webp\" \/>\n<meta name=\"twitter:card\" content=\"summary_large_image\" \/>\n<meta name=\"twitter:label1\" content=\"Disponibilidade\" \/>\n\t<meta name=\"twitter:data1\" content=\"Em stock\" \/>\n<meta property=\"product:brand\" content=\"variable\" \/>\n<meta property=\"og:availability\" content=\"instock\" \/>\n<meta property=\"product:availability\" content=\"instock\" \/>\n<meta property=\"product:condition\" content=\"new\" \/>\n<!-- \/ Yoast SEO Premium plugin. -->","yoast_head_json":{"title":"Hash CBD Frozen Golden Cider 61%: Comprar CBD barato online : Iguana Smoke","description":"CBD Frozen Golden Cider Hashish: extra\u00e7\u00e3o a frio, 61 % CBD, textura louca; o seu haxixe CBD barato mas de qualidade superior.","robots":{"index":"index","follow":"follow","max-snippet":"max-snippet:-1","max-image-preview":"max-image-preview:large","max-video-preview":"max-video-preview:-1"},"canonical":"https:\/\/iguanasmoke.com\/pt\/produto\/cidra-congelada-hash-cbd\/","og_locale":"pt_PT","og_type":"article","og_title":"Hash CBD Frozen Golden Cider 61%","og_description":"Este hash CBD Frozen Golden Cider est\u00e1 elaborado con flores frescas congeladas y extra\u00eddas en fr\u00edo\u00a0para conservar la m\u00e1xima pureza y la concentraci\u00f3n de terpenos:   Textura fina y dorada  Producto legal en Espa\u00f1a: THC &lt;0,3%  An\u00e1lisis de calidad: pincha aqu\u00ed","og_url":"https:\/\/iguanasmoke.com\/pt\/produto\/cidra-congelada-hash-cbd\/","og_site_name":"Iguana Smoke","article_publisher":"https:\/\/www.facebook.com\/iguanasmoke","article_modified_time":"2026-03-19T14:28:52+00:00","og_image":[{"width":1000,"height":1000,"url":"https:\/\/iguanasmoke.com\/wp-content\/uploads\/2025\/07\/Frozen-2g-con-hash.webp","type":"image\/webp"}],"twitter_card":"summary_large_image","twitter_misc":{"Disponibilidade":"Em stock"},"schema":{"@context":"https:\/\/schema.org","@graph":[{"@type":"WebPage","@id":"https:\/\/iguanasmoke.com\/producto\/hash-cbd-frozen-cider\/","url":"https:\/\/iguanasmoke.com\/producto\/hash-cbd-frozen-cider\/","name":"Hash CBD Frozen Golden Cider 61%: Comprar CBD barato online : Iguana Smoke","isPartOf":{"@id":"https:\/\/iguanasmoke.com\/#website"},"primaryImageOfPage":{"@id":"https:\/\/iguanasmoke.com\/producto\/hash-cbd-frozen-cider\/#primaryimage"},"image":{"@id":"https:\/\/iguanasmoke.com\/producto\/hash-cbd-frozen-cider\/#primaryimage"},"thumbnailUrl":"https:\/\/iguanasmoke.com\/wp-content\/uploads\/2025\/07\/Frozen-2g-con-hash.webp","datePublished":"2025-07-15T17:11:46+00:00","dateModified":"2026-03-19T14:28:52+00:00","description":"CBD Frozen Golden Cider Hashish: extra\u00e7\u00e3o a frio, 61 % CBD, textura louca; o seu haxixe CBD barato mas de qualidade superior.","breadcrumb":{"@id":"https:\/\/iguanasmoke.com\/producto\/hash-cbd-frozen-cider\/#breadcrumb"},"inLanguage":"pt-PT","potentialAction":[{"@type":"ReadAction","target":["https:\/\/iguanasmoke.com\/producto\/hash-cbd-frozen-cider\/"]}]},{"@type":"ImageObject","inLanguage":"pt-PT","@id":"https:\/\/iguanasmoke.com\/producto\/hash-cbd-frozen-cider\/#primaryimage","url":"https:\/\/iguanasmoke.com\/wp-content\/uploads\/2025\/07\/Frozen-2g-con-hash.webp","contentUrl":"https:\/\/iguanasmoke.com\/wp-content\/uploads\/2025\/07\/Frozen-2g-con-hash.webp","width":1000,"height":1000,"caption":"Hash CBD Frozen Golden 2g"},{"@type":"BreadcrumbList","@id":"https:\/\/iguanasmoke.com\/producto\/hash-cbd-frozen-cider\/#breadcrumb","itemListElement":[{"@type":"ListItem","position":1,"name":"home","item":"https:\/\/iguanasmoke.com\/"},{"@type":"ListItem","position":2,"name":"Tienda","item":"https:\/\/iguanasmoke.com\/tienda\/"},{"@type":"ListItem","position":3,"name":"Hash CBD","item":"https:\/\/iguanasmoke.com\/categoria\/hash-cbd\/"},{"@type":"ListItem","position":4,"name":"Hash CBD Frozen Golden Cider 61%"}]},{"@type":"WebSite","@id":"https:\/\/iguanasmoke.com\/#website","url":"https:\/\/iguanasmoke.com\/","name":"Fumo de Iguana","description":"Comprar CBD online ao melhor pre\u00e7o","publisher":{"@id":"https:\/\/iguanasmoke.com\/#organization"},"potentialAction":[{"@type":"SearchAction","target":{"@type":"EntryPoint","urlTemplate":"https:\/\/iguanasmoke.com\/?s={search_term_string}"},"query-input":{"@type":"PropertyValueSpecification","valueRequired":true,"valueName":"search_term_string"}}],"inLanguage":"pt-PT"},{"@type":"Organization","@id":"https:\/\/iguanasmoke.com\/#organization","name":"Fumo de Iguana","url":"https:\/\/iguanasmoke.com\/","logo":{"@type":"ImageObject","inLanguage":"pt-PT","@id":"https:\/\/iguanasmoke.com\/#\/schema\/logo\/image\/","url":"https:\/\/iguanasmoke.com\/wp-content\/uploads\/2025\/01\/logoiguana-favi-1.png","contentUrl":"https:\/\/iguanasmoke.com\/wp-content\/uploads\/2025\/01\/logoiguana-favi-1.png","width":512,"height":512,"caption":"Iguana Smoke"},"image":{"@id":"https:\/\/iguanasmoke.com\/#\/schema\/logo\/image\/"},"sameAs":["https:\/\/www.facebook.com\/iguanasmoke","https:\/\/www.instagram.com\/iguanasmoke\/"]}]},"product_brand":"variable","og_availability":"instock","product_availability":"instock","product_condition":"new"},"_links":{"self":[{"href":"https:\/\/iguanasmoke.com\/pt\/wp-json\/wp\/v2\/product\/61045","targetHints":{"allow":["GET"]}}],"collection":[{"href":"https:\/\/iguanasmoke.com\/pt\/wp-json\/wp\/v2\/product"}],"about":[{"href":"https:\/\/iguanasmoke.com\/pt\/wp-json\/wp\/v2\/types\/product"}],"replies":[{"embeddable":true,"href":"https:\/\/iguanasmoke.com\/pt\/wp-json\/wp\/v2\/comments?post=61045"}],"wp:featuredmedia":[{"embeddable":true,"href":"https:\/\/iguanasmoke.com\/pt\/wp-json\/wp\/v2\/media\/81744"}],"wp:attachment":[{"href":"https:\/\/iguanasmoke.com\/pt\/wp-json\/wp\/v2\/media?parent=61045"}],"wp:term":[{"taxonomy":"product_brand","embeddable":true,"href":"https:\/\/iguanasmoke.com\/pt\/wp-json\/wp\/v2\/product_brand?post=61045"},{"taxonomy":"product_cat","embeddable":true,"href":"https:\/\/iguanasmoke.com\/pt\/wp-json\/wp\/v2\/product_cat?post=61045"},{"taxonomy":"product_tag","embeddable":true,"href":"https:\/\/iguanasmoke.com\/pt\/wp-json\/wp\/v2\/product_tag?post=61045"}],"curies":[{"name":"wp","href":"https:\/\/api.w.org\/{rel}","templated":true}]}}