{"id":61166,"date":"2025-07-16T12:00:59","date_gmt":"2025-07-16T10:00:59","guid":{"rendered":"https:\/\/iguanasmoke.com\/?post_type=product&#038;p=61166"},"modified":"2026-03-30T12:38:58","modified_gmt":"2026-03-30T10:38:58","slug":"cartucho-10-oh-pega","status":"publish","type":"product","link":"https:\/\/iguanasmoke.com\/pt\/producto\/cartucho-10-oh-mango\/","title":{"rendered":"10-OH Space Cartridge - Pega"},"content":{"rendered":"<h1 data-start=\"1609\" data-end=\"1642\"><span style=\"font-weight: 400\">10-OH Space Cartridge - Pega<\/span><\/h1>\n<p><span style=\"font-weight: 400\">Bem-vindo ao para\u00edso tropical porque o<\/span><span style=\"font-weight: 400\">\u00a0<strong>cartucho 10-OH Pega<\/strong>, vai elevar o vosso esp\u00edrito em 1000. <\/span><span style=\"font-weight: 400\">Ideal para quem procura uma <strong>experi\u00eancia vape completa e poderosa<\/strong>, este <strong>vaper 10-OH <\/strong>combina a for\u00e7a do 10-OH (hidroxi - hexahidrocanabinol) com o ic\u00f3nico aroma saboroso e tropical. Para al\u00e9m disso, a f\u00f3rmula \u00e9 completada por <strong>isento de agentes de corte, nicotina e HHC<\/strong>, para que possa desfrutar de um produto limpo, legal e de qualidade.\u00a0<\/span><\/p>\n<p><span style=\"font-weight: 400\">Explore agora o <strong>Novas mol\u00e9culas<\/strong> que se sucedem e substituem os antigos <em>HHC Space Vape<\/em>. Sabes, comprar <strong>vaporizador<\/strong><\/span><span style=\"font-weight: 400\"><strong> 10-OH <\/strong>significa transportar no bolso a tecnologia de can\u00e1bis do futuro. <strong>Sem THC<\/strong>, <strong>mas h\u00e1 um efeito<\/strong>; <strong>sem fumo<\/strong>, <strong>mas h\u00e1 nuvens<\/strong>; N\u00e3o h\u00e1 d\u00favida, porque <strong>este cartucho 10-OH Mango \u00e9 uma do\u00e7ura.<\/strong><\/span><\/p>\n<p>&nbsp;<\/p>\n<h2><strong>O que \u00e9 10-OH?<\/strong><\/h2>\n<p><span style=\"font-weight: 400\">O <\/span><span style=\"font-weight: 400\"><b>10-OH<\/b> \u00e9 um metabolito do HHC, ou seja, uma subst\u00e2ncia que \u00e9 gerada quando o organismo decomp\u00f5e o HHC. A n\u00edvel laboratorial, obt\u00e9m-se transformando o HHC na sua forma hidroxilada, o que d\u00e1 origem a um canabin\u00f3ide mais est\u00e1vel e com uma afinidade espec\u00edfica para certos receptores do sistema endocanabin\u00f3ide.<\/span><\/p>\n<p><span style=\"font-weight: 400\">Embora os efeitos possam variar de pessoa para pessoa, as experi\u00eancias incluem frequentemente:<\/span><\/p>\n<ul>\n<li>Euforia moderada, sem o efeito mais intenso que o THC pode proporcionar.<\/li>\n<li>Relaxamento f\u00edsico, sem produzir uma sensa\u00e7\u00e3o de seda\u00e7\u00e3o excessiva.<\/li>\n<li>Clareza mental, que favorece a concentra\u00e7\u00e3o ou a intera\u00e7\u00e3o social.<\/li>\n<li>Menos ansiedade, o que a torna uma op\u00e7\u00e3o interessante para quem n\u00e3o tolera bem o THC.<\/li>\n<\/ul>\n<p><span style=\"font-weight: 400\">Estes efeitos colocam o <strong>10-OH num ponto interm\u00e9dio entre HHC e THC<\/strong>mais intensa do que a primeira, mas mais f\u00e1cil de gerir do que a segunda. Se est\u00e1 \u00e0 procura de <strong>comprar vaper 10-OH online<\/strong>, Com efeitos estimulantes, mas sem paranoia ou ressaca mental, este \u00e9 o seu cartucho. <\/span><\/p>\n<p><span style=\"font-weight: 400\">Saiba mais sobre o funcionamento desta nova mol\u00e9cula na nossa <\/span> <a href=\"https:\/\/iguanasmoke.com\/pt\/o-que-e-10-oh-a-nova-opcao-em-canabinoides\/\">Blogue: O que \u00e9 o 10-OH? A nova op\u00e7\u00e3o canabin\u00f3ide<\/a>.<\/p>\n<p>&nbsp;<\/p>\n<h2>Perfil de terpenos do cartucho 10-OH Mango:<\/h2>\n<p><span style=\"font-weight: 400\">\u00a0Quando o vaporizar, notar\u00e1 um equil\u00edbrio perfeito entre do\u00e7ura e acidez, com nuances saborosas e tropicais. A tudo isto h\u00e1 que acrescentar <\/span>o toque de 10-OH, gra\u00e7as ao qual obter\u00e1s o efeito funcional e prazeroso que desejas. A sua combina\u00e7\u00e3o de terpenos inclui:<\/p>\n<ul>\n<li>Limoneno: fresco, brilhante e c\u00edtrico, ajuda a melhorar o humor.<\/li>\n<li>Myrcene: base frutada e herb\u00e1cea, com um efeito suave e envolvente.<\/li>\n<li>Ocimeno: floral, tropical, d\u00e1 aquela frescura extra.<\/li>\n<\/ul>\n<p>&nbsp;<\/p>\n<h2><strong>Carater\u00edsticas principais:<\/strong><\/h2>\n<ul>\n<li><span style=\"font-weight: 400\"><strong>10-OH de alta qualidade<\/strong>, com um perfil canabin\u00f3ide natural.<\/span><\/li>\n<li><span style=\"font-weight: 400\"><strong>Extrato de c\u00e2nhamo biol\u00f3gico<\/strong>, sem aditivos e solventes.<\/span><\/li>\n<li><span style=\"font-weight: 400\">Dispon\u00edvel em <strong>1ml e 2ml<\/strong>. <\/span><\/li>\n<li><span style=\"font-weight: 400\">Para <strong>300 puffs (1ml) e 600 puffs (2ml)<\/strong>.<\/span><\/li>\n<li><span style=\"font-weight: 400\"><strong>Sem THC detet\u00e1vel<\/strong>. <\/span><\/li>\n<li><span style=\"font-weight: 400\"><strong>Qualidade garantida pela Iguana Smoke<\/strong>.<\/span><\/li>\n<\/ul>\n<p>&nbsp;<\/p>\n<h2><strong>Benef\u00edcios do seu cartucho 10-OH Mango:<\/strong><\/h2>\n<ul>\n<li><span style=\"font-weight: 400\">Cont\u00e9m <b>10-OH: <\/b>um canabin\u00f3ide legal derivado do c\u00e2nhamo, isento de THC.<\/span><\/li>\n<li><span style=\"font-weight: 400\"><strong>Efeito potente sem <\/strong>sentir os efeitos<strong> psicoactivos n\u00e3o desejados: dura\u00e7\u00e3o<\/strong> longo (<strong>3-4 horas<\/strong>)<\/span><\/li>\n<li><span style=\"font-weight: 400\">Ideal para <strong>utiliza\u00e7\u00e3o di\u00e1ria:<\/strong>\u00a0<strong>sem odor, sem combust\u00e3o, sem toler\u00e2ncia<\/strong>.<\/span><\/li>\n<li>Sabor doce a manga.<\/li>\n<li>Uma experi\u00eancia sensorial a n\u00e3o perder - vai adorar!<\/li>\n<\/ul>\n<p><span style=\"font-weight: 400\">O <strong>vaper 10-OH <\/strong>\u00e9 a forma mais c\u00f3moda e limpa de usufruir de todos os benef\u00edcios do <strong>benef\u00edcios do 10-OH<\/strong>, sem manuten\u00e7\u00e3o, sem complica\u00e7\u00f5es, sem problemas.\u00a0<\/span><\/p>\n<p>&nbsp;<\/p>\n<h2><strong>O que \u00e9 um cartucho descart\u00e1vel 10-OH?<\/strong><\/h2>\n<p><span style=\"font-weight: 400\">A <strong>Cartucho descart\u00e1vel 10-OH<\/strong> \u00e9 um pequeno cilindro com <strong>Liga\u00e7\u00e3o 510, 1ml ou 2ml<\/strong> que est\u00e1 cheio de l\u00edquido 10-OH. A grande diferen\u00e7a em rela\u00e7\u00e3o a outros tipos de cartuchos \u00e9 o facto de n\u00e3o necessitarem de ser recarregados ou reabastecidos: <strong>quando se esgota, \u00e9 simplesmente descartado<\/strong>.\u00a0<\/span><\/p>\n<p><span style=\"font-weight: 400\">Existem tamb\u00e9m <a href=\"https:\/\/iguanasmoke.com\/pt\/categoria\/novas-moleculas\/10oh\/\">Vapers descart\u00e1veis 10-OH<\/a> (tudo-em-um) com bateria e cartucho integrados, pronto a utilizar logo que sai da caixa.\u00a0<\/span><\/p>\n<p>&nbsp;<\/p>\n<h2><span style=\"font-weight: 400\"><strong>Pilhas para o seu cartucho 10-OH Mango<\/strong>:<\/span><\/h2>\n<p><span style=\"font-weight: 400\">N\u00e3o se esque\u00e7a de comprar um <strong>pilha 510<\/strong> <strong>fi\u00e1vel<\/strong>, <strong>duradouro<\/strong>. \u00c9 por isso que em <strong>Fumo de Iguana<\/strong> oferecemos-lhe diferentes modelos concebidos para garantir uma <strong>n\u00e9voa uniforme<\/strong>, <strong>sabor limpo<\/strong> e um <strong>experi\u00eancia de vaporiza\u00e7\u00e3o confort\u00e1vel e segura<\/strong>.<\/span><\/p>\n<ul>\n<li><span style=\"font-weight: 400\"><a href=\"https:\/\/iguanasmoke.com\/pt\/produto\/bateria-iguana-power-510-para-cartuchos-de-1-ml\/\"><strong>Bateria 510 com rosca para cartuchos de 1 ml<\/strong><\/a>O seu tamanho compacto, discreto e f\u00e1cil de transportar, e a sua pot\u00eancia est\u00e3o perfeitamente calibrados para extrair todo o perfil arom\u00e1tico do 10-OH sem sobreaquecer o l\u00edquido. <em>Tem uma pot\u00eancia de 320 mAh.<\/em><\/span><\/li>\n<li><span style=\"font-weight: 400\"><a href=\"https:\/\/iguanasmoke.com\/pt\/produto\/bateria-iguana-power-510-para-cartuchos-de-2-ml\/\"><strong>Bateria 510 com rosca para cartuchos de 2 ml<\/strong><\/a>Cartuchos 10-OH: Oferecem uma maior autonomia, concebidos para os utilizadores que gostam de sess\u00f5es mais longas ou que preferem mudar os cartuchos 10-OH com menos frequ\u00eancia. Garantem <strong>pot\u00eancia est\u00e1vel e desempenho constante<\/strong>. <em>Tem uma pot\u00eancia de 400 mAh<\/em>.\u00a0<\/span><\/li>\n<li><a href=\"https:\/\/iguanasmoke.com\/pt\/produto\/bateria-iguana-power-cartbox-bateria-510-para-cartuchos\/\">Bateria de bolso Cartbox com rosca 510<\/a>; Compatibilidade 2 em 1: <strong><span style=\"font-weight: 400\">E se procura versatilidade, este modelo \u00e9 compat\u00edvel com cartuchos de 1ml e 2ml, combinando autonomia, discri\u00e7\u00e3o e pot\u00eancia ajust\u00e1vel. Ideal para quem quer um \u00fanico dispositivo que se adapte a tudo. <em>Tem uma pot\u00eancia de 650 mAh<\/em>.\u00a0<\/span><\/strong><\/li>\n<\/ul>\n<p>&nbsp;<\/p>\n<h3><b>Onde comprar cartuchos 10-OH<\/b><b> online?<\/b><\/h3>\n<p><span style=\"font-weight: 400\">Em <strong>Fumo de Iguana<\/strong>, Damos prioridade \u00e0 qualidade e \u00e0 transpar\u00eancia. Os nossos <strong>Cartuchos 10-OH<\/strong>\u00a0s\u00e3o fabricados a partir de extractos naturais e ecol\u00f3gicos, oferecendo produtos <\/span><span style=\"font-weight: 400\"><strong>seguro e potente<\/strong>. Como \u00e9 o caso do nosso <strong>cartucho 10-OH Pega<\/strong>, que se distingue pelo seu intenso sabor frutado de primeira qualidade.<\/span><\/p>\n<p><span style=\"font-weight: 400\">Este \u00e9 o seu lugar seguro para <strong>comprar vaper 10-OH online no Reino Unido.<\/strong> Todos os nossos produtos s\u00e3o aprovados pela UE, o que garante a sua legalidade e seguran\u00e7a. Para al\u00e9m disso, se desejar, pode consultar<\/span><span style=\"font-weight: 400\"> <a href=\"https:\/\/iguanasmoke.com\/pt\/analiticas\/\">aqui a an\u00e1lise laboratorial.<\/a>\u00a0<\/span><\/p>\n<p><span style=\"font-weight: 400\">N\u00e3o se esque\u00e7a de explorar outros <strong>vaper 10-OH <\/strong>como o <a href=\"https:\/\/iguanasmoke.com\/pt\/produto\/vaper-10oh-space-vape-handle\/\">Vaper 10-OH Space Vape Mango<\/a> u <\/span><span style=\"font-weight: 400\">outros <strong>Produtos TOP<\/strong> como o <a href=\"https:\/\/iguanasmoke.com\/pt\/produto\/vaper-stv-space-vape-mango-mango-sativanol\/\">STV Space Vape Vaper<\/a> ou o <a href=\"https:\/\/iguanasmoke.com\/pt\/produto\/colofonia-cbd-cold-cure-91-com-terpenos-vivos\/\">Colof\u00f3nia CBD<\/a>. <\/span><span style=\"font-weight: 400\">Em suma, explore a nossa variedade e encontre j\u00e1 os seus favoritos.<\/span><span style=\"font-weight: 400\">\u00a0<\/span><\/p>\n<p>Entrega r\u00e1pida, aten\u00e7\u00e3o especial e uma loja com uma embalagem discreta que vai em primeiro lugar - s\u00f3 para seu prazer!<\/p>\n<p>&nbsp;<\/p>\n<h3><b>Iguana Smoke \u00e9 a sua loja online de confian\u00e7a de CBD<\/b><\/h3>\n<p><span style=\"font-weight: 400\">Na Iguana Smoke, acreditamos que desfrutar do CBD deve ser uma experi\u00eancia segura e prazerosa. \u00c9 por isso que temos produtos de alta qualidade que se ligam \u00e0s novas gera\u00e7\u00f5es: pessoas que procuram um bem-estar descomplicado, com marcas aut\u00eanticas e fi\u00e1veis.\u00a0<\/span><\/p>\n<p>A nossa miss\u00e3o \u00e9 clara: levar at\u00e9 si o melhor do mundo dos canabin\u00f3ides a um pre\u00e7o justo, com a tranquilidade de saber que est\u00e1 a escolher um produto certificado, eficaz e 100% legal.<\/p>\n<p>Ainda tem d\u00favidas? Escreva-nos e teremos todo o gosto em ajud\u00e1-lo a encontrar o produto certo para si.<\/p>\n<p>&nbsp;<\/p>\n<p><em><span style=\"font-weight: 400\">*Nota: a sua utiliza\u00e7\u00e3o destina-se a cole\u00e7\u00e3o ou aromaterapia, de acordo com a legisla\u00e7\u00e3o espanhola. <\/span><\/em><\/p>\n<p><em><span style=\"font-weight: 400\">**Todos os nossos produtos s\u00e3o derivados de c\u00e2nhamo industrial certificado. Cont\u00eam menos de 0,3 THC e n\u00e3o cont\u00eam canabin\u00f3ides ilegais como HHC, HHC-P, THCP, THCP-O, H4CBD e os inclu\u00eddos no Anexo I do Decreto Real 2829\/1977, nem subst\u00e2ncias controladas por conven\u00e7\u00f5es internacionais.\u00a0\u00a0<\/span><\/em><\/p>","protected":false},"excerpt":{"rendered":"<ul>\n<li>Sabor a manga de primeira qualidade: Aroma natural<\/li>\n<li>Liga\u00e7\u00e3o: tipo 510<\/li>\n<li>Capacidade: <span style=\"font-size: 16px\">1 ml (300 puffs)\/ 2 ml (600 puffs)<\/span><\/li>\n<li>10-OH para 90%<\/li>\n<li>THC: 0%, HHC: 0%, THC-P: 0%, Nicotina: 0%<\/li>\n<li>N\u00e3o cont\u00e9m VG, PG, PEG, MCT ou qualquer outro agente de corte.<\/li>\n<\/ul>\n<p><span style=\"font-weight: 400\">Al\u00e9m disso, se quiser, pode consultar<strong> <a href=\"https:\/\/iguanasmoke.com\/pt\/analiticas\/\">an\u00e1lises laboratoriais.<\/a><\/strong><\/span><\/p>","protected":false},"featured_media":61188,"comment_status":"open","ping_status":"closed","template":"","meta":{"_acf_changed":false,"site-sidebar-layout":"default","site-content-layout":"","ast-site-content-layout":"default","site-content-style":"default","site-sidebar-style":"default","ast-global-header-display":"","ast-banner-title-visibility":"","ast-main-header-display":"","ast-hfb-above-header-display":"","ast-hfb-below-header-display":"","ast-hfb-mobile-header-display":"","site-post-title":"","ast-breadcrumbs-content":"","ast-featured-img":"","footer-sml-layout":"","theme-transparent-header-meta":"default","adv-header-id-meta":"","stick-header-meta":"","header-above-stick-meta":"","header-main-stick-meta":"","header-below-stick-meta":"","astra-migrate-meta-layouts":"set","ast-page-background-enabled":"default","ast-page-background-meta":{"desktop":{"background-color":"var(--ast-global-color-4)","background-image":"","background-repeat":"repeat","background-position":"center center","background-size":"auto","background-attachment":"scroll","background-type":"","background-media":"","overlay-type":"","overlay-color":"","overlay-opacity":"","overlay-gradient":""},"tablet":{"background-color":"","background-image":"","background-repeat":"repeat","background-position":"center center","background-size":"auto","background-attachment":"scroll","background-type":"","background-media":"","overlay-type":"","overlay-color":"","overlay-opacity":"","overlay-gradient":""},"mobile":{"background-color":"","background-image":"","background-repeat":"repeat","background-position":"center center","background-size":"auto","background-attachment":"scroll","background-type":"","background-media":"","overlay-type":"","overlay-color":"","overlay-opacity":"","overlay-gradient":""}},"ast-content-background-meta":{"desktop":{"background-color":"var(--ast-global-color-5)","background-image":"","background-repeat":"repeat","background-position":"center center","background-size":"auto","background-attachment":"scroll","background-type":"","background-media":"","overlay-type":"","overlay-color":"","overlay-opacity":"","overlay-gradient":""},"tablet":{"background-color":"var(--ast-global-color-5)","background-image":"","background-repeat":"repeat","background-position":"center center","background-size":"auto","background-attachment":"scroll","background-type":"","background-media":"","overlay-type":"","overlay-color":"","overlay-opacity":"","overlay-gradient":""},"mobile":{"background-color":"var(--ast-global-color-5)","background-image":"","background-repeat":"repeat","background-position":"center center","background-size":"auto","background-attachment":"scroll","background-type":"","background-media":"","overlay-type":"","overlay-color":"","overlay-opacity":"","overlay-gradient":""}}},"product_brand":[],"product_cat":[550,419],"product_tag":[],"class_list":{"0":"post-61166","1":"product","2":"type-product","3":"status-publish","4":"has-post-thumbnail","6":"product_cat-10oh","7":"product_cat-cartuchos-cbd","8":"desktop-align-center","9":"tablet-align-center","10":"mobile-align-center","12":"first","13":"instock","14":"taxable","15":"shipping-taxable","16":"purchasable","17":"product-type-variable"},"acf":[],"yoast_head":"<!-- This site is optimized with the Yoast SEO Premium plugin v27.3 (Yoast SEO v27.3) - https:\/\/yoast.com\/product\/yoast-seo-premium-wordpress\/ -->\n<title>Cartucho 10-OH Mango | Iguana Smoke<\/title>\n<meta name=\"description\" content=\"Prueba el Cartucho 10-OH Mango en Iguana Smoke. Sabor frutal, efecto funcional y cero THC. Tu vaper legal con todo el flow tropical en este vaper 10-OH.\" \/>\n<meta name=\"robots\" content=\"index, follow, max-snippet:-1, max-image-preview:large, max-video-preview:-1\" \/>\n<link rel=\"canonical\" href=\"https:\/\/iguanasmoke.com\/pt\/produto\/cartucho-10-oh-pega\/\" \/>\n<meta property=\"og:locale\" content=\"pt_PT\" \/>\n<meta property=\"og:type\" content=\"article\" \/>\n<meta property=\"og:title\" content=\"Cartucho 10-OH Space - Mango\" \/>\n<meta property=\"og:description\" content=\"Sabor a mango premium: Aroma natural  Conexi\u00f3n: tipo 510  Capacidad: 1 ml (300 caladas)\/ 2 ml (600 caladas)  10-OH al 90%  THC: 0%, HHC: 0%, THC-P: 0%, Nicotina: 0%  No contiene VG, PG, PEG, MCT o cualquier otro agente de corte  Adem\u00e1s, si quieres puedes consultar el an\u00e1lisis de laboratorio.\" \/>\n<meta property=\"og:url\" content=\"https:\/\/iguanasmoke.com\/pt\/produto\/cartucho-10-oh-pega\/\" \/>\n<meta property=\"og:site_name\" content=\"Iguana Smoke\" \/>\n<meta property=\"article:publisher\" content=\"https:\/\/www.facebook.com\/iguanasmoke\" \/>\n<meta property=\"article:modified_time\" content=\"2026-03-30T10:38:58+00:00\" \/>\n<meta property=\"og:image\" content=\"https:\/\/iguanasmoke.com\/wp-content\/uploads\/2025\/07\/bolsa-10-OH-cart-Mango-con-cartucho.webp\" \/>\n\t<meta property=\"og:image:width\" content=\"1000\" \/>\n\t<meta property=\"og:image:height\" content=\"1000\" \/>\n\t<meta property=\"og:image:type\" content=\"image\/webp\" \/>\n<meta name=\"twitter:card\" content=\"summary_large_image\" \/>\n<meta name=\"twitter:label1\" content=\"Disponibilidade\" \/>\n\t<meta name=\"twitter:data1\" content=\"Em stock\" \/>\n<meta property=\"product:brand\" content=\"variable\" \/>\n<meta property=\"og:availability\" content=\"instock\" \/>\n<meta property=\"product:availability\" content=\"instock\" \/>\n<meta property=\"product:condition\" content=\"new\" \/>\n<!-- \/ Yoast SEO Premium plugin. -->","yoast_head_json":{"title":"Cartucho 10-OH Mango | Iguana Smoke","description":"Experimente o cartucho 10-OH Mango em Iguana Smoke. Sabor a fruta, efeito funcional e zero THC. O seu vaper legal com todo o fluxo tropical neste vaper 10-OH.","robots":{"index":"index","follow":"follow","max-snippet":"max-snippet:-1","max-image-preview":"max-image-preview:large","max-video-preview":"max-video-preview:-1"},"canonical":"https:\/\/iguanasmoke.com\/pt\/produto\/cartucho-10-oh-pega\/","og_locale":"pt_PT","og_type":"article","og_title":"Cartucho 10-OH Space - Mango","og_description":"Sabor a mango premium: Aroma natural  Conexi\u00f3n: tipo 510  Capacidad: 1 ml (300 caladas)\/ 2 ml (600 caladas)  10-OH al 90%  THC: 0%, HHC: 0%, THC-P: 0%, Nicotina: 0%  No contiene VG, PG, PEG, MCT o cualquier otro agente de corte  Adem\u00e1s, si quieres puedes consultar el an\u00e1lisis de laboratorio.","og_url":"https:\/\/iguanasmoke.com\/pt\/produto\/cartucho-10-oh-pega\/","og_site_name":"Iguana Smoke","article_publisher":"https:\/\/www.facebook.com\/iguanasmoke","article_modified_time":"2026-03-30T10:38:58+00:00","og_image":[{"width":1000,"height":1000,"url":"https:\/\/iguanasmoke.com\/wp-content\/uploads\/2025\/07\/bolsa-10-OH-cart-Mango-con-cartucho.webp","type":"image\/webp"}],"twitter_card":"summary_large_image","twitter_misc":{"Disponibilidade":"Em stock"},"schema":{"@context":"https:\/\/schema.org","@graph":[{"@type":"WebPage","@id":"https:\/\/iguanasmoke.com\/producto\/cartucho-10-oh-mango\/","url":"https:\/\/iguanasmoke.com\/producto\/cartucho-10-oh-mango\/","name":"Cartucho 10-OH Mango | Iguana Smoke","isPartOf":{"@id":"https:\/\/iguanasmoke.com\/#website"},"primaryImageOfPage":{"@id":"https:\/\/iguanasmoke.com\/producto\/cartucho-10-oh-mango\/#primaryimage"},"image":{"@id":"https:\/\/iguanasmoke.com\/producto\/cartucho-10-oh-mango\/#primaryimage"},"thumbnailUrl":"https:\/\/iguanasmoke.com\/wp-content\/uploads\/2025\/07\/bolsa-10-OH-cart-Mango-con-cartucho.webp","datePublished":"2025-07-16T10:00:59+00:00","dateModified":"2026-03-30T10:38:58+00:00","description":"Experimente o cartucho 10-OH Mango em Iguana Smoke. Sabor a fruta, efeito funcional e zero THC. O seu vaper legal com todo o fluxo tropical neste vaper 10-OH.","breadcrumb":{"@id":"https:\/\/iguanasmoke.com\/producto\/cartucho-10-oh-mango\/#breadcrumb"},"inLanguage":"pt-PT","potentialAction":[{"@type":"ReadAction","target":["https:\/\/iguanasmoke.com\/producto\/cartucho-10-oh-mango\/"]}]},{"@type":"ImageObject","inLanguage":"pt-PT","@id":"https:\/\/iguanasmoke.com\/producto\/cartucho-10-oh-mango\/#primaryimage","url":"https:\/\/iguanasmoke.com\/wp-content\/uploads\/2025\/07\/bolsa-10-OH-cart-Mango-con-cartucho.webp","contentUrl":"https:\/\/iguanasmoke.com\/wp-content\/uploads\/2025\/07\/bolsa-10-OH-cart-Mango-con-cartucho.webp","width":1000,"height":1000,"caption":"Bolsa y cartucho 10-OH Mango de Iguana Smoke, vaper 10-OH legal"},{"@type":"BreadcrumbList","@id":"https:\/\/iguanasmoke.com\/producto\/cartucho-10-oh-mango\/#breadcrumb","itemListElement":[{"@type":"ListItem","position":1,"name":"home","item":"https:\/\/iguanasmoke.com\/"},{"@type":"ListItem","position":2,"name":"Tienda","item":"https:\/\/iguanasmoke.com\/tienda\/"},{"@type":"ListItem","position":3,"name":"Nuevas Mol\u00e9culas","item":"https:\/\/iguanasmoke.com\/categoria\/nuevas-moleculas\/"},{"@type":"ListItem","position":4,"name":"10-OH","item":"https:\/\/iguanasmoke.com\/categoria\/nuevas-moleculas\/10oh\/"},{"@type":"ListItem","position":5,"name":"Cartucho 10-OH Space &#8211; Mango"}]},{"@type":"WebSite","@id":"https:\/\/iguanasmoke.com\/#website","url":"https:\/\/iguanasmoke.com\/","name":"Fumo de Iguana","description":"Comprar CBD online ao melhor pre\u00e7o","publisher":{"@id":"https:\/\/iguanasmoke.com\/#organization"},"potentialAction":[{"@type":"SearchAction","target":{"@type":"EntryPoint","urlTemplate":"https:\/\/iguanasmoke.com\/?s={search_term_string}"},"query-input":{"@type":"PropertyValueSpecification","valueRequired":true,"valueName":"search_term_string"}}],"inLanguage":"pt-PT"},{"@type":"Organization","@id":"https:\/\/iguanasmoke.com\/#organization","name":"Fumo de Iguana","url":"https:\/\/iguanasmoke.com\/","logo":{"@type":"ImageObject","inLanguage":"pt-PT","@id":"https:\/\/iguanasmoke.com\/#\/schema\/logo\/image\/","url":"https:\/\/iguanasmoke.com\/wp-content\/uploads\/2025\/01\/logoiguana-favi-1.png","contentUrl":"https:\/\/iguanasmoke.com\/wp-content\/uploads\/2025\/01\/logoiguana-favi-1.png","width":512,"height":512,"caption":"Iguana Smoke"},"image":{"@id":"https:\/\/iguanasmoke.com\/#\/schema\/logo\/image\/"},"sameAs":["https:\/\/www.facebook.com\/iguanasmoke","https:\/\/www.instagram.com\/iguanasmoke\/"]}]},"product_brand":"variable","og_availability":"instock","product_availability":"instock","product_condition":"new"},"_links":{"self":[{"href":"https:\/\/iguanasmoke.com\/pt\/wp-json\/wp\/v2\/product\/61166","targetHints":{"allow":["GET"]}}],"collection":[{"href":"https:\/\/iguanasmoke.com\/pt\/wp-json\/wp\/v2\/product"}],"about":[{"href":"https:\/\/iguanasmoke.com\/pt\/wp-json\/wp\/v2\/types\/product"}],"replies":[{"embeddable":true,"href":"https:\/\/iguanasmoke.com\/pt\/wp-json\/wp\/v2\/comments?post=61166"}],"wp:featuredmedia":[{"embeddable":true,"href":"https:\/\/iguanasmoke.com\/pt\/wp-json\/wp\/v2\/media\/61188"}],"wp:attachment":[{"href":"https:\/\/iguanasmoke.com\/pt\/wp-json\/wp\/v2\/media?parent=61166"}],"wp:term":[{"taxonomy":"product_brand","embeddable":true,"href":"https:\/\/iguanasmoke.com\/pt\/wp-json\/wp\/v2\/product_brand?post=61166"},{"taxonomy":"product_cat","embeddable":true,"href":"https:\/\/iguanasmoke.com\/pt\/wp-json\/wp\/v2\/product_cat?post=61166"},{"taxonomy":"product_tag","embeddable":true,"href":"https:\/\/iguanasmoke.com\/pt\/wp-json\/wp\/v2\/product_tag?post=61166"}],"curies":[{"name":"wp","href":"https:\/\/api.w.org\/{rel}","templated":true}]}}