{"id":61305,"date":"2025-07-21T17:20:21","date_gmt":"2025-07-21T15:20:21","guid":{"rendered":"https:\/\/iguanasmoke.com\/?post_type=product&#038;p=61305"},"modified":"2026-03-15T17:59:04","modified_gmt":"2026-03-15T16:59:04","slug":"embalagem-cartucho-de-degustacao-sativanol-e-10-oh","status":"publish","type":"product","link":"https:\/\/iguanasmoke.com\/pt\/producto\/pack-cartucho-degustacion-sativanol-y-10-oh\/","title":{"rendered":"Pacote de cartuchos de degusta\u00e7\u00e3o Sativanol e 10-OH"},"content":{"rendered":"<h1 data-start=\"1609\" data-end=\"1642\"><span style=\"font-weight: 400;\">Embalagem de Cartucho de Prova: Sativanol e 10-OH (1ml)<\/span><\/h1>\n<p><span style=\"font-weight: 400;\">Descobrir o <strong>nova gera\u00e7\u00e3o<\/strong> de vaporizar com <strong>canabin\u00f3ides inovadores<\/strong>. Em <strong>Fumo de Iguana<\/strong> ouvimo-lo e cri\u00e1mos este duo<strong> Embalagem<\/strong>\u00a0<strong>Sativanol e cartucho de 10-OH<\/strong>, Os cartuchos de degusta\u00e7\u00e3o de Sativanol e 10-OH combinam tecnologia, pureza e uma experi\u00eancia sensorial \u00fanica, adequada a todos os interessados num cartucho de degusta\u00e7\u00e3o de Sativanol e 10-OH.<\/span><\/p>\n<p><span style=\"font-weight: 400;\">Cada embalagem inclui: <\/span><\/p>\n<ul>\n<li><span style=\"font-weight: 400;\">1 cartucho Sativanol Space 1 ml <\/span><\/li>\n<li><span style=\"font-weight: 400;\">1 cartucho 10-OH Space 1ml<\/span><\/li>\n<\/ul>\n<p>Ambos prontos a usar com pilhas 510 (vendidas separadamente) e concebidos para proporcionar um sabor intenso com efeitos equilibrados. Cada mol\u00e9cula est\u00e1 dispon\u00edvel em 7 sabores.<\/p>\n<p>&nbsp;<\/p>\n<h2><strong>Cartuchos no conjunto de cartuchos <span style=\"font-weight: 400;\"><strong>Sativanol<\/strong> <\/span>e 10-OH s\u00e3o descart\u00e1veis?<\/strong><\/h2>\n<p><span style=\"font-weight: 400;\">A <strong>cartucho descart\u00e1vel<\/strong>, tamb\u00e9m conhecido como c\u00e1psula ou \u201ccarrinho\u201d, \u00e9 um pequeno cilindro com uma <strong>Liga\u00e7\u00e3o 510, 1ml ou 2ml<\/strong> que vem pr\u00e9-cheio com l\u00edquido vape. A grande diferen\u00e7a em rela\u00e7\u00e3o a outros tipos de cartuchos \u00e9 o facto de n\u00e3o necessitarem de ser recarregados ou reabastecidos: <strong>quando se esgota, \u00e9 simplesmente descartado<\/strong>. <\/span><\/p>\n<p><span style=\"font-weight: 400;\">Para a utilizar, liga-se a pilhas de rosca 510 normais, como as que temos em <strong>Fumo de Iguana: <\/strong>Ideal para quem procura uma embalagem de cartuchos de degusta\u00e7\u00e3o pr\u00e1tica e eficaz de Sativanol e 10-OH.<\/span><\/p>\n<p>&nbsp;<\/p>\n<h2><span style=\"font-weight: 400;\"><strong>Pilhas para o seu Sativanol e 10-OH Tasting Cartridge Pack:<\/strong><\/span><\/h2>\n<p><span style=\"font-weight: 400;\">N\u00e3o se esque\u00e7a de comprar um <strong>pilha 510<\/strong> <strong>fi\u00e1vel<\/strong>, <strong>duradouro<\/strong>. \u00c9 por isso que em <strong>Fumo de Iguana<\/strong> propomos-lhe dois modelos concebidos para garantir uma <strong>n\u00e9voa uniforme<\/strong>, <strong>sabor limpo<\/strong> e um <strong>experi\u00eancia de vaporiza\u00e7\u00e3o confort\u00e1vel e segura <\/strong>que se adapte ao seu <strong>Embalagem de cartuchos de Sativanol e 10-OH.<\/strong><\/span><\/p>\n<ul>\n<li><span style=\"font-weight: 400;\"><a href=\"https:\/\/iguanasmoke.com\/pt\/produto\/bateria-iguana-power-510-para-cartuchos-de-1-ml\/\"><strong>Bateria 510 com rosca para cartuchos de 1 ml<\/strong><\/a>O seu tamanho compacto, discreto e f\u00e1cil de transportar, e a sua pot\u00eancia est\u00e3o perfeitamente calibrados para extrair todo o perfil arom\u00e1tico sem sobreaquecer o l\u00edquido. <em>Tem uma pot\u00eancia de 320 mAh.<\/em><\/span><\/li>\n<li><a href=\"https:\/\/iguanasmoke.com\/pt\/produto\/bateria-iguana-power-cartbox-bateria-510-para-cartuchos\/\">Bateria de bolso Cartbox com rosca 510<\/a>; Compatibilidade 2 em 1: <strong><span style=\"font-weight: 400;\">E se procura versatilidade, este modelo \u00e9 compat\u00edvel com cartuchos de 1ml e 2ml, combinando autonomia, discri\u00e7\u00e3o e pot\u00eancia ajust\u00e1vel. Ideal para quem quer um \u00fanico dispositivo que se adapte a tudo. <em>Tem uma pot\u00eancia de 650 mAh<\/em>.\u00a0<\/span><\/strong><\/li>\n<\/ul>\n<p>&nbsp;<\/p>\n<h2><strong>O que \u00e9 o STV ou Sativanol?<\/strong><\/h2>\n<p><span style=\"font-weight: 400;\">O <strong>Sativanol<\/strong>, <strong>STV<\/strong> o <strong>Super Sativa<\/strong> \u00e9 uma mol\u00e9cula de \u00faltima gera\u00e7\u00e3o derivada do c\u00e2nhamo que n\u00e3o cont\u00e9m THC ou os seus derivados (HHC, THCP...), mas o seu efeito \u00e9 compar\u00e1vel ao de um <strong>Sativa potente<\/strong>A \u00faltima palavra em clareza mental, euforia suave e bem-estar sem nebulosidade ou depress\u00e3o. \u00c9 o teu aliado para uma experi\u00eancia estimulante e funcional. Perfeito para o teu pacote de cartuchos de Sativanol e 10-OH.<\/span><\/p>\n<ul>\n<li>Efeitos principais: Associado a uma euforia mental ligeira mas poderosa, acompanhada por uma melhor concentra\u00e7\u00e3o e aten\u00e7\u00e3o sem seda\u00e7\u00e3o.<\/li>\n<li>Principais benef\u00edcios: Sem toler\u00e2ncia com o uso prolongado, sem ressaca ou sonol\u00eancia, e o 100% n\u00e3o cont\u00e9m canabin\u00f3ides controlados.<\/li>\n<li>Formato: Cada cartucho de 1 ml oferece at\u00e9 300 baforadas.<\/li>\n<\/ul>\n<p>A f\u00f3rmula <span style=\"font-weight: 400;\">Sativanol <\/span>\u00e9 ideal para quem precisa de ser ativo, criativo ou simplesmente quer desfrutar de um momento de clareza mental sem se desligar.<\/p>\n<p>&nbsp;<\/p>\n<h2><strong>O que \u00e9 10-OH?<\/strong><\/h2>\n<p><span style=\"font-weight: 400;\">O <\/span><span style=\"font-weight: 400;\"><b>10-OH<\/b> \u00e9 um metabolito do HHC, ou seja, uma subst\u00e2ncia que \u00e9 gerada quando o organismo decomp\u00f5e o HHC. A n\u00edvel laboratorial, obt\u00e9m-se transformando o HHC na sua forma hidroxilada, o que resulta num canabin\u00f3ide mais est\u00e1vel e com uma afinidade espec\u00edfica para certos receptores do sistema endocanabin\u00f3ide. Ideal para aqueles que consideram o Sativanol e o 10-OH Tasting Cartridge Pack como a sua escolha.<\/span><\/p>\n<p><span style=\"font-weight: 400;\">Embora os efeitos possam variar de pessoa para pessoa, as experi\u00eancias incluem frequentemente:<\/span><\/p>\n<ul>\n<li>Euforia moderada, sem o efeito mais intenso que o THC pode proporcionar.<\/li>\n<li>Relaxamento f\u00edsico, sem produzir uma sensa\u00e7\u00e3o de seda\u00e7\u00e3o excessiva.<\/li>\n<li>Clareza mental, que favorece a concentra\u00e7\u00e3o ou a intera\u00e7\u00e3o social.<\/li>\n<li>Menos ansiedade, o que a torna uma op\u00e7\u00e3o interessante para quem n\u00e3o tolera bem o THC.<\/li>\n<li><strong>Estes efeitos colocam o 10-OH algures entre o HHC e o THC: mais intenso que o primeiro, mas mais control\u00e1vel que o segundo.<\/strong><\/li>\n<\/ul>\n<p>&nbsp;<\/p>\n<h3>Sabores requintados na embalagem do cartucho de prova <span style=\"font-weight: 400;\"><strong>Sativanol<\/strong> <\/span>e 10-OH<\/h3>\n<p><span style=\"font-weight: 400;\">Para uma experi\u00eancia de vape premium com o Sativanol e o Pacote de Cartucho 10-OH, oferecemos-lhe uma variedade de sabores cuidadosamente selecionados:<\/span><\/p>\n<ul>\n<li>Perfis aut\u00eanticos de can\u00e1bis: Amnesia (terroso e picante), Gelato (suave, doce e herb\u00e1ceo) e Gorilla Glue (robusto, com pinho e terroso).<\/li>\n<li>Op\u00e7\u00f5es frutadas e refrescantes: Manga (ex\u00f3tica), Lemon Haze (refrescante e c\u00edtrica), Red Berries (bagas vermelhas doces) e Morango (suave e natural).<\/li>\n<\/ul>\n<h3><\/h3>\n<p>&nbsp;<\/p>\n<h3><\/h3>\n<h3><b>Iguana Smoke \u00e9 a sua loja online de confian\u00e7a de CBD<\/b><\/h3>\n<p><span style=\"font-weight: 400;\">Na Iguana Smoke, acreditamos que desfrutar do CBD deve ser uma experi\u00eancia segura e prazerosa. \u00c9 por isso que temos produtos de alta qualidade que se ligam \u00e0s novas gera\u00e7\u00f5es: pessoas que procuram um bem-estar descomplicado, com marcas aut\u00eanticas e fi\u00e1veis.\u00a0<\/span><\/p>\n<p>A nossa miss\u00e3o \u00e9 clara: levar at\u00e9 si o melhor do mundo dos canabin\u00f3ides a um pre\u00e7o justo, com a tranquilidade de saber que est\u00e1 a escolher um produto certificado, eficaz e 100% legal.<\/p>\n<p>Ainda tem d\u00favidas? Escreva-nos e teremos todo o gosto em ajud\u00e1-lo a encontrar o produto certo para si.<\/p>\n<p>&nbsp;<\/p>\n<h6>\u2139\ufe0f<strong> Informa\u00e7\u00e3o jur\u00eddica<\/strong><\/h6>\n<p><em><span style=\"font-weight: 400;\">*Produto destinado a cole\u00e7\u00e3o ou aromaterapia, de acordo com a legisla\u00e7\u00e3o espanhola em vigor. <\/span><\/em><\/p>\n<p><em><span style=\"font-weight: 400;\">**Derivado de c\u00e2nhamo industrial certificado. Cont\u00e9m menos de 0,3 THC e n\u00e3o cont\u00e9m canabin\u00f3ides ilegais como HHC, HHC-P, THCP, THCP-O, H4CBD ou subst\u00e2ncias enumeradas no Anexo I do Decreto Real 2829\/1977, nem subst\u00e2ncias controladas por conven\u00e7\u00f5es internacionais.\u00a0\u00a0<\/span><\/em><\/p>","protected":false},"excerpt":{"rendered":"<ul>\n<li>Embalagem de 2 cartuchos de 1 ml: <span style=\"font-weight: 400;\">Sativanol <\/span>e 10-OH<\/li>\n<li>7 sabores \u00e0 escolha de cada um<\/li>\n<li>Terpenos naturais<\/li>\n<li>Liga\u00e7\u00e3o: tipo 510<\/li>\n<li>Capacidade: 1 ml (300 puffs)<\/li>\n<li>THC: 0%, HHC: 0%, THC-P: 0%, Nicotina: 0%<\/li>\n<li>N\u00e3o cont\u00e9m VG, PG, PEG, MCT ou outro agente de corte.<\/li>\n<\/ul>\n<p><em><span style=\"font-weight: 400;\">Pre\u00e7o sem desconto: 41,80\u20ac | pre\u00e7o do pacote com desconto: 35\u20ac =&gt; <strong>poupan\u00e7a de 6,80\u20ac com um desconto de 16%<\/strong><\/span>\u00a0<\/em><\/p>\n<p><span style=\"font-weight: 400;\">Consulta<strong>\u00a0<a href=\"https:\/\/iguanasmoke.com\/pt\/analiticas\/\">an\u00e1lises laboratoriais.<\/a><\/strong><\/span><\/p>","protected":false},"featured_media":61625,"comment_status":"open","ping_status":"closed","template":"","meta":{"_acf_changed":false,"site-sidebar-layout":"default","site-content-layout":"","ast-site-content-layout":"default","site-content-style":"default","site-sidebar-style":"default","ast-global-header-display":"","ast-banner-title-visibility":"","ast-main-header-display":"","ast-hfb-above-header-display":"","ast-hfb-below-header-display":"","ast-hfb-mobile-header-display":"","site-post-title":"","ast-breadcrumbs-content":"","ast-featured-img":"","footer-sml-layout":"","theme-transparent-header-meta":"default","adv-header-id-meta":"","stick-header-meta":"","header-above-stick-meta":"","header-main-stick-meta":"","header-below-stick-meta":"","astra-migrate-meta-layouts":"set","ast-page-background-enabled":"default","ast-page-background-meta":{"desktop":{"background-color":"var(--ast-global-color-4)","background-image":"","background-repeat":"repeat","background-position":"center center","background-size":"auto","background-attachment":"scroll","background-type":"","background-media":"","overlay-type":"","overlay-color":"","overlay-opacity":"","overlay-gradient":""},"tablet":{"background-color":"","background-image":"","background-repeat":"repeat","background-position":"center center","background-size":"auto","background-attachment":"scroll","background-type":"","background-media":"","overlay-type":"","overlay-color":"","overlay-opacity":"","overlay-gradient":""},"mobile":{"background-color":"","background-image":"","background-repeat":"repeat","background-position":"center center","background-size":"auto","background-attachment":"scroll","background-type":"","background-media":"","overlay-type":"","overlay-color":"","overlay-opacity":"","overlay-gradient":""}},"ast-content-background-meta":{"desktop":{"background-color":"var(--ast-global-color-5)","background-image":"","background-repeat":"repeat","background-position":"center center","background-size":"auto","background-attachment":"scroll","background-type":"","background-media":"","overlay-type":"","overlay-color":"","overlay-opacity":"","overlay-gradient":""},"tablet":{"background-color":"var(--ast-global-color-5)","background-image":"","background-repeat":"repeat","background-position":"center center","background-size":"auto","background-attachment":"scroll","background-type":"","background-media":"","overlay-type":"","overlay-color":"","overlay-opacity":"","overlay-gradient":""},"mobile":{"background-color":"var(--ast-global-color-5)","background-image":"","background-repeat":"repeat","background-position":"center center","background-size":"auto","background-attachment":"scroll","background-type":"","background-media":"","overlay-type":"","overlay-color":"","overlay-opacity":"","overlay-gradient":""}}},"product_brand":[],"product_cat":[550,419,349,549],"product_tag":[],"class_list":{"0":"post-61305","1":"product","2":"type-product","3":"status-publish","4":"has-post-thumbnail","6":"product_cat-10oh","7":"product_cat-cartuchos-cbd","8":"product_cat-packs-y-ofertas-cbd","9":"product_cat-sativanol","10":"desktop-align-center","11":"tablet-align-center","12":"mobile-align-center","14":"first","15":"instock","16":"sale","17":"taxable","18":"shipping-taxable","19":"purchasable","20":"product-type-composite"},"acf":[],"yoast_head":"<!-- This site is optimized with the Yoast SEO Premium plugin v27.3 (Yoast SEO v27.3) - https:\/\/yoast.com\/product\/yoast-seo-premium-wordpress\/ -->\n<title>Pack Cartucho degustaci\u00f3n Sativanol y 10-OH | Iguana Smoke<\/title>\n<meta name=\"description\" content=\"Redefine tu experiencia de vapeo con el Pack Cartucho degustaci\u00f3n Sativanol y 10-OH. La combinaci\u00f3n que estabas esperando para disfrutar plenamente.\" \/>\n<meta name=\"robots\" content=\"index, follow, max-snippet:-1, max-image-preview:large, max-video-preview:-1\" \/>\n<link rel=\"canonical\" href=\"https:\/\/iguanasmoke.com\/pt\/produto\/embalagem-cartucho-de-degustacao-sativanol-e-10-oh\/\" \/>\n<meta property=\"og:locale\" content=\"pt_PT\" \/>\n<meta property=\"og:type\" content=\"article\" \/>\n<meta property=\"og:title\" content=\"Pack Cartucho Degustaci\u00f3n Sativanol y 10-OH\" \/>\n<meta property=\"og:description\" content=\"Pack de 2 cartuchos de 1ml: Sativanol y 10-OH  7 sabores a elegir de cada uno  Terpenos naturales  Conexi\u00f3n: tipo 510  Capacidad: 1 ml (300 caladas)  THC: 0%, HHC: 0%, THC-P: 0%, Nicotina: 0%  No contiene VG, PG, PEG, MCT u otro agente de corte.  Precio sin descuento: 41,80\u20ac | precio pack descuento: 35\u20ac =&gt; ahorro de 6,80\u20ac con un descuento del 16%\u00a0  Consulta\u00a0el an\u00e1lisis de laboratorio.\" \/>\n<meta property=\"og:url\" content=\"https:\/\/iguanasmoke.com\/pt\/produto\/embalagem-cartucho-de-degustacao-sativanol-e-10-oh\/\" \/>\n<meta property=\"og:site_name\" content=\"Iguana Smoke\" \/>\n<meta property=\"article:publisher\" content=\"https:\/\/www.facebook.com\/iguanasmoke\" \/>\n<meta property=\"article:modified_time\" content=\"2026-03-15T16:59:04+00:00\" \/>\n<meta property=\"og:image\" content=\"https:\/\/iguanasmoke.com\/wp-content\/uploads\/2025\/07\/Pack-Space-Cart-10x.webp\" \/>\n\t<meta property=\"og:image:width\" content=\"1000\" \/>\n\t<meta property=\"og:image:height\" content=\"1000\" \/>\n\t<meta property=\"og:image:type\" content=\"image\/webp\" \/>\n<meta name=\"twitter:card\" content=\"summary_large_image\" \/>\n<meta name=\"twitter:label1\" content=\"pre\u00e7o\" \/>\n\t<meta name=\"twitter:data1\" content=\"35,00&nbsp;&euro;\" \/>\n\t<meta name=\"twitter:label2\" content=\"Disponibilidade\" \/>\n\t<meta name=\"twitter:data2\" content=\"Em stock\" \/>\n<meta property=\"product:brand\" content=\"composite\" \/>\n<meta property=\"product:price:amount\" content=\"35.00\" \/>\n<meta property=\"product:price:currency\" content=\"EUR\" \/>\n<meta property=\"og:availability\" content=\"instock\" \/>\n<meta property=\"product:availability\" content=\"instock\" \/>\n<meta property=\"product:retailer_item_id\" content=\"IS-PACKSPACECART2-1ML\" \/>\n<meta property=\"product:condition\" content=\"new\" \/>\n<!-- \/ Yoast SEO Premium plugin. -->","yoast_head_json":{"title":"Pacote de cartuchos de degusta\u00e7\u00e3o de Sativanol e 10-OH - Iguana Smoke","description":"Redefina a sua experi\u00eancia de vaporiza\u00e7\u00e3o com o Sativanol e o 10-OH Tasting Cartridge Pack. A combina\u00e7\u00e3o de que estava \u00e0 espera para desfrutar plenamente.","robots":{"index":"index","follow":"follow","max-snippet":"max-snippet:-1","max-image-preview":"max-image-preview:large","max-video-preview":"max-video-preview:-1"},"canonical":"https:\/\/iguanasmoke.com\/pt\/produto\/embalagem-cartucho-de-degustacao-sativanol-e-10-oh\/","og_locale":"pt_PT","og_type":"article","og_title":"Pack Cartucho Degustaci\u00f3n Sativanol y 10-OH","og_description":"Pack de 2 cartuchos de 1ml: Sativanol y 10-OH  7 sabores a elegir de cada uno  Terpenos naturales  Conexi\u00f3n: tipo 510  Capacidad: 1 ml (300 caladas)  THC: 0%, HHC: 0%, THC-P: 0%, Nicotina: 0%  No contiene VG, PG, PEG, MCT u otro agente de corte.  Precio sin descuento: 41,80\u20ac | precio pack descuento: 35\u20ac =&gt; ahorro de 6,80\u20ac con un descuento del 16%\u00a0  Consulta\u00a0el an\u00e1lisis de laboratorio.","og_url":"https:\/\/iguanasmoke.com\/pt\/produto\/embalagem-cartucho-de-degustacao-sativanol-e-10-oh\/","og_site_name":"Iguana Smoke","article_publisher":"https:\/\/www.facebook.com\/iguanasmoke","article_modified_time":"2026-03-15T16:59:04+00:00","og_image":[{"width":1000,"height":1000,"url":"https:\/\/iguanasmoke.com\/wp-content\/uploads\/2025\/07\/Pack-Space-Cart-10x.webp","type":"image\/webp"}],"twitter_card":"summary_large_image","twitter_misc":{"pre\u00e7o":"35,00&nbsp;&euro;","Disponibilidade":"Em stock"},"schema":{"@context":"https:\/\/schema.org","@graph":[{"@type":"WebPage","@id":"https:\/\/iguanasmoke.com\/producto\/pack-cartucho-degustacion-sativanol-y-10-oh\/","url":"https:\/\/iguanasmoke.com\/producto\/pack-cartucho-degustacion-sativanol-y-10-oh\/","name":"Pacote de cartuchos de degusta\u00e7\u00e3o de Sativanol e 10-OH - Iguana Smoke","isPartOf":{"@id":"https:\/\/iguanasmoke.com\/#website"},"primaryImageOfPage":{"@id":"https:\/\/iguanasmoke.com\/producto\/pack-cartucho-degustacion-sativanol-y-10-oh\/#primaryimage"},"image":{"@id":"https:\/\/iguanasmoke.com\/producto\/pack-cartucho-degustacion-sativanol-y-10-oh\/#primaryimage"},"thumbnailUrl":"https:\/\/iguanasmoke.com\/wp-content\/uploads\/2025\/07\/Pack-Space-Cart-10x.webp","datePublished":"2025-07-21T15:20:21+00:00","dateModified":"2026-03-15T16:59:04+00:00","description":"Redefina a sua experi\u00eancia de vaporiza\u00e7\u00e3o com o Sativanol e o 10-OH Tasting Cartridge Pack. A combina\u00e7\u00e3o de que estava \u00e0 espera para desfrutar plenamente.","breadcrumb":{"@id":"https:\/\/iguanasmoke.com\/producto\/pack-cartucho-degustacion-sativanol-y-10-oh\/#breadcrumb"},"inLanguage":"pt-PT","potentialAction":[{"@type":"ReadAction","target":["https:\/\/iguanasmoke.com\/producto\/pack-cartucho-degustacion-sativanol-y-10-oh\/"]}]},{"@type":"ImageObject","inLanguage":"pt-PT","@id":"https:\/\/iguanasmoke.com\/producto\/pack-cartucho-degustacion-sativanol-y-10-oh\/#primaryimage","url":"https:\/\/iguanasmoke.com\/wp-content\/uploads\/2025\/07\/Pack-Space-Cart-10x.webp","contentUrl":"https:\/\/iguanasmoke.com\/wp-content\/uploads\/2025\/07\/Pack-Space-Cart-10x.webp","width":1000,"height":1000,"caption":"Pack Cartucho degustaci\u00f3n STV y 10-OH"},{"@type":"BreadcrumbList","@id":"https:\/\/iguanasmoke.com\/producto\/pack-cartucho-degustacion-sativanol-y-10-oh\/#breadcrumb","itemListElement":[{"@type":"ListItem","position":1,"name":"home","item":"https:\/\/iguanasmoke.com\/"},{"@type":"ListItem","position":2,"name":"Tienda","item":"https:\/\/iguanasmoke.com\/tienda\/"},{"@type":"ListItem","position":3,"name":"Vaper CBD","item":"https:\/\/iguanasmoke.com\/categoria\/vaper-cbd\/"},{"@type":"ListItem","position":4,"name":"Cartuchos","item":"https:\/\/iguanasmoke.com\/categoria\/vaper-cbd\/cartuchos-cbd\/"},{"@type":"ListItem","position":5,"name":"Pack Cartucho Degustaci\u00f3n Sativanol y 10-OH"}]},{"@type":"WebSite","@id":"https:\/\/iguanasmoke.com\/#website","url":"https:\/\/iguanasmoke.com\/","name":"Fumo de Iguana","description":"Comprar CBD online ao melhor pre\u00e7o","publisher":{"@id":"https:\/\/iguanasmoke.com\/#organization"},"potentialAction":[{"@type":"SearchAction","target":{"@type":"EntryPoint","urlTemplate":"https:\/\/iguanasmoke.com\/?s={search_term_string}"},"query-input":{"@type":"PropertyValueSpecification","valueRequired":true,"valueName":"search_term_string"}}],"inLanguage":"pt-PT"},{"@type":"Organization","@id":"https:\/\/iguanasmoke.com\/#organization","name":"Fumo de Iguana","url":"https:\/\/iguanasmoke.com\/","logo":{"@type":"ImageObject","inLanguage":"pt-PT","@id":"https:\/\/iguanasmoke.com\/#\/schema\/logo\/image\/","url":"https:\/\/iguanasmoke.com\/wp-content\/uploads\/2025\/01\/logoiguana-favi-1.png","contentUrl":"https:\/\/iguanasmoke.com\/wp-content\/uploads\/2025\/01\/logoiguana-favi-1.png","width":512,"height":512,"caption":"Iguana Smoke"},"image":{"@id":"https:\/\/iguanasmoke.com\/#\/schema\/logo\/image\/"},"sameAs":["https:\/\/www.facebook.com\/iguanasmoke","https:\/\/www.instagram.com\/iguanasmoke\/"]}]},"product_brand":"composite","product_price_amount":"35.00","product_price_currency":"EUR","og_availability":"instock","product_availability":"instock","product_retailer_item_id":"IS-PACKSPACECART2-1ML","product_condition":"new"},"_links":{"self":[{"href":"https:\/\/iguanasmoke.com\/pt\/wp-json\/wp\/v2\/product\/61305","targetHints":{"allow":["GET"]}}],"collection":[{"href":"https:\/\/iguanasmoke.com\/pt\/wp-json\/wp\/v2\/product"}],"about":[{"href":"https:\/\/iguanasmoke.com\/pt\/wp-json\/wp\/v2\/types\/product"}],"replies":[{"embeddable":true,"href":"https:\/\/iguanasmoke.com\/pt\/wp-json\/wp\/v2\/comments?post=61305"}],"wp:featuredmedia":[{"embeddable":true,"href":"https:\/\/iguanasmoke.com\/pt\/wp-json\/wp\/v2\/media\/61625"}],"wp:attachment":[{"href":"https:\/\/iguanasmoke.com\/pt\/wp-json\/wp\/v2\/media?parent=61305"}],"wp:term":[{"taxonomy":"product_brand","embeddable":true,"href":"https:\/\/iguanasmoke.com\/pt\/wp-json\/wp\/v2\/product_brand?post=61305"},{"taxonomy":"product_cat","embeddable":true,"href":"https:\/\/iguanasmoke.com\/pt\/wp-json\/wp\/v2\/product_cat?post=61305"},{"taxonomy":"product_tag","embeddable":true,"href":"https:\/\/iguanasmoke.com\/pt\/wp-json\/wp\/v2\/product_tag?post=61305"}],"curies":[{"name":"wp","href":"https:\/\/api.w.org\/{rel}","templated":true}]}}