{"id":61325,"date":"2025-07-30T17:24:12","date_gmt":"2025-07-30T15:24:12","guid":{"rendered":"https:\/\/iguanasmoke.com\/?post_type=product&#038;p=61325"},"modified":"2026-02-09T14:06:05","modified_gmt":"2026-02-09T13:06:05","slug":"pack-5-vapes-stv-e8h-ou-10-oh-space-vape-2ml","status":"publish","type":"product","link":"https:\/\/iguanasmoke.com\/pt\/producto\/pack-5-vapes-stv-e8h-o-10-oh-space-vape-2ml\/","title":{"rendered":"Pack 5 Vapers por STV | 10-OH | E8H - Space Vape 2ml"},"content":{"rendered":"<h1 data-start=\"1609\" data-end=\"1642\"><span style=\"font-weight: 400;\">Pack 5 Vaper<i>STV : STV : 10-OH e E8H Space Vape 2ml<\/i><\/span><\/h1>\n<h3>Pacote Vaping com uma oferta ideal para quem procura variedade, poupan\u00e7a e a possibilidade de personalizar a sua encomenda.<\/h3>\n<p><span style=\"font-weight: 400;\">Se gosta de experimentar coisas diferentes, o <strong>Pack 5 vaper: STV | 10-OH e E8H Space Vape<\/strong> \u00e9 perfeito para si. Cri\u00e1mos este pacote exclusivo para que possa experimentar as nossas mol\u00e9culas de topo, combinando Sativanol (STV) e as mol\u00e9culas 10-OH e E8H.<\/span><\/p>\n<p>&nbsp;<\/p>\n<h2 data-start=\"273\" data-end=\"578\"><strong>O que est\u00e1 inclu\u00eddo no vaper de 5 unidades: STV | 10-OH e E8H Space Vape? <\/strong><\/h2>\n<p data-start=\"273\" data-end=\"578\"><span style=\"font-weight: 400;\">Neste pack podes escolher 5 vapers da tua mol\u00e9cula favorita: STV, 10-OH e 1 E8H nos sabores \u00e0 tua escolha.<\/span><\/p>\n<p data-start=\"273\" data-end=\"578\">No STV, bem como no 10-OH e no E8H, existem 7 sabores dispon\u00edveis, que s\u00e3o os seguintes<\/p>\n<ul>\n<li style=\"list-style-type: none;\">\n<ul>\n<li style=\"list-style-type: none;\">\n<ul>\n<li data-start=\"273\" data-end=\"578\"><em>Pega<\/em><\/li>\n<li data-start=\"273\" data-end=\"578\"><em>Cola de Gorila<\/em><\/li>\n<li data-start=\"273\" data-end=\"578\"><em>Morango<\/em><\/li>\n<li data-start=\"273\" data-end=\"578\"><em>Bagas vermelhas<\/em><\/li>\n<li data-start=\"273\" data-end=\"578\"><em>Amn\u00e9sia<\/em><\/li>\n<li data-start=\"273\" data-end=\"578\"><em>Gelado<\/em><\/li>\n<li data-start=\"273\" data-end=\"578\"><em>Haze de lim\u00e3o<\/em><\/li>\n<\/ul>\n<\/li>\n<\/ul>\n<\/li>\n<\/ul>\n<p><span style=\"font-weight: 400;\">Pode consultar a categoria de <strong><a href=\"https:\/\/iguanasmoke.com\/pt\/categoria\/novas-moleculas\/sativanol\/\">Vaper STV - Sativanol<\/a>,<\/strong> <a href=\"https:\/\/iguanasmoke.com\/pt\/categoria\/novas-moleculas\/10oh\/\"><strong>Vaper 10-OH<\/strong><\/a> y <a href=\"https:\/\/iguanasmoke.com\/pt\/categoria\/novas-moleculas\/e8h\/\"><strong>Vaper E8H<\/strong><\/a> para completar o seu <strong>Pack 5 vaper: STV | 10-OH e E8H Space Vape<\/strong>.<\/span><\/p>\n<p>&nbsp;<\/p>\n<h2><strong>O que \u00e9 o STV ou Sativanol?<\/strong><\/h2>\n<p><span style=\"font-weight: 400;\">O <strong>Sativanol<\/strong>, <strong>STV<\/strong> o <strong>Super Sativa<\/strong> \u00e9 uma mol\u00e9cula de \u00faltima gera\u00e7\u00e3o derivada do c\u00e2nhamo que n\u00e3o cont\u00e9m THC ou os seus derivados (HHC, THCP...), mas o seu efeito \u00e9 compar\u00e1vel ao de um <strong>Sativa potente<\/strong>proporciona clareza mental, euforia suave e bem-estar, sem nebulosidade ou baixos.\u00a0\u00a0<\/span><\/p>\n<p>A f\u00f3rmula STV \u00e9 ideal para quem precisa de ser ativo, criativo ou simplesmente quer desfrutar de um momento de clareza mental sem se desligar.<\/p>\n<p>&nbsp;<\/p>\n<h2><strong>O que \u00e9 10-OH?<\/strong><\/h2>\n<p><span style=\"font-weight: 400;\">O <\/span><span style=\"font-weight: 400;\"><b>10-OH<\/b> \u00e9 um <strong>Metabolito HHC<\/strong>, ou seja, uma subst\u00e2ncia que \u00e9 gerada quando <strong>o organismo decomp\u00f5e o HHC<\/strong>. A n\u00edvel laboratorial, \u00e9 obtido atrav\u00e9s da transforma\u00e7\u00e3o do HHC na sua forma hidroxilada, o que resulta numa <strong>canabin\u00f3ide mais est\u00e1vel<\/strong> e com uma afinidade espec\u00edfica para certos receptores do sistema endocanabin\u00f3ide.<\/span><\/p>\n<p><span style=\"font-weight: 400;\">Embora os efeitos possam variar de pessoa para pessoa, as experi\u00eancias incluem frequentemente:<\/span><\/p>\n<ul>\n<li>Euforia moderada, sem o efeito mais intenso que o THC pode proporcionar.<\/li>\n<li>Relaxamento f\u00edsico, sem produzir uma sensa\u00e7\u00e3o de seda\u00e7\u00e3o excessiva.<\/li>\n<li>Clareza mental, que favorece a concentra\u00e7\u00e3o ou a intera\u00e7\u00e3o social.<\/li>\n<li>Menos ansiedade, o que a torna uma op\u00e7\u00e3o interessante para quem n\u00e3o tolera bem o THC.<\/li>\n<\/ul>\n<p><span style=\"font-weight: 400;\">Estes efeitos colocam o <strong>10-OH num ponto interm\u00e9dio entre HHC e THC<\/strong>mais intensa do que a primeira, mas mais f\u00e1cil de gerir do que a segunda. Se est\u00e1 \u00e0 procura de <strong>comprar vaper 10-OH online<\/strong>, Com efeitos estimulantes mas sem paranoia ou ressaca mental, este \u00e9 o vaper ideal para si.<\/span><\/p>\n<p>&nbsp;<\/p>\n<h2><strong>O que \u00e9 a mol\u00e9cula E8H?<\/strong><\/h2>\n<p><span style=\"font-weight: 400;\">Os nossos vapers cont\u00eam os <strong>90% esta mol\u00e9cula semi-sint\u00e9tica de \u00faltima gera\u00e7\u00e3o: E8H<\/strong>. Foi concebido para oferecer uma <strong>experi\u00eancia<\/strong> <strong>apenas<\/strong>, <strong>muito semelhante ao do HHC<\/strong>. No entanto, ao contr\u00e1rio do que j\u00e1 conhece, esta mol\u00e9cula de vanguarda oferece uma experi\u00eancia \u00fanica que vai mudar as suas expectativas. <\/span><\/p>\n<p><span style=\"font-weight: 400;\">\u00c9 \u00fanico, tem de o experimentar para o sentir! O seu recente desenvolvimento insere-o num quadro regulamentar em evolu\u00e7\u00e3o, abrindo novas possibilidades no mundo do vaping. <\/span><\/p>\n<p><span style=\"font-weight: 400;\">Embora os efeitos possam variar de pessoa para pessoa, as experi\u00eancias incluem frequentemente:\u00a0<\/span><\/p>\n<ul>\n<li>Experi\u00eancias semelhantes \u00e0s do THC, uma sensa\u00e7\u00e3o agrad\u00e1vel.<\/li>\n<li>Relaxamento geral e redu\u00e7\u00e3o do stress<\/li>\n<li>Sensa\u00e7\u00e3o de calma ou bem-estar.<\/li>\n<\/ul>\n<p>&nbsp;<\/p>\n<h2><strong>O que \u00e9 um vaper descart\u00e1vel na embalagem de vaper STV, 10-OH, E8H?<\/strong><\/h2>\n<p><span style=\"font-weight: 400;\">A <strong>vaper descart\u00e1vel<\/strong> \u00e9 um dispositivo do tipo caneta\u201c <strong>de 2ml<\/strong> que vem carregado com Sativanol, 10-OH e l\u00edquido E8H. A grande diferen\u00e7a em rela\u00e7\u00e3o a outros tipos de vapers \u00e9 que n\u00e3o precisa de ser recarregado ou atestado: <strong>quando se esgota, \u00e9 simplesmente descartado<\/strong>.\u00a0<\/span><\/p>\n<p>&nbsp;<\/p>\n<h2 data-start=\"273\" data-end=\"578\"><strong>Porqu\u00ea escolher o 5 Pack vaper: STV | 10-OH e E8H Space Vape<\/strong><strong>? <\/strong><\/h2>\n<ul>\n<li data-start=\"273\" data-end=\"578\"><span style=\"font-weight: 400;\">Pre\u00e7o especial por embalagem<\/span><\/li>\n<li data-start=\"273\" data-end=\"578\"><span style=\"font-weight: 400;\">Ideal para provar diferentes sabores e mol\u00e9culas<\/span><\/li>\n<li data-start=\"273\" data-end=\"578\"><span style=\"font-weight: 400;\">Tudo numa s\u00f3 encomenda, c\u00f3modo e r\u00e1pido<\/span><\/li>\n<li data-start=\"273\" data-end=\"578\"><span style=\"font-weight: 400;\">Produto legal, seguro e testado <\/span><\/li>\n<li data-start=\"273\" data-end=\"578\"><span style=\"font-weight: 400;\">Perfeito como presente... ou como presente para si pr\u00f3prio. <\/span><\/li>\n<\/ul>\n<p><span style=\"font-weight: 400;\">O <strong>Pack 5 vaper: STV | 10-OH e E8H Space Vape<\/strong>\u00a0n\u00e3o \u00e9 apenas um pacote, \u00e9 uma experi\u00eancia completa. Descubra, compare e encontre o seu favorito.<\/span><\/p>\n<p>&nbsp;<\/p>\n<h3><b>Iguana Smoke \u00e9 a sua loja online de CBD\u00a0<\/b><\/h3>\n<p><span style=\"font-weight: 400;\">Em<strong> Fumo de Iguana<\/strong>, Acreditamos que desfrutar do CBD deve ser uma experi\u00eancia segura. \u00c9 por isso que temos produtos como este <strong>Pack 5 vaper: STV | 10-OH e E8H Space Vape<\/strong>, A marca liga-se \u00e0s novas gera\u00e7\u00f5es: pessoas que procuram um bem-estar descomplicado, com marcas aut\u00eanticas e fi\u00e1veis.\u00a0<\/span><\/p>\n<p>A nossa miss\u00e3o \u00e9 clara: trazer-lhe o melhor do mundo dos canabin\u00f3ides a um pre\u00e7o justo. Al\u00e9m disso, damos-lhe a tranquilidade de saber que est\u00e1 a escolher um produto certificado, eficaz e 100% legal. O seu tempo de relaxamento come\u00e7a aqui connosco.<\/p>\n<p>Ainda tem d\u00favidas? Escreva-nos e teremos todo o gosto em ajud\u00e1-lo a encontrar o produto certo para si.<\/p>\n<p>&nbsp;<\/p>\n<h6>\u2139\ufe0f<strong> Informa\u00e7\u00e3o jur\u00eddica<\/strong><\/h6>\n<p><em><span style=\"font-weight: 400;\">*Produto destinado a cole\u00e7\u00e3o ou aromaterapia, de acordo com a legisla\u00e7\u00e3o espanhola em vigor. <\/span><\/em><\/p>\n<p><em><span style=\"font-weight: 400;\">**Derivado de c\u00e2nhamo industrial certificado. Cont\u00e9m menos de 0,3 THC e n\u00e3o cont\u00e9m canabin\u00f3ides ilegais como HHC, HHC-P, THCP, THCP-O, H4CBD ou subst\u00e2ncias enumeradas no Anexo I do Decreto Real 2829\/1977, nem subst\u00e2ncias controladas por conven\u00e7\u00f5es internacionais.\u00a0\u00a0<\/span><\/em><\/p>","protected":false},"excerpt":{"rendered":"<p><span style=\"font-weight: 400;\">Prepara-te porque este Vape Pack inclui:<\/span><\/p>\n<ul>\n<li>5 x Vaper para escolher a sua mol\u00e9cula e sabor preferidos<\/li>\n<\/ul>\n<h6>Carater\u00edsticas<\/h6>\n<ul>\n<li>Capacidade: 2ml - 600 puffs<\/li>\n<li>STV \/ 10-OH \/ E8H<\/li>\n<li>Terpenos naturais de alta qualidade<\/li>\n<li>THC: 0%, HHC: 0%, THC-P: 0%, Nicotina: 0%<\/li>\n<li>N\u00e3o cont\u00e9m VG, PG, PEG, MCT ou qualquer outro agente de corte.<\/li>\n<\/ul>\n<p><em><span style=\"font-weight: 400;\">Pre\u00e7o sem desconto: 174,50\u20ac | pre\u00e7o do pacote com desconto: 149,95\u20ac =&gt; <strong>poupan\u00e7a de 24,55\u20ac com um desconto de 14%<\/strong><\/span>\u00a0<\/em><\/p>\n<p><span style=\"font-weight: 400;\">Consulta<strong>\u00a0<a href=\"https:\/\/iguanasmoke.com\/pt\/analiticas\/\">an\u00e1lises laboratoriais.<\/a><\/strong><\/span><\/p>","protected":false},"featured_media":77339,"comment_status":"open","ping_status":"closed","template":"","meta":{"_acf_changed":false,"site-sidebar-layout":"default","site-content-layout":"","ast-site-content-layout":"default","site-content-style":"default","site-sidebar-style":"default","ast-global-header-display":"","ast-banner-title-visibility":"","ast-main-header-display":"","ast-hfb-above-header-display":"","ast-hfb-below-header-display":"","ast-hfb-mobile-header-display":"","site-post-title":"","ast-breadcrumbs-content":"","ast-featured-img":"","footer-sml-layout":"","theme-transparent-header-meta":"default","adv-header-id-meta":"","stick-header-meta":"","header-above-stick-meta":"","header-main-stick-meta":"","header-below-stick-meta":"","astra-migrate-meta-layouts":"set","ast-page-background-enabled":"default","ast-page-background-meta":{"desktop":{"background-color":"var(--ast-global-color-4)","background-image":"","background-repeat":"repeat","background-position":"center center","background-size":"auto","background-attachment":"scroll","background-type":"","background-media":"","overlay-type":"","overlay-color":"","overlay-opacity":"","overlay-gradient":""},"tablet":{"background-color":"","background-image":"","background-repeat":"repeat","background-position":"center center","background-size":"auto","background-attachment":"scroll","background-type":"","background-media":"","overlay-type":"","overlay-color":"","overlay-opacity":"","overlay-gradient":""},"mobile":{"background-color":"","background-image":"","background-repeat":"repeat","background-position":"center center","background-size":"auto","background-attachment":"scroll","background-type":"","background-media":"","overlay-type":"","overlay-color":"","overlay-opacity":"","overlay-gradient":""}},"ast-content-background-meta":{"desktop":{"background-color":"var(--ast-global-color-5)","background-image":"","background-repeat":"repeat","background-position":"center center","background-size":"auto","background-attachment":"scroll","background-type":"","background-media":"","overlay-type":"","overlay-color":"","overlay-opacity":"","overlay-gradient":""},"tablet":{"background-color":"var(--ast-global-color-5)","background-image":"","background-repeat":"repeat","background-position":"center center","background-size":"auto","background-attachment":"scroll","background-type":"","background-media":"","overlay-type":"","overlay-color":"","overlay-opacity":"","overlay-gradient":""},"mobile":{"background-color":"var(--ast-global-color-5)","background-image":"","background-repeat":"repeat","background-position":"center center","background-size":"auto","background-attachment":"scroll","background-type":"","background-media":"","overlay-type":"","overlay-color":"","overlay-opacity":"","overlay-gradient":""}}},"product_brand":[],"product_cat":[628,349],"product_tag":[],"class_list":{"0":"post-61325","1":"product","2":"type-product","3":"status-publish","4":"has-post-thumbnail","6":"product_cat-nuevas-moleculas","7":"product_cat-packs-y-ofertas-cbd","8":"desktop-align-center","9":"tablet-align-center","10":"mobile-align-center","12":"first","13":"instock","14":"sale","15":"taxable","16":"shipping-taxable","17":"purchasable","18":"product-type-composite"},"acf":[],"yoast_head":"<!-- This site is optimized with the Yoast SEO Premium plugin v27.3 (Yoast SEO v27.3) - https:\/\/yoast.com\/product\/yoast-seo-premium-wordpress\/ -->\n<title>Pack 5 vaper: STV | 10-OH y E8H | Iguana Smoke<\/title>\n<meta name=\"description\" content=\"Pack 5 vaper: STV | 10-OH y E8H Space Vape Desechables, con terpenos naturales. Hasta 600 caladas. Sin THC, HHC o Nicotina. \u00a1Listos para disfrutar!\" \/>\n<meta name=\"robots\" content=\"index, follow, max-snippet:-1, max-image-preview:large, max-video-preview:-1\" \/>\n<link rel=\"canonical\" href=\"https:\/\/iguanasmoke.com\/pt\/produto\/pack-5-vapes-stv-e8h-ou-10-oh-space-vape-2ml\/\" \/>\n<meta property=\"og:locale\" content=\"pt_PT\" \/>\n<meta property=\"og:type\" content=\"article\" \/>\n<meta property=\"og:title\" content=\"Pack 5 Vapers de STV | 10-OH | E8H \u2013 Space Vape 2ml\" \/>\n<meta property=\"og:description\" content=\"Prep\u00e1rate porque este Pack de Vapeo incluye:   5 x Vaper a elegir la mol\u00e9cula y el sabor que prefieras  Caracter\u00edsticas   Capacidad: 2ml - 600 caladas  STV \/ 10-OH \/ E8H  Terpenos naturales de alta calidad  THC: 0%,\u00a0HHC: 0%, THC-P: 0%, Nicotina: 0%  No contiene VG, PG, PEG, MCT o cualquier otro agente de corte  Precio sin descuento: 174,50\u20ac | precio pack descuento: 149,95\u20ac =&gt; ahorro de 24,55\u20ac con un descuento del 14%\u00a0  Consulta\u00a0el an\u00e1lisis de laboratorio.\" \/>\n<meta property=\"og:url\" content=\"https:\/\/iguanasmoke.com\/pt\/produto\/pack-5-vapes-stv-e8h-ou-10-oh-space-vape-2ml\/\" \/>\n<meta property=\"og:site_name\" content=\"Iguana Smoke\" \/>\n<meta property=\"article:publisher\" content=\"https:\/\/www.facebook.com\/iguanasmoke\" \/>\n<meta property=\"article:modified_time\" content=\"2026-02-09T13:06:05+00:00\" \/>\n<meta property=\"og:image\" content=\"https:\/\/iguanasmoke.com\/wp-content\/uploads\/2025\/07\/Pack-Space-VAPE-5x-2.webp\" \/>\n\t<meta property=\"og:image:width\" content=\"1000\" \/>\n\t<meta property=\"og:image:height\" content=\"1000\" \/>\n\t<meta property=\"og:image:type\" content=\"image\/webp\" \/>\n<meta name=\"twitter:card\" content=\"summary_large_image\" \/>\n<meta name=\"twitter:label1\" content=\"pre\u00e7o\" \/>\n\t<meta name=\"twitter:data1\" content=\"149,95&nbsp;&euro;\" \/>\n\t<meta name=\"twitter:label2\" content=\"Disponibilidade\" \/>\n\t<meta name=\"twitter:data2\" content=\"Em stock\" \/>\n<meta property=\"product:brand\" content=\"composite\" \/>\n<meta property=\"product:price:amount\" content=\"149.95\" \/>\n<meta property=\"product:price:currency\" content=\"EUR\" \/>\n<meta property=\"og:availability\" content=\"instock\" \/>\n<meta property=\"product:availability\" content=\"instock\" \/>\n<meta property=\"product:retailer_item_id\" content=\"IS-PACKSPACEVAPE5\" \/>\n<meta property=\"product:condition\" content=\"new\" \/>\n<!-- \/ Yoast SEO Premium plugin. -->","yoast_head_json":{"title":"Pack 5 vaper: STV | 10-OH e E8H | Iguana Smoke","description":"Pack 5 vaper: STV | 10-OH e E8H Space Vape Descart\u00e1vel, com terpenos naturais. At\u00e9 600 baforadas. Sem THC, HHC ou Nicotina, pronto a desfrutar!","robots":{"index":"index","follow":"follow","max-snippet":"max-snippet:-1","max-image-preview":"max-image-preview:large","max-video-preview":"max-video-preview:-1"},"canonical":"https:\/\/iguanasmoke.com\/pt\/produto\/pack-5-vapes-stv-e8h-ou-10-oh-space-vape-2ml\/","og_locale":"pt_PT","og_type":"article","og_title":"Pack 5 Vapers de STV | 10-OH | E8H \u2013 Space Vape 2ml","og_description":"Prep\u00e1rate porque este Pack de Vapeo incluye:   5 x Vaper a elegir la mol\u00e9cula y el sabor que prefieras  Caracter\u00edsticas   Capacidad: 2ml - 600 caladas  STV \/ 10-OH \/ E8H  Terpenos naturales de alta calidad  THC: 0%,\u00a0HHC: 0%, THC-P: 0%, Nicotina: 0%  No contiene VG, PG, PEG, MCT o cualquier otro agente de corte  Precio sin descuento: 174,50\u20ac | precio pack descuento: 149,95\u20ac =&gt; ahorro de 24,55\u20ac con un descuento del 14%\u00a0  Consulta\u00a0el an\u00e1lisis de laboratorio.","og_url":"https:\/\/iguanasmoke.com\/pt\/produto\/pack-5-vapes-stv-e8h-ou-10-oh-space-vape-2ml\/","og_site_name":"Iguana Smoke","article_publisher":"https:\/\/www.facebook.com\/iguanasmoke","article_modified_time":"2026-02-09T13:06:05+00:00","og_image":[{"width":1000,"height":1000,"url":"https:\/\/iguanasmoke.com\/wp-content\/uploads\/2025\/07\/Pack-Space-VAPE-5x-2.webp","type":"image\/webp"}],"twitter_card":"summary_large_image","twitter_misc":{"pre\u00e7o":"149,95&nbsp;&euro;","Disponibilidade":"Em stock"},"schema":{"@context":"https:\/\/schema.org","@graph":[{"@type":"WebPage","@id":"https:\/\/iguanasmoke.com\/producto\/pack-5-vapes-stv-e8h-o-10-oh-space-vape-2ml\/","url":"https:\/\/iguanasmoke.com\/producto\/pack-5-vapes-stv-e8h-o-10-oh-space-vape-2ml\/","name":"Pack 5 vaper: STV | 10-OH e E8H | Iguana Smoke","isPartOf":{"@id":"https:\/\/iguanasmoke.com\/#website"},"primaryImageOfPage":{"@id":"https:\/\/iguanasmoke.com\/producto\/pack-5-vapes-stv-e8h-o-10-oh-space-vape-2ml\/#primaryimage"},"image":{"@id":"https:\/\/iguanasmoke.com\/producto\/pack-5-vapes-stv-e8h-o-10-oh-space-vape-2ml\/#primaryimage"},"thumbnailUrl":"https:\/\/iguanasmoke.com\/wp-content\/uploads\/2025\/07\/Pack-Space-VAPE-5x-2.webp","datePublished":"2025-07-30T15:24:12+00:00","dateModified":"2026-02-09T13:06:05+00:00","description":"Pack 5 vaper: STV | 10-OH e E8H Space Vape Descart\u00e1vel, com terpenos naturais. At\u00e9 600 baforadas. Sem THC, HHC ou Nicotina, pronto a desfrutar!","breadcrumb":{"@id":"https:\/\/iguanasmoke.com\/producto\/pack-5-vapes-stv-e8h-o-10-oh-space-vape-2ml\/#breadcrumb"},"inLanguage":"pt-PT","potentialAction":[{"@type":"ReadAction","target":["https:\/\/iguanasmoke.com\/producto\/pack-5-vapes-stv-e8h-o-10-oh-space-vape-2ml\/"]}]},{"@type":"ImageObject","inLanguage":"pt-PT","@id":"https:\/\/iguanasmoke.com\/producto\/pack-5-vapes-stv-e8h-o-10-oh-space-vape-2ml\/#primaryimage","url":"https:\/\/iguanasmoke.com\/wp-content\/uploads\/2025\/07\/Pack-Space-VAPE-5x-2.webp","contentUrl":"https:\/\/iguanasmoke.com\/wp-content\/uploads\/2025\/07\/Pack-Space-VAPE-5x-2.webp","width":1000,"height":1000,"caption":"Pack 5 Vapers de STV | 10OH | E8H \u2013 Space Vape 2ml"},{"@type":"BreadcrumbList","@id":"https:\/\/iguanasmoke.com\/producto\/pack-5-vapes-stv-e8h-o-10-oh-space-vape-2ml\/#breadcrumb","itemListElement":[{"@type":"ListItem","position":1,"name":"home","item":"https:\/\/iguanasmoke.com\/"},{"@type":"ListItem","position":2,"name":"Tienda","item":"https:\/\/iguanasmoke.com\/tienda\/"},{"@type":"ListItem","position":3,"name":"Packs y Ofertas","item":"https:\/\/iguanasmoke.com\/categoria\/packs-y-ofertas-cbd\/"},{"@type":"ListItem","position":4,"name":"Pack 5 Vapers de STV | 10-OH | E8H \u2013 Space Vape 2ml"}]},{"@type":"WebSite","@id":"https:\/\/iguanasmoke.com\/#website","url":"https:\/\/iguanasmoke.com\/","name":"Fumo de Iguana","description":"Comprar CBD online ao melhor pre\u00e7o","publisher":{"@id":"https:\/\/iguanasmoke.com\/#organization"},"potentialAction":[{"@type":"SearchAction","target":{"@type":"EntryPoint","urlTemplate":"https:\/\/iguanasmoke.com\/?s={search_term_string}"},"query-input":{"@type":"PropertyValueSpecification","valueRequired":true,"valueName":"search_term_string"}}],"inLanguage":"pt-PT"},{"@type":"Organization","@id":"https:\/\/iguanasmoke.com\/#organization","name":"Fumo de Iguana","url":"https:\/\/iguanasmoke.com\/","logo":{"@type":"ImageObject","inLanguage":"pt-PT","@id":"https:\/\/iguanasmoke.com\/#\/schema\/logo\/image\/","url":"https:\/\/iguanasmoke.com\/wp-content\/uploads\/2025\/01\/logoiguana-favi-1.png","contentUrl":"https:\/\/iguanasmoke.com\/wp-content\/uploads\/2025\/01\/logoiguana-favi-1.png","width":512,"height":512,"caption":"Iguana Smoke"},"image":{"@id":"https:\/\/iguanasmoke.com\/#\/schema\/logo\/image\/"},"sameAs":["https:\/\/www.facebook.com\/iguanasmoke","https:\/\/www.instagram.com\/iguanasmoke\/"]}]},"product_brand":"composite","product_price_amount":"149.95","product_price_currency":"EUR","og_availability":"instock","product_availability":"instock","product_retailer_item_id":"IS-PACKSPACEVAPE5","product_condition":"new"},"_links":{"self":[{"href":"https:\/\/iguanasmoke.com\/pt\/wp-json\/wp\/v2\/product\/61325","targetHints":{"allow":["GET"]}}],"collection":[{"href":"https:\/\/iguanasmoke.com\/pt\/wp-json\/wp\/v2\/product"}],"about":[{"href":"https:\/\/iguanasmoke.com\/pt\/wp-json\/wp\/v2\/types\/product"}],"replies":[{"embeddable":true,"href":"https:\/\/iguanasmoke.com\/pt\/wp-json\/wp\/v2\/comments?post=61325"}],"wp:featuredmedia":[{"embeddable":true,"href":"https:\/\/iguanasmoke.com\/pt\/wp-json\/wp\/v2\/media\/77339"}],"wp:attachment":[{"href":"https:\/\/iguanasmoke.com\/pt\/wp-json\/wp\/v2\/media?parent=61325"}],"wp:term":[{"taxonomy":"product_brand","embeddable":true,"href":"https:\/\/iguanasmoke.com\/pt\/wp-json\/wp\/v2\/product_brand?post=61325"},{"taxonomy":"product_cat","embeddable":true,"href":"https:\/\/iguanasmoke.com\/pt\/wp-json\/wp\/v2\/product_cat?post=61325"},{"taxonomy":"product_tag","embeddable":true,"href":"https:\/\/iguanasmoke.com\/pt\/wp-json\/wp\/v2\/product_tag?post=61325"}],"curies":[{"name":"wp","href":"https:\/\/api.w.org\/{rel}","templated":true}]}}