{"id":61795,"date":"2025-09-30T12:13:32","date_gmt":"2025-09-30T10:13:32","guid":{"rendered":"https:\/\/iguanasmoke.com\/?post_type=product&#038;p=61795"},"modified":"2026-04-15T10:44:07","modified_gmt":"2026-04-15T08:44:07","slug":"hash-cbd-amnesia-30","status":"publish","type":"product","link":"https:\/\/iguanasmoke.com\/pt\/producto\/hash-cbd-amnesia-30\/","title":{"rendered":"Hash CBD Amn\u00e9sia 30%"},"content":{"rendered":"<h1><span style=\"font-weight: 400\">Hash CBD Amnesia 30%: Descubra a excel\u00eancia su\u00ed\u00e7a<\/span><\/h1>\n<p><span style=\"font-weight: 400\">Apresentamos uma das resinas mais premium e luxuosas da nossa cole\u00e7\u00e3o: A Hash CBD Amnesia 30%. Sabe que na Iguana Smoke gostamos de lhe oferecer o melhor do universo CBD, e esta \u00e9 precisamente feita a partir de <strong>plantas vigorosas<\/strong> e cuidadosamente selecionados entre os <strong>Estirpe Amnesia de qualidade su\u00ed\u00e7a<\/strong>, um dos <strong>as flores CBD mais famosas<\/strong> e amado no mundo do haxixe de CBD sem THC.\u00a0<\/span><\/p>\n<p>Este haxixe CBD Amnesia d\u00e1-lhe uma profunda sensa\u00e7\u00e3o de relaxamento e calma, tornando-o uma resina potente para a sua rotina nocturna ou para aqueles momentos que exigem uma tranquilidade extra.<\/p>\n<p><span style=\"font-weight: 400\">Tamb\u00e9m tem menos de 0,3% de THC, por isso este haxixe \u00e9 <strong>legal em Espanha e na Europa<\/strong>. Explore a sua textura e saboreie os seus aromas! Descubra porque \u00e9 que o <strong>Hash CBD Amn\u00e9sia 30% <\/strong>\u00e9 uma das resinas mais puras, mais potentes e de melhor qualidade que encontrar\u00e1 se quiser <strong>haxixe CBD barato<\/strong> mas de pr\u00e9mio.<\/span><\/p>\n<p>&nbsp;<\/p>\n<h2>Carater\u00edsticas da amn\u00e9sia por Hash CBD:<\/h2>\n<ul>\n<li><b>Aspeto e textura: <span style=\"font-size: 16px;font-weight: 400\">apresenta uma coer\u00eancia <strong>male\u00e1vel e resinoso<\/strong>. Suficientemente macio para se desfazer com o calor dos dedos, mas mantendo uma estrutura compacta. Ao tato, um pouco <strong>pringy<\/strong> devido \u00e0 <strong>elevada concentra\u00e7\u00e3o de resina rica em canabin\u00f3ides e terpenos<\/strong>; O indicador da sua <strong>qualidade e pureza superiores<\/strong>.<\/span><\/b><\/li>\n<li><span style=\"font-size: 16px;font-weight: 400\"><strong>Aroma e sabor:<\/strong> intenso, com um perfil complexo e cativante. Notas principais <strong>terroso e amadeirado<\/strong>. As nuances tamb\u00e9m podem ser vistas <strong>citrinos<\/strong> e um toque picante que lembra o ic\u00f3nico <strong>variedade de can\u00e1bis Amnesia<\/strong>. Seu <strong>perfil olfativo fresco e profundo<\/strong>, convidando ao relaxamento.<\/span><\/li>\n<li><strong>Origem e pureza:<\/strong><span style=\"font-size: 16px;font-weight: 400\">\u00a0mant\u00e9m todas as suas <strong>terpenos naturais<\/strong>, oferecendo um perfil \u00fanico.<\/span><span style=\"font-size: 16px;font-weight: 400\"> Com <strong>elevado teor de canabidiol<\/strong>, \u00e9 ideal para quem procura <strong>haxixe<\/strong> <strong>CBD barato<\/strong> mas sem perder a qualidade. A sua textura e aroma intensos prov\u00eam de <strong>flores de c\u00e2nhamo su\u00ed\u00e7o de alta qualidade<\/strong> selecionada e um cuidadoso processo de extra\u00e7\u00e3o das <strong>tricomas<\/strong>, que s\u00e3o os <strong>gl\u00e2ndulas ricas em CBD e terpenos<\/strong>, por prensagem ou peneira\u00e7\u00e3o.\u00a0<\/span><\/li>\n<\/ul>\n<h3><\/h3>\n<p>&nbsp;<\/p>\n<h3><b>Porqu\u00ea comprar haxixe CBD Amnesia 30% na Iguana Smoke?<\/b><\/h3>\n<p><span style=\"font-weight: 400\">Na Iguana Smoke, estamos empenhados na qualidade. Os nossos produtos de haxixe CBD s\u00e3o 100% naturais e org\u00e2nicos, sem qu\u00edmicos ou pesticidas. Isto significa que quando nos compra, est\u00e1 a escolher <strong>resina e haxixe CBD puros e seguros<\/strong>. Como \u00e9 o caso do nosso <span style=\"font-size: 16px;font-weight: 400\"><strong>Haxixe Amnesia CBD 30%<\/strong><\/span><strong>.<\/strong><\/span><\/p>\n<p><span style=\"font-weight: 400\">Este \u00e9 o local seguro para <strong>comprar haxixe CBD online em Espanha.<\/strong> Todos os nossos produtos s\u00e3o aprovados pela UE, garantindo a sua legalidade e seguran\u00e7a. Com menos de 0,3 % de THC, pode desfrutar dos muitos benef\u00edcios do CBD sem os efeitos psicoactivos. Os nossos <strong>Haxixe de CBD sem THC com elevado teor de CBD<\/strong> cumpre as normas de qualidade, cuja an\u00e1lise pode ser consultada em<\/span><span style=\"font-weight: 400\">\u00a0<a href=\"https:\/\/iguanasmoke.com\/pt\/analiticas\/\">aqui<\/a>.\u00a0<\/span><\/p>\n<p><em><span style=\"font-weight: 400\">*Nota: a sua utiliza\u00e7\u00e3o destina-se a cole\u00e7\u00e3o ou aromaterapia, de acordo com a legisla\u00e7\u00e3o espanhola.\u00a0<\/span><\/em><\/p>\n<p><span style=\"font-weight: 400\">Al\u00e9m disso, se gosta das nossas resinas CBD mais tradicionais, como a <a href=\"https:\/\/iguanasmoke.com\/pt\/produto\/hash-cbd-frozen-golden-cider\/\">hash Cidra dourada congelada<\/a> ou o <a href=\"https:\/\/iguanasmoke.com\/pt\/produto\/blonde-hash-cbd-20\/\">hash CBD Blonde<\/a>,tu <\/span><span style=\"font-weight: 400\">garantimos que o <strong>Haxixe CBD Amn\u00e9sia<\/strong> 30% vai fazer com que se apaixone. Al\u00e9m disso, n\u00e3o se esque\u00e7a de experimentar outros <strong>Produtos TOP<\/strong> como <a href=\"https:\/\/iguanasmoke.com\/pt\/produto\/iguana-power-cartridge-cbd-full-spectrum-kit\/\">Bateria de espetro total CBD + kit de cartuchos<\/a> ou o <a href=\"https:\/\/iguanasmoke.com\/pt\/cigarro-de-cbd-2\/\">Vapores de CBD<\/a>. <\/span><span style=\"font-weight: 400\">Em suma, explore a nossa variedade e encontre j\u00e1 os seus favoritos.\u00a0<\/span><\/p>\n<p>&nbsp;<\/p>\n<h3><b>Iguana Smoke \u00e9 sin\u00f3nimo de qualidade e fiabilidade.<\/b><\/h3>\n<p><span style=\"font-weight: 400\">Na Iguana Smoke, acreditamos que desfrutar do CBD deve ser uma experi\u00eancia segura e prazerosa. Por isso, temos produtos de alta qualidade que se conectam com as novas gera\u00e7\u00f5es: pessoas que buscam um bem-estar descomplicado, com marcas aut\u00eanticas e confi\u00e1veis. Lembre-se que todos os nossos produtos s\u00e3o <strong>Haxixe de CBD sem THC<\/strong>, como o <strong>Hash CBD Amn\u00e9sia 30% <\/strong>vai tentar.<\/span><\/p>\n<p>A nossa miss\u00e3o \u00e9 clara: trazer-lhe o melhor do mundo dos canabin\u00f3ides a um pre\u00e7o justo, com a tranquilidade de saber que est\u00e1 a escolher um produto certificado, eficaz e 100% legal. Estamos na vanguarda dos produtos CBD.<\/p>\n<p>Ainda tem d\u00favidas? Escreva-nos e teremos todo o gosto em ajud\u00e1-lo a encontrar o produto certo para si.<\/p>","protected":false},"excerpt":{"rendered":"<p>Apresentamos o <b>Haxixe CBD Amn\u00e9sia<\/b>, uma resina de luxo feita a partir de flores de Amn\u00e9sia de pureza superior:<\/p>\n<ul>\n<li><b>Textura macia e male\u00e1vel<\/b>\u00a0e cor dourada.<\/li>\n<li><b>Aroma potente:<\/b> Sabor a amn\u00e9sia com notas terrosas e c\u00edtricas.<\/li>\n<li>Elevado teor de <b>CBD\u00a0<\/b>e &lt;0,3% de THC.<\/li>\n<\/ul>\n<p>An\u00e1lise da qualidade: clique\u00a0<a href=\"https:\/\/iguanasmoke.com\/pt\/analiticas\/\" target=\"_blank\" rel=\"noopener\">aqui<\/a><\/p>","protected":false},"featured_media":81731,"comment_status":"open","ping_status":"closed","template":"","meta":{"_acf_changed":false,"site-sidebar-layout":"default","site-content-layout":"","ast-site-content-layout":"default","site-content-style":"default","site-sidebar-style":"default","ast-global-header-display":"","ast-banner-title-visibility":"","ast-main-header-display":"","ast-hfb-above-header-display":"","ast-hfb-below-header-display":"","ast-hfb-mobile-header-display":"","site-post-title":"","ast-breadcrumbs-content":"","ast-featured-img":"","footer-sml-layout":"","theme-transparent-header-meta":"default","adv-header-id-meta":"","stick-header-meta":"","header-above-stick-meta":"","header-main-stick-meta":"","header-below-stick-meta":"","astra-migrate-meta-layouts":"set","ast-page-background-enabled":"default","ast-page-background-meta":{"desktop":{"background-color":"var(--ast-global-color-4)","background-image":"","background-repeat":"repeat","background-position":"center center","background-size":"auto","background-attachment":"scroll","background-type":"","background-media":"","overlay-type":"","overlay-color":"","overlay-opacity":"","overlay-gradient":""},"tablet":{"background-color":"","background-image":"","background-repeat":"repeat","background-position":"center center","background-size":"auto","background-attachment":"scroll","background-type":"","background-media":"","overlay-type":"","overlay-color":"","overlay-opacity":"","overlay-gradient":""},"mobile":{"background-color":"","background-image":"","background-repeat":"repeat","background-position":"center center","background-size":"auto","background-attachment":"scroll","background-type":"","background-media":"","overlay-type":"","overlay-color":"","overlay-opacity":"","overlay-gradient":""}},"ast-content-background-meta":{"desktop":{"background-color":"var(--ast-global-color-5)","background-image":"","background-repeat":"repeat","background-position":"center center","background-size":"auto","background-attachment":"scroll","background-type":"","background-media":"","overlay-type":"","overlay-color":"","overlay-opacity":"","overlay-gradient":""},"tablet":{"background-color":"var(--ast-global-color-5)","background-image":"","background-repeat":"repeat","background-position":"center center","background-size":"auto","background-attachment":"scroll","background-type":"","background-media":"","overlay-type":"","overlay-color":"","overlay-opacity":"","overlay-gradient":""},"mobile":{"background-color":"var(--ast-global-color-5)","background-image":"","background-repeat":"repeat","background-position":"center center","background-size":"auto","background-attachment":"scroll","background-type":"","background-media":"","overlay-type":"","overlay-color":"","overlay-opacity":"","overlay-gradient":""}}},"product_brand":[],"product_cat":[397],"product_tag":[],"class_list":{"0":"post-61795","1":"product","2":"type-product","3":"status-publish","4":"has-post-thumbnail","6":"product_cat-hash-cbd","7":"desktop-align-center","8":"tablet-align-center","9":"mobile-align-center","11":"first","12":"instock","13":"taxable","14":"shipping-taxable","15":"purchasable","16":"product-type-variable"},"acf":[],"yoast_head":"<!-- This site is optimized with the Yoast SEO Premium plugin v27.3 (Yoast SEO v27.3) - https:\/\/yoast.com\/product\/yoast-seo-premium-wordpress\/ -->\n<title>Hash CBD Amnesia: Calidad Suiza | Iguana Smoke<\/title>\n<meta name=\"description\" content=\"Eleva tu experiencia con el Hash CBD Amnesia, una resina premium de calidad Suiza. No te pierdas esta joya, tu hash de CBD sin THC \u00a1c\u00f3mpralo ahora!\" \/>\n<meta name=\"robots\" content=\"index, follow, max-snippet:-1, max-image-preview:large, max-video-preview:-1\" \/>\n<link rel=\"canonical\" href=\"https:\/\/iguanasmoke.com\/pt\/produto\/hash-cbd-amnesia-30\/\" \/>\n<meta property=\"og:locale\" content=\"pt_PT\" \/>\n<meta property=\"og:type\" content=\"article\" \/>\n<meta property=\"og:title\" content=\"Hash CBD Amnesia 30%\" \/>\n<meta property=\"og:description\" content=\"Te presentamos el Hash CBD Amnesia, una resina de lujo elaborada a partir de flores Amnesia de pureza superior:   Textura suave, maleable\u00a0y color dorado.  Aroma potente: sabor a Amnesia con notas terrosas y c\u00edtricas.  Alto contenido en CBD\u00a0y &lt;0,3% de THC.  An\u00e1lisis de calidad: pincha\u00a0aqu\u00ed\" \/>\n<meta property=\"og:url\" content=\"https:\/\/iguanasmoke.com\/pt\/produto\/hash-cbd-amnesia-30\/\" \/>\n<meta property=\"og:site_name\" content=\"Iguana Smoke\" \/>\n<meta property=\"article:publisher\" content=\"https:\/\/www.facebook.com\/iguanasmoke\" \/>\n<meta property=\"article:modified_time\" content=\"2026-04-15T08:44:07+00:00\" \/>\n<meta property=\"og:image\" content=\"https:\/\/iguanasmoke.com\/wp-content\/uploads\/2025\/09\/Amnesia-2g-con-hash.webp\" \/>\n\t<meta property=\"og:image:width\" content=\"1000\" \/>\n\t<meta property=\"og:image:height\" content=\"1000\" \/>\n\t<meta property=\"og:image:type\" content=\"image\/webp\" \/>\n<meta name=\"twitter:card\" content=\"summary_large_image\" \/>\n<meta name=\"twitter:label1\" content=\"Disponibilidade\" \/>\n\t<meta name=\"twitter:data1\" content=\"Em stock\" \/>\n<meta property=\"product:brand\" content=\"variable\" \/>\n<meta property=\"og:availability\" content=\"instock\" \/>\n<meta property=\"product:availability\" content=\"instock\" \/>\n<meta property=\"product:condition\" content=\"new\" \/>\n<!-- \/ Yoast SEO Premium plugin. -->","yoast_head_json":{"title":"Hash CBD Amnesia: Qualidade Su\u00ed\u00e7a | Fumo Iguana","description":"Eleve a sua experi\u00eancia com o Amnesia CBD Hash, uma resina de qualidade su\u00ed\u00e7a premium. N\u00e3o perca esta joia, o seu haxixe CBD sem THC, compre-o agora!","robots":{"index":"index","follow":"follow","max-snippet":"max-snippet:-1","max-image-preview":"max-image-preview:large","max-video-preview":"max-video-preview:-1"},"canonical":"https:\/\/iguanasmoke.com\/pt\/produto\/hash-cbd-amnesia-30\/","og_locale":"pt_PT","og_type":"article","og_title":"Hash CBD Amnesia 30%","og_description":"Te presentamos el Hash CBD Amnesia, una resina de lujo elaborada a partir de flores Amnesia de pureza superior:   Textura suave, maleable\u00a0y color dorado.  Aroma potente: sabor a Amnesia con notas terrosas y c\u00edtricas.  Alto contenido en CBD\u00a0y &lt;0,3% de THC.  An\u00e1lisis de calidad: pincha\u00a0aqu\u00ed","og_url":"https:\/\/iguanasmoke.com\/pt\/produto\/hash-cbd-amnesia-30\/","og_site_name":"Iguana Smoke","article_publisher":"https:\/\/www.facebook.com\/iguanasmoke","article_modified_time":"2026-04-15T08:44:07+00:00","og_image":[{"width":1000,"height":1000,"url":"https:\/\/iguanasmoke.com\/wp-content\/uploads\/2025\/09\/Amnesia-2g-con-hash.webp","type":"image\/webp"}],"twitter_card":"summary_large_image","twitter_misc":{"Disponibilidade":"Em stock"},"schema":{"@context":"https:\/\/schema.org","@graph":[{"@type":"WebPage","@id":"https:\/\/iguanasmoke.com\/producto\/hash-cbd-amnesia-30\/","url":"https:\/\/iguanasmoke.com\/producto\/hash-cbd-amnesia-30\/","name":"Hash CBD Amnesia: Qualidade Su\u00ed\u00e7a | Fumo Iguana","isPartOf":{"@id":"https:\/\/iguanasmoke.com\/#website"},"primaryImageOfPage":{"@id":"https:\/\/iguanasmoke.com\/producto\/hash-cbd-amnesia-30\/#primaryimage"},"image":{"@id":"https:\/\/iguanasmoke.com\/producto\/hash-cbd-amnesia-30\/#primaryimage"},"thumbnailUrl":"https:\/\/iguanasmoke.com\/wp-content\/uploads\/2025\/09\/Amnesia-2g-con-hash.webp","datePublished":"2025-09-30T10:13:32+00:00","dateModified":"2026-04-15T08:44:07+00:00","description":"Eleve a sua experi\u00eancia com o Amnesia CBD Hash, uma resina de qualidade su\u00ed\u00e7a premium. N\u00e3o perca esta joia, o seu haxixe CBD sem THC, compre-o agora!","breadcrumb":{"@id":"https:\/\/iguanasmoke.com\/producto\/hash-cbd-amnesia-30\/#breadcrumb"},"inLanguage":"pt-PT","potentialAction":[{"@type":"ReadAction","target":["https:\/\/iguanasmoke.com\/producto\/hash-cbd-amnesia-30\/"]}]},{"@type":"ImageObject","inLanguage":"pt-PT","@id":"https:\/\/iguanasmoke.com\/producto\/hash-cbd-amnesia-30\/#primaryimage","url":"https:\/\/iguanasmoke.com\/wp-content\/uploads\/2025\/09\/Amnesia-2g-con-hash.webp","contentUrl":"https:\/\/iguanasmoke.com\/wp-content\/uploads\/2025\/09\/Amnesia-2g-con-hash.webp","width":1000,"height":1000,"caption":"hash cbd amnesia 2g"},{"@type":"BreadcrumbList","@id":"https:\/\/iguanasmoke.com\/producto\/hash-cbd-amnesia-30\/#breadcrumb","itemListElement":[{"@type":"ListItem","position":1,"name":"home","item":"https:\/\/iguanasmoke.com\/"},{"@type":"ListItem","position":2,"name":"Tienda","item":"https:\/\/iguanasmoke.com\/tienda\/"},{"@type":"ListItem","position":3,"name":"Hash CBD","item":"https:\/\/iguanasmoke.com\/categoria\/hash-cbd\/"},{"@type":"ListItem","position":4,"name":"Hash CBD Amnesia 30%"}]},{"@type":"WebSite","@id":"https:\/\/iguanasmoke.com\/#website","url":"https:\/\/iguanasmoke.com\/","name":"Fumo de Iguana","description":"Comprar CBD online ao melhor pre\u00e7o","publisher":{"@id":"https:\/\/iguanasmoke.com\/#organization"},"potentialAction":[{"@type":"SearchAction","target":{"@type":"EntryPoint","urlTemplate":"https:\/\/iguanasmoke.com\/?s={search_term_string}"},"query-input":{"@type":"PropertyValueSpecification","valueRequired":true,"valueName":"search_term_string"}}],"inLanguage":"pt-PT"},{"@type":"Organization","@id":"https:\/\/iguanasmoke.com\/#organization","name":"Fumo de Iguana","url":"https:\/\/iguanasmoke.com\/","logo":{"@type":"ImageObject","inLanguage":"pt-PT","@id":"https:\/\/iguanasmoke.com\/#\/schema\/logo\/image\/","url":"https:\/\/iguanasmoke.com\/wp-content\/uploads\/2025\/01\/logoiguana-favi-1.png","contentUrl":"https:\/\/iguanasmoke.com\/wp-content\/uploads\/2025\/01\/logoiguana-favi-1.png","width":512,"height":512,"caption":"Iguana Smoke"},"image":{"@id":"https:\/\/iguanasmoke.com\/#\/schema\/logo\/image\/"},"sameAs":["https:\/\/www.facebook.com\/iguanasmoke","https:\/\/www.instagram.com\/iguanasmoke\/"]}]},"product_brand":"variable","og_availability":"instock","product_availability":"instock","product_condition":"new"},"_links":{"self":[{"href":"https:\/\/iguanasmoke.com\/pt\/wp-json\/wp\/v2\/product\/61795","targetHints":{"allow":["GET"]}}],"collection":[{"href":"https:\/\/iguanasmoke.com\/pt\/wp-json\/wp\/v2\/product"}],"about":[{"href":"https:\/\/iguanasmoke.com\/pt\/wp-json\/wp\/v2\/types\/product"}],"replies":[{"embeddable":true,"href":"https:\/\/iguanasmoke.com\/pt\/wp-json\/wp\/v2\/comments?post=61795"}],"wp:featuredmedia":[{"embeddable":true,"href":"https:\/\/iguanasmoke.com\/pt\/wp-json\/wp\/v2\/media\/81731"}],"wp:attachment":[{"href":"https:\/\/iguanasmoke.com\/pt\/wp-json\/wp\/v2\/media?parent=61795"}],"wp:term":[{"taxonomy":"product_brand","embeddable":true,"href":"https:\/\/iguanasmoke.com\/pt\/wp-json\/wp\/v2\/product_brand?post=61795"},{"taxonomy":"product_cat","embeddable":true,"href":"https:\/\/iguanasmoke.com\/pt\/wp-json\/wp\/v2\/product_cat?post=61795"},{"taxonomy":"product_tag","embeddable":true,"href":"https:\/\/iguanasmoke.com\/pt\/wp-json\/wp\/v2\/product_tag?post=61795"}],"curies":[{"name":"wp","href":"https:\/\/api.w.org\/{rel}","templated":true}]}}