{"id":62071,"date":"2025-07-30T16:31:36","date_gmt":"2025-07-30T14:31:36","guid":{"rendered":"https:\/\/iguanasmoke.com\/?post_type=product&#038;p=62071"},"modified":"2026-03-15T17:49:13","modified_gmt":"2026-03-15T16:49:13","slug":"vaper-e8h-90-space-vape-cola-de-gorila","status":"publish","type":"product","link":"https:\/\/iguanasmoke.com\/pt\/producto\/vaper-e8h-90-space-vape-gorilla-glue\/","title":{"rendered":"Vaper E8H 90% - Cola de Gorila Space Vape"},"content":{"rendered":"<h1 data-start=\"1609\" data-end=\"1642\"><span style=\"font-weight: 400;\">Vaper E8H 90% Space Vape Gorilla Glue: Sinta o poder da can\u00e1bis legal<\/span><\/h1>\n<p><span style=\"font-weight: 400;\">Descobrir o <strong>Vaper E8H<\/strong> <strong>Cola de Gorila <\/strong>que o far\u00e3o desfrutar de um <strong>experi\u00eancia vape completa e poderosa,<\/strong>\u00a0imputado ao <strong>90% com a inovadora mol\u00e9cula E8H<\/strong> e completou a f\u00f3rmula <strong>isento de agentes de corte, nicotina e HHC<\/strong>, para desfrutar de um vape E8H limpo, legal e de qualidade. Inspirado na lend\u00e1ria variedade Amnesia, proporciona-lhe uma experi\u00eancia intensa e envolvente.\u00a0\u00a0<\/span><\/p>\n<p><span style=\"font-weight: 400;\">Sabia que comprar um <strong>vaporizador<\/strong><\/span><span style=\"font-weight: 400;\"><strong> E8H <\/strong>significa transportar a tecnologia de can\u00e1bis do futuro no seu bolso? <strong>Sem THC<\/strong>, <strong>mas h\u00e1 um efeito<\/strong>; <strong>sem fumo<\/strong>, <strong>mas h\u00e1 nuvens<\/strong>; N\u00e3o h\u00e1 d\u00favida, porque <strong>este E8H Gorilla vaper \u00e9 ic\u00f3nico.\u00a0<\/strong><\/span><\/p>\n<p>&nbsp;<\/p>\n<h2><strong>O que \u00e9 a mol\u00e9cula E8H?<\/strong><\/h2>\n<p><span style=\"font-weight: 400;\">Os nossos vapers cont\u00eam os <strong>90% esta mol\u00e9cula semi-sint\u00e9tica de \u00faltima gera\u00e7\u00e3o: E8H<\/strong>. Foi concebido para oferecer uma <strong>experi\u00eancia<\/strong> <strong>apenas<\/strong>, <strong>muito semelhante ao do HHC<\/strong>. No entanto, ao contr\u00e1rio do que j\u00e1 conhece, esta mol\u00e9cula de vanguarda oferece uma experi\u00eancia \u00fanica que vai mudar as suas expectativas. <\/span><\/p>\n<p><span style=\"font-weight: 400;\">\u00c9 \u00fanico, tem de o experimentar para o sentir! O seu recente desenvolvimento insere-o num quadro regulamentar em evolu\u00e7\u00e3o, abrindo novas possibilidades no mundo do vaping. <\/span><\/p>\n<p><span style=\"font-weight: 400;\">Embora os efeitos possam variar de pessoa para pessoa, as experi\u00eancias incluem frequentemente:<\/span><\/p>\n<ul>\n<li>Experi\u00eancias semelhantes \u00e0s do THC, uma sensa\u00e7\u00e3o agrad\u00e1vel.<\/li>\n<li>Relaxamento geral e redu\u00e7\u00e3o do stress<\/li>\n<li>Sensa\u00e7\u00e3o de calma ou bem-estar.<\/li>\n<\/ul>\n<p>&nbsp;<\/p>\n<h2>Perfil de terpenos do vaper E8H Gorilla Glue:<\/h2>\n<p>A variedade Gorilla Glue (tamb\u00e9m conhecida como GG4) \u00e9 uma das variedades mais famosas do mundo da can\u00e1bis. O seu nome diz tudo: potente, pegajosa e inesquec\u00edvel; \u00e9 por isso que quisemos reproduzir o sabor desta flor neste vaper E8H. A sua combina\u00e7\u00e3o de terpenos inclui:<\/p>\n<ul>\n<li>Limoneno: c\u00edtrico, estimulante.<\/li>\n<li>Cariofileno: picante, pungente, com propriedades estimulantes.<\/li>\n<li>Humuleno: toque terroso e herb\u00e1ceo, com um efeito equilibrante.<\/li>\n<\/ul>\n<p>O resultado \u00e9 um vaper robusto em aroma, que combina o <strong>terra h\u00famida, lim\u00e3o e pinheiro<\/strong>, com o seu toque final para <strong>\u201ccola\u201d<\/strong>. Se a intensidade e o verdadeiro sabor a flores s\u00e3o a sua praia, este vaper vai fazer com que se apaixone por ele.<\/p>\n<p>&nbsp;<\/p>\n<h2><strong>Principais carater\u00edsticas do vaper E8H Gorilla Glue:<\/strong><\/h2>\n<ul>\n<li><span style=\"font-weight: 400;\"><strong>Cont\u00e9m E8H de alta qualidade<\/strong>, com um perfil canabin\u00f3ide natural.<\/span><\/li>\n<li><span style=\"font-weight: 400;\"><strong>Extrato de c\u00e2nhamo biol\u00f3gico<\/strong>, sem aditivos e solventes.<\/span><\/li>\n<li><span style=\"font-weight: 400;\">Dispon\u00edvel em <strong>1ml e 2ml<\/strong>. <\/span><\/li>\n<li><span style=\"font-weight: 400;\">Sabor a flor <strong>Estirpe de cola Gorila<\/strong>.<\/span><\/li>\n<li>Ideal para utiliza\u00e7\u00e3o quotidiana: <strong>sem combust\u00e3o, sem odor, sem toler\u00e2ncia<\/strong>.<\/li>\n<li><span style=\"font-weight: 400;\"><strong>Efeito poderoso <\/strong>sem sentir quaisquer efeitos <strong>psicoactivos<\/strong> indesej\u00e1vel<strong>: dura\u00e7\u00e3o<\/strong> <strong>longo<\/strong> (<strong>3-4 horas<\/strong>)<\/span><\/li>\n<li>Experi\u00eancia <strong>sensorial<\/strong> muito bem sucedido.<\/li>\n<li><span style=\"font-weight: 400;\">Para <strong>300 puffs (1ml) e 600 puffs (2ml)<\/strong>.<\/span><\/li>\n<li>Bateria recarreg\u00e1vel USB tipo C.<\/li>\n<li><span style=\"font-weight: 400;\"><strong>Sem THC detet\u00e1vel<\/strong>. <\/span><\/li>\n<li><span style=\"font-weight: 400;\"><strong>Qualidade garantida pela Iguana Smoke<\/strong>.<\/span><\/li>\n<\/ul>\n<p><span style=\"font-weight: 400;\">O <strong>vaper E8H <\/strong>\u00e9 a forma mais c\u00f3moda e limpa de usufruir de todos os benef\u00edcios do <strong>vantagens do E8H<\/strong>, sem manuten\u00e7\u00e3o, sem complica\u00e7\u00f5es, sem problemas.\u00a0<\/span><\/p>\n<p>&nbsp;<\/p>\n<h2><strong>O que \u00e9 um vaper descart\u00e1vel?<\/strong><\/h2>\n<p><span style=\"font-weight: 400;\">A <strong>E8H vaper descart\u00e1vel<\/strong> \u00e9 um dispositivo do tipo caneta\u201c <strong>de 1ml ou 2ml<\/strong> que vem carregado com o l\u00edquido E8H. A grande diferen\u00e7a em rela\u00e7\u00e3o a outros tipos de vapers \u00e9 que n\u00e3o precisa de ser recarregado ou atestado: <strong>quando se esgota, \u00e9 simplesmente descartado<\/strong>.\u00a0<\/span><\/p>\n<p><span style=\"font-weight: 400;\">Existem tamb\u00e9m <strong><a href=\"https:\/\/iguanasmoke.com\/pt\/categoria\/cigarro-de-cbd\/cartuchos\/?filter_tipo-cartucho=e8h\">cartuchos E8H descart\u00e1veis<\/a><\/strong> que s\u00e3o microc\u00e1psulas que cont\u00eam o l\u00edquido, mas que necessitam de uma bateria externa para serem utilizadas.<\/span><\/p>\n<p>&nbsp;<\/p>\n<h3><b>Onde comprar o seu vaper E8H<\/b><b> Cola de Gorila?<\/b><\/h3>\n<p><span style=\"font-weight: 400;\">Se est\u00e1 \u00e0 procura de <strong>comprar um vaper E8H<\/strong><strong>, <\/strong>este \u00e9 o seu lugar seguro para <strong>comprar o vaper descart\u00e1vel e8H em Espanha.<\/strong> Todos os nossos produtos s\u00e3o aprovados pela UE, o que garante a sua legalidade e seguran\u00e7a. Para al\u00e9m disso, se desejar, pode consultar<\/span><strong> <a href=\"https:\/\/iguanasmoke.com\/pt\/analiticas\/\">an\u00e1lises laboratoriais.<\/a><\/strong><\/p>\n<p><span style=\"font-weight: 400;\">N\u00e3o se esque\u00e7a de explorar outros <strong>vaper E8H <\/strong>como o <a href=\"https:\/\/iguanasmoke.com\/pt\/produto\/vape-space-vape-e8h-strawberry\/\">E8H Space Vape Morango Vaper<\/a> u <\/span><span style=\"font-weight: 400;\">outros <strong>Produtos TOP<\/strong> como o <a href=\"https:\/\/iguanasmoke.com\/pt\/produto\/cartucho-de-cola-de-gorila-e8h-90\/\">Cartucho de cola Gorilla E8H<\/a> ou o <a href=\"https:\/\/iguanasmoke.com\/pt\/categoria\/flores-de-cbd-3\/\"><strong>Flores com CBD<\/strong><\/a>. <\/span><span style=\"font-weight: 400;\">Em suma, explore a nossa variedade e encontre j\u00e1 os seus favoritos.<\/span><span style=\"font-weight: 400;\">\u00a0<\/span><\/p>\n<p><strong data-start=\"303\" data-end=\"345\">Entrega r\u00e1pida e discreta em toda a Espanha<\/strong>, com <strong data-start=\"351\" data-end=\"387\">aten\u00e7\u00e3o pr\u00f3xima e personalizada<\/strong> para responder a quaisquer perguntas antes e depois da sua compra.<\/p>\n<p>&nbsp;<\/p>\n<h3><b>Iguana Smoke \u00e9 a sua loja online de CBD\u00a0<\/b><\/h3>\n<p><span style=\"font-weight: 400;\">Em<strong> Fumo de Iguana<\/strong>, Acreditamos que desfrutar do CBD deve ser uma experi\u00eancia segura. \u00c9 por isso que temos produtos como este <strong>vaper E8H Gorilla Glue<\/strong>, A marca liga-se \u00e0s novas gera\u00e7\u00f5es: pessoas que procuram um bem-estar descomplicado, com marcas aut\u00eanticas e fi\u00e1veis.\u00a0<\/span><\/p>\n<p>A nossa miss\u00e3o \u00e9 clara: trazer-lhe o melhor do mundo dos canabin\u00f3ides a um pre\u00e7o justo. Al\u00e9m disso, damos-lhe a tranquilidade de saber que est\u00e1 a escolher um produto certificado, eficaz e 100% legal. O seu tempo de relaxamento come\u00e7a aqui connosco.<\/p>\n<p>Ainda tem d\u00favidas? Escreva-nos e teremos todo o gosto em ajud\u00e1-lo a encontrar o produto certo para si.<\/p>\n<p>&nbsp;<\/p>\n<h6>\u2139\ufe0f<strong> Informa\u00e7\u00e3o jur\u00eddica<\/strong><\/h6>\n<p><em><span style=\"font-weight: 400;\">*Produto destinado a cole\u00e7\u00e3o ou aromaterapia, de acordo com a legisla\u00e7\u00e3o espanhola em vigor. <\/span><\/em><\/p>\n<p><em><span style=\"font-weight: 400;\">**Derivado de c\u00e2nhamo industrial certificado. Cont\u00e9m menos de 0,3 THC e n\u00e3o cont\u00e9m canabin\u00f3ides ilegais como HHC, HHC-P, THCP, THCP-O, H4CBD ou subst\u00e2ncias enumeradas no Anexo I do Decreto Real 2829\/1977, nem subst\u00e2ncias controladas por conven\u00e7\u00f5es internacionais.\u00a0\u00a0<\/span><\/em><\/p>\n<p>&nbsp;<\/p>\n<h2><strong>FAQS E8H Space Vape: <\/strong><\/h2>\n<h4><span style=\"font-weight: 400;\">Colocar o E8H Gorilla Glue Space Vape Vaper? <\/span><\/h4>\n<p><span style=\"font-weight: 400;\">Entre os seus efeitos, podem incluir <strong data-start=\"4736\" data-end=\"4775\">euforia ligeira ou relaxamento intenso<\/strong>, sem os efeitos fortes do THC.\u00a0<\/span><\/p>\n<h4><span style=\"font-weight: 400;\">Que efeito posso esperar e quanto tempo demora?\u00a0<\/span><\/h4>\n<p><span style=\"font-weight: 400;\">Lembre-se que cada pessoa \u00e9 \u00fanica e que o <strong>os efeitos podem variar<\/strong> dependendo da concentra\u00e7\u00e3o, do utilizador, da toler\u00e2ncia e da frequ\u00eancia de utiliza\u00e7\u00e3o. Poder\u00e1 come\u00e7ar a not\u00e1-lo em breve. <strong>O efeito \u00e9 poderoso e dura cerca de 3-4 horas<\/strong>.<\/span><\/p>\n<h4><span style=\"font-weight: 400;\">O E8H \u00e9 legal em Espanha?\u00a0<\/span><\/h4>\n<p><span style=\"font-weight: 400;\"><strong>Sim<\/strong>. O E8H <strong>n\u00e3o est\u00e1 inclu\u00eddo nas listas de subst\u00e2ncias regulamentadas<\/strong> em Espanha e na UE, pelo que pode ser legalmente comercializado em conformidade com a regulamenta\u00e7\u00e3o em vigor.<\/span><\/p>\n<h4><span style=\"font-weight: 400;\">Porqu\u00ea escolher E8H em vez de HHC ou THC?\u00a0<\/span><\/h4>\n<p><span style=\"font-weight: 400;\">Porque o E8H <strong>oferece uma alternativa legal e segura<\/strong>, O novo perfil, mais controlado e est\u00e1vel, \u00e9 ideal para quem procura sensa\u00e7\u00f5es suaves dentro da lei.<\/span><\/p>","protected":false},"excerpt":{"rendered":"<h4>Carater\u00edsticas<\/h4>\n<ul>\n<li style=\"list-style-type: none;\">\n<ul>\n<li>Gorilla Glue com sabor a terpenos de can\u00e1bis<\/li>\n<li>Capacidade: 1 ml \/ 2 ml<\/li>\n<li>Cursos: at\u00e9 300 \/ 600<\/li>\n<li>Terpenos naturais de alta qualidade<\/li>\n<li>E8H para 90%<\/li>\n<li>THC: 0%, HHC: 0%, THC-P: 0%, Nicotina: 0%<\/li>\n<li>N\u00e3o cont\u00e9m VG, PG, PEG, MCT ou outro agente de corte.<\/li>\n<\/ul>\n<\/li>\n<\/ul>\n<p><span style=\"font-weight: 400;\">Al\u00e9m disso, se quiser, pode consultar<strong> <a href=\"https:\/\/iguanasmoke.com\/pt\/analiticas\/\">an\u00e1lises laboratoriais.<\/a><\/strong><\/span><\/p>","protected":false},"featured_media":77847,"comment_status":"open","ping_status":"closed","template":"","meta":{"_acf_changed":false,"site-sidebar-layout":"default","site-content-layout":"","ast-site-content-layout":"default","site-content-style":"default","site-sidebar-style":"default","ast-global-header-display":"","ast-banner-title-visibility":"","ast-main-header-display":"","ast-hfb-above-header-display":"","ast-hfb-below-header-display":"","ast-hfb-mobile-header-display":"","site-post-title":"","ast-breadcrumbs-content":"","ast-featured-img":"","footer-sml-layout":"","theme-transparent-header-meta":"default","adv-header-id-meta":"","stick-header-meta":"","header-above-stick-meta":"","header-main-stick-meta":"","header-below-stick-meta":"","astra-migrate-meta-layouts":"set","ast-page-background-enabled":"default","ast-page-background-meta":{"desktop":{"background-color":"var(--ast-global-color-4)","background-image":"","background-repeat":"repeat","background-position":"center center","background-size":"auto","background-attachment":"scroll","background-type":"","background-media":"","overlay-type":"","overlay-color":"","overlay-opacity":"","overlay-gradient":""},"tablet":{"background-color":"","background-image":"","background-repeat":"repeat","background-position":"center center","background-size":"auto","background-attachment":"scroll","background-type":"","background-media":"","overlay-type":"","overlay-color":"","overlay-opacity":"","overlay-gradient":""},"mobile":{"background-color":"","background-image":"","background-repeat":"repeat","background-position":"center center","background-size":"auto","background-attachment":"scroll","background-type":"","background-media":"","overlay-type":"","overlay-color":"","overlay-opacity":"","overlay-gradient":""}},"ast-content-background-meta":{"desktop":{"background-color":"var(--ast-global-color-5)","background-image":"","background-repeat":"repeat","background-position":"center center","background-size":"auto","background-attachment":"scroll","background-type":"","background-media":"","overlay-type":"","overlay-color":"","overlay-opacity":"","overlay-gradient":""},"tablet":{"background-color":"var(--ast-global-color-5)","background-image":"","background-repeat":"repeat","background-position":"center center","background-size":"auto","background-attachment":"scroll","background-type":"","background-media":"","overlay-type":"","overlay-color":"","overlay-opacity":"","overlay-gradient":""},"mobile":{"background-color":"var(--ast-global-color-5)","background-image":"","background-repeat":"repeat","background-position":"center center","background-size":"auto","background-attachment":"scroll","background-type":"","background-media":"","overlay-type":"","overlay-color":"","overlay-opacity":"","overlay-gradient":""}}},"product_brand":[],"product_cat":[627],"product_tag":[],"class_list":{"0":"post-62071","1":"product","2":"type-product","3":"status-publish","4":"has-post-thumbnail","6":"product_cat-e8h","7":"desktop-align-center","8":"tablet-align-center","9":"mobile-align-center","11":"first","12":"instock","13":"taxable","14":"shipping-taxable","15":"purchasable","16":"product-type-variable"},"acf":[],"yoast_head":"<!-- This site is optimized with the Yoast SEO Premium plugin v27.3 (Yoast SEO v27.3) - https:\/\/yoast.com\/product\/yoast-seo-premium-wordpress\/ -->\n<title>Vaper E8H 90% - Space Vape Gorilla Glue | Iguana Smoke<\/title>\n<meta name=\"description\" content=\"Vaper E8H Gorilla Glue Space Vape. Experimenta un vapeo sin THC. Con un 90% de potencia y el inconfundible sabor de Gorilla Glue. \u00a1Pide el tuyo ahora!\" \/>\n<meta name=\"robots\" content=\"index, follow, max-snippet:-1, max-image-preview:large, max-video-preview:-1\" \/>\n<link rel=\"canonical\" href=\"https:\/\/iguanasmoke.com\/pt\/produto\/vaper-e8h-90-space-vape-cola-de-gorila\/\" \/>\n<meta property=\"og:locale\" content=\"pt_PT\" \/>\n<meta property=\"og:type\" content=\"article\" \/>\n<meta property=\"og:title\" content=\"Vaper E8H 90% - Space Vape Gorilla Glue\" \/>\n<meta property=\"og:description\" content=\"Caracter\u00edsticas      Sabor terpeno cannabis Gorilla Glue  Capacidad: 1 ml \/ 2 ml  Caladas: hasta 300 \/ 600  Terpenos naturales de alta calidad  E8H al 90%  THC: 0%, HHC: 0%, THC-P: 0%, Nicotina: 0%  No contiene VG, PG, PEG, MCT u otro agente de corte.    Adem\u00e1s, si quieres puedes consultar el an\u00e1lisis de laboratorio.\" \/>\n<meta property=\"og:url\" content=\"https:\/\/iguanasmoke.com\/pt\/produto\/vaper-e8h-90-space-vape-cola-de-gorila\/\" \/>\n<meta property=\"og:site_name\" content=\"Iguana Smoke\" \/>\n<meta property=\"article:publisher\" content=\"https:\/\/www.facebook.com\/iguanasmoke\" \/>\n<meta property=\"article:modified_time\" content=\"2026-03-15T16:49:13+00:00\" \/>\n<meta property=\"og:image\" content=\"https:\/\/iguanasmoke.com\/wp-content\/uploads\/2026\/02\/Mockup-E8H-Gorilla-caja-der.webp\" \/>\n\t<meta property=\"og:image:width\" content=\"1000\" \/>\n\t<meta property=\"og:image:height\" content=\"1000\" \/>\n\t<meta property=\"og:image:type\" content=\"image\/webp\" \/>\n<meta name=\"twitter:card\" content=\"summary_large_image\" \/>\n<meta name=\"twitter:label1\" content=\"Disponibilidade\" \/>\n\t<meta name=\"twitter:data1\" content=\"Em stock\" \/>\n<meta property=\"product:brand\" content=\"variable\" \/>\n<meta property=\"og:availability\" content=\"instock\" \/>\n<meta property=\"product:availability\" content=\"instock\" \/>\n<meta property=\"product:condition\" content=\"new\" \/>\n<!-- \/ Yoast SEO Premium plugin. -->","yoast_head_json":{"title":"Vaper E8H 90% - Space Vape Gorilla Glue : Iguana Smoke","description":"Vaper E8H Gorilla Glue Space Vape. Experimenta um vape sem THC. Com 90% de pot\u00eancia e o inconfund\u00edvel sabor Gorilla Glue, encomende j\u00e1 o seu!","robots":{"index":"index","follow":"follow","max-snippet":"max-snippet:-1","max-image-preview":"max-image-preview:large","max-video-preview":"max-video-preview:-1"},"canonical":"https:\/\/iguanasmoke.com\/pt\/produto\/vaper-e8h-90-space-vape-cola-de-gorila\/","og_locale":"pt_PT","og_type":"article","og_title":"Vaper E8H 90% - Space Vape Gorilla Glue","og_description":"Caracter\u00edsticas      Sabor terpeno cannabis Gorilla Glue  Capacidad: 1 ml \/ 2 ml  Caladas: hasta 300 \/ 600  Terpenos naturales de alta calidad  E8H al 90%  THC: 0%, HHC: 0%, THC-P: 0%, Nicotina: 0%  No contiene VG, PG, PEG, MCT u otro agente de corte.    Adem\u00e1s, si quieres puedes consultar el an\u00e1lisis de laboratorio.","og_url":"https:\/\/iguanasmoke.com\/pt\/produto\/vaper-e8h-90-space-vape-cola-de-gorila\/","og_site_name":"Iguana Smoke","article_publisher":"https:\/\/www.facebook.com\/iguanasmoke","article_modified_time":"2026-03-15T16:49:13+00:00","og_image":[{"width":1000,"height":1000,"url":"https:\/\/iguanasmoke.com\/wp-content\/uploads\/2026\/02\/Mockup-E8H-Gorilla-caja-der.webp","type":"image\/webp"}],"twitter_card":"summary_large_image","twitter_misc":{"Disponibilidade":"Em stock"},"schema":{"@context":"https:\/\/schema.org","@graph":[{"@type":"WebPage","@id":"https:\/\/iguanasmoke.com\/producto\/vaper-e8h-90-space-vape-gorilla-glue\/","url":"https:\/\/iguanasmoke.com\/producto\/vaper-e8h-90-space-vape-gorilla-glue\/","name":"Vaper E8H 90% - Space Vape Gorilla Glue : Iguana Smoke","isPartOf":{"@id":"https:\/\/iguanasmoke.com\/#website"},"primaryImageOfPage":{"@id":"https:\/\/iguanasmoke.com\/producto\/vaper-e8h-90-space-vape-gorilla-glue\/#primaryimage"},"image":{"@id":"https:\/\/iguanasmoke.com\/producto\/vaper-e8h-90-space-vape-gorilla-glue\/#primaryimage"},"thumbnailUrl":"https:\/\/iguanasmoke.com\/wp-content\/uploads\/2026\/02\/Mockup-E8H-Gorilla-caja-der.webp","datePublished":"2025-07-30T14:31:36+00:00","dateModified":"2026-03-15T16:49:13+00:00","description":"Vaper E8H Gorilla Glue Space Vape. Experimenta um vape sem THC. Com 90% de pot\u00eancia e o inconfund\u00edvel sabor Gorilla Glue, encomende j\u00e1 o seu!","breadcrumb":{"@id":"https:\/\/iguanasmoke.com\/producto\/vaper-e8h-90-space-vape-gorilla-glue\/#breadcrumb"},"inLanguage":"pt-PT","potentialAction":[{"@type":"ReadAction","target":["https:\/\/iguanasmoke.com\/producto\/vaper-e8h-90-space-vape-gorilla-glue\/"]}]},{"@type":"ImageObject","inLanguage":"pt-PT","@id":"https:\/\/iguanasmoke.com\/producto\/vaper-e8h-90-space-vape-gorilla-glue\/#primaryimage","url":"https:\/\/iguanasmoke.com\/wp-content\/uploads\/2026\/02\/Mockup-E8H-Gorilla-caja-der.webp","contentUrl":"https:\/\/iguanasmoke.com\/wp-content\/uploads\/2026\/02\/Mockup-E8H-Gorilla-caja-der.webp","width":1000,"height":1000,"caption":"Caja m\u00e1s vaper azul gorilla E8H 2ml dcha"},{"@type":"BreadcrumbList","@id":"https:\/\/iguanasmoke.com\/producto\/vaper-e8h-90-space-vape-gorilla-glue\/#breadcrumb","itemListElement":[{"@type":"ListItem","position":1,"name":"home","item":"https:\/\/iguanasmoke.com\/"},{"@type":"ListItem","position":2,"name":"Tienda","item":"https:\/\/iguanasmoke.com\/tienda\/"},{"@type":"ListItem","position":3,"name":"Nuevas Mol\u00e9culas","item":"https:\/\/iguanasmoke.com\/categoria\/nuevas-moleculas\/"},{"@type":"ListItem","position":4,"name":"E8H","item":"https:\/\/iguanasmoke.com\/categoria\/nuevas-moleculas\/e8h\/"},{"@type":"ListItem","position":5,"name":"Vaper E8H 90% &#8211; Space Vape Gorilla Glue"}]},{"@type":"WebSite","@id":"https:\/\/iguanasmoke.com\/#website","url":"https:\/\/iguanasmoke.com\/","name":"Fumo de Iguana","description":"Comprar CBD online ao melhor pre\u00e7o","publisher":{"@id":"https:\/\/iguanasmoke.com\/#organization"},"potentialAction":[{"@type":"SearchAction","target":{"@type":"EntryPoint","urlTemplate":"https:\/\/iguanasmoke.com\/?s={search_term_string}"},"query-input":{"@type":"PropertyValueSpecification","valueRequired":true,"valueName":"search_term_string"}}],"inLanguage":"pt-PT"},{"@type":"Organization","@id":"https:\/\/iguanasmoke.com\/#organization","name":"Fumo de Iguana","url":"https:\/\/iguanasmoke.com\/","logo":{"@type":"ImageObject","inLanguage":"pt-PT","@id":"https:\/\/iguanasmoke.com\/#\/schema\/logo\/image\/","url":"https:\/\/iguanasmoke.com\/wp-content\/uploads\/2025\/01\/logoiguana-favi-1.png","contentUrl":"https:\/\/iguanasmoke.com\/wp-content\/uploads\/2025\/01\/logoiguana-favi-1.png","width":512,"height":512,"caption":"Iguana Smoke"},"image":{"@id":"https:\/\/iguanasmoke.com\/#\/schema\/logo\/image\/"},"sameAs":["https:\/\/www.facebook.com\/iguanasmoke","https:\/\/www.instagram.com\/iguanasmoke\/"]}]},"product_brand":"variable","og_availability":"instock","product_availability":"instock","product_condition":"new"},"_links":{"self":[{"href":"https:\/\/iguanasmoke.com\/pt\/wp-json\/wp\/v2\/product\/62071","targetHints":{"allow":["GET"]}}],"collection":[{"href":"https:\/\/iguanasmoke.com\/pt\/wp-json\/wp\/v2\/product"}],"about":[{"href":"https:\/\/iguanasmoke.com\/pt\/wp-json\/wp\/v2\/types\/product"}],"replies":[{"embeddable":true,"href":"https:\/\/iguanasmoke.com\/pt\/wp-json\/wp\/v2\/comments?post=62071"}],"wp:featuredmedia":[{"embeddable":true,"href":"https:\/\/iguanasmoke.com\/pt\/wp-json\/wp\/v2\/media\/77847"}],"wp:attachment":[{"href":"https:\/\/iguanasmoke.com\/pt\/wp-json\/wp\/v2\/media?parent=62071"}],"wp:term":[{"taxonomy":"product_brand","embeddable":true,"href":"https:\/\/iguanasmoke.com\/pt\/wp-json\/wp\/v2\/product_brand?post=62071"},{"taxonomy":"product_cat","embeddable":true,"href":"https:\/\/iguanasmoke.com\/pt\/wp-json\/wp\/v2\/product_cat?post=62071"},{"taxonomy":"product_tag","embeddable":true,"href":"https:\/\/iguanasmoke.com\/pt\/wp-json\/wp\/v2\/product_tag?post=62071"}],"curies":[{"name":"wp","href":"https:\/\/api.w.org\/{rel}","templated":true}]}}