{"id":62784,"date":"2025-08-09T13:06:13","date_gmt":"2025-08-09T11:06:13","guid":{"rendered":"https:\/\/iguanasmoke.com\/?post_type=product&#038;p=62784"},"modified":"2025-12-26T15:16:20","modified_gmt":"2025-12-26T14:16:20","slug":"calmex-pro-5000mg-cbd-cold-effect-gel-2","status":"publish","type":"product","link":"https:\/\/iguanasmoke.com\/pt\/producto\/gel-calmex-pro-5000mg-cbd-efecto-frio\/","title":{"rendered":"Calmex Pro 5000mg CBD Gel"},"content":{"rendered":"<h1><span style=\"font-weight: 400;\">Calmex Pro 5000mg CBD Gel - Pot\u00eancia, frescura e al\u00edvio imediato <\/span><\/h1>\n<p data-start=\"438\" data-end=\"886\"><span style=\"font-weight: 400;\">O <strong>Calmex Pro CBD Gel<\/strong> \u00e9 um gel de canabidiol de <strong>alta concentra\u00e7\u00e3o<\/strong>A Comiss\u00e3o, formulada para oferecer um <strong>al\u00edvio r\u00e1pido, localizado e eficaz<\/strong> gra\u00e7as \u00e0 sua poderosa <strong>efeito frio<\/strong>. Cont\u00e9m igualmente <strong>5000mg de CBD puro em apenas 50ml<\/strong>, e \u00e9, portanto, a escolha ideal para quem procura um gel profissional de CBD para a <strong>recupera\u00e7\u00e3o muscular<\/strong>, al\u00edvio da dor e bem-estar f\u00edsico quotidiano. <\/span><\/p>\n<p data-start=\"438\" data-end=\"886\"><span style=\"font-weight: 400;\">Concebido para desportistas, praticantes de actividades f\u00edsicas e utilizadores que pretendem uma <strong>alternativa natural e eficaz<\/strong> aos analg\u00e9sicos tradicionais, o <strong>Calmex Pro CBD Gel<\/strong> actua diretamente na zona aplicada, proporcionando uma sensa\u00e7\u00e3o de frescura imediata e duradoura.<\/span><\/p>\n<h2 data-start=\"438\" data-end=\"886\"><strong>Para que serve? <\/strong><\/h2>\n<p data-start=\"438\" data-end=\"886\"><span style=\"font-weight: 400;\">O <strong>Calmex Pro CBD Gel\u00a0<\/strong>\u00e9 indicado para o al\u00edvio do desconforto muscular e articular, especialmente em situa\u00e7\u00f5es de: <\/span><\/p>\n<ul>\n<li data-start=\"438\" data-end=\"886\"><span style=\"font-weight: 400;\">Sobrecarga muscular <\/span><\/li>\n<li data-start=\"438\" data-end=\"886\"><span style=\"font-weight: 400;\">Dor localizada <\/span><\/li>\n<li data-start=\"438\" data-end=\"886\"><span style=\"font-weight: 400;\">Inflama\u00e7\u00e3o ligeira <\/span><\/li>\n<li data-start=\"438\" data-end=\"886\"><span style=\"font-weight: 400;\">Recupera\u00e7\u00e3o p\u00f3s-treino <\/span><\/li>\n<li data-start=\"438\" data-end=\"886\"><span style=\"font-weight: 400;\">Tens\u00f5es ap\u00f3s treinos f\u00edsicos intensos <\/span><\/li>\n<\/ul>\n<p><span style=\"font-weight: 400;\">Gra\u00e7as \u00e0 sua elevada concentra\u00e7\u00e3o de canabidiol, este <strong>gel anti-inflamat\u00f3rio de CBD<\/strong> actua r\u00e1pida e eficazmente sem deixar uma sensa\u00e7\u00e3o gordurosa.<\/span><\/p>\n<p>&nbsp;<\/p>\n<h2><strong>Benef\u00edcios:<\/strong><\/h2>\n<p><span style=\"font-weight: 400;\">O <strong>Calmex Pro CBD Gel <\/strong>n\u00e3o \u00e9 um gel convencional. A sua f\u00f3rmula avan\u00e7ada combina canabidiol de elevada pureza com um efeito frio intenso para melhorar os seus resultados: <\/span><\/p>\n<ol>\n<li><span style=\"font-weight: 400;\">Al\u00edvio r\u00e1pido das dores musculares e articulares <\/span><\/li>\n<li><span style=\"font-weight: 400;\">Recupera\u00e7\u00e3o muscular acelerada ap\u00f3s o treino ou esfor\u00e7o f\u00edsico <\/span><\/li>\n<li><span style=\"font-weight: 400;\">Efeito frio intenso que reduz a sensa\u00e7\u00e3o de incha\u00e7o <\/span><\/li>\n<li><span style=\"font-weight: 400;\">Elevada concentra\u00e7\u00e3o de CBD: resultados vis\u00edveis com pouca quantidade <\/span><\/li>\n<li><span style=\"font-weight: 400;\">Sensa\u00e7\u00e3o de bem-estar e relaxamento muscular <\/span><\/li>\n<li><span style=\"font-weight: 400;\">R\u00e1pida absor\u00e7\u00e3o, sem res\u00edduos, sem sensa\u00e7\u00e3o de gordura <\/span><\/li>\n<\/ol>\n<h2 data-start=\"438\" data-end=\"886\"><strong>Porqu\u00ea escolher um gel de CBD de alta concentra\u00e7\u00e3o?\u00a0<\/strong><\/h2>\n<p data-start=\"438\" data-end=\"886\"><span style=\"font-weight: 400;\">Existem muitos g\u00e9is e cremes de CBD no mercado, mas poucos oferecem a pot\u00eancia e a efic\u00e1cia do CBD. <strong>Calmex Pro CBD Gel 5000mg.<\/strong><\/span><\/p>\n<p data-start=\"438\" data-end=\"886\"><strong>Principais diferen\u00e7as: <\/strong><\/p>\n<ul>\n<li data-start=\"438\" data-end=\"886\"><span style=\"font-weight: 400;\"><strong>Alta pot\u00eancia:<\/strong> 5000mg de CBD num formato compacto de 50ml<\/span><\/li>\n<li data-start=\"438\" data-end=\"886\"><strong>Qualidade superior:<\/strong> sem parabenos e produtos qu\u00edmicos agressivos<\/li>\n<li data-start=\"438\" data-end=\"886\"><strong>Adequado para todos os tipos de pele<\/strong><\/li>\n<li data-start=\"438\" data-end=\"886\"><strong>Desporto e utiliza\u00e7\u00e3o terap\u00eautica<\/strong><\/li>\n<li data-start=\"438\" data-end=\"886\"><strong>Efeito localizado e duradouro<\/strong><\/li>\n<\/ul>\n<h2 data-start=\"438\" data-end=\"886\"><strong>Como utilizar o <\/strong><span style=\"font-weight: 400;\"><strong>Calmex Pro CBD Gel<\/strong><\/span><strong>:<\/strong><\/h2>\n<p data-start=\"438\" data-end=\"886\"><span style=\"font-weight: 400;\">Aplicar topicamente na zona desejada. <\/span><\/p>\n<p data-start=\"438\" data-end=\"886\"><span style=\"font-weight: 400;\"><strong>Indica\u00e7\u00f5es:<\/strong> <\/span><\/p>\n<ol>\n<li data-start=\"438\" data-end=\"886\"><span style=\"font-weight: 400;\">Aplicar uma pequena quantidade na pele limpa e seca. <\/span><\/li>\n<li data-start=\"438\" data-end=\"886\"><span style=\"font-weight: 400;\">Massajar suavemente at\u00e9 ser completamente absorvido <\/span><\/li>\n<li data-start=\"438\" data-end=\"886\"><span style=\"font-weight: 400;\">Utilizar antes ou depois do treino ou conforme necess\u00e1rio. <\/span><\/li>\n<\/ol>\n<p><span style=\"font-weight: 400;\"><strong>\u00c1reas recomendadas:<\/strong> costas, pesco\u00e7o, ombros, joelhos, cotovelos e pernas. <\/span><\/p>\n<p><span style=\"font-weight: 400;\">\u26a0\ufe0fConsejo: evitar o contacto com os olhos e as mucosas. Apenas para uso externo.<\/span><\/p>\n<h2 data-start=\"3032\" data-end=\"3080\">Calmex Pro Gel vs Creme tradicional com CBD<\/h2>\n<p data-start=\"3082\" data-end=\"3343\"><span style=\"font-weight: 400;\">Embora ambos os produtos contenham canabidiol, a sua fun\u00e7\u00e3o e textura s\u00e3o diferentes:\u00a0<\/span><\/p>\n<ul data-start=\"3345\" data-end=\"3566\">\n<li data-start=\"3345\" data-end=\"3453\">\n<p data-start=\"3347\" data-end=\"3453\"><strong data-start=\"3347\" data-end=\"3365\">Calmex Pro Gel<\/strong> <strong>CBD<\/strong>\u2192 Leve, fresca, de r\u00e1pida absor\u00e7\u00e3o, perfeita para a pr\u00e1tica de desporto e p\u00f3s-treino.<\/p>\n<\/li>\n<li data-start=\"3454\" data-end=\"3566\">\n<p data-start=\"3456\" data-end=\"3566\"><strong data-start=\"3456\" data-end=\"3472\">Creme tradicional com CBD<\/strong> \u2192 Textura densa, hidratante, de longa dura\u00e7\u00e3o e mais orientada para o cuidado di\u00e1rio da pele.<\/p>\n<\/li>\n<\/ul>\n<h2 data-start=\"3573\" data-end=\"3630\">Creme anti-inflamat\u00f3rio com CBD: al\u00edvio seguro e natural<\/h2>\n<p data-start=\"3632\" data-end=\"3980\"><span style=\"font-weight: 400;\">O canabidiol \u00e9 reconhecido pelas suas propriedades de <strong>anti-inflamat\u00f3rio e analg\u00e9sico<\/strong>, que torna o <strong>Calmex Pro CBD Gel\u00a0<\/strong>\u00e9 uma excelente alternativa natural para o cuidado dos m\u00fasculos e das articula\u00e7\u00f5es. <\/span><\/p>\n<p data-start=\"3632\" data-end=\"3980\"><span style=\"font-weight: 400;\">Ao contr\u00e1rio dos medicamentos convencionais: <\/span><\/p>\n<ul>\n<li data-start=\"3632\" data-end=\"3980\"><span style=\"font-weight: 400;\">Amigo do est\u00f4mago <\/span><\/li>\n<li data-start=\"3632\" data-end=\"3980\"><span style=\"font-weight: 400;\">Sem depend\u00eancia <\/span><\/li>\n<li data-start=\"3632\" data-end=\"3980\"><span style=\"font-weight: 400;\">Actua de forma natural e localizada <\/span><\/li>\n<\/ul>\n<p><span style=\"font-weight: 400;\">Ideal para: <\/span><\/p>\n<ul>\n<li><span style=\"font-weight: 400;\">Dores musculares cr\u00f3nicas ou ocasionais <\/span><\/li>\n<li><span style=\"font-weight: 400;\">Inflama\u00e7\u00e3o devido \u00e0 atividade f\u00edsica <\/span><\/li>\n<li><span style=\"font-weight: 400;\">Pancadas ou ferimentos ligeiros<\/span><\/li>\n<\/ul>\n<h2 data-start=\"4185\" data-end=\"4227\">Quem pode utilizar o <span style=\"font-weight: 400;\"><strong>Calmex Pro CBD Gel<\/strong><\/span>?<\/h2>\n<p data-start=\"4229\" data-end=\"4270\">Este <span style=\"font-weight: 400;\"><strong>Calmex Pro CBD Gel<\/strong><\/span>\u00a0\u00e9 adequado para:<\/p>\n<ul>\n<li data-start=\"4229\" data-end=\"4270\"><strong data-start=\"4273\" data-end=\"4313\">Desportistas profissionais e amadores<\/strong> que procuram otimizar a sua recupera\u00e7\u00e3o.<\/li>\n<li data-start=\"4229\" data-end=\"4270\">Pessoas com desconforto articular ou muscular devido a trabalho f\u00edsico ou m\u00e1 postura.<\/li>\n<li data-start=\"4229\" data-end=\"4270\">Aqueles que desejam uma solu\u00e7\u00e3o natural para a dor sem recorrer a medicamentos tradicionais.<\/li>\n<\/ul>\n<h2 data-start=\"4544\" data-end=\"4574\">Carater\u00edsticas t\u00e9cnicas<\/h2>\n<ul>\n<li><strong>Formato: 50ml<\/strong><\/li>\n<li>Conte\u00fado de CBD: 5000mg de alta pureza<\/li>\n<li>Efeito: Frio intenso<\/li>\n<li>Textura: gel ligeiro, n\u00e3o oleoso<\/li>\n<li>Utiliza\u00e7\u00e3o: T\u00f3pica<\/li>\n<li>Absor\u00e7\u00e3o: R\u00e1pida<\/li>\n<li>Adequado para: Todos os tipos de pele<\/li>\n<\/ul>\n<h3><b>Iguana Smoke \u00e9 a sua loja online de confian\u00e7a de CBD<\/b><\/h3>\n<p><span style=\"font-weight: 400;\">Em<strong> Fumo de Iguana<\/strong>, Acreditamos que desfrutar do CBD deve ser uma experi\u00eancia segura e agrad\u00e1vel. \u00c9 por isso que temos produtos que se ligam \u00e0 nova gera\u00e7\u00e3o: pessoas que procuram um bem-estar descomplicado, com marcas aut\u00eanticas e fi\u00e1veis.\u00a0<\/span><\/p>\n<p>A nossa miss\u00e3o \u00e9 clara: trazer-lhe o melhor do mundo dos canabin\u00f3ides a um pre\u00e7o justo. Al\u00e9m disso, damos-lhe a tranquilidade de saber que est\u00e1 a escolher um produto certificado, eficaz e 100% legal. O seu tempo de relaxamento come\u00e7a aqui connosco.<\/p>\n<p>Ainda tem d\u00favidas? Escreva-nos e teremos todo o gosto em ajud\u00e1-lo a encontrar o produto certo para si.<\/p>\n<p>&nbsp;<\/p>","protected":false},"excerpt":{"rendered":"<p><span style=\"font-weight: 400;\">O <strong data-start=\"5270\" data-end=\"5302\">Calmex Pro 5000mg CBD Gel <\/strong>\u00e9 um gel de canabidiol altamente concentrado com um efeito frio intenso, concebido para o al\u00edvio r\u00e1pido das dores musculares e articulares. A sua f\u00f3rmula n\u00e3o oleosa e de r\u00e1pida absor\u00e7\u00e3o actua localmente.\u00a0<\/span><\/p>","protected":false},"featured_media":62786,"comment_status":"open","ping_status":"closed","template":"","meta":{"_acf_changed":false,"site-sidebar-layout":"default","site-content-layout":"","ast-site-content-layout":"default","site-content-style":"default","site-sidebar-style":"default","ast-global-header-display":"","ast-banner-title-visibility":"","ast-main-header-display":"","ast-hfb-above-header-display":"","ast-hfb-below-header-display":"","ast-hfb-mobile-header-display":"","site-post-title":"","ast-breadcrumbs-content":"","ast-featured-img":"","footer-sml-layout":"","theme-transparent-header-meta":"default","adv-header-id-meta":"","stick-header-meta":"","header-above-stick-meta":"","header-main-stick-meta":"","header-below-stick-meta":"","astra-migrate-meta-layouts":"set","ast-page-background-enabled":"default","ast-page-background-meta":{"desktop":{"background-color":"var(--ast-global-color-4)","background-image":"","background-repeat":"repeat","background-position":"center center","background-size":"auto","background-attachment":"scroll","background-type":"","background-media":"","overlay-type":"","overlay-color":"","overlay-opacity":"","overlay-gradient":""},"tablet":{"background-color":"","background-image":"","background-repeat":"repeat","background-position":"center center","background-size":"auto","background-attachment":"scroll","background-type":"","background-media":"","overlay-type":"","overlay-color":"","overlay-opacity":"","overlay-gradient":""},"mobile":{"background-color":"","background-image":"","background-repeat":"repeat","background-position":"center center","background-size":"auto","background-attachment":"scroll","background-type":"","background-media":"","overlay-type":"","overlay-color":"","overlay-opacity":"","overlay-gradient":""}},"ast-content-background-meta":{"desktop":{"background-color":"var(--ast-global-color-5)","background-image":"","background-repeat":"repeat","background-position":"center center","background-size":"auto","background-attachment":"scroll","background-type":"","background-media":"","overlay-type":"","overlay-color":"","overlay-opacity":"","overlay-gradient":""},"tablet":{"background-color":"var(--ast-global-color-5)","background-image":"","background-repeat":"repeat","background-position":"center center","background-size":"auto","background-attachment":"scroll","background-type":"","background-media":"","overlay-type":"","overlay-color":"","overlay-opacity":"","overlay-gradient":""},"mobile":{"background-color":"var(--ast-global-color-5)","background-image":"","background-repeat":"repeat","background-position":"center center","background-size":"auto","background-attachment":"scroll","background-type":"","background-media":"","overlay-type":"","overlay-color":"","overlay-opacity":"","overlay-gradient":""}}},"product_brand":[],"product_cat":[455,456,458],"product_tag":[],"class_list":{"0":"post-62784","1":"product","2":"type-product","3":"status-publish","4":"has-post-thumbnail","6":"product_cat-cosmeticos-cbd","7":"product_cat-lyf","8":"product_cat-marios-market","9":"desktop-align-center","10":"tablet-align-center","11":"mobile-align-center","13":"first","14":"instock","15":"taxable","16":"shipping-taxable","17":"purchasable","18":"product-type-simple"},"acf":[],"yoast_head":"<!-- This site is optimized with the Yoast SEO Premium plugin v27.3 (Yoast SEO v27.3) - https:\/\/yoast.com\/product\/yoast-seo-premium-wordpress\/ -->\n<title>Gel Calmex Pro CBD<\/title>\n<meta name=\"description\" content=\"Compra el Gel Calmex Pro CBD 5000mg con efecto fr\u00edo. Alivia dolores, acelera la recuperaci\u00f3n muscular y disfruta de frescor inmediato.\" \/>\n<meta name=\"robots\" content=\"index, follow, max-snippet:-1, max-image-preview:large, max-video-preview:-1\" \/>\n<link rel=\"canonical\" href=\"https:\/\/iguanasmoke.com\/pt\/produto\/calmex-pro-5000mg-cbd-cold-effect-gel-2\/\" \/>\n<meta property=\"og:locale\" content=\"pt_PT\" \/>\n<meta property=\"og:type\" content=\"article\" \/>\n<meta property=\"og:title\" content=\"Gel Calmex Pro 5000mg de CBD\" \/>\n<meta property=\"og:description\" content=\"El Gel Calmex Pro 5000mg de CBD es un gel de cannabidiol de alta concentraci\u00f3n con efecto fr\u00edo intenso, dise\u00f1ado para el alivio r\u00e1pido del dolor muscular y articular. Su f\u00f3rmula de r\u00e1pida absorci\u00f3n, no grasa, act\u00faa de forma localizada.\u00a0\" \/>\n<meta property=\"og:url\" content=\"https:\/\/iguanasmoke.com\/pt\/produto\/calmex-pro-5000mg-cbd-cold-effect-gel-2\/\" \/>\n<meta property=\"og:site_name\" content=\"Iguana Smoke\" \/>\n<meta property=\"article:publisher\" content=\"https:\/\/www.facebook.com\/iguanasmoke\" \/>\n<meta property=\"article:modified_time\" content=\"2025-12-26T14:16:20+00:00\" \/>\n<meta property=\"og:image\" content=\"https:\/\/iguanasmoke.com\/wp-content\/uploads\/2025\/08\/crema-calmex-pro-1.webp\" \/>\n\t<meta property=\"og:image:width\" content=\"1000\" \/>\n\t<meta property=\"og:image:height\" content=\"1000\" \/>\n\t<meta property=\"og:image:type\" content=\"image\/webp\" \/>\n<meta name=\"twitter:card\" content=\"summary_large_image\" \/>\n<meta name=\"twitter:label1\" content=\"pre\u00e7o\" \/>\n\t<meta name=\"twitter:data1\" content=\"25,90&nbsp;&euro;\" \/>\n\t<meta name=\"twitter:label2\" content=\"Disponibilidade\" \/>\n\t<meta name=\"twitter:data2\" content=\"Em stock\" \/>\n<meta property=\"product:brand\" content=\"simple\" \/>\n<meta property=\"product:price:amount\" content=\"25.90\" \/>\n<meta property=\"product:price:currency\" content=\"EUR\" \/>\n<meta property=\"og:availability\" content=\"instock\" \/>\n<meta property=\"product:availability\" content=\"instock\" \/>\n<meta property=\"product:retailer_item_id\" content=\"LYF-CALMEXPRO\" \/>\n<meta property=\"product:condition\" content=\"new\" \/>\n<!-- \/ Yoast SEO Premium plugin. -->","yoast_head_json":{"title":"Calmex Pro CBD Gel","description":"Comprar Calmex Pro CBD 5000mg Gel com efeito refrescante. Alivia a dor, acelera a recupera\u00e7\u00e3o muscular e desfruta de uma frescura imediata.","robots":{"index":"index","follow":"follow","max-snippet":"max-snippet:-1","max-image-preview":"max-image-preview:large","max-video-preview":"max-video-preview:-1"},"canonical":"https:\/\/iguanasmoke.com\/pt\/produto\/calmex-pro-5000mg-cbd-cold-effect-gel-2\/","og_locale":"pt_PT","og_type":"article","og_title":"Gel Calmex Pro 5000mg de CBD","og_description":"El Gel Calmex Pro 5000mg de CBD es un gel de cannabidiol de alta concentraci\u00f3n con efecto fr\u00edo intenso, dise\u00f1ado para el alivio r\u00e1pido del dolor muscular y articular. Su f\u00f3rmula de r\u00e1pida absorci\u00f3n, no grasa, act\u00faa de forma localizada.\u00a0","og_url":"https:\/\/iguanasmoke.com\/pt\/produto\/calmex-pro-5000mg-cbd-cold-effect-gel-2\/","og_site_name":"Iguana Smoke","article_publisher":"https:\/\/www.facebook.com\/iguanasmoke","article_modified_time":"2025-12-26T14:16:20+00:00","og_image":[{"width":1000,"height":1000,"url":"https:\/\/iguanasmoke.com\/wp-content\/uploads\/2025\/08\/crema-calmex-pro-1.webp","type":"image\/webp"}],"twitter_card":"summary_large_image","twitter_misc":{"pre\u00e7o":"25,90&nbsp;&euro;","Disponibilidade":"Em stock"},"schema":{"@context":"https:\/\/schema.org","@graph":[{"@type":"WebPage","@id":"https:\/\/iguanasmoke.com\/producto\/gel-calmex-pro-5000mg-cbd-efecto-frio\/","url":"https:\/\/iguanasmoke.com\/producto\/gel-calmex-pro-5000mg-cbd-efecto-frio\/","name":"Calmex Pro CBD Gel","isPartOf":{"@id":"https:\/\/iguanasmoke.com\/#website"},"primaryImageOfPage":{"@id":"https:\/\/iguanasmoke.com\/producto\/gel-calmex-pro-5000mg-cbd-efecto-frio\/#primaryimage"},"image":{"@id":"https:\/\/iguanasmoke.com\/producto\/gel-calmex-pro-5000mg-cbd-efecto-frio\/#primaryimage"},"thumbnailUrl":"https:\/\/iguanasmoke.com\/wp-content\/uploads\/2025\/08\/crema-calmex-pro-1.webp","datePublished":"2025-08-09T11:06:13+00:00","dateModified":"2025-12-26T14:16:20+00:00","description":"Comprar Calmex Pro CBD 5000mg Gel com efeito refrescante. Alivia a dor, acelera a recupera\u00e7\u00e3o muscular e desfruta de uma frescura imediata.","breadcrumb":{"@id":"https:\/\/iguanasmoke.com\/producto\/gel-calmex-pro-5000mg-cbd-efecto-frio\/#breadcrumb"},"inLanguage":"pt-PT","potentialAction":[{"@type":"ReadAction","target":["https:\/\/iguanasmoke.com\/producto\/gel-calmex-pro-5000mg-cbd-efecto-frio\/"]}]},{"@type":"ImageObject","inLanguage":"pt-PT","@id":"https:\/\/iguanasmoke.com\/producto\/gel-calmex-pro-5000mg-cbd-efecto-frio\/#primaryimage","url":"https:\/\/iguanasmoke.com\/wp-content\/uploads\/2025\/08\/crema-calmex-pro-1.webp","contentUrl":"https:\/\/iguanasmoke.com\/wp-content\/uploads\/2025\/08\/crema-calmex-pro-1.webp","width":1000,"height":1000,"caption":"Gel Calmex Pro 5000mg CBD \u2013 M\u00e1xima potencia con efecto fr\u00edo para tu bienestar"},{"@type":"BreadcrumbList","@id":"https:\/\/iguanasmoke.com\/producto\/gel-calmex-pro-5000mg-cbd-efecto-frio\/#breadcrumb","itemListElement":[{"@type":"ListItem","position":1,"name":"home","item":"https:\/\/iguanasmoke.com\/"},{"@type":"ListItem","position":2,"name":"Tienda","item":"https:\/\/iguanasmoke.com\/tienda\/"},{"@type":"ListItem","position":3,"name":"Mario's Market","item":"https:\/\/iguanasmoke.com\/categoria\/marios-market\/"},{"@type":"ListItem","position":4,"name":"Gel Calmex Pro 5000mg de CBD"}]},{"@type":"WebSite","@id":"https:\/\/iguanasmoke.com\/#website","url":"https:\/\/iguanasmoke.com\/","name":"Fumo de Iguana","description":"Comprar CBD online ao melhor pre\u00e7o","publisher":{"@id":"https:\/\/iguanasmoke.com\/#organization"},"potentialAction":[{"@type":"SearchAction","target":{"@type":"EntryPoint","urlTemplate":"https:\/\/iguanasmoke.com\/?s={search_term_string}"},"query-input":{"@type":"PropertyValueSpecification","valueRequired":true,"valueName":"search_term_string"}}],"inLanguage":"pt-PT"},{"@type":"Organization","@id":"https:\/\/iguanasmoke.com\/#organization","name":"Fumo de Iguana","url":"https:\/\/iguanasmoke.com\/","logo":{"@type":"ImageObject","inLanguage":"pt-PT","@id":"https:\/\/iguanasmoke.com\/#\/schema\/logo\/image\/","url":"https:\/\/iguanasmoke.com\/wp-content\/uploads\/2025\/01\/logoiguana-favi-1.png","contentUrl":"https:\/\/iguanasmoke.com\/wp-content\/uploads\/2025\/01\/logoiguana-favi-1.png","width":512,"height":512,"caption":"Iguana Smoke"},"image":{"@id":"https:\/\/iguanasmoke.com\/#\/schema\/logo\/image\/"},"sameAs":["https:\/\/www.facebook.com\/iguanasmoke","https:\/\/www.instagram.com\/iguanasmoke\/"]}]},"product_brand":"simple","product_price_amount":"25.90","product_price_currency":"EUR","og_availability":"instock","product_availability":"instock","product_retailer_item_id":"LYF-CALMEXPRO","product_condition":"new"},"_links":{"self":[{"href":"https:\/\/iguanasmoke.com\/pt\/wp-json\/wp\/v2\/product\/62784","targetHints":{"allow":["GET"]}}],"collection":[{"href":"https:\/\/iguanasmoke.com\/pt\/wp-json\/wp\/v2\/product"}],"about":[{"href":"https:\/\/iguanasmoke.com\/pt\/wp-json\/wp\/v2\/types\/product"}],"replies":[{"embeddable":true,"href":"https:\/\/iguanasmoke.com\/pt\/wp-json\/wp\/v2\/comments?post=62784"}],"wp:featuredmedia":[{"embeddable":true,"href":"https:\/\/iguanasmoke.com\/pt\/wp-json\/wp\/v2\/media\/62786"}],"wp:attachment":[{"href":"https:\/\/iguanasmoke.com\/pt\/wp-json\/wp\/v2\/media?parent=62784"}],"wp:term":[{"taxonomy":"product_brand","embeddable":true,"href":"https:\/\/iguanasmoke.com\/pt\/wp-json\/wp\/v2\/product_brand?post=62784"},{"taxonomy":"product_cat","embeddable":true,"href":"https:\/\/iguanasmoke.com\/pt\/wp-json\/wp\/v2\/product_cat?post=62784"},{"taxonomy":"product_tag","embeddable":true,"href":"https:\/\/iguanasmoke.com\/pt\/wp-json\/wp\/v2\/product_tag?post=62784"}],"curies":[{"name":"wp","href":"https:\/\/api.w.org\/{rel}","templated":true}]}}