{"id":62787,"date":"2025-08-09T13:23:07","date_gmt":"2025-08-09T11:23:07","guid":{"rendered":"https:\/\/iguanasmoke.com\/?post_type=product&#038;p=62787"},"modified":"2025-08-12T15:51:19","modified_gmt":"2025-08-12T13:51:19","slug":"balsamo-labial-cbd-750mg-balsamo-labial","status":"publish","type":"product","link":"https:\/\/iguanasmoke.com\/pt\/producto\/lip-balm-cbd-750mg-balsamo-de-labios\/","title":{"rendered":"B\u00e1lsamo labial CBD 750mg CBD 15ml"},"content":{"rendered":"<h1 data-start=\"234\" data-end=\"302\"><strong data-start=\"236\" data-end=\"302\">B\u00e1lsamo labial com CBD 750mg - Hidrata\u00e7\u00e3o e cuidados naturais<\/strong><\/h1>\n<p data-start=\"304\" data-end=\"742\">O <strong data-start=\"307\" data-end=\"329\">B\u00e1lsamo labial CBD 750mg<\/strong> \u00e9 muito mais do que um simples b\u00e1lsamo para os l\u00e1bios - \u00e9 um <strong data-start=\"381\" data-end=\"409\">B\u00e1lsamo labial com CBD<\/strong> formulado com ingredientes naturais de alta qualidade para hidratar, nutrir e proteger os seus l\u00e1bios em qualquer altura do dia. Gra\u00e7as \u00e0 sua concentra\u00e7\u00e3o de <strong data-start=\"567\" data-end=\"583\">750mg de CBD<\/strong> num pr\u00e1tico formato de 15 ml, este produto torna-se o seu aliado perfeito para manter um sorriso saud\u00e1vel e uns l\u00e1bios irresistivelmente macios.<\/p>\n<h2 data-start=\"744\" data-end=\"791\"><strong data-start=\"747\" data-end=\"791\">Propriedades do b\u00e1lsamo labial com CBD<\/strong><\/h2>\n<p data-start=\"793\" data-end=\"1002\">O <strong data-start=\"796\" data-end=\"817\">CBD (canabidiol)<\/strong> \u00e9 um composto natural encontrado no c\u00e2nhamo com poderosas propriedades antioxidantes, calmantes e regenerativas. Aplicado topicamente numa <strong data-start=\"962\" data-end=\"983\">B\u00c1LSAMO PARA OS L\u00c1BIOS<\/strong>, O CBD ajuda a:<\/p>\n<ul data-start=\"1004\" data-end=\"1314\">\n<li data-start=\"1004\" data-end=\"1080\">\n<p data-start=\"1006\" data-end=\"1080\"><strong data-start=\"1006\" data-end=\"1033\">Hidratar em profundidade<\/strong> e manter a hidrata\u00e7\u00e3o natural dos l\u00e1bios.<\/p>\n<\/li>\n<li data-start=\"1081\" data-end=\"1162\">\n<p data-start=\"1083\" data-end=\"1162\"><strong data-start=\"1083\" data-end=\"1106\">Acalmar as irrita\u00e7\u00f5es<\/strong> causada pelo frio, sol ou secura do ambiente.<\/p>\n<\/li>\n<li data-start=\"1163\" data-end=\"1218\">\n<p data-start=\"1165\" data-end=\"1218\"><strong data-start=\"1165\" data-end=\"1194\">Promover a regenera\u00e7\u00e3o<\/strong> de pele gretada.<\/p>\n<\/li>\n<li data-start=\"1219\" data-end=\"1314\">\n<p data-start=\"1221\" data-end=\"1314\">Proteger contra <strong data-start=\"1239\" data-end=\"1259\">actores externos<\/strong> como o vento, as mudan\u00e7as de temperatura e a polui\u00e7\u00e3o.<\/p>\n<\/li>\n<\/ul>\n<p data-start=\"1316\" data-end=\"1481\">Al\u00e9m disso, a f\u00f3rmula para este <strong data-start=\"1343\" data-end=\"1359\">B\u00e1lsamo labial com CBD<\/strong> \u00e9 enriquecido com \u00f3leos e manteigas naturais que aumentam os seus benef\u00edcios e proporcionam uma textura suave e agrad\u00e1vel.<\/p>\n<h2 data-start=\"1483\" data-end=\"1527\"><strong data-start=\"1486\" data-end=\"1527\">Benef\u00edcios da utiliza\u00e7\u00e3o do b\u00e1lsamo labial CBD 750mg<\/strong><\/h2>\n<p data-start=\"1529\" data-end=\"1629\">A utiliza\u00e7\u00e3o di\u00e1ria deste <strong data-start=\"1551\" data-end=\"1581\">B\u00e1lsamo labial B\u00e1lsamo labial<\/strong> proporciona uma s\u00e9rie de benef\u00edcios not\u00e1veis:<\/p>\n<h3 data-start=\"1631\" data-end=\"1664\">1. <strong data-start=\"1638\" data-end=\"1662\">Hidrata\u00e7\u00e3o de longa dura\u00e7\u00e3o<\/strong><\/h3>\n<p data-start=\"1665\" data-end=\"1796\">A combina\u00e7\u00e3o de CBD e \u00f3leos vegetais penetra na pele para a nutrir a partir do interior, prevenindo a secura e a descama\u00e7\u00e3o.<\/p>\n<h3 data-start=\"1798\" data-end=\"1837\">2. <strong data-start=\"1805\" data-end=\"1835\">Prote\u00e7\u00e3o clim\u00e1tica<\/strong><\/h3>\n<p data-start=\"1838\" data-end=\"1943\">No inverno, protege contra o frio e o vento; no ver\u00e3o, ajuda a reparar os danos causados pelo sol.<\/p>\n<h3 data-start=\"1945\" data-end=\"1983\">3. <strong data-start=\"1952\" data-end=\"1981\">Efeito calmante imediato<\/strong><\/h3>\n<p data-start=\"1984\" data-end=\"2099\">Gra\u00e7as \u00e0s propriedades anti-inflamat\u00f3rias do CBD, alivia as sensa\u00e7\u00f5es de aperto ou de ardor nos l\u00e1bios sens\u00edveis.<\/p>\n<h3 data-start=\"2101\" data-end=\"2136\">4. <strong data-start=\"2108\" data-end=\"2134\">Regenera\u00e7\u00e3o intensiva<\/strong><\/h3>\n<p data-start=\"2137\" data-end=\"2230\">Perfeito para l\u00e1bios gretados ou danificados, promovendo uma repara\u00e7\u00e3o mais r\u00e1pida e eficaz.<\/p>\n<h2 data-start=\"2232\" data-end=\"2279\"><strong data-start=\"2235\" data-end=\"2279\">Como utilizar o b\u00e1lsamo labial com CBD<\/strong><\/h2>\n<p data-start=\"2281\" data-end=\"2501\">Aplicar uma pequena quantidade de <strong data-start=\"2314\" data-end=\"2330\">B\u00e1lsamo labial com CBD<\/strong> diretamente nos l\u00e1bios limpos, sempre que necess\u00e1rio. A sua textura cremosa funde-se instantaneamente, deixando uma camada protetora invis\u00edvel mas muito eficaz.<\/p>\n<p data-start=\"2503\" data-end=\"2519\">Pode utiliz\u00e1-lo:<\/p>\n<ul data-start=\"2520\" data-end=\"2693\">\n<li data-start=\"2520\" data-end=\"2572\">\n<p data-start=\"2522\" data-end=\"2572\">Antes de sair de casa para proteger os seus l\u00e1bios.<\/p>\n<\/li>\n<li data-start=\"2573\" data-end=\"2635\">\n<p data-start=\"2575\" data-end=\"2635\">Como tratamento noturno para regenerar enquanto dorme.<\/p>\n<\/li>\n<li data-start=\"2636\" data-end=\"2693\">\n<p data-start=\"2638\" data-end=\"2693\">Sob o batom para um acabamento mais uniforme.<\/p>\n<\/li>\n<\/ul>\n<h2 data-start=\"2695\" data-end=\"2750\"><strong data-start=\"2698\" data-end=\"2750\">Porqu\u00ea escolher o nosso b\u00e1lsamo labial CBD 750mg - 15ml<\/strong><\/h2>\n<p data-start=\"2752\" data-end=\"3097\">Este <strong data-start=\"2757\" data-end=\"2785\">B\u00e1lsamo labial com CBD<\/strong> \u00e9 fabricado com 100% ingredientes naturais, sem parabenos e produtos qu\u00edmicos agressivos. Cont\u00e9m uma elevada concentra\u00e7\u00e3o de CBD puro, garantindo a m\u00e1xima efic\u00e1cia em cada aplica\u00e7\u00e3o. Para al\u00e9m disso, o seu formato de <strong data-start=\"2991\" data-end=\"2999\">15ml<\/strong> \u00e9 ideal para transportar consigo e desfrutar de uma hidrata\u00e7\u00e3o de qualidade superior em viagem.<\/p>\n<p data-start=\"3099\" data-end=\"3273\">O <strong data-start=\"3102\" data-end=\"3118\">B\u00e1lsamo labial com CBD<\/strong> \u00e9 a escolha perfeita se estiver \u00e0 procura de um produto que combine <strong data-start=\"3177\" data-end=\"3220\">cuidados naturais, prote\u00e7\u00e3o e bem-estar<\/strong>, com todos os benef\u00edcios do CBD para os seus l\u00e1bios.<\/p>","protected":false},"excerpt":{"rendered":"<p>O <strong data-start=\"108\" data-end=\"130\">B\u00e1lsamo labial CBD 750mg<\/strong> \u00e9 um b\u00e1lsamo labial natural com CBD que hidrata, protege e repara os l\u00e1bios secos ou gretados. Com 750 mg de CBD puro e \u00f3leos vegetais, oferece cuidados intensivos e prote\u00e7\u00e3o contra o frio, o vento e o sol. O formato de 15 ml \u00e9 ideal para levar sempre consigo.<\/p>","protected":false},"featured_media":62789,"comment_status":"open","ping_status":"closed","template":"","meta":{"_acf_changed":false,"site-sidebar-layout":"default","site-content-layout":"","ast-site-content-layout":"default","site-content-style":"default","site-sidebar-style":"default","ast-global-header-display":"","ast-banner-title-visibility":"","ast-main-header-display":"","ast-hfb-above-header-display":"","ast-hfb-below-header-display":"","ast-hfb-mobile-header-display":"","site-post-title":"","ast-breadcrumbs-content":"","ast-featured-img":"","footer-sml-layout":"","theme-transparent-header-meta":"default","adv-header-id-meta":"","stick-header-meta":"","header-above-stick-meta":"","header-main-stick-meta":"","header-below-stick-meta":"","astra-migrate-meta-layouts":"set","ast-page-background-enabled":"default","ast-page-background-meta":{"desktop":{"background-color":"var(--ast-global-color-4)","background-image":"","background-repeat":"repeat","background-position":"center center","background-size":"auto","background-attachment":"scroll","background-type":"","background-media":"","overlay-type":"","overlay-color":"","overlay-opacity":"","overlay-gradient":""},"tablet":{"background-color":"","background-image":"","background-repeat":"repeat","background-position":"center center","background-size":"auto","background-attachment":"scroll","background-type":"","background-media":"","overlay-type":"","overlay-color":"","overlay-opacity":"","overlay-gradient":""},"mobile":{"background-color":"","background-image":"","background-repeat":"repeat","background-position":"center center","background-size":"auto","background-attachment":"scroll","background-type":"","background-media":"","overlay-type":"","overlay-color":"","overlay-opacity":"","overlay-gradient":""}},"ast-content-background-meta":{"desktop":{"background-color":"var(--ast-global-color-5)","background-image":"","background-repeat":"repeat","background-position":"center center","background-size":"auto","background-attachment":"scroll","background-type":"","background-media":"","overlay-type":"","overlay-color":"","overlay-opacity":"","overlay-gradient":""},"tablet":{"background-color":"var(--ast-global-color-5)","background-image":"","background-repeat":"repeat","background-position":"center center","background-size":"auto","background-attachment":"scroll","background-type":"","background-media":"","overlay-type":"","overlay-color":"","overlay-opacity":"","overlay-gradient":""},"mobile":{"background-color":"var(--ast-global-color-5)","background-image":"","background-repeat":"repeat","background-position":"center center","background-size":"auto","background-attachment":"scroll","background-type":"","background-media":"","overlay-type":"","overlay-color":"","overlay-opacity":"","overlay-gradient":""}}},"product_brand":[],"product_cat":[458],"product_tag":[],"class_list":{"0":"post-62787","1":"product","2":"type-product","3":"status-publish","4":"has-post-thumbnail","6":"product_cat-marios-market","7":"desktop-align-center","8":"tablet-align-center","9":"mobile-align-center","11":"first","12":"instock","13":"taxable","14":"shipping-taxable","15":"purchasable","16":"product-type-simple"},"acf":[],"yoast_head":"<!-- This site is optimized with the Yoast SEO Premium plugin v27.3 (Yoast SEO v27.3) - https:\/\/yoast.com\/product\/yoast-seo-premium-wordpress\/ -->\n<title>Lip Balm CBD 750mg | B\u00e1lsamo de Labios Hidratante<\/title>\n<meta name=\"description\" content=\"B\u00e1lsamo de labios de CBD con 750mg. Hidrata, protege y repara tus labios de forma natural. Formato 15ml ideal para uso diario.\" \/>\n<meta name=\"robots\" content=\"index, follow, max-snippet:-1, max-image-preview:large, max-video-preview:-1\" \/>\n<link rel=\"canonical\" href=\"https:\/\/iguanasmoke.com\/pt\/produto\/balsamo-labial-cbd-750mg-balsamo-labial\/\" \/>\n<meta property=\"og:locale\" content=\"pt_PT\" \/>\n<meta property=\"og:type\" content=\"article\" \/>\n<meta property=\"og:title\" content=\"Lip Balm CBD 750mg CBD 15ml\" \/>\n<meta property=\"og:description\" content=\"El Lip Balm CBD 750mg es un b\u00e1lsamo de labios de CBD natural que hidrata, protege y repara labios secos o agrietados. Con 750mg de CBD puro y aceites vegetales, ofrece cuidado intensivo y protecci\u00f3n contra el fr\u00edo, el viento y el sol. Formato 15ml ideal para llevar siempre contigo.\" \/>\n<meta property=\"og:url\" content=\"https:\/\/iguanasmoke.com\/pt\/produto\/balsamo-labial-cbd-750mg-balsamo-labial\/\" \/>\n<meta property=\"og:site_name\" content=\"Iguana Smoke\" \/>\n<meta property=\"article:publisher\" content=\"https:\/\/www.facebook.com\/iguanasmoke\" \/>\n<meta property=\"article:modified_time\" content=\"2025-08-12T13:51:19+00:00\" \/>\n<meta property=\"og:image\" content=\"https:\/\/i0.wp.com\/iguanasmoke.com\/wp-content\/uploads\/2025\/08\/Lata-LYF-lip-balm.webp?fit=1000%2C1000&ssl=1\" \/>\n\t<meta property=\"og:image:width\" content=\"1000\" \/>\n\t<meta property=\"og:image:height\" content=\"1000\" \/>\n\t<meta property=\"og:image:type\" content=\"image\/webp\" \/>\n<meta name=\"twitter:card\" content=\"summary_large_image\" \/>\n<meta name=\"twitter:label1\" content=\"pre\u00e7o\" \/>\n\t<meta name=\"twitter:data1\" content=\"8,90&nbsp;&euro;\" \/>\n\t<meta name=\"twitter:label2\" content=\"Disponibilidade\" \/>\n\t<meta name=\"twitter:data2\" content=\"Em stock\" \/>\n<meta property=\"product:brand\" content=\"simple\" \/>\n<meta property=\"product:price:amount\" content=\"8.90\" \/>\n<meta property=\"product:price:currency\" content=\"EUR\" \/>\n<meta property=\"og:availability\" content=\"instock\" \/>\n<meta property=\"product:availability\" content=\"instock\" \/>\n<meta property=\"product:retailer_item_id\" content=\"LYF-LIPBALM\" \/>\n<meta property=\"product:condition\" content=\"new\" \/>\n<!-- \/ Yoast SEO Premium plugin. -->","yoast_head_json":{"title":"B\u00e1lsamo labial CBD 750mg | B\u00e1lsamo labial hidratante","description":"B\u00e1lsamo labial com 750 mg de CBD. Hidrata, protege e repara os l\u00e1bios de forma natural. Formato 15ml ideal para uso di\u00e1rio.","robots":{"index":"index","follow":"follow","max-snippet":"max-snippet:-1","max-image-preview":"max-image-preview:large","max-video-preview":"max-video-preview:-1"},"canonical":"https:\/\/iguanasmoke.com\/pt\/produto\/balsamo-labial-cbd-750mg-balsamo-labial\/","og_locale":"pt_PT","og_type":"article","og_title":"Lip Balm CBD 750mg CBD 15ml","og_description":"El Lip Balm CBD 750mg es un b\u00e1lsamo de labios de CBD natural que hidrata, protege y repara labios secos o agrietados. Con 750mg de CBD puro y aceites vegetales, ofrece cuidado intensivo y protecci\u00f3n contra el fr\u00edo, el viento y el sol. Formato 15ml ideal para llevar siempre contigo.","og_url":"https:\/\/iguanasmoke.com\/pt\/produto\/balsamo-labial-cbd-750mg-balsamo-labial\/","og_site_name":"Iguana Smoke","article_publisher":"https:\/\/www.facebook.com\/iguanasmoke","article_modified_time":"2025-08-12T13:51:19+00:00","og_image":[{"width":1000,"height":1000,"url":"https:\/\/i0.wp.com\/iguanasmoke.com\/wp-content\/uploads\/2025\/08\/Lata-LYF-lip-balm.webp?fit=1000%2C1000&ssl=1","type":"image\/webp"}],"twitter_card":"summary_large_image","twitter_misc":{"pre\u00e7o":"8,90&nbsp;&euro;","Disponibilidade":"Em stock"},"schema":{"@context":"https:\/\/schema.org","@graph":[{"@type":"WebPage","@id":"https:\/\/iguanasmoke.com\/en\/product\/lip-balm-cbd-750mg-balsamo-de-labios\/","url":"https:\/\/iguanasmoke.com\/en\/product\/lip-balm-cbd-750mg-balsamo-de-labios\/","name":"B\u00e1lsamo labial CBD 750mg | B\u00e1lsamo labial hidratante","isPartOf":{"@id":"https:\/\/iguanasmoke.com\/#website"},"primaryImageOfPage":{"@id":"https:\/\/iguanasmoke.com\/en\/product\/lip-balm-cbd-750mg-balsamo-de-labios\/#primaryimage"},"image":{"@id":"https:\/\/iguanasmoke.com\/en\/product\/lip-balm-cbd-750mg-balsamo-de-labios\/#primaryimage"},"thumbnailUrl":"https:\/\/iguanasmoke.com\/wp-content\/uploads\/2025\/08\/Lata-LYF-lip-balm.webp","datePublished":"2025-08-09T11:23:07+00:00","dateModified":"2025-08-12T13:51:19+00:00","description":"B\u00e1lsamo labial com 750 mg de CBD. Hidrata, protege e repara os l\u00e1bios de forma natural. Formato 15ml ideal para uso di\u00e1rio.","breadcrumb":{"@id":"https:\/\/iguanasmoke.com\/en\/product\/lip-balm-cbd-750mg-balsamo-de-labios\/#breadcrumb"},"inLanguage":"pt-PT","potentialAction":[{"@type":"ReadAction","target":["https:\/\/iguanasmoke.com\/en\/product\/lip-balm-cbd-750mg-balsamo-de-labios\/"]}]},{"@type":"ImageObject","inLanguage":"pt-PT","@id":"https:\/\/iguanasmoke.com\/en\/product\/lip-balm-cbd-750mg-balsamo-de-labios\/#primaryimage","url":"https:\/\/iguanasmoke.com\/wp-content\/uploads\/2025\/08\/Lata-LYF-lip-balm.webp","contentUrl":"https:\/\/iguanasmoke.com\/wp-content\/uploads\/2025\/08\/Lata-LYF-lip-balm.webp","width":1000,"height":1000,"caption":"Lip Balm CBD 750mg \u2013 Cuidado e hidrataci\u00f3n intensiva para labios con CBD natural"},{"@type":"BreadcrumbList","@id":"https:\/\/iguanasmoke.com\/en\/product\/lip-balm-cbd-750mg-balsamo-de-labios\/#breadcrumb","itemListElement":[{"@type":"ListItem","position":1,"name":"home","item":"https:\/\/iguanasmoke.com\/"},{"@type":"ListItem","position":2,"name":"Tienda","item":"https:\/\/iguanasmoke.com\/tienda\/"},{"@type":"ListItem","position":3,"name":"Mario's Market","item":"https:\/\/iguanasmoke.com\/categoria\/marios-market\/"},{"@type":"ListItem","position":4,"name":"Lip Balm CBD 750mg CBD 15ml"}]},{"@type":"WebSite","@id":"https:\/\/iguanasmoke.com\/#website","url":"https:\/\/iguanasmoke.com\/","name":"Fumo de Iguana","description":"Comprar CBD online ao melhor pre\u00e7o","publisher":{"@id":"https:\/\/iguanasmoke.com\/#organization"},"potentialAction":[{"@type":"SearchAction","target":{"@type":"EntryPoint","urlTemplate":"https:\/\/iguanasmoke.com\/?s={search_term_string}"},"query-input":{"@type":"PropertyValueSpecification","valueRequired":true,"valueName":"search_term_string"}}],"inLanguage":"pt-PT"},{"@type":"Organization","@id":"https:\/\/iguanasmoke.com\/#organization","name":"Fumo de Iguana","url":"https:\/\/iguanasmoke.com\/","logo":{"@type":"ImageObject","inLanguage":"pt-PT","@id":"https:\/\/iguanasmoke.com\/#\/schema\/logo\/image\/","url":"https:\/\/iguanasmoke.com\/wp-content\/uploads\/2025\/01\/logoiguana-favi-1.png","contentUrl":"https:\/\/iguanasmoke.com\/wp-content\/uploads\/2025\/01\/logoiguana-favi-1.png","width":512,"height":512,"caption":"Iguana Smoke"},"image":{"@id":"https:\/\/iguanasmoke.com\/#\/schema\/logo\/image\/"},"sameAs":["https:\/\/www.facebook.com\/iguanasmoke","https:\/\/www.instagram.com\/iguanasmoke\/"]}]},"product_brand":"simple","product_price_amount":"8.90","product_price_currency":"EUR","og_availability":"instock","product_availability":"instock","product_retailer_item_id":"LYF-LIPBALM","product_condition":"new"},"_links":{"self":[{"href":"https:\/\/iguanasmoke.com\/pt\/wp-json\/wp\/v2\/product\/62787","targetHints":{"allow":["GET"]}}],"collection":[{"href":"https:\/\/iguanasmoke.com\/pt\/wp-json\/wp\/v2\/product"}],"about":[{"href":"https:\/\/iguanasmoke.com\/pt\/wp-json\/wp\/v2\/types\/product"}],"replies":[{"embeddable":true,"href":"https:\/\/iguanasmoke.com\/pt\/wp-json\/wp\/v2\/comments?post=62787"}],"wp:featuredmedia":[{"embeddable":true,"href":"https:\/\/iguanasmoke.com\/pt\/wp-json\/wp\/v2\/media\/62789"}],"wp:attachment":[{"href":"https:\/\/iguanasmoke.com\/pt\/wp-json\/wp\/v2\/media?parent=62787"}],"wp:term":[{"taxonomy":"product_brand","embeddable":true,"href":"https:\/\/iguanasmoke.com\/pt\/wp-json\/wp\/v2\/product_brand?post=62787"},{"taxonomy":"product_cat","embeddable":true,"href":"https:\/\/iguanasmoke.com\/pt\/wp-json\/wp\/v2\/product_cat?post=62787"},{"taxonomy":"product_tag","embeddable":true,"href":"https:\/\/iguanasmoke.com\/pt\/wp-json\/wp\/v2\/product_tag?post=62787"}],"curies":[{"name":"wp","href":"https:\/\/api.w.org\/{rel}","templated":true}]}}