{"id":62878,"date":"2025-08-11T12:03:21","date_gmt":"2025-08-11T10:03:21","guid":{"rendered":"https:\/\/iguanasmoke.com\/?post_type=product&#038;p=62878"},"modified":"2026-02-10T15:38:41","modified_gmt":"2026-02-10T14:38:41","slug":"kit-de-praia-cbd-de-sobrevivencia","status":"publish","type":"product","link":"https:\/\/iguanasmoke.com\/pt\/producto\/kit-playero-cbd-de-supervivencia\/","title":{"rendered":"Kit de sobreviv\u00eancia CBD para a praia"},"content":{"rendered":"<h1 data-start=\"1609\" data-end=\"1642\"><span style=\"font-weight: 400;\">Kit de Praia CBD de Sobreviv\u00eancia: <em>O teu ver\u00e3o em modo chill garantido<\/em><\/span><\/h1>\n<p data-start=\"273\" data-end=\"578\"><span style=\"font-weight: 400;\">Se gosta de descobrir novos aromas e desfrutar de flores CBD de alta qualidade, ent\u00e3o o <strong>Kit de sobreviv\u00eancia CBD para a praia\u00a0<\/strong>\u00e9 para ti. Cri\u00e1mos este pack exclusivo para que possas desfrutar do teu momento relax com TUDO o que precisas para levar num dia de praia.<\/span><\/p>\n<h2 data-start=\"273\" data-end=\"578\"><strong>O que inclui o Kit de Praia CBD de Sobreviv\u00eancia? <\/strong><\/h2>\n<p data-start=\"273\" data-end=\"578\"><span style=\"font-weight: 400;\">Em primeiro lugar, neste pack poder\u00e1 desfrutar de <strong>2 x <a href=\"https:\/\/iguanasmoke.com\/pt\/produto\/comprar-cbd-flower-sting-cbd-pronto-a-rolar-30gr\/\">Flor de CDB para Enrolar | Ready to Roll 30g<\/a>.\u00a0<\/strong>A seguir, poder\u00e1 escolher entre os designs da bandeja mais fixe<a href=\"https:\/\/iguanasmoke.com\/pt\/categoria\/tabuleiros-rolantes\/\"><strong> 1 x Bandeja de Prepara\u00e7\u00e3o<\/strong><\/a>.<\/span><\/p>\n<p><span style=\"font-weight: 400;\">Por \u00faltimo, tu <strong>1 x<\/strong>\u00a0<a href=\"https:\/\/iguanasmoke.com\/pt\/produto\/papeis-de-enrolar-de-canhamo-king-size-com-filtros\/\"><strong>papel de enrolar de c\u00e2nhamo Jap\u00e3o King Size com filtros<\/strong><\/a> y <strong>1 x <a href=\"https:\/\/iguanasmoke.com\/pt\/produto\/suporte-para-pre-rolos\/\">Suporte para pr\u00e9-rolos Iguana Smoke<\/a>.<\/strong><\/span><\/p>\n<p data-start=\"273\" data-end=\"578\"><span style=\"font-weight: 400;\">Tudo foi concebido para que s\u00f3 tenha de abrir a caixa e desfrutar <strong>Kit de Praia CBD de Sobreviv\u00eancia<\/strong>.<\/span><\/p>\n<h2 data-start=\"273\" data-end=\"578\"><strong>Porqu\u00ea escolher o Kit de Praia CBD de Sobreviv\u00eancia? <\/strong><\/h2>\n<ul>\n<li data-start=\"273\" data-end=\"578\"><span style=\"font-weight: 400;\">Sele\u00e7\u00e3o exclusiva de flores de CBD premium <\/span><\/li>\n<li data-start=\"273\" data-end=\"578\"><span style=\"font-weight: 400;\">CBD entre 10 e 15% e THC inferior a 0,3% <\/span><\/li>\n<li data-start=\"273\" data-end=\"578\"><span style=\"font-weight: 400;\">Produto legal, seguro e testado <\/span><\/li>\n<li data-start=\"273\" data-end=\"578\"><span style=\"font-weight: 400;\">Perfeito como presente... ou como presente para si pr\u00f3prio. <\/span><\/li>\n<\/ul>\n<p><span style=\"font-weight: 400;\">O <strong>Kit de sobreviv\u00eancia CBD para a praia<\/strong> N\u00e3o \u00e9 apenas um pack, \u00e9 o seu passe garantido para um ver\u00e3o sem stress e cheio de bons momentos.\u00a0<\/span><\/p>\n<p>&nbsp;<\/p>\n<h3><b>Iguana Smoke \u00e9 a sua loja online de CBD\u00a0<\/b><\/h3>\n<p><span style=\"font-weight: 400;\">Em<strong> Fumo de Iguana<\/strong>, Acreditamos que desfrutar do CBD deve ser uma experi\u00eancia segura. \u00c9 por isso que temos produtos como este <strong>Kit de sobreviv\u00eancia CBD para a praia<\/strong>, A marca liga-se \u00e0s novas gera\u00e7\u00f5es: pessoas que procuram um bem-estar descomplicado, com marcas aut\u00eanticas e fi\u00e1veis.\u00a0<\/span><\/p>\n<p>A nossa miss\u00e3o \u00e9 clara: trazer-lhe o melhor do mundo dos canabin\u00f3ides a um pre\u00e7o justo. Al\u00e9m disso, damos-lhe a paz de esp\u00edrito de saber que est\u00e1 a escolher um produto certificado, eficaz e legal 100%. O seu tempo de relaxamento come\u00e7a aqui connosco com as nossas flores CBD.<\/p>\n<p>Ainda tem d\u00favidas? Escreva-nos e teremos todo o gosto em ajud\u00e1-lo a encontrar o produto certo para si.<\/p>\n<p>&nbsp;<\/p>\n<h6>\u2139\ufe0f<strong> Informa\u00e7\u00e3o jur\u00eddica<\/strong><\/h6>\n<p><em><span style=\"font-weight: 400;\">*Produto destinado a cole\u00e7\u00e3o ou aromaterapia, de acordo com a legisla\u00e7\u00e3o espanhola em vigor. <\/span><\/em><\/p>\n<p><em><span style=\"font-weight: 400;\">**Derivado de c\u00e2nhamo industrial certificado. Cont\u00e9m menos de 0,3 THC e n\u00e3o cont\u00e9m canabin\u00f3ides ilegais como HHC, HHC-P, THCP, THCP-O, H4CBD ou subst\u00e2ncias enumeradas no Anexo I do Decreto Real 2829\/1977, nem subst\u00e2ncias controladas por conven\u00e7\u00f5es internacionais.\u00a0\u00a0<\/span><\/em><\/p>\n<p data-start=\"2593\" data-end=\"2831\">falta o guarda-sol\u2026 mas isso j\u00e1 o deixamos nas tuas m\u00e3os.<\/p>","protected":false},"excerpt":{"rendered":"<p><span style=\"font-size: 16px; font-weight: 400;\">Prepara-te porque este Kit vai fazer o teu ver\u00e3o:\u00a0<\/span><\/p>\n<ul>\n<li>2 x <strong>Flor de CDB para Enrolar | Ready to Roll 30g<\/strong><\/li>\n<li>1 x Bandeja de liar \u00e0 sua escolha<\/li>\n<li>1 x Papel de Liar de C\u00e2nhamo King Size Japon\u00eas<\/li>\n<li>1 x Caixa Porta Juntas<\/li>\n<\/ul>\n<p><em><span style=\"font-weight: 400;\">Pre\u00e7o sem desconto: 64\u20ac | pre\u00e7o pack com desconto: 50\u20ac =&gt; <strong>poupan\u00e7a de 14\u20ac com um desconto de 22%<\/strong><\/span>\u00a0<\/em><\/p>\n<p><span style=\"font-weight: 400;\">Consulta<strong>\u00a0<a href=\"https:\/\/iguanasmoke.com\/pt\/analiticas\/\">an\u00e1lises laboratoriais.<\/a><\/strong><\/span><\/p>","protected":false},"featured_media":63024,"comment_status":"open","ping_status":"closed","template":"","meta":{"_acf_changed":false,"site-sidebar-layout":"default","site-content-layout":"","ast-site-content-layout":"default","site-content-style":"default","site-sidebar-style":"default","ast-global-header-display":"","ast-banner-title-visibility":"","ast-main-header-display":"","ast-hfb-above-header-display":"","ast-hfb-below-header-display":"","ast-hfb-mobile-header-display":"","site-post-title":"","ast-breadcrumbs-content":"","ast-featured-img":"","footer-sml-layout":"","theme-transparent-header-meta":"default","adv-header-id-meta":"","stick-header-meta":"","header-above-stick-meta":"","header-main-stick-meta":"","header-below-stick-meta":"","astra-migrate-meta-layouts":"set","ast-page-background-enabled":"default","ast-page-background-meta":{"desktop":{"background-color":"var(--ast-global-color-4)","background-image":"","background-repeat":"repeat","background-position":"center center","background-size":"auto","background-attachment":"scroll","background-type":"","background-media":"","overlay-type":"","overlay-color":"","overlay-opacity":"","overlay-gradient":""},"tablet":{"background-color":"","background-image":"","background-repeat":"repeat","background-position":"center center","background-size":"auto","background-attachment":"scroll","background-type":"","background-media":"","overlay-type":"","overlay-color":"","overlay-opacity":"","overlay-gradient":""},"mobile":{"background-color":"","background-image":"","background-repeat":"repeat","background-position":"center center","background-size":"auto","background-attachment":"scroll","background-type":"","background-media":"","overlay-type":"","overlay-color":"","overlay-opacity":"","overlay-gradient":""}},"ast-content-background-meta":{"desktop":{"background-color":"var(--ast-global-color-5)","background-image":"","background-repeat":"repeat","background-position":"center center","background-size":"auto","background-attachment":"scroll","background-type":"","background-media":"","overlay-type":"","overlay-color":"","overlay-opacity":"","overlay-gradient":""},"tablet":{"background-color":"var(--ast-global-color-5)","background-image":"","background-repeat":"repeat","background-position":"center center","background-size":"auto","background-attachment":"scroll","background-type":"","background-media":"","overlay-type":"","overlay-color":"","overlay-opacity":"","overlay-gradient":""},"mobile":{"background-color":"var(--ast-global-color-5)","background-image":"","background-repeat":"repeat","background-position":"center center","background-size":"auto","background-attachment":"scroll","background-type":"","background-media":"","overlay-type":"","overlay-color":"","overlay-opacity":"","overlay-gradient":""}}},"product_brand":[],"product_cat":[349],"product_tag":[],"class_list":{"0":"post-62878","1":"product","2":"type-product","3":"status-publish","4":"has-post-thumbnail","6":"product_cat-packs-y-ofertas-cbd","7":"desktop-align-center","8":"tablet-align-center","9":"mobile-align-center","11":"first","12":"instock","13":"sale","14":"taxable","15":"shipping-taxable","16":"purchasable","17":"product-type-composite"},"acf":[],"yoast_head":"<!-- This site is optimized with the Yoast SEO Premium plugin v27.3 (Yoast SEO v27.3) - https:\/\/yoast.com\/product\/yoast-seo-premium-wordpress\/ -->\n<title>Kit Playero CBD de Supervivencia | Iguana Smoke<\/title>\n<meta name=\"description\" content=\"Descubre el Kit Playero CBD de Supervivencia de Iguana Smoke. Incluye Picadura de Flores- Ready to Roll CBD 30g, bandeja, papeles y Porta Pre Roll.\" \/>\n<meta name=\"robots\" content=\"index, follow, max-snippet:-1, max-image-preview:large, max-video-preview:-1\" \/>\n<link rel=\"canonical\" href=\"https:\/\/iguanasmoke.com\/pt\/produto\/kit-de-praia-cbd-de-sobrevivencia\/\" \/>\n<meta property=\"og:locale\" content=\"pt_PT\" \/>\n<meta property=\"og:type\" content=\"article\" \/>\n<meta property=\"og:title\" content=\"Kit Playero CBD de Supervivencia\" \/>\n<meta property=\"og:description\" content=\"Prep\u00e1rate porque este Kit te har\u00e1 el verano:\u00a0   2 x Picadura de Flores de CBD | Ready to Roll 30g  1 x Bandeja de liar a tu elecci\u00f3n  1 x Papel de Liar de c\u00e1\u00f1amo King Size Japon  1 x Porta Pre Roll  Precio sin descuento: 64\u20ac | precio pack descuento: 50\u20ac =&gt; ahorro de 14\u20ac con un descuento del 22%\u00a0  Consulta\u00a0el an\u00e1lisis de laboratorio.\" \/>\n<meta property=\"og:url\" content=\"https:\/\/iguanasmoke.com\/pt\/produto\/kit-de-praia-cbd-de-sobrevivencia\/\" \/>\n<meta property=\"og:site_name\" content=\"Iguana Smoke\" \/>\n<meta property=\"article:publisher\" content=\"https:\/\/www.facebook.com\/iguanasmoke\" \/>\n<meta property=\"article:modified_time\" content=\"2026-02-10T14:38:41+00:00\" \/>\n<meta property=\"og:image\" content=\"https:\/\/iguanasmoke.com\/wp-content\/uploads\/2025\/08\/Kit-Playero-sin-fondo.webp\" \/>\n\t<meta property=\"og:image:width\" content=\"1232\" \/>\n\t<meta property=\"og:image:height\" content=\"928\" \/>\n\t<meta property=\"og:image:type\" content=\"image\/webp\" \/>\n<meta name=\"twitter:card\" content=\"summary_large_image\" \/>\n<meta name=\"twitter:label1\" content=\"pre\u00e7o\" \/>\n\t<meta name=\"twitter:data1\" content=\"50,00&nbsp;&euro;\" \/>\n\t<meta name=\"twitter:label2\" content=\"Disponibilidade\" \/>\n\t<meta name=\"twitter:data2\" content=\"Em stock\" \/>\n<meta property=\"product:brand\" content=\"composite\" \/>\n<meta property=\"product:price:amount\" content=\"50.00\" \/>\n<meta property=\"product:price:currency\" content=\"EUR\" \/>\n<meta property=\"og:availability\" content=\"instock\" \/>\n<meta property=\"product:availability\" content=\"instock\" \/>\n<meta property=\"product:retailer_item_id\" content=\"IS-PACKKITPLAYERO\" \/>\n<meta property=\"product:condition\" content=\"new\" \/>\n<!-- \/ Yoast SEO Premium plugin. -->","yoast_head_json":{"title":"Kit de Praia CBD de Sobreviv\u00eancia | Iguana Smoke","description":"Descobre o Kit de Praia CBD de Sobreviv\u00eancia da Iguana Smoke. Inclui Picadura de Flores - Ready to Roll CBD 30g, tabuleiro, pap\u00e9is e Porta Pre Roll.","robots":{"index":"index","follow":"follow","max-snippet":"max-snippet:-1","max-image-preview":"max-image-preview:large","max-video-preview":"max-video-preview:-1"},"canonical":"https:\/\/iguanasmoke.com\/pt\/produto\/kit-de-praia-cbd-de-sobrevivencia\/","og_locale":"pt_PT","og_type":"article","og_title":"Kit Playero CBD de Supervivencia","og_description":"Prep\u00e1rate porque este Kit te har\u00e1 el verano:\u00a0   2 x Picadura de Flores de CBD | Ready to Roll 30g  1 x Bandeja de liar a tu elecci\u00f3n  1 x Papel de Liar de c\u00e1\u00f1amo King Size Japon  1 x Porta Pre Roll  Precio sin descuento: 64\u20ac | precio pack descuento: 50\u20ac =&gt; ahorro de 14\u20ac con un descuento del 22%\u00a0  Consulta\u00a0el an\u00e1lisis de laboratorio.","og_url":"https:\/\/iguanasmoke.com\/pt\/produto\/kit-de-praia-cbd-de-sobrevivencia\/","og_site_name":"Iguana Smoke","article_publisher":"https:\/\/www.facebook.com\/iguanasmoke","article_modified_time":"2026-02-10T14:38:41+00:00","og_image":[{"width":1232,"height":928,"url":"https:\/\/iguanasmoke.com\/wp-content\/uploads\/2025\/08\/Kit-Playero-sin-fondo.webp","type":"image\/webp"}],"twitter_card":"summary_large_image","twitter_misc":{"pre\u00e7o":"50,00&nbsp;&euro;","Disponibilidade":"Em stock"},"schema":{"@context":"https:\/\/schema.org","@graph":[{"@type":"WebPage","@id":"https:\/\/iguanasmoke.com\/producto\/kit-playero-cbd-de-supervivencia\/","url":"https:\/\/iguanasmoke.com\/producto\/kit-playero-cbd-de-supervivencia\/","name":"Kit de Praia CBD de Sobreviv\u00eancia | Iguana Smoke","isPartOf":{"@id":"https:\/\/iguanasmoke.com\/#website"},"primaryImageOfPage":{"@id":"https:\/\/iguanasmoke.com\/producto\/kit-playero-cbd-de-supervivencia\/#primaryimage"},"image":{"@id":"https:\/\/iguanasmoke.com\/producto\/kit-playero-cbd-de-supervivencia\/#primaryimage"},"thumbnailUrl":"https:\/\/iguanasmoke.com\/wp-content\/uploads\/2025\/08\/Kit-Playero-sin-fondo.webp","datePublished":"2025-08-11T10:03:21+00:00","dateModified":"2026-02-10T14:38:41+00:00","description":"Descobre o Kit de Praia CBD de Sobreviv\u00eancia da Iguana Smoke. Inclui Picadura de Flores - Ready to Roll CBD 30g, tabuleiro, pap\u00e9is e Porta Pre Roll.","breadcrumb":{"@id":"https:\/\/iguanasmoke.com\/producto\/kit-playero-cbd-de-supervivencia\/#breadcrumb"},"inLanguage":"pt-PT","potentialAction":[{"@type":"ReadAction","target":["https:\/\/iguanasmoke.com\/producto\/kit-playero-cbd-de-supervivencia\/"]}]},{"@type":"ImageObject","inLanguage":"pt-PT","@id":"https:\/\/iguanasmoke.com\/producto\/kit-playero-cbd-de-supervivencia\/#primaryimage","url":"https:\/\/iguanasmoke.com\/wp-content\/uploads\/2025\/08\/Kit-Playero-sin-fondo.webp","contentUrl":"https:\/\/iguanasmoke.com\/wp-content\/uploads\/2025\/08\/Kit-Playero-sin-fondo.webp","width":1232,"height":928,"caption":"kit playero cbd"},{"@type":"BreadcrumbList","@id":"https:\/\/iguanasmoke.com\/producto\/kit-playero-cbd-de-supervivencia\/#breadcrumb","itemListElement":[{"@type":"ListItem","position":1,"name":"home","item":"https:\/\/iguanasmoke.com\/"},{"@type":"ListItem","position":2,"name":"Tienda","item":"https:\/\/iguanasmoke.com\/tienda\/"},{"@type":"ListItem","position":3,"name":"Packs y Ofertas","item":"https:\/\/iguanasmoke.com\/categoria\/packs-y-ofertas-cbd\/"},{"@type":"ListItem","position":4,"name":"Kit Playero CBD de Supervivencia"}]},{"@type":"WebSite","@id":"https:\/\/iguanasmoke.com\/#website","url":"https:\/\/iguanasmoke.com\/","name":"Fumo de Iguana","description":"Comprar CBD online ao melhor pre\u00e7o","publisher":{"@id":"https:\/\/iguanasmoke.com\/#organization"},"potentialAction":[{"@type":"SearchAction","target":{"@type":"EntryPoint","urlTemplate":"https:\/\/iguanasmoke.com\/?s={search_term_string}"},"query-input":{"@type":"PropertyValueSpecification","valueRequired":true,"valueName":"search_term_string"}}],"inLanguage":"pt-PT"},{"@type":"Organization","@id":"https:\/\/iguanasmoke.com\/#organization","name":"Fumo de Iguana","url":"https:\/\/iguanasmoke.com\/","logo":{"@type":"ImageObject","inLanguage":"pt-PT","@id":"https:\/\/iguanasmoke.com\/#\/schema\/logo\/image\/","url":"https:\/\/iguanasmoke.com\/wp-content\/uploads\/2025\/01\/logoiguana-favi-1.png","contentUrl":"https:\/\/iguanasmoke.com\/wp-content\/uploads\/2025\/01\/logoiguana-favi-1.png","width":512,"height":512,"caption":"Iguana Smoke"},"image":{"@id":"https:\/\/iguanasmoke.com\/#\/schema\/logo\/image\/"},"sameAs":["https:\/\/www.facebook.com\/iguanasmoke","https:\/\/www.instagram.com\/iguanasmoke\/"]}]},"product_brand":"composite","product_price_amount":"50.00","product_price_currency":"EUR","og_availability":"instock","product_availability":"instock","product_retailer_item_id":"IS-PACKKITPLAYERO","product_condition":"new"},"_links":{"self":[{"href":"https:\/\/iguanasmoke.com\/pt\/wp-json\/wp\/v2\/product\/62878","targetHints":{"allow":["GET"]}}],"collection":[{"href":"https:\/\/iguanasmoke.com\/pt\/wp-json\/wp\/v2\/product"}],"about":[{"href":"https:\/\/iguanasmoke.com\/pt\/wp-json\/wp\/v2\/types\/product"}],"replies":[{"embeddable":true,"href":"https:\/\/iguanasmoke.com\/pt\/wp-json\/wp\/v2\/comments?post=62878"}],"wp:featuredmedia":[{"embeddable":true,"href":"https:\/\/iguanasmoke.com\/pt\/wp-json\/wp\/v2\/media\/63024"}],"wp:attachment":[{"href":"https:\/\/iguanasmoke.com\/pt\/wp-json\/wp\/v2\/media?parent=62878"}],"wp:term":[{"taxonomy":"product_brand","embeddable":true,"href":"https:\/\/iguanasmoke.com\/pt\/wp-json\/wp\/v2\/product_brand?post=62878"},{"taxonomy":"product_cat","embeddable":true,"href":"https:\/\/iguanasmoke.com\/pt\/wp-json\/wp\/v2\/product_cat?post=62878"},{"taxonomy":"product_tag","embeddable":true,"href":"https:\/\/iguanasmoke.com\/pt\/wp-json\/wp\/v2\/product_tag?post=62878"}],"curies":[{"name":"wp","href":"https:\/\/api.w.org\/{rel}","templated":true}]}}