{"id":63511,"date":"2025-09-11T10:33:09","date_gmt":"2025-09-11T08:33:09","guid":{"rendered":"https:\/\/iguanasmoke.com\/?post_type=product&#038;p=63511"},"modified":"2026-03-30T12:36:21","modified_gmt":"2026-03-30T10:36:21","slug":"cartucho-sativanol-strawberry","status":"publish","type":"product","link":"https:\/\/iguanasmoke.com\/pt\/producto\/cartucho-sativanol-strawberry\/","title":{"rendered":"Sativanol Space Cartridge - Morango"},"content":{"rendered":"<h1><span style=\"font-weight: 400\">Sativanol Space Cartridge - Morango\u00a0<\/span><\/h1>\n<p><span style=\"font-weight: 400\">O<\/span><span style=\"font-weight: 400\">\u00a0<strong>cartucho Sativanol Space Strawberry<\/strong> sabor a morango, lev\u00e1-lo-\u00e1 a navegar pelo espa\u00e7o de <strong>Fumo de Iguana<\/strong>. <\/span><span style=\"font-weight: 400\">Concebido para os utilizadores que procuram uma <strong>experi\u00eancia vape completa e poderosa<\/strong>, este <strong>vaper Sativanol <\/strong>combina a for\u00e7a do Sativanol com o aroma doce do morango maduro. <\/span><\/p>\n<p><span style=\"font-weight: 400\">A f\u00f3rmula \u00e9 completada por <strong>isento de agentes de corte, nicotina e HHC<\/strong>, para que possa desfrutar de um produto limpo, legal e de qualidade.\u00a0<\/span><\/p>\n<p><span style=\"font-weight: 400\">Explorar o <strong>Novas mol\u00e9culas<\/strong> que se sucedem e substituem os antigos <em>HHC<\/em>. Este <strong>cartucho Sativanol <\/strong><\/span><span style=\"font-weight: 400\">fornece-lhe entre <strong>300(1ml)<\/strong> y <strong>600(2ml) puffs<\/strong>. <\/span><\/p>\n<p>&nbsp;<\/p>\n<h2><strong>O que \u00e9 o STV ou Sativanol?<\/strong><\/h2>\n<p><span style=\"font-weight: 400\">O <strong>Sativanol<\/strong>, <strong>STV<\/strong> o <strong>Super Sativa<\/strong> \u00e9 uma mol\u00e9cula de \u00faltima gera\u00e7\u00e3o derivada do c\u00e2nhamo que n\u00e3o cont\u00e9m THC ou os seus derivados (HHC, THCP...), mas o seu efeito \u00e9 compar\u00e1vel ao de um <strong>Sativa potente<\/strong>proporciona clareza mental, euforia suave e bem-estar, sem nebulosidade ou baixos.\u00a0\u00a0<\/span><\/p>\n<p>&nbsp;<\/p>\n<h2>Perfil de sabor del cartucho <span style=\"font-weight: 400\"><strong>Sativanol <\/strong><\/span>Morango<\/h2>\n<p><span style=\"font-weight: 400\">O aroma deste vaper reproduz fielmente o <strong>sabor a morango quando maduro<\/strong>. Nele encontrar\u00e1 um <strong>nota doce e frutada<\/strong> com toques de <strong>\u00e1cido e suculento.<\/strong> A simplicidade da sua <strong>aroma juntamente com Sativanol <\/strong>fazem deste vaper um cl\u00e1ssico no seu cesto, que promete n\u00e3o desiludir.<\/span><\/p>\n<p>&nbsp;<\/p>\n<h2><strong>Principais carater\u00edsticas <\/strong><span style=\"font-weight: 400\"><strong>cartucho Sativanol Strawberry<\/strong><\/span><strong>:<\/strong><\/h2>\n<ul>\n<li><span style=\"font-weight: 400\"><strong>Sativanol de alta qualidade<\/strong>, com um perfil canabin\u00f3ide natural.<\/span><\/li>\n<li><span style=\"font-weight: 400\"><strong>Extrato de c\u00e2nhamo biol\u00f3gico<\/strong>, isento de aditivos e solventes <\/span><\/li>\n<li><span style=\"font-weight: 400\">Dispon\u00edvel em <strong>1ml e 2ml<\/strong>. <\/span><\/li>\n<li><span style=\"font-weight: 400\">Para <strong>300 puffs (1ml) e 600 puffs (2ml)<\/strong>.<\/span><\/li>\n<li><span style=\"font-weight: 400\"><strong>Sem THC detet\u00e1vel<\/strong>. <\/span><\/li>\n<li><span style=\"font-weight: 400\"><strong>Qualidade garantida pela Iguana Smoke<\/strong>.<\/span><\/li>\n<\/ul>\n<p>&nbsp;<\/p>\n<h2><strong>Benef\u00edcios:<\/strong><\/h2>\n<ul>\n<li><span style=\"font-weight: 400\">Cont\u00e9m <b>Sativanol: <\/b>um canabin\u00f3ide legal, sem THC.<\/span><span style=\"font-weight: 400\">.<\/span><\/li>\n<li><span style=\"font-weight: 400\">Promove a <\/span><span style=\"font-weight: 400\"><b>estimula\u00e7\u00e3o mental <\/b> e concentra\u00e7\u00e3o.<\/span><\/li>\n<li><span style=\"font-weight: 400\"><strong>Efeito potente sem <\/strong>sentir os efeitos<strong> psicoactivos n\u00e3o desejados: dura\u00e7\u00e3o<\/strong> longo (<strong>3-4 horas<\/strong>)<\/span><\/li>\n<li><span style=\"font-weight: 400\">Ideal para <strong>utiliza\u00e7\u00e3o di\u00e1ria:<\/strong>\u00a0<strong>sem odor, sem combust\u00e3o, sem toler\u00e2ncia<\/strong>.<\/span><\/li>\n<li>Sabor a morango maduro com um toque de acidez, mas doce e natural - vai adorar!<\/li>\n<\/ul>\n<p><span style=\"font-weight: 400\">O <strong>vaper Sativanol <\/strong>\u00e9 a forma mais c\u00f3moda e limpa de usufruir de todos os benef\u00edcios do <strong>benef\u00edcios do Sativanol <\/strong>, sem manuten\u00e7\u00e3o, sem complica\u00e7\u00f5es, sem problemas.\u00a0<\/span><\/p>\n<p>&nbsp;<\/p>\n<h2><strong>O que \u00e9 um cartucho <span style=\"font-weight: 400\"><strong>Sativanol<\/strong> <\/span>descart\u00e1vel?<\/strong><\/h2>\n<p><span style=\"font-weight: 400\">A <strong>cartucho descart\u00e1vel de Sativanol<\/strong> \u00e9 um pequeno cilindro com <strong>Liga\u00e7\u00e3o 510, 1ml ou 2ml<\/strong> que vem carregado com o l\u00edquido Sativanol. A grande diferen\u00e7a em rela\u00e7\u00e3o a outros tipos de cartuchos \u00e9 que n\u00e3o precisa de ser recarregado ou reabastecido: <strong>quando se esgota, \u00e9 simplesmente descartado<\/strong>.\u00a0<\/span><\/p>\n<p><span style=\"font-weight: 400\">Existem tamb\u00e9m <a href=\"https:\/\/iguanasmoke.com\/pt\/categoria\/novas-moleculas\/sativanol\/\">Vapers descart\u00e1veis de Sativanol<\/a> (tudo-em-um) com bateria e cartucho integrados, pronto a utilizar logo que sai da caixa.\u00a0<\/span><\/p>\n<p>&nbsp;<\/p>\n<h2><span style=\"font-weight: 400\"><strong>Bater\u00edas para tu cartucho Sativanol Strawberry<\/strong>:<\/span><\/h2>\n<p><span style=\"font-weight: 400\">N\u00e3o se esque\u00e7a de comprar um <strong>pilha 510<\/strong> <strong>fi\u00e1vel<\/strong>, <strong>duradouro<\/strong>. \u00c9 por isso que em <strong>Fumo de Iguana<\/strong> oferecemos-lhe diferentes modelos concebidos para garantir uma <strong>n\u00e9voa uniforme<\/strong>, <strong>sabor limpo<\/strong> e um <strong>experi\u00eancia de vaporiza\u00e7\u00e3o confort\u00e1vel e segura<\/strong>.<\/span><\/p>\n<ul>\n<li><span style=\"font-weight: 400\"><a href=\"https:\/\/iguanasmoke.com\/pt\/produto\/bateria-iguana-power-510-para-cartuchos-de-1-ml\/\"><strong>Bateria 510 com rosca para cartuchos de 1 ml<\/strong><\/a>O seu tamanho compacto, discreto e f\u00e1cil de transportar, e a sua pot\u00eancia est\u00e3o perfeitamente calibrados para extrair todo o perfil arom\u00e1tico do Sativanol sem sobreaquecer o l\u00edquido. <em>Tem uma pot\u00eancia de 320 mAh.<\/em><\/span><\/li>\n<li><span style=\"font-weight: 400\"><a href=\"https:\/\/iguanasmoke.com\/pt\/produto\/bateria-iguana-power-510-para-cartuchos-de-2-ml\/\"><strong>Bateria 510 com rosca para cartuchos de 2 ml<\/strong><\/a>Cartuchos Sativanol: Oferecem uma maior autonomia, concebidos para os utilizadores que gostam de sess\u00f5es mais longas ou que preferem mudar os cartuchos Sativanol com menos frequ\u00eancia. Garantem <strong>pot\u00eancia est\u00e1vel e desempenho constante<\/strong>. <em>Tem uma pot\u00eancia de 400 mAh<\/em>.\u00a0<\/span><\/li>\n<li><a href=\"https:\/\/iguanasmoke.com\/pt\/produto\/bateria-iguana-power-cartbox-bateria-510-para-cartuchos\/\">Bateria de bolso Cartbox com rosca 510<\/a>; Compatibilidade 2 em 1: <strong><span style=\"font-weight: 400\">E se procura versatilidade, este modelo \u00e9 compat\u00edvel com cartuchos de 1ml e 2ml, combinando autonomia, discri\u00e7\u00e3o e pot\u00eancia ajust\u00e1vel. Ideal para quem quer um \u00fanico dispositivo que se adapte a tudo. <em>Tem uma pot\u00eancia de 650 mAh<\/em>.\u00a0<\/span><\/strong><\/li>\n<\/ul>\n<h3><\/h3>\n<h3><b>Porqu\u00ea comprar cartuchos <span style=\"font-weight: 400\"><strong>Sativanol <\/strong><\/span><\/b><b>Fumo de Iguana?<\/b><\/h3>\n<p><span style=\"font-weight: 400\">Em <strong>Fumo de Iguana<\/strong>, Damos prioridade \u00e0 qualidade e \u00e0 transpar\u00eancia. Os nossos <strong>cartuchos <\/strong><strong>Sativanol<\/strong> s\u00e3o fabricados a partir de extractos naturais e ecol\u00f3gicos, oferecendo produtos <\/span><span style=\"font-weight: 400\"><strong>seguro e potente <\/strong>que ret\u00eam todos os canabin\u00f3ides e terpenos. Tal como acontece com as nossas <strong>cartucho Sativanol Strawberry<\/strong>, que se distingue pelo seu sabor intenso a morango.<\/span><\/p>\n<p><span style=\"font-weight: 400\">Este \u00e9 o seu lugar seguro para <strong>comprar Sativanol vaper online em Espanha.<\/strong> Todos os nossos produtos s\u00e3o aprovados pela UE, o que garante a sua legalidade e seguran\u00e7a. Para al\u00e9m disso, se desejar, pode consultar<\/span><span style=\"font-weight: 400\"> <a href=\"https:\/\/iguanasmoke.com\/pt\/analiticas\/\">aqui<\/a> an\u00e1lises laboratoriais.\u00a0<\/span><\/p>\n<p><span style=\"font-weight: 400\">No te olvides de explorar otros vapers Sativanol como el <a href=\"https:\/\/iguanasmoke.com\/pt\/produto\/vaper-stv-space-vape-morango-sativanol\/\">Vaper Sativanol Space Vape Morango<\/a> u <\/span><span style=\"font-weight: 400\">outros <strong>Produtos TOP<\/strong> como o <a href=\"https:\/\/iguanasmoke.com\/pt\/produto\/comprar-cbd-flores-cono-king-size-cbd-1gr\/\">Cone King Size CBD<\/a> ou o <a href=\"https:\/\/iguanasmoke.com\/pt\/produto\/flor-cbd-white-widow-indoor\/\">Flor CBD Vi\u00fava Branca<\/a>. <\/span><span style=\"font-weight: 400\">Em suma, explore a nossa variedade e encontre j\u00e1 os seus favoritos.<\/span><span style=\"font-weight: 400\">\u00a0<\/span><\/p>\n<p>&nbsp;<\/p>\n<h3><b>Iguana Smoke \u00e9 a sua loja online de confian\u00e7a de CBD<\/b><\/h3>\n<p><span style=\"font-weight: 400\">Na Iguana Smoke, acreditamos que desfrutar do CBD deve ser uma experi\u00eancia segura e prazerosa. \u00c9 por isso que temos produtos de alta qualidade que se ligam \u00e0s novas gera\u00e7\u00f5es: pessoas que procuram um bem-estar descomplicado, com marcas aut\u00eanticas e fi\u00e1veis.\u00a0<\/span><\/p>\n<p>A nossa miss\u00e3o \u00e9 clara: levar at\u00e9 si o melhor do mundo dos canabin\u00f3ides a um pre\u00e7o justo, com a tranquilidade de saber que est\u00e1 a escolher um produto certificado, eficaz e 100% legal.<\/p>\n<p>Ainda tem d\u00favidas? Escreva-nos e teremos todo o gosto em ajud\u00e1-lo a encontrar o produto certo para si.<\/p>\n<p>&nbsp;<\/p>\n<p><em><span style=\"font-weight: 400\">*Nota: a sua utiliza\u00e7\u00e3o destina-se a cole\u00e7\u00e3o ou aromaterapia, de acordo com a legisla\u00e7\u00e3o espanhola. <\/span><\/em><\/p>\n<p><em><span style=\"font-weight: 400\">**Todos os nossos produtos s\u00e3o derivados de c\u00e2nhamo industrial certificado. Cont\u00eam menos de 0,3 THC e n\u00e3o cont\u00eam canabin\u00f3ides ilegais como HHC, HHC-P, THCP, THCP-O, H4CBD e os inclu\u00eddos no Anexo I do Decreto Real 2829\/1977, nem subst\u00e2ncias controladas por conven\u00e7\u00f5es internacionais.\u00a0\u00a0<\/span><\/em><\/p>","protected":false},"excerpt":{"rendered":"<p>Descubra o aut\u00eantico sabor a morango do cartucho Sativanol STV Strawberry:<\/p>\n<ul>\n<li>Liga\u00e7\u00e3o: tipo 510<\/li>\n<li>Capacidade: <span style=\"font-size: 16px\">1 ml (300 puffs)\/ 2 ml (600 puffs)<\/span><\/li>\n<li>Sativanol em 90%<\/li>\n<li>THC: 0%, HHC: 0%<\/li>\n<li>THC-P: 0%, Nicotina: 0%<\/li>\n<li>N\u00e3o cont\u00e9m VG, PG, PEG, MCT ou qualquer outro agente de corte.<\/li>\n<\/ul>\n<p><span style=\"font-weight: 400\">Al\u00e9m disso, consultar<strong>\u00a0<a href=\"https:\/\/iguanasmoke.com\/pt\/analiticas\/\">an\u00e1lises laboratoriais.<\/a><\/strong><\/span><\/p>","protected":false},"featured_media":64571,"comment_status":"open","ping_status":"closed","template":"","meta":{"_acf_changed":false,"site-sidebar-layout":"default","site-content-layout":"","ast-site-content-layout":"default","site-content-style":"default","site-sidebar-style":"default","ast-global-header-display":"","ast-banner-title-visibility":"","ast-main-header-display":"","ast-hfb-above-header-display":"","ast-hfb-below-header-display":"","ast-hfb-mobile-header-display":"","site-post-title":"","ast-breadcrumbs-content":"","ast-featured-img":"","footer-sml-layout":"","theme-transparent-header-meta":"default","adv-header-id-meta":"","stick-header-meta":"","header-above-stick-meta":"","header-main-stick-meta":"","header-below-stick-meta":"","astra-migrate-meta-layouts":"set","ast-page-background-enabled":"default","ast-page-background-meta":{"desktop":{"background-color":"var(--ast-global-color-4)","background-image":"","background-repeat":"repeat","background-position":"center center","background-size":"auto","background-attachment":"scroll","background-type":"","background-media":"","overlay-type":"","overlay-color":"","overlay-opacity":"","overlay-gradient":""},"tablet":{"background-color":"","background-image":"","background-repeat":"repeat","background-position":"center center","background-size":"auto","background-attachment":"scroll","background-type":"","background-media":"","overlay-type":"","overlay-color":"","overlay-opacity":"","overlay-gradient":""},"mobile":{"background-color":"","background-image":"","background-repeat":"repeat","background-position":"center center","background-size":"auto","background-attachment":"scroll","background-type":"","background-media":"","overlay-type":"","overlay-color":"","overlay-opacity":"","overlay-gradient":""}},"ast-content-background-meta":{"desktop":{"background-color":"var(--ast-global-color-5)","background-image":"","background-repeat":"repeat","background-position":"center center","background-size":"auto","background-attachment":"scroll","background-type":"","background-media":"","overlay-type":"","overlay-color":"","overlay-opacity":"","overlay-gradient":""},"tablet":{"background-color":"var(--ast-global-color-5)","background-image":"","background-repeat":"repeat","background-position":"center center","background-size":"auto","background-attachment":"scroll","background-type":"","background-media":"","overlay-type":"","overlay-color":"","overlay-opacity":"","overlay-gradient":""},"mobile":{"background-color":"var(--ast-global-color-5)","background-image":"","background-repeat":"repeat","background-position":"center center","background-size":"auto","background-attachment":"scroll","background-type":"","background-media":"","overlay-type":"","overlay-color":"","overlay-opacity":"","overlay-gradient":""}}},"product_brand":[],"product_cat":[419,549],"product_tag":[],"class_list":{"0":"post-63511","1":"product","2":"type-product","3":"status-publish","4":"has-post-thumbnail","6":"product_cat-cartuchos-cbd","7":"product_cat-sativanol","8":"desktop-align-center","9":"tablet-align-center","10":"mobile-align-center","12":"first","13":"instock","14":"taxable","15":"shipping-taxable","16":"purchasable","17":"product-type-variable"},"acf":[],"yoast_head":"<!-- This site is optimized with the Yoast SEO Premium plugin v27.3 (Yoast SEO v27.3) - https:\/\/yoast.com\/product\/yoast-seo-premium-wordpress\/ -->\n<title>Cartucho Sativanol Strawberry | Iguana Smoke<\/title>\n<meta name=\"description\" content=\"Prueba el cartucho Sativanol Strawberry compatible con bater\u00edas 510. Tu vaper Sativanol sin THC, HHC, Nicotina. Efecto potente con sabor a fresa.\" \/>\n<meta name=\"robots\" content=\"index, follow, max-snippet:-1, max-image-preview:large, max-video-preview:-1\" \/>\n<link rel=\"canonical\" href=\"https:\/\/iguanasmoke.com\/pt\/produto\/cartucho-sativanol-strawberry\/\" \/>\n<meta property=\"og:locale\" content=\"pt_PT\" \/>\n<meta property=\"og:type\" content=\"article\" \/>\n<meta property=\"og:title\" content=\"Cartucho Sativanol Space - Strawberry\" \/>\n<meta property=\"og:description\" content=\"Descubre el aut\u00e9ntico sabor a fresa del cartucho Sativanol STV Strawberry:   Conexi\u00f3n: tipo 510  Capacidad: 1 ml (300 caladas)\/ 2 ml (600 caladas)  Sativanol al 90%  THC: 0%, HHC: 0%  THC-P: 0%, Nicotina: 0%  No contiene VG, PG, PEG, MCT o cualquier otro agente de corte  Adem\u00e1s, consulta\u00a0el an\u00e1lisis de laboratorio.\" \/>\n<meta property=\"og:url\" content=\"https:\/\/iguanasmoke.com\/pt\/produto\/cartucho-sativanol-strawberry\/\" \/>\n<meta property=\"og:site_name\" content=\"Iguana Smoke\" \/>\n<meta property=\"article:publisher\" content=\"https:\/\/www.facebook.com\/iguanasmoke\" \/>\n<meta property=\"article:modified_time\" content=\"2026-03-30T10:36:21+00:00\" \/>\n<meta property=\"og:image\" content=\"https:\/\/iguanasmoke.com\/wp-content\/uploads\/2025\/08\/Bolsa-Cart-Strawberry-2025-STV-con-cartucho.webp\" \/>\n\t<meta property=\"og:image:width\" content=\"1000\" \/>\n\t<meta property=\"og:image:height\" content=\"1000\" \/>\n\t<meta property=\"og:image:type\" content=\"image\/webp\" \/>\n<meta name=\"twitter:card\" content=\"summary_large_image\" \/>\n<meta name=\"twitter:label1\" content=\"Disponibilidade\" \/>\n\t<meta name=\"twitter:data1\" content=\"Em stock\" \/>\n<meta property=\"product:brand\" content=\"variable\" \/>\n<meta property=\"og:availability\" content=\"instock\" \/>\n<meta property=\"product:availability\" content=\"instock\" \/>\n<meta property=\"product:condition\" content=\"new\" \/>\n<!-- \/ Yoast SEO Premium plugin. -->","yoast_head_json":{"title":"Cartucho Sativanol Strawberry | Iguana Smoke","description":"Prueba el cartucho Sativanol Strawberry compatible con bater\u00edas 510. Tu vaper Sativanol sin THC, HHC, Nicotina. Efecto potente con sabor a fresa.","robots":{"index":"index","follow":"follow","max-snippet":"max-snippet:-1","max-image-preview":"max-image-preview:large","max-video-preview":"max-video-preview:-1"},"canonical":"https:\/\/iguanasmoke.com\/pt\/produto\/cartucho-sativanol-strawberry\/","og_locale":"pt_PT","og_type":"article","og_title":"Cartucho Sativanol Space - Strawberry","og_description":"Descubre el aut\u00e9ntico sabor a fresa del cartucho Sativanol STV Strawberry:   Conexi\u00f3n: tipo 510  Capacidad: 1 ml (300 caladas)\/ 2 ml (600 caladas)  Sativanol al 90%  THC: 0%, HHC: 0%  THC-P: 0%, Nicotina: 0%  No contiene VG, PG, PEG, MCT o cualquier otro agente de corte  Adem\u00e1s, consulta\u00a0el an\u00e1lisis de laboratorio.","og_url":"https:\/\/iguanasmoke.com\/pt\/produto\/cartucho-sativanol-strawberry\/","og_site_name":"Iguana Smoke","article_publisher":"https:\/\/www.facebook.com\/iguanasmoke","article_modified_time":"2026-03-30T10:36:21+00:00","og_image":[{"width":1000,"height":1000,"url":"https:\/\/iguanasmoke.com\/wp-content\/uploads\/2025\/08\/Bolsa-Cart-Strawberry-2025-STV-con-cartucho.webp","type":"image\/webp"}],"twitter_card":"summary_large_image","twitter_misc":{"Disponibilidade":"Em stock"},"schema":{"@context":"https:\/\/schema.org","@graph":[{"@type":"WebPage","@id":"https:\/\/iguanasmoke.com\/producto\/cartucho-sativanol-strawberry\/","url":"https:\/\/iguanasmoke.com\/producto\/cartucho-sativanol-strawberry\/","name":"Cartucho Sativanol Strawberry | Iguana Smoke","isPartOf":{"@id":"https:\/\/iguanasmoke.com\/#website"},"primaryImageOfPage":{"@id":"https:\/\/iguanasmoke.com\/producto\/cartucho-sativanol-strawberry\/#primaryimage"},"image":{"@id":"https:\/\/iguanasmoke.com\/producto\/cartucho-sativanol-strawberry\/#primaryimage"},"thumbnailUrl":"https:\/\/iguanasmoke.com\/wp-content\/uploads\/2025\/08\/Bolsa-Cart-Strawberry-2025-STV-con-cartucho.webp","datePublished":"2025-09-11T08:33:09+00:00","dateModified":"2026-03-30T10:36:21+00:00","description":"Prueba el cartucho Sativanol Strawberry compatible con bater\u00edas 510. Tu vaper Sativanol sin THC, HHC, Nicotina. Efecto potente con sabor a fresa.","breadcrumb":{"@id":"https:\/\/iguanasmoke.com\/producto\/cartucho-sativanol-strawberry\/#breadcrumb"},"inLanguage":"pt-PT","potentialAction":[{"@type":"ReadAction","target":["https:\/\/iguanasmoke.com\/producto\/cartucho-sativanol-strawberry\/"]}]},{"@type":"ImageObject","inLanguage":"pt-PT","@id":"https:\/\/iguanasmoke.com\/producto\/cartucho-sativanol-strawberry\/#primaryimage","url":"https:\/\/iguanasmoke.com\/wp-content\/uploads\/2025\/08\/Bolsa-Cart-Strawberry-2025-STV-con-cartucho.webp","contentUrl":"https:\/\/iguanasmoke.com\/wp-content\/uploads\/2025\/08\/Bolsa-Cart-Strawberry-2025-STV-con-cartucho.webp","width":1000,"height":1000,"caption":"cartucho STV strawberry 1ml sabor a fresa"},{"@type":"BreadcrumbList","@id":"https:\/\/iguanasmoke.com\/producto\/cartucho-sativanol-strawberry\/#breadcrumb","itemListElement":[{"@type":"ListItem","position":1,"name":"home","item":"https:\/\/iguanasmoke.com\/"},{"@type":"ListItem","position":2,"name":"Tienda","item":"https:\/\/iguanasmoke.com\/tienda\/"},{"@type":"ListItem","position":3,"name":"Nuevas Mol\u00e9culas","item":"https:\/\/iguanasmoke.com\/categoria\/nuevas-moleculas\/"},{"@type":"ListItem","position":4,"name":"Sativanol - STV","item":"https:\/\/iguanasmoke.com\/categoria\/nuevas-moleculas\/sativanol\/"},{"@type":"ListItem","position":5,"name":"Cartucho Sativanol Space &#8211; Strawberry"}]},{"@type":"WebSite","@id":"https:\/\/iguanasmoke.com\/#website","url":"https:\/\/iguanasmoke.com\/","name":"Fumo de Iguana","description":"Comprar CBD online ao melhor pre\u00e7o","publisher":{"@id":"https:\/\/iguanasmoke.com\/#organization"},"potentialAction":[{"@type":"SearchAction","target":{"@type":"EntryPoint","urlTemplate":"https:\/\/iguanasmoke.com\/?s={search_term_string}"},"query-input":{"@type":"PropertyValueSpecification","valueRequired":true,"valueName":"search_term_string"}}],"inLanguage":"pt-PT"},{"@type":"Organization","@id":"https:\/\/iguanasmoke.com\/#organization","name":"Fumo de Iguana","url":"https:\/\/iguanasmoke.com\/","logo":{"@type":"ImageObject","inLanguage":"pt-PT","@id":"https:\/\/iguanasmoke.com\/#\/schema\/logo\/image\/","url":"https:\/\/iguanasmoke.com\/wp-content\/uploads\/2025\/01\/logoiguana-favi-1.png","contentUrl":"https:\/\/iguanasmoke.com\/wp-content\/uploads\/2025\/01\/logoiguana-favi-1.png","width":512,"height":512,"caption":"Iguana Smoke"},"image":{"@id":"https:\/\/iguanasmoke.com\/#\/schema\/logo\/image\/"},"sameAs":["https:\/\/www.facebook.com\/iguanasmoke","https:\/\/www.instagram.com\/iguanasmoke\/"]}]},"product_brand":"variable","og_availability":"instock","product_availability":"instock","product_condition":"new"},"_links":{"self":[{"href":"https:\/\/iguanasmoke.com\/pt\/wp-json\/wp\/v2\/product\/63511","targetHints":{"allow":["GET"]}}],"collection":[{"href":"https:\/\/iguanasmoke.com\/pt\/wp-json\/wp\/v2\/product"}],"about":[{"href":"https:\/\/iguanasmoke.com\/pt\/wp-json\/wp\/v2\/types\/product"}],"replies":[{"embeddable":true,"href":"https:\/\/iguanasmoke.com\/pt\/wp-json\/wp\/v2\/comments?post=63511"}],"wp:featuredmedia":[{"embeddable":true,"href":"https:\/\/iguanasmoke.com\/pt\/wp-json\/wp\/v2\/media\/64571"}],"wp:attachment":[{"href":"https:\/\/iguanasmoke.com\/pt\/wp-json\/wp\/v2\/media?parent=63511"}],"wp:term":[{"taxonomy":"product_brand","embeddable":true,"href":"https:\/\/iguanasmoke.com\/pt\/wp-json\/wp\/v2\/product_brand?post=63511"},{"taxonomy":"product_cat","embeddable":true,"href":"https:\/\/iguanasmoke.com\/pt\/wp-json\/wp\/v2\/product_cat?post=63511"},{"taxonomy":"product_tag","embeddable":true,"href":"https:\/\/iguanasmoke.com\/pt\/wp-json\/wp\/v2\/product_tag?post=63511"}],"curies":[{"name":"wp","href":"https:\/\/api.w.org\/{rel}","templated":true}]}}