{"id":63817,"date":"2025-09-11T10:32:03","date_gmt":"2025-09-11T08:32:03","guid":{"rendered":"https:\/\/iguanasmoke.com\/?post_type=product&#038;p=63817"},"modified":"2026-03-26T11:03:11","modified_gmt":"2026-03-26T10:03:11","slug":"cartucho-e8h-90-lemon-haze","status":"publish","type":"product","link":"https:\/\/iguanasmoke.com\/pt\/producto\/cartucho-e8h-90-lemon-haze\/","title":{"rendered":"E8H Space - Cartucho Lemon Haze"},"content":{"rendered":"<h1 data-start=\"1609\" data-end=\"1642\"><span style=\"font-weight: 400\">E8H Space - Cartucho Lemon Haze<\/span><\/h1>\n<p><span style=\"font-weight: 400\">Com a nossa <strong>Cartucho E8H<\/strong> <strong>Haze de lim\u00e3o <\/strong>Desfrute do seu momento com um sabor refrescante de topo: Lim\u00e3o. Concebida para ter um<strong> experi\u00eancia vape completa e poderosa<\/strong>, carregado para o <strong>90% com a inovadora mol\u00e9cula E8H<\/strong> y <\/span><span style=\"font-weight: 400\">completou a f\u00f3rmula <strong>isento de agentes de corte, nicotina e HHC<\/strong>, para desfrutar de um vape E8H limpo, legal e de qualidade.\u00a0\u00a0<\/span><\/p>\n<p><span style=\"font-weight: 400\">Sabia que quando compra um <strong>vaporizador<\/strong><\/span><span style=\"font-weight: 400\"><strong> E8H <\/strong>significa transportar a tecnologia de can\u00e1bis do futuro no seu bolso? <strong>Sem THC<\/strong>, <strong>mas h\u00e1 um efeito<\/strong>; <strong>sem fumo<\/strong>, <strong>mas h\u00e1 nuvens<\/strong>; N\u00e3o h\u00e1 d\u00favida, porque <strong>este cartucho E8H Lemon Haze \u00e9 puro e refrescante.<\/strong><\/span><\/p>\n<p>&nbsp;<\/p>\n<h2><strong>O que \u00e9 a mol\u00e9cula E8H?<\/strong><\/h2>\n<p><span style=\"font-weight: 400\">Os nossos cartuchos cont\u00eam <strong>90% esta mol\u00e9cula semi-sint\u00e9tica de \u00faltima gera\u00e7\u00e3o: E8H<\/strong>. Foi concebido para oferecer uma <strong>experi\u00eancia<\/strong> <strong>apenas<\/strong>, <strong>muito semelhante ao do HHC<\/strong>. No entanto, ao contr\u00e1rio do que j\u00e1 conhece, esta mol\u00e9cula de vanguarda oferece uma experi\u00eancia \u00fanica que vai mudar as suas expectativas. <\/span><\/p>\n<p><span style=\"font-weight: 400\">\u00c9 \u00fanico, tem de o experimentar para o sentir! O seu recente desenvolvimento insere-o num quadro regulamentar em evolu\u00e7\u00e3o, abrindo novas possibilidades no mundo do vaping. <\/span><\/p>\n<p><span style=\"font-weight: 400\">Embora os efeitos possam variar de pessoa para pessoa, as experi\u00eancias incluem frequentemente:<\/span><\/p>\n<ul>\n<li>Experi\u00eancias semelhantes \u00e0s do THC, uma sensa\u00e7\u00e3o agrad\u00e1vel.<\/li>\n<li>Relaxamento geral e redu\u00e7\u00e3o do stress<\/li>\n<li>Sensa\u00e7\u00e3o de calma ou bem-estar.<\/li>\n<\/ul>\n<p>&nbsp;<\/p>\n<h2>Perfil de terpenos do cartucho E8H Lemon Haze:<\/h2>\n<p><span style=\"font-weight: 400\">A variedade Lemon Haze \u00e9 famosa pelo seu aroma brilhante, c\u00edtrico e fresco. Quando vaporizada, notar\u00e1s um equil\u00edbrio perfeito entre do\u00e7ura e acidez, com <strong>notas de casca de lim\u00e3o<\/strong>, especiarias e um final herb\u00e1ceo. A tudo isto h\u00e1 que acrescentar <\/span>o toque de E8H gra\u00e7as ao qual obter\u00e1s o efeito funcional e agrad\u00e1vel. A sua combina\u00e7\u00e3o de terpenos inclui:<\/p>\n<ul>\n<li>Limoneno: fresco e c\u00edtrico, estimulante e redutor do stress.<\/li>\n<li>Myrcene: terroso e suave, ajuda a equilibrar o efeito.<\/li>\n<li>Pineno: toque amadeirado refrescante, melhora a clareza mental.<\/li>\n<\/ul>\n<p>&nbsp;<\/p>\n<h2><strong>Principais carater\u00edsticas do vaper E8H:<\/strong><\/h2>\n<ul>\n<li><span style=\"font-weight: 400\"><strong>E8H de alta qualidade<\/strong>, com um perfil canabin\u00f3ide natural.<\/span><\/li>\n<li><span style=\"font-weight: 400\"><strong>Extrato de c\u00e2nhamo biol\u00f3gico<\/strong>, sem aditivos e solventes.<\/span><\/li>\n<li><span style=\"font-weight: 400\">Dispon\u00edvel em <strong>1ml e 2ml<\/strong>. <\/span><\/li>\n<li><span style=\"font-weight: 400\">Para <strong>300 puffs (1ml) e 600 puffs (2ml)<\/strong>.<\/span><\/li>\n<li><span style=\"font-weight: 400\"><strong>Sem THC detet\u00e1vel<\/strong>. <\/span><\/li>\n<li><span style=\"font-weight: 400\"><strong>Qualidade garantida pela Iguana Smoke<\/strong>.<\/span><\/li>\n<\/ul>\n<p>&nbsp;<\/p>\n<h2><strong>Benef\u00edcios do teu cartucho E8H Lemon Haze:<\/strong><\/h2>\n<ul>\n<li><span style=\"font-weight: 400\">Cont\u00e9m E8H<b>: <\/b>um canabin\u00f3ide legal derivado do c\u00e2nhamo, isento de THC.<\/span><\/li>\n<li><span style=\"font-weight: 400\"><strong>Efeito potente sem <\/strong>sentir os efeitos<strong> psicoactivos n\u00e3o desejados: dura\u00e7\u00e3o<\/strong> longo (<strong>3-4 horas<\/strong>)<\/span><\/li>\n<li><span style=\"font-weight: 400\">Ideal para <strong>utiliza\u00e7\u00e3o di\u00e1ria:<\/strong>\u00a0<strong>sem odor, sem combust\u00e3o, sem toler\u00e2ncia<\/strong>.<\/span><\/li>\n<li>Sabor c\u00edtrico, \u00e1cido e poderoso, como o do lim\u00e3o.<\/li>\n<li>Uma experi\u00eancia sensorial muito bem sucedida.<\/li>\n<\/ul>\n<p><span style=\"font-weight: 400\">O <strong>vaper E8H <\/strong>\u00e9 a forma mais c\u00f3moda e limpa de usufruir de todos os benef\u00edcios do <strong>vantagens do E8H<\/strong>, sem manuten\u00e7\u00e3o, sem complica\u00e7\u00f5es, sem problemas.\u00a0<\/span><\/p>\n<p>&nbsp;<\/p>\n<h2><strong>O que \u00e9 um cartucho descart\u00e1vel?<\/strong><\/h2>\n<p><span style=\"font-weight: 400\">A <strong>Cartucho descart\u00e1vel E8H<\/strong> \u00e9 um pequeno cilindro com <strong>Liga\u00e7\u00e3o 510, 1ml ou 2ml<\/strong> que est\u00e1 cheio de l\u00edquido E8H. A grande diferen\u00e7a em rela\u00e7\u00e3o a outros tipos de cartuchos \u00e9 o facto de n\u00e3o necessitar de ser recarregado ou reabastecido: <strong>quando se esgota, \u00e9 simplesmente descartado<\/strong>.\u00a0<\/span><\/p>\n<p><span style=\"font-weight: 400\">Existem tamb\u00e9m <a href=\"https:\/\/iguanasmoke.com\/pt\/produto\/vape-space-vape-e8h-lemon\/\">Vapers E8H descart\u00e1vel<\/a> (tudo-em-um) com bateria e cartucho integrados, pronto a utilizar logo que sai da caixa.\u00a0<\/span><\/p>\n<p>&nbsp;<\/p>\n<h2><span style=\"font-weight: 400\"><strong>Pilhas para os seus cartuchos E8H Lemon Haze<\/strong>:<\/span><\/h2>\n<p><span style=\"font-weight: 400\">N\u00e3o se esque\u00e7a de comprar um <strong>pilha 510<\/strong> <strong>fi\u00e1vel<\/strong>, <strong>duradouro<\/strong>. \u00c9 por isso que em <strong>Fumo de Iguana<\/strong> oferecemos-lhe diferentes modelos concebidos para garantir uma <strong>n\u00e9voa uniforme<\/strong>, <strong>sabor limpo<\/strong> e um <strong>experi\u00eancia de vaporiza\u00e7\u00e3o confort\u00e1vel e segura<\/strong>.<\/span><\/p>\n<ul>\n<li><span style=\"font-weight: 400\"><a href=\"https:\/\/iguanasmoke.com\/pt\/produto\/bateria-iguana-power-510-para-cartuchos-de-1-ml\/\"><strong>Bateria 510 com rosca para cartuchos de 1 ml<\/strong><\/a>O tamanho compacto, discreto e f\u00e1cil de transportar, e a pot\u00eancia est\u00e3o perfeitamente calibrados para extrair todo o perfil arom\u00e1tico do E8H sem sobreaquecer o l\u00edquido. <em>Tem uma pot\u00eancia de 320 mAh.<\/em><\/span><\/li>\n<li><span style=\"font-weight: 400\"><a href=\"https:\/\/iguanasmoke.com\/pt\/produto\/bateria-iguana-power-510-para-cartuchos-de-2-ml\/\"><strong>Bateria 510 com rosca para cartuchos de 2 ml<\/strong><\/a>Cartuchos E8H: Oferecem uma autonomia mais longa, concebidos para os utilizadores que gostam de sess\u00f5es mais longas ou que preferem mudar os cartuchos E8H com menos frequ\u00eancia. Garantem <strong>pot\u00eancia est\u00e1vel e desempenho constante<\/strong>. <em>Tem uma pot\u00eancia de 400 mAh<\/em>.\u00a0<\/span><\/li>\n<li><a href=\"https:\/\/iguanasmoke.com\/pt\/produto\/bateria-iguana-power-cartbox-bateria-510-para-cartuchos\/\">Bateria de bolso Cartbox com rosca 510<\/a>; Compatibilidade 2 em 1: <strong><span style=\"font-weight: 400\">E se procura versatilidade, este modelo \u00e9 compat\u00edvel com cartuchos de 1ml e 2ml, combinando autonomia, discri\u00e7\u00e3o e pot\u00eancia ajust\u00e1vel. Ideal para quem quer um \u00fanico dispositivo que se adapte a tudo. <em>Tem uma pot\u00eancia de 650 mAh<\/em>.\u00a0<\/span><\/strong><\/li>\n<\/ul>\n<p>&nbsp;<\/p>\n<h3><b>Onde comprar os cartuchos E8H<\/b><b> Lemon Haze?<\/b><\/h3>\n<p><span style=\"font-weight: 400\">Em <strong>Fumo de Iguana<\/strong>, Damos prioridade \u00e0 qualidade e \u00e0 transpar\u00eancia. Os nossos <strong>Cartuchos E8H<\/strong> s\u00e3o elaborados com extractos naturais que garantem produtos <\/span><span style=\"font-weight: 400\"><strong>seguro e potente<\/strong>. Como \u00e9 o caso do nosso <strong>Cartucho E8H Lemon Haze<\/strong>, que se destaca pelo seu sabor explosivo a citrinos e lim\u00e3o.<\/span><\/p>\n<p><span style=\"font-weight: 400\">Este \u00e9 o seu lugar seguro para <strong>comprar vaper E8H online no Reino Unido.<\/strong> Todos os nossos produtos s\u00e3o aprovados pela UE, o que garante a sua legalidade e seguran\u00e7a. Para al\u00e9m disso, se desejar, pode consultar<\/span><span style=\"font-weight: 400\"> <a href=\"https:\/\/iguanasmoke.com\/pt\/analiticas\/\">aqui a an\u00e1lise laboratorial.<\/a>\u00a0<\/span><\/p>\n<p><span style=\"font-weight: 400\">N\u00e3o se esque\u00e7a de explorar outros <strong>vaper E8H <\/strong>como o <a href=\"https:\/\/iguanasmoke.com\/pt\/produto\/vape-space-vape-e8h-lemon\/\">Vaper E8H Space Vape Lemon Haze<\/a> u <\/span><span style=\"font-weight: 400\">outros <strong>Produtos TOP<\/strong> como o <a href=\"https:\/\/iguanasmoke.com\/pt\/produto\/cartucho-de-cbd-full-spectrum-limao\/\">Cartucho de CBD Full Spectrum Lemon <\/a> ou o <a href=\"https:\/\/iguanasmoke.com\/pt\/produto\/live-resin-cbd-84-live-terpenos\/\">Resina viva<\/a>. <\/span><span style=\"font-weight: 400\">Em suma, explore a nossa variedade e encontre j\u00e1 os seus favoritos.<\/span><span style=\"font-weight: 400\">\u00a0<\/span><\/p>\n<p>Entrega r\u00e1pida, aten\u00e7\u00e3o especial e uma loja com uma embalagem discreta que vai em primeiro lugar - s\u00f3 para seu prazer!<\/p>\n<p>&nbsp;<\/p>\n<h3><b>Iguana Smoke \u00e9 a sua loja online de confian\u00e7a de CBD<\/b><\/h3>\n<p><span style=\"font-weight: 400\">Na Iguana Smoke, acreditamos que desfrutar do CBD deve ser uma experi\u00eancia segura e prazerosa. \u00c9 por isso que temos produtos de alta qualidade que se ligam \u00e0s novas gera\u00e7\u00f5es: pessoas que procuram um bem-estar descomplicado, com marcas aut\u00eanticas e fi\u00e1veis.\u00a0<\/span><\/p>\n<p>A nossa miss\u00e3o \u00e9 clara: levar at\u00e9 si o melhor do mundo dos canabin\u00f3ides a um pre\u00e7o justo, com a tranquilidade de saber que est\u00e1 a escolher um produto certificado, eficaz e 100% legal.<\/p>\n<p>Ainda tem d\u00favidas? Escreva-nos e teremos todo o gosto em ajud\u00e1-lo a encontrar o produto certo para si.<\/p>\n<p>&nbsp;<\/p>\n<p><em><span style=\"font-weight: 400\">*Nota: a sua utiliza\u00e7\u00e3o destina-se a cole\u00e7\u00e3o ou aromaterapia, de acordo com a legisla\u00e7\u00e3o espanhola. <\/span><\/em><\/p>\n<p><em><span style=\"font-weight: 400\">**Todos os nossos produtos s\u00e3o derivados de c\u00e2nhamo industrial certificado. Cont\u00eam menos de 0,3 THC e n\u00e3o cont\u00eam canabin\u00f3ides ilegais como HHC, HHC-P, THCP, THCP-O, H4CBD e os inclu\u00eddos no Anexo I do Decreto Real 2829\/1977, nem subst\u00e2ncias controladas por conven\u00e7\u00f5es internacionais.\u00a0\u00a0<\/span><\/em><\/p>","protected":false},"excerpt":{"rendered":"<ul>\n<li>Sabor a citrinos de lim\u00e3o<\/li>\n<li>Liga\u00e7\u00e3o: tipo 510<\/li>\n<li>Capacidade: <span style=\"font-size: 16px\">1 ml (300 puffs)\/ 2 ml (600 puffs)<\/span><\/li>\n<li>Aromas naturais de alta qualidade<\/li>\n<li>E8H para 90%<\/li>\n<li>THC: 0%, HHC: 0%, THC-P: 0%, Nicotina: 0%<\/li>\n<li>N\u00e3o cont\u00e9m VG, PG, PEG, MCT ou qualquer outro agente de corte.<\/li>\n<\/ul>\n<p><span style=\"font-weight: 400\">Al\u00e9m disso, se quiser, pode consultar<strong> <a href=\"https:\/\/iguanasmoke.com\/pt\/analiticas\/\">an\u00e1lises laboratoriais.<\/a><\/strong><\/span><\/p>","protected":false},"featured_media":64599,"comment_status":"open","ping_status":"closed","template":"","meta":{"_acf_changed":false,"site-sidebar-layout":"default","site-content-layout":"","ast-site-content-layout":"default","site-content-style":"default","site-sidebar-style":"default","ast-global-header-display":"","ast-banner-title-visibility":"","ast-main-header-display":"","ast-hfb-above-header-display":"","ast-hfb-below-header-display":"","ast-hfb-mobile-header-display":"","site-post-title":"","ast-breadcrumbs-content":"","ast-featured-img":"","footer-sml-layout":"","theme-transparent-header-meta":"default","adv-header-id-meta":"","stick-header-meta":"","header-above-stick-meta":"","header-main-stick-meta":"","header-below-stick-meta":"","astra-migrate-meta-layouts":"set","ast-page-background-enabled":"default","ast-page-background-meta":{"desktop":{"background-color":"var(--ast-global-color-4)","background-image":"","background-repeat":"repeat","background-position":"center center","background-size":"auto","background-attachment":"scroll","background-type":"","background-media":"","overlay-type":"","overlay-color":"","overlay-opacity":"","overlay-gradient":""},"tablet":{"background-color":"","background-image":"","background-repeat":"repeat","background-position":"center center","background-size":"auto","background-attachment":"scroll","background-type":"","background-media":"","overlay-type":"","overlay-color":"","overlay-opacity":"","overlay-gradient":""},"mobile":{"background-color":"","background-image":"","background-repeat":"repeat","background-position":"center center","background-size":"auto","background-attachment":"scroll","background-type":"","background-media":"","overlay-type":"","overlay-color":"","overlay-opacity":"","overlay-gradient":""}},"ast-content-background-meta":{"desktop":{"background-color":"var(--ast-global-color-5)","background-image":"","background-repeat":"repeat","background-position":"center center","background-size":"auto","background-attachment":"scroll","background-type":"","background-media":"","overlay-type":"","overlay-color":"","overlay-opacity":"","overlay-gradient":""},"tablet":{"background-color":"var(--ast-global-color-5)","background-image":"","background-repeat":"repeat","background-position":"center center","background-size":"auto","background-attachment":"scroll","background-type":"","background-media":"","overlay-type":"","overlay-color":"","overlay-opacity":"","overlay-gradient":""},"mobile":{"background-color":"var(--ast-global-color-5)","background-image":"","background-repeat":"repeat","background-position":"center center","background-size":"auto","background-attachment":"scroll","background-type":"","background-media":"","overlay-type":"","overlay-color":"","overlay-opacity":"","overlay-gradient":""}}},"product_brand":[],"product_cat":[419,627],"product_tag":[],"class_list":{"0":"post-63817","1":"product","2":"type-product","3":"status-publish","4":"has-post-thumbnail","6":"product_cat-cartuchos-cbd","7":"product_cat-e8h","8":"desktop-align-center","9":"tablet-align-center","10":"mobile-align-center","12":"first","13":"instock","14":"taxable","15":"shipping-taxable","16":"purchasable","17":"product-type-variable"},"acf":[],"yoast_head":"<!-- This site is optimized with the Yoast SEO Premium plugin v27.3 (Yoast SEO v27.3) - https:\/\/yoast.com\/product\/yoast-seo-premium-wordpress\/ -->\n<title>Cartucho E8H Lemon Haze | Iguana Smoke<\/title>\n<meta name=\"description\" content=\"Descubre el Cartucho E8H Lemon Haze 90% con aroma a Lim\u00f3n, y siente la energ\u00eda c\u00edtrica del cannabis legal. Encuentra tu cartucho y vaper E8H sin THC.\" \/>\n<meta name=\"robots\" content=\"index, follow, max-snippet:-1, max-image-preview:large, max-video-preview:-1\" \/>\n<link rel=\"canonical\" href=\"https:\/\/iguanasmoke.com\/pt\/produto\/cartucho-e8h-90-lemon-haze\/\" \/>\n<meta property=\"og:locale\" content=\"pt_PT\" \/>\n<meta property=\"og:type\" content=\"article\" \/>\n<meta property=\"og:title\" content=\"Cartucho E8H Space - Lemon Haze\" \/>\n<meta property=\"og:description\" content=\"Sabor a oleada c\u00edtrica de lim\u00f3n  Conexi\u00f3n: tipo 510  Capacidad: 1 ml (300 caladas)\/ 2 ml (600 caladas)  Aromas naturales de alta calidad  E8H al 90%  THC: 0%, HHC: 0%, THC-P: 0%, Nicotina: 0%  No contiene VG, PG, PEG, MCT o cualquier otro agente de corte  Adem\u00e1s, si quieres puedes consultar el an\u00e1lisis de laboratorio.\" \/>\n<meta property=\"og:url\" content=\"https:\/\/iguanasmoke.com\/pt\/produto\/cartucho-e8h-90-lemon-haze\/\" \/>\n<meta property=\"og:site_name\" content=\"Iguana Smoke\" \/>\n<meta property=\"article:publisher\" content=\"https:\/\/www.facebook.com\/iguanasmoke\" \/>\n<meta property=\"article:modified_time\" content=\"2026-03-26T10:03:11+00:00\" \/>\n<meta property=\"og:image\" content=\"https:\/\/iguanasmoke.com\/wp-content\/uploads\/2025\/08\/Bolsa-Cart-Lemon-Haze-2025-E8H-con-cartucho.webp\" \/>\n\t<meta property=\"og:image:width\" content=\"1000\" \/>\n\t<meta property=\"og:image:height\" content=\"1000\" \/>\n\t<meta property=\"og:image:type\" content=\"image\/webp\" \/>\n<meta name=\"twitter:card\" content=\"summary_large_image\" \/>\n<meta name=\"twitter:label1\" content=\"Disponibilidade\" \/>\n\t<meta name=\"twitter:data1\" content=\"Em stock\" \/>\n<meta property=\"product:brand\" content=\"variable\" \/>\n<meta property=\"og:availability\" content=\"instock\" \/>\n<meta property=\"product:availability\" content=\"instock\" \/>\n<meta property=\"product:condition\" content=\"new\" \/>\n<!-- \/ Yoast SEO Premium plugin. -->","yoast_head_json":{"title":"E8H Lemon Haze | Cartucho de fumo Iguana","description":"Descubra o cartucho com aroma a lim\u00e3o E8H Lemon Haze 90% Lemon e sinta a energia c\u00edtrica da can\u00e1bis legal. Encontre o seu cartucho e vaper E8H sem THC.","robots":{"index":"index","follow":"follow","max-snippet":"max-snippet:-1","max-image-preview":"max-image-preview:large","max-video-preview":"max-video-preview:-1"},"canonical":"https:\/\/iguanasmoke.com\/pt\/produto\/cartucho-e8h-90-lemon-haze\/","og_locale":"pt_PT","og_type":"article","og_title":"Cartucho E8H Space - Lemon Haze","og_description":"Sabor a oleada c\u00edtrica de lim\u00f3n  Conexi\u00f3n: tipo 510  Capacidad: 1 ml (300 caladas)\/ 2 ml (600 caladas)  Aromas naturales de alta calidad  E8H al 90%  THC: 0%, HHC: 0%, THC-P: 0%, Nicotina: 0%  No contiene VG, PG, PEG, MCT o cualquier otro agente de corte  Adem\u00e1s, si quieres puedes consultar el an\u00e1lisis de laboratorio.","og_url":"https:\/\/iguanasmoke.com\/pt\/produto\/cartucho-e8h-90-lemon-haze\/","og_site_name":"Iguana Smoke","article_publisher":"https:\/\/www.facebook.com\/iguanasmoke","article_modified_time":"2026-03-26T10:03:11+00:00","og_image":[{"width":1000,"height":1000,"url":"https:\/\/iguanasmoke.com\/wp-content\/uploads\/2025\/08\/Bolsa-Cart-Lemon-Haze-2025-E8H-con-cartucho.webp","type":"image\/webp"}],"twitter_card":"summary_large_image","twitter_misc":{"Disponibilidade":"Em stock"},"schema":{"@context":"https:\/\/schema.org","@graph":[{"@type":"WebPage","@id":"https:\/\/iguanasmoke.com\/producto\/cartucho-e8h-90-lemon-haze\/","url":"https:\/\/iguanasmoke.com\/producto\/cartucho-e8h-90-lemon-haze\/","name":"E8H Lemon Haze | Cartucho de fumo Iguana","isPartOf":{"@id":"https:\/\/iguanasmoke.com\/#website"},"primaryImageOfPage":{"@id":"https:\/\/iguanasmoke.com\/producto\/cartucho-e8h-90-lemon-haze\/#primaryimage"},"image":{"@id":"https:\/\/iguanasmoke.com\/producto\/cartucho-e8h-90-lemon-haze\/#primaryimage"},"thumbnailUrl":"https:\/\/iguanasmoke.com\/wp-content\/uploads\/2025\/08\/Bolsa-Cart-Lemon-Haze-2025-E8H-con-cartucho.webp","datePublished":"2025-09-11T08:32:03+00:00","dateModified":"2026-03-26T10:03:11+00:00","description":"Descubra o cartucho com aroma a lim\u00e3o E8H Lemon Haze 90% Lemon e sinta a energia c\u00edtrica da can\u00e1bis legal. Encontre o seu cartucho e vaper E8H sem THC.","breadcrumb":{"@id":"https:\/\/iguanasmoke.com\/producto\/cartucho-e8h-90-lemon-haze\/#breadcrumb"},"inLanguage":"pt-PT","potentialAction":[{"@type":"ReadAction","target":["https:\/\/iguanasmoke.com\/producto\/cartucho-e8h-90-lemon-haze\/"]}]},{"@type":"ImageObject","inLanguage":"pt-PT","@id":"https:\/\/iguanasmoke.com\/producto\/cartucho-e8h-90-lemon-haze\/#primaryimage","url":"https:\/\/iguanasmoke.com\/wp-content\/uploads\/2025\/08\/Bolsa-Cart-Lemon-Haze-2025-E8H-con-cartucho.webp","contentUrl":"https:\/\/iguanasmoke.com\/wp-content\/uploads\/2025\/08\/Bolsa-Cart-Lemon-Haze-2025-E8H-con-cartucho.webp","width":1000,"height":1000,"caption":"cartucho e8h lemon"},{"@type":"BreadcrumbList","@id":"https:\/\/iguanasmoke.com\/producto\/cartucho-e8h-90-lemon-haze\/#breadcrumb","itemListElement":[{"@type":"ListItem","position":1,"name":"home","item":"https:\/\/iguanasmoke.com\/"},{"@type":"ListItem","position":2,"name":"Tienda","item":"https:\/\/iguanasmoke.com\/tienda\/"},{"@type":"ListItem","position":3,"name":"Nuevas Mol\u00e9culas","item":"https:\/\/iguanasmoke.com\/categoria\/nuevas-moleculas\/"},{"@type":"ListItem","position":4,"name":"E8H","item":"https:\/\/iguanasmoke.com\/categoria\/nuevas-moleculas\/e8h\/"},{"@type":"ListItem","position":5,"name":"Cartucho E8H Space &#8211; Lemon Haze"}]},{"@type":"WebSite","@id":"https:\/\/iguanasmoke.com\/#website","url":"https:\/\/iguanasmoke.com\/","name":"Fumo de Iguana","description":"Comprar CBD online ao melhor pre\u00e7o","publisher":{"@id":"https:\/\/iguanasmoke.com\/#organization"},"potentialAction":[{"@type":"SearchAction","target":{"@type":"EntryPoint","urlTemplate":"https:\/\/iguanasmoke.com\/?s={search_term_string}"},"query-input":{"@type":"PropertyValueSpecification","valueRequired":true,"valueName":"search_term_string"}}],"inLanguage":"pt-PT"},{"@type":"Organization","@id":"https:\/\/iguanasmoke.com\/#organization","name":"Fumo de Iguana","url":"https:\/\/iguanasmoke.com\/","logo":{"@type":"ImageObject","inLanguage":"pt-PT","@id":"https:\/\/iguanasmoke.com\/#\/schema\/logo\/image\/","url":"https:\/\/iguanasmoke.com\/wp-content\/uploads\/2025\/01\/logoiguana-favi-1.png","contentUrl":"https:\/\/iguanasmoke.com\/wp-content\/uploads\/2025\/01\/logoiguana-favi-1.png","width":512,"height":512,"caption":"Iguana Smoke"},"image":{"@id":"https:\/\/iguanasmoke.com\/#\/schema\/logo\/image\/"},"sameAs":["https:\/\/www.facebook.com\/iguanasmoke","https:\/\/www.instagram.com\/iguanasmoke\/"]}]},"product_brand":"variable","og_availability":"instock","product_availability":"instock","product_condition":"new"},"_links":{"self":[{"href":"https:\/\/iguanasmoke.com\/pt\/wp-json\/wp\/v2\/product\/63817","targetHints":{"allow":["GET"]}}],"collection":[{"href":"https:\/\/iguanasmoke.com\/pt\/wp-json\/wp\/v2\/product"}],"about":[{"href":"https:\/\/iguanasmoke.com\/pt\/wp-json\/wp\/v2\/types\/product"}],"replies":[{"embeddable":true,"href":"https:\/\/iguanasmoke.com\/pt\/wp-json\/wp\/v2\/comments?post=63817"}],"wp:featuredmedia":[{"embeddable":true,"href":"https:\/\/iguanasmoke.com\/pt\/wp-json\/wp\/v2\/media\/64599"}],"wp:attachment":[{"href":"https:\/\/iguanasmoke.com\/pt\/wp-json\/wp\/v2\/media?parent=63817"}],"wp:term":[{"taxonomy":"product_brand","embeddable":true,"href":"https:\/\/iguanasmoke.com\/pt\/wp-json\/wp\/v2\/product_brand?post=63817"},{"taxonomy":"product_cat","embeddable":true,"href":"https:\/\/iguanasmoke.com\/pt\/wp-json\/wp\/v2\/product_cat?post=63817"},{"taxonomy":"product_tag","embeddable":true,"href":"https:\/\/iguanasmoke.com\/pt\/wp-json\/wp\/v2\/product_tag?post=63817"}],"curies":[{"name":"wp","href":"https:\/\/api.w.org\/{rel}","templated":true}]}}