{"id":65576,"date":"2025-10-01T15:11:25","date_gmt":"2025-10-01T13:11:25","guid":{"rendered":"https:\/\/iguanasmoke.com\/?post_type=product&#038;p=65576"},"modified":"2026-03-30T12:35:29","modified_gmt":"2026-03-30T10:35:29","slug":"cartucho-de-morango-de-espetro-total-de-cbd","status":"publish","type":"product","link":"https:\/\/iguanasmoke.com\/pt\/producto\/cartucho-cbd-full-spectrum-strawberry\/","title":{"rendered":"Cartucho CBD de espetro total - Morango"},"content":{"rendered":"<h1><span style=\"font-weight: 400\">Cartucho CBD de espetro total: Morango<\/span><\/h1>\n<p><span style=\"font-weight: 400\">Descobrir o <strong>Cartucho CBD Full Spectrum Strawberry<\/strong>, est\u00e1 dispon\u00edvel uma joia de bem-estar com sabor a morango <strong>exclusivamente na Iguana Smoke<\/strong>. <\/span><span style=\"font-weight: 400\">Concebido para os utilizadores que procuram uma <strong>experi\u00eancia vape completa<\/strong>, <strong>natural e potente<\/strong>, este <strong>Vaporizador de CBD<\/strong> combina a for\u00e7a terap\u00eautica do canabidiol com o inconfund\u00edvel aroma doce.\u00a0<\/span><\/p>\n<p><span style=\"font-weight: 400\">\u00c9 isso mesmo, o nosso <strong>Cartucho de CBD<\/strong> \u00e9 feito com <strong>Extrato de c\u00e2nhamo org\u00e2nico de espetro total<\/strong>, Cont\u00e9m todos os canabin\u00f3ides e terpenos da planta. Cont\u00e9m tamb\u00e9m <strong>700 mg de CBD\/1400 mg de CBD<\/strong> (70% de concentra\u00e7\u00e3o) e fornece-lhe entre <strong>300(1ml)<\/strong> y <strong>600(2ml) puffs<\/strong>. <\/span><\/p>\n<p><span style=\"font-weight: 400\">Desfrutar de um <strong>al\u00edvio r\u00e1pido e duradouro<\/strong>, ideal para o acompanhar em momentos de stress, ansiedade ou repouso.<\/span><\/p>\n<p>&nbsp;<\/p>\n<h2><strong>Carater\u00edsticas principais:<\/strong><\/h2>\n<ul>\n<li><span style=\"font-weight: 400\"><strong>CBD Full Spectrum de alta qualidade<\/strong>, com um perfil canabin\u00f3ide natural.<\/span><\/li>\n<li><span style=\"font-weight: 400\"><strong>Extrato de c\u00e2nhamo biol\u00f3gico<\/strong>, isento de aditivos e solventes <\/span><\/li>\n<li><span style=\"font-weight: 400\">Dispon\u00edvel em <strong>1ml e 2ml<\/strong>. <\/span><\/li>\n<li><span style=\"font-weight: 400\">Para <strong>300 puffs (1ml) e 600 puffs (2ml)<\/strong>. <\/span><\/li>\n<li><span style=\"font-weight: 400\"><strong>Sem THC detet\u00e1vel<\/strong>.<\/span><\/li>\n<li>Sabor a morango maduro.<\/li>\n<li><span style=\"font-weight: 400\"><strong>Qualidade garantida pela Iguana Smoke<\/strong>.<\/span><\/li>\n<\/ul>\n<p>&nbsp;<\/p>\n<h2><strong>Benef\u00edcios:<\/strong><\/h2>\n<ul>\n<li><span style=\"font-weight: 400\"><strong>Al\u00edvio r\u00e1pido e eficaz<\/strong>, gra\u00e7as \u00e0 biodisponibilidade do vaporizador.<\/span><\/li>\n<li><span style=\"font-weight: 400\">Promove a <strong>relaxamento<\/strong> e o <strong>bem-estar<\/strong> geral.<\/span><\/li>\n<li><span style=\"font-weight: 400\"><strong>Sem efeitos psicoactivos indesej\u00e1veis<\/strong>.<\/span><\/li>\n<li><span style=\"font-weight: 400\">Ideal para <strong>utiliza\u00e7\u00e3o di\u00e1ria<\/strong>, em casa ou fora, <strong>sem odor, sem combust\u00e3o<\/strong>.<\/span><\/li>\n<\/ul>\n<p><span style=\"font-weight: 400\">O <strong>Vaporizador de CBD<\/strong> \u00e9 a forma mais c\u00f3moda e limpa de usufruir de todos os benef\u00edcios do <strong>benef\u00edcios do canabidiol<\/strong>, sem manuten\u00e7\u00e3o, sem complica\u00e7\u00f5es, sem problemas.\u00a0<\/span><\/p>\n<p>&nbsp;<\/p>\n<h2><strong>O que \u00e9 um cartucho de CBD descart\u00e1vel?<\/strong><\/h2>\n<p><span style=\"font-weight: 400\">A <strong>cartucho descart\u00e1vel de CBD<\/strong> \u00e9 um pequeno cilindro com <strong>Liga\u00e7\u00e3o 510, 1ml ou 2ml<\/strong> que vem carregado com o l\u00edquido Full Spectrum CBD. A grande diferen\u00e7a em rela\u00e7\u00e3o a outros tipos de cartuchos \u00e9 que n\u00e3o precisa de ser recarregado ou reabastecido: <strong>quando se esgota, \u00e9 simplesmente descartado<\/strong>.\u00a0<\/span><\/p>\n<p><span style=\"font-weight: 400\">Existem tamb\u00e9m <a href=\"https:\/\/iguanasmoke.com\/pt\/categoria\/cbd\/espetro-completo\/\">Vaporizadores descart\u00e1veis de CBD de espetro total<\/a> (tudo-em-um) com bateria e cartucho integrados, pronto a utilizar logo que sai da caixa.\u00a0<\/span><\/p>\n<p>&nbsp;<\/p>\n<h2><span style=\"font-weight: 400\"><strong>Pilhas para o seu cartucho CBD Full Spectrum Strawberry<\/strong>:<\/span><\/h2>\n<p><span style=\"font-weight: 400\">N\u00e3o se esque\u00e7a de comprar um <strong>pilha 510<\/strong> <strong>fi\u00e1vel<\/strong>, <strong>duradouro<\/strong> y <strong>adaptado ao seu estilo de consumo<\/strong>. \u00c9 por isso que em <strong>Fumo de Iguana<\/strong> oferecemos-lhe diferentes modelos concebidos para garantir uma <strong>n\u00e9voa uniforme<\/strong>, a <strong>sabor limpo<\/strong> e um <strong>experi\u00eancia de vaporiza\u00e7\u00e3o confort\u00e1vel e segura<\/strong>.<\/span><\/p>\n<ul>\n<li><span style=\"font-weight: 400\"><a href=\"https:\/\/iguanasmoke.com\/pt\/produto\/bateria-iguana-power-510-para-cartuchos-de-1-ml\/\"><strong>Bateria 510 com rosca para cartuchos de 1 ml<\/strong><\/a>O seu tamanho compacto torna-os <strong>discreto e f\u00e1cil de transportar<\/strong>, e a sua pot\u00eancia est\u00e1 perfeitamente calibrada para extrair todo o perfil arom\u00e1tico do CBD de espetro total. <strong>sem sobreaquecer o l\u00edquido<\/strong>. Se procura conforto, este <a href=\"https:\/\/iguanasmoke.com\/pt\/produto\/bateria-iguana-power-510-para-cartuchos-de-1-ml\/\">Bateria de 1 ml<\/a> \u00e9 a sua escolha ideal para cartuchos de 1 ml. <em>Tem uma pot\u00eancia de 320 mAh.<\/em><\/span><\/li>\n<li><span style=\"font-weight: 400\"><a href=\"https:\/\/iguanasmoke.com\/pt\/produto\/bateria-iguana-power-510-para-cartuchos-de-2-ml\/\"><strong>Bateria 510 com rosca para cartuchos de 2 ml<\/strong><\/a>Se preferir uma maior capacidade e uma vida \u00fatil mais longa, esta \u00e9 a sua escolha. Oferecem uma autonomia superior, concebida para utilizadores que gostam de <strong>sess\u00f5es mais longas<\/strong> ou prefere mudar os cartuchos de CBD com menos frequ\u00eancia. Estes garantem <strong>pot\u00eancia est\u00e1vel e desempenho constante<\/strong>, mantendo a pureza e os terpenos do extrato. Compre agora o seu <a href=\"https:\/\/iguanasmoke.com\/pt\/produto\/bateria-iguana-power-510-para-cartuchos-de-2-ml\/\">Bateria de 2 ml<\/a> e come\u00e7ar a vaporizar. <em>Tem uma pot\u00eancia de 400 mAh<\/em>.\u00a0<\/span><\/li>\n<li><strong><a href=\"https:\/\/iguanasmoke.com\/pt\/produto\/bateria-iguana-power-cartbox-bateria-510-para-cartuchos\/\">Bateria de bolso Cartbox com rosca 510<\/a><\/strong>; Compatibilidade 2 em 1: <strong><span style=\"font-weight: 400\">E se procura versatilidade, a nossa <a href=\"https:\/\/iguanasmoke.com\/pt\/produto\/bateria-iguana-power-cartbox-bateria-510-para-cartuchos\/\">Caixa de cart\u00e3o 510<\/a> \u00e9 o que est\u00e1 \u00e0 procura. Este modelo \u00e9 compat\u00edvel com cartuchos de 1 ml e 2 ml, oferecendo um design robusto e elegante que combina autonomia, discri\u00e7\u00e3o e pot\u00eancia ajust\u00e1vel. Ideal para quem utiliza diferentes tipos de cartuchos e quer um dispositivo que sirva para todos. <em>Tem uma pot\u00eancia de 650 mAh<\/em>.\u00a0<\/span><\/strong><\/li>\n<\/ul>\n<div class=\"ewd-ufaq-faq-body\">\n<p>&nbsp;<\/p>\n<h3><b>Porqu\u00ea comprar cartuchos de CBD <\/b>Espectro total <b>em Fumo de Iguana?<\/b><\/h3>\n<p><span style=\"font-weight: 400\">Em <strong>Fumo de Iguana<\/strong>, Estamos sempre empenhados na qualidade e na transpar\u00eancia.  Os nossos <strong>Cartuchos de CBD Full Spectrum<\/strong> s\u00e3o elaborados a partir de extractos naturais e biol\u00f3gicos. <\/span><\/p>\n<p><span style=\"font-weight: 400\">Quando compra connosco, escolhe um <strong>cartucho de CBD seguro, potente e de espetro total<\/strong>, que preserva todos os canabin\u00f3ides e terpenos essenciais da planta. Tal como acontece com o nosso <strong>Cartucho CBD Full Spectrum Strawberry<\/strong>, que se distingue pelo seu sabor intenso a morango.<\/span><\/p>\n<p><span style=\"font-weight: 400\">Este \u00e9 o seu lugar seguro para <strong>comprar CBD vaper online em Espanha.<\/strong> Todos os nossos produtos s\u00e3o aprovados pela UE, garantindo a sua legalidade e seguran\u00e7a. Os nossos <strong>Vaporizador de CBD sem THC <\/strong>est\u00e1 em conformidade com as normas de qualidade, cujas an\u00e1lises laboratoriais podem ser consultadas em <\/span><span style=\"font-weight: 400\"><a href=\"https:\/\/iguanasmoke.com\/pt\/analiticas\/\">aqui<\/a>. Como n\u00e3o cont\u00e9m THC, pode desfrutar dos muitos benef\u00edcios do CBD sem os efeitos psicoactivos da can\u00e1bis.<\/span><\/p>\n<p><span style=\"font-weight: 400\">N\u00e3o se esque\u00e7a de explorar outros vapers de CBD como o <a href=\"https:\/\/iguanasmoke.com\/pt\/produto\/capsula-cbd-descartavel-iguana-capsula-iguana-bolso-amnesia-largo-espetro-750mg\/\">bolso CBD Amn\u00e9sia de largo espetro<\/a> ou o <a href=\"https:\/\/iguanasmoke.com\/pt\/produto\/cartucho-de-cbd-full-spectrum-limao\/\">Cartucho CBD Lemon Full Spectrum<\/a>, O que eu sei \u00e9 que <\/span><span style=\"font-weight: 400\">garantimos que o <strong>Cartucho CBD Full Spectrum <\/strong><strong>Morango <\/strong>vai adorar. Al\u00e9m disso, n\u00e3o se esque\u00e7a de experimentar outros <strong>Produtos TOP<\/strong> como o <a href=\"https:\/\/iguanasmoke.com\/pt\/produto\/colofonia-cbd-cold-cure-91-com-terpenos-vivos\/\">Extrato de colof\u00f3nia CBD<\/a> ou o <a href=\"https:\/\/iguanasmoke.com\/pt\/produto\/vape-cbd-full-spectrum-iguana-pod-lemon-haze\/\">Lim\u00e3o de espetro total Vaper CBD<\/a>. <\/span><span style=\"font-weight: 400\">Em suma, explore a nossa variedade e encontre j\u00e1 os seus favoritos.\u00a0<\/span><\/p>\n<p>&nbsp;<\/p>\n<h3><b>Iguana Smoke \u00e9 a sua loja online de confian\u00e7a de CBD<\/b><\/h3>\n<p><span style=\"font-weight: 400\">Na Iguana Smoke, acreditamos que desfrutar do CBD deve ser uma experi\u00eancia segura e prazerosa. \u00c9 por isso que temos produtos de alta qualidade que se ligam \u00e0s novas gera\u00e7\u00f5es: pessoas que procuram um bem-estar descomplicado, com marcas aut\u00eanticas e fi\u00e1veis.\u00a0<\/span><\/p>\n<p>A nossa miss\u00e3o \u00e9 clara: trazer-lhe o melhor do mundo dos canabin\u00f3ides a um pre\u00e7o justo, com a tranquilidade de saber que est\u00e1 a escolher um produto certificado, eficaz e 100% legal. Estamos na vanguarda dos produtos CBD.<\/p>\n<p>Ainda tem d\u00favidas? Escreva-nos e teremos todo o gosto em ajud\u00e1-lo a encontrar o produto certo para si.<\/p>\n<\/div>\n<p>&nbsp;<\/p>\n<p><em><span style=\"font-weight: 400\">*Nota: a sua utiliza\u00e7\u00e3o destina-se a cole\u00e7\u00e3o ou aromaterapia, de acordo com a legisla\u00e7\u00e3o espanhola.<\/span><\/em><\/p>\n<p><em><span style=\"font-weight: 400\">**Todos os nossos produtos s\u00e3o derivados de c\u00e2nhamo industrial certificado. Cont\u00eam menos de 0,3 THC e n\u00e3o cont\u00eam canabin\u00f3ides ilegais como HHC, HHC-P, THCP, THCP-O, H4CBD e os inclu\u00eddos no Anexo I do Decreto Real 2829\/1977, nem subst\u00e2ncias controladas por conven\u00e7\u00f5es internacionais.\u00a0<\/span><\/em><\/p>","protected":false},"excerpt":{"rendered":"<ul>\n<li>Terpenos naturais de alta qualidade com sabor a morango<\/li>\n<li>Liga\u00e7\u00e3o: tipo 510<\/li>\n<li>Capacidade: <span style=\"font-size: 16px\">1 ml (300 puffs)\/ 2 ml (600 puffs)<\/span><\/li>\n<li>CBD: <span style=\"font-size: 16px\"> 70% \/ 700mg \/ 1400mg\u00a0<\/span><\/li>\n<li>THC e nicotina: 0%<\/li>\n<li>N\u00e3o cont\u00e9m VG, PG, PEG, MCT ou qualquer outro agente de corte.<\/li>\n<\/ul>","protected":false},"featured_media":66439,"comment_status":"open","ping_status":"closed","template":"","meta":{"_acf_changed":false,"site-sidebar-layout":"default","site-content-layout":"default","ast-site-content-layout":"default","site-content-style":"default","site-sidebar-style":"default","ast-global-header-display":"","ast-banner-title-visibility":"","ast-main-header-display":"","ast-hfb-above-header-display":"","ast-hfb-below-header-display":"","ast-hfb-mobile-header-display":"","site-post-title":"","ast-breadcrumbs-content":"","ast-featured-img":"","footer-sml-layout":"","theme-transparent-header-meta":"default","adv-header-id-meta":"","stick-header-meta":"","header-above-stick-meta":"","header-main-stick-meta":"","header-below-stick-meta":"","astra-migrate-meta-layouts":"set","ast-page-background-enabled":"default","ast-page-background-meta":{"desktop":{"background-color":"var(--ast-global-color-4)","background-image":"","background-repeat":"repeat","background-position":"center center","background-size":"auto","background-attachment":"scroll","background-type":"","background-media":"","overlay-type":"","overlay-color":"","overlay-opacity":"","overlay-gradient":""},"tablet":{"background-color":"","background-image":"","background-repeat":"repeat","background-position":"center center","background-size":"auto","background-attachment":"scroll","background-type":"","background-media":"","overlay-type":"","overlay-color":"","overlay-opacity":"","overlay-gradient":""},"mobile":{"background-color":"","background-image":"","background-repeat":"repeat","background-position":"center center","background-size":"auto","background-attachment":"scroll","background-type":"","background-media":"","overlay-type":"","overlay-color":"","overlay-opacity":"","overlay-gradient":""}},"ast-content-background-meta":{"desktop":{"background-color":"var(--ast-global-color-5)","background-image":"","background-repeat":"repeat","background-position":"center center","background-size":"auto","background-attachment":"scroll","background-type":"","background-media":"","overlay-type":"","overlay-color":"","overlay-opacity":"","overlay-gradient":""},"tablet":{"background-color":"var(--ast-global-color-5)","background-image":"","background-repeat":"repeat","background-position":"center center","background-size":"auto","background-attachment":"scroll","background-type":"","background-media":"","overlay-type":"","overlay-color":"","overlay-opacity":"","overlay-gradient":""},"mobile":{"background-color":"var(--ast-global-color-5)","background-image":"","background-repeat":"repeat","background-position":"center center","background-size":"auto","background-attachment":"scroll","background-type":"","background-media":"","overlay-type":"","overlay-color":"","overlay-opacity":"","overlay-gradient":""}}},"product_brand":[],"product_cat":[419,981,418],"product_tag":[],"class_list":{"0":"post-65576","1":"product","2":"type-product","3":"status-publish","4":"has-post-thumbnail","6":"product_cat-cartuchos-cbd","7":"product_cat-cbd-full-spectrum","8":"product_cat-vaper-cbd","9":"desktop-align-center","10":"tablet-align-center","11":"mobile-align-center","13":"first","14":"instock","15":"taxable","16":"shipping-taxable","17":"purchasable","18":"product-type-variable"},"acf":[],"yoast_head":"<!-- This site is optimized with the Yoast SEO Premium plugin v27.3 (Yoast SEO v27.3) - https:\/\/yoast.com\/product\/yoast-seo-premium-wordpress\/ -->\n<title>Cartucho CBD Full Spectrum Strawberry | Iguana Smoke<\/title>\n<meta name=\"description\" content=\"Prueba ya el vaper CBD en formato cartucho CBD Full Spectrum Strawberry con sabor a fresa. Disponible en 1ml y 2ml, con una concentraci\u00f3n del 70% de CBD.\" \/>\n<meta name=\"robots\" content=\"index, follow, max-snippet:-1, max-image-preview:large, max-video-preview:-1\" \/>\n<link rel=\"canonical\" href=\"https:\/\/iguanasmoke.com\/pt\/produto\/cartucho-de-morango-de-espetro-total-de-cbd\/\" \/>\n<meta property=\"og:locale\" content=\"pt_PT\" \/>\n<meta property=\"og:type\" content=\"article\" \/>\n<meta property=\"og:title\" content=\"Cartucho CBD Full Spectrum - Strawberry\" \/>\n<meta property=\"og:description\" content=\"Terpenos naturales de alta calidad con sabor a fresa  Conexi\u00f3n: tipo 510  Capacidad: 1 ml (300 caladas)\/ 2 ml (600 caladas)  CBD: 70% \/ 700mg \/ 1400mg\u00a0  THC y Nicotina: 0%  No contiene VG, PG, PEG, MCT o cualquier otro agente de corte\" \/>\n<meta property=\"og:url\" content=\"https:\/\/iguanasmoke.com\/pt\/produto\/cartucho-de-morango-de-espetro-total-de-cbd\/\" \/>\n<meta property=\"og:site_name\" content=\"Iguana Smoke\" \/>\n<meta property=\"article:publisher\" content=\"https:\/\/www.facebook.com\/iguanasmoke\" \/>\n<meta property=\"article:modified_time\" content=\"2026-03-30T10:35:29+00:00\" \/>\n<meta property=\"og:image\" content=\"https:\/\/iguanasmoke.com\/wp-content\/uploads\/2025\/09\/Bolsas-y-Cartucho-Cart-Full-Spectrum-Strawberry-2025.webp\" \/>\n\t<meta property=\"og:image:width\" content=\"1000\" \/>\n\t<meta property=\"og:image:height\" content=\"1000\" \/>\n\t<meta property=\"og:image:type\" content=\"image\/webp\" \/>\n<meta name=\"twitter:card\" content=\"summary_large_image\" \/>\n<meta name=\"twitter:label1\" content=\"Disponibilidade\" \/>\n\t<meta name=\"twitter:data1\" content=\"Em stock\" \/>\n<meta property=\"product:brand\" content=\"variable\" \/>\n<meta property=\"og:availability\" content=\"instock\" \/>\n<meta property=\"product:availability\" content=\"instock\" \/>\n<meta property=\"product:condition\" content=\"new\" \/>\n<!-- \/ Yoast SEO Premium plugin. -->","yoast_head_json":{"title":"CBD Full Spectrum Strawberry | Iguana Smoke Cartridge","description":"Experimente o vaper de CBD Full Spectrum Strawberry com sabor a morango em formato de cartucho de CBD. Dispon\u00edvel em 1ml e 2ml, com uma concentra\u00e7\u00e3o de 70% de CBD.","robots":{"index":"index","follow":"follow","max-snippet":"max-snippet:-1","max-image-preview":"max-image-preview:large","max-video-preview":"max-video-preview:-1"},"canonical":"https:\/\/iguanasmoke.com\/pt\/produto\/cartucho-de-morango-de-espetro-total-de-cbd\/","og_locale":"pt_PT","og_type":"article","og_title":"Cartucho CBD Full Spectrum - Strawberry","og_description":"Terpenos naturales de alta calidad con sabor a fresa  Conexi\u00f3n: tipo 510  Capacidad: 1 ml (300 caladas)\/ 2 ml (600 caladas)  CBD: 70% \/ 700mg \/ 1400mg\u00a0  THC y Nicotina: 0%  No contiene VG, PG, PEG, MCT o cualquier otro agente de corte","og_url":"https:\/\/iguanasmoke.com\/pt\/produto\/cartucho-de-morango-de-espetro-total-de-cbd\/","og_site_name":"Iguana Smoke","article_publisher":"https:\/\/www.facebook.com\/iguanasmoke","article_modified_time":"2026-03-30T10:35:29+00:00","og_image":[{"width":1000,"height":1000,"url":"https:\/\/iguanasmoke.com\/wp-content\/uploads\/2025\/09\/Bolsas-y-Cartucho-Cart-Full-Spectrum-Strawberry-2025.webp","type":"image\/webp"}],"twitter_card":"summary_large_image","twitter_misc":{"Disponibilidade":"Em stock"},"schema":{"@context":"https:\/\/schema.org","@graph":[{"@type":"WebPage","@id":"https:\/\/iguanasmoke.com\/producto\/cartucho-cbd-full-spectrum-strawberry\/","url":"https:\/\/iguanasmoke.com\/producto\/cartucho-cbd-full-spectrum-strawberry\/","name":"CBD Full Spectrum Strawberry | Iguana Smoke Cartridge","isPartOf":{"@id":"https:\/\/iguanasmoke.com\/#website"},"primaryImageOfPage":{"@id":"https:\/\/iguanasmoke.com\/producto\/cartucho-cbd-full-spectrum-strawberry\/#primaryimage"},"image":{"@id":"https:\/\/iguanasmoke.com\/producto\/cartucho-cbd-full-spectrum-strawberry\/#primaryimage"},"thumbnailUrl":"https:\/\/iguanasmoke.com\/wp-content\/uploads\/2025\/09\/Bolsas-y-Cartucho-Cart-Full-Spectrum-Strawberry-2025.webp","datePublished":"2025-10-01T13:11:25+00:00","dateModified":"2026-03-30T10:35:29+00:00","description":"Experimente o vaper de CBD Full Spectrum Strawberry com sabor a morango em formato de cartucho de CBD. Dispon\u00edvel em 1ml e 2ml, com uma concentra\u00e7\u00e3o de 70% de CBD.","breadcrumb":{"@id":"https:\/\/iguanasmoke.com\/producto\/cartucho-cbd-full-spectrum-strawberry\/#breadcrumb"},"inLanguage":"pt-PT","potentialAction":[{"@type":"ReadAction","target":["https:\/\/iguanasmoke.com\/producto\/cartucho-cbd-full-spectrum-strawberry\/"]}]},{"@type":"ImageObject","inLanguage":"pt-PT","@id":"https:\/\/iguanasmoke.com\/producto\/cartucho-cbd-full-spectrum-strawberry\/#primaryimage","url":"https:\/\/iguanasmoke.com\/wp-content\/uploads\/2025\/09\/Bolsas-y-Cartucho-Cart-Full-Spectrum-Strawberry-2025.webp","contentUrl":"https:\/\/iguanasmoke.com\/wp-content\/uploads\/2025\/09\/Bolsas-y-Cartucho-Cart-Full-Spectrum-Strawberry-2025.webp","width":1000,"height":1000,"caption":"cartucho CBD full spectrum strawberry sabor a fresa"},{"@type":"BreadcrumbList","@id":"https:\/\/iguanasmoke.com\/producto\/cartucho-cbd-full-spectrum-strawberry\/#breadcrumb","itemListElement":[{"@type":"ListItem","position":1,"name":"home","item":"https:\/\/iguanasmoke.com\/"},{"@type":"ListItem","position":2,"name":"Tienda","item":"https:\/\/iguanasmoke.com\/tienda\/"},{"@type":"ListItem","position":3,"name":"Vaper CBD","item":"https:\/\/iguanasmoke.com\/categoria\/vaper-cbd\/"},{"@type":"ListItem","position":4,"name":"Cartucho CBD Full Spectrum &#8211; Strawberry"}]},{"@type":"WebSite","@id":"https:\/\/iguanasmoke.com\/#website","url":"https:\/\/iguanasmoke.com\/","name":"Fumo de Iguana","description":"Comprar CBD online ao melhor pre\u00e7o","publisher":{"@id":"https:\/\/iguanasmoke.com\/#organization"},"potentialAction":[{"@type":"SearchAction","target":{"@type":"EntryPoint","urlTemplate":"https:\/\/iguanasmoke.com\/?s={search_term_string}"},"query-input":{"@type":"PropertyValueSpecification","valueRequired":true,"valueName":"search_term_string"}}],"inLanguage":"pt-PT"},{"@type":"Organization","@id":"https:\/\/iguanasmoke.com\/#organization","name":"Fumo de Iguana","url":"https:\/\/iguanasmoke.com\/","logo":{"@type":"ImageObject","inLanguage":"pt-PT","@id":"https:\/\/iguanasmoke.com\/#\/schema\/logo\/image\/","url":"https:\/\/iguanasmoke.com\/wp-content\/uploads\/2025\/01\/logoiguana-favi-1.png","contentUrl":"https:\/\/iguanasmoke.com\/wp-content\/uploads\/2025\/01\/logoiguana-favi-1.png","width":512,"height":512,"caption":"Iguana Smoke"},"image":{"@id":"https:\/\/iguanasmoke.com\/#\/schema\/logo\/image\/"},"sameAs":["https:\/\/www.facebook.com\/iguanasmoke","https:\/\/www.instagram.com\/iguanasmoke\/"]}]},"product_brand":"variable","og_availability":"instock","product_availability":"instock","product_condition":"new"},"_links":{"self":[{"href":"https:\/\/iguanasmoke.com\/pt\/wp-json\/wp\/v2\/product\/65576","targetHints":{"allow":["GET"]}}],"collection":[{"href":"https:\/\/iguanasmoke.com\/pt\/wp-json\/wp\/v2\/product"}],"about":[{"href":"https:\/\/iguanasmoke.com\/pt\/wp-json\/wp\/v2\/types\/product"}],"replies":[{"embeddable":true,"href":"https:\/\/iguanasmoke.com\/pt\/wp-json\/wp\/v2\/comments?post=65576"}],"wp:featuredmedia":[{"embeddable":true,"href":"https:\/\/iguanasmoke.com\/pt\/wp-json\/wp\/v2\/media\/66439"}],"wp:attachment":[{"href":"https:\/\/iguanasmoke.com\/pt\/wp-json\/wp\/v2\/media?parent=65576"}],"wp:term":[{"taxonomy":"product_brand","embeddable":true,"href":"https:\/\/iguanasmoke.com\/pt\/wp-json\/wp\/v2\/product_brand?post=65576"},{"taxonomy":"product_cat","embeddable":true,"href":"https:\/\/iguanasmoke.com\/pt\/wp-json\/wp\/v2\/product_cat?post=65576"},{"taxonomy":"product_tag","embeddable":true,"href":"https:\/\/iguanasmoke.com\/pt\/wp-json\/wp\/v2\/product_tag?post=65576"}],"curies":[{"name":"wp","href":"https:\/\/api.w.org\/{rel}","templated":true}]}}