{"id":66917,"date":"2025-10-18T11:57:48","date_gmt":"2025-10-18T09:57:48","guid":{"rendered":"https:\/\/iguanasmoke.com\/?post_type=product&#038;p=66917"},"modified":"2026-01-29T09:26:25","modified_gmt":"2026-01-29T08:26:25","slug":"creepy-kush-indoor-edicao-limitada-edicao-de-halloween","status":"publish","type":"product","link":"https:\/\/iguanasmoke.com\/pt\/producto\/creepy-kush-indoor-edicion-limitada-halloween\/","title":{"rendered":"Flower CBD Creepy Kush Indoor (Edi\u00e7\u00e3o limitada de Halloween)"},"content":{"rendered":"<h1 data-start=\"1609\" data-end=\"1642\"><span style=\"font-weight: 400\">Flower CBD Creepy Kush Indoor - Edi\u00e7\u00e3o limitada de Halloween<\/span><\/h1>\n<h2 data-start=\"368\" data-end=\"432\">Uma flor exclusiva e assustadoramente boa<\/h2>\n<p data-start=\"549\" data-end=\"976\"><span style=\"font-weight: 400\">Se procura flores CBD Indoor da mais alta qualidade, a <strong>Flor CBD Creepy Kush Interior<\/strong> \u00e9, sem d\u00favida, uma das op\u00e7\u00f5es mais exclusivas do mercado. Esta edi\u00e7\u00e3o limitada de Halloween tem <strong>apenas 250 unidades<\/strong>. Cada saco de<strong> 2 g de flor CBD Creepy Kush Indoo<\/strong>r vem com o ic\u00f3nico <strong>embalagem de Iguana Zombie<\/strong>, uma cria\u00e7\u00e3o especial que presta homenagem \u00e0 esta\u00e7\u00e3o mais escura do ano.\u00a0<\/span><\/p>\n<p data-start=\"549\" data-end=\"976\"><span style=\"font-weight: 400\">Gra\u00e7as \u00e0 sua <strong>cultivo em interior (Indoor)<\/strong>, Esta flor CBD oferece um n\u00edvel superior de pureza, <strong>estabilidade e conserva\u00e7\u00e3o dos terpenos<\/strong>. Assim, cada gomo destaca-se tanto pela sua apar\u00eancia como pela sua <strong>fragr\u00e2ncia<\/strong>, ideal para quem aprecia o CBD no seu melhor.<\/span><\/p>\n<p data-start=\"549\" data-end=\"976\"><span style=\"font-weight: 400\"> Em <strong>Fumo de Iguana<\/strong>, seleccionamos cuidadosamente cada lote para lhe oferecer uma <strong>Premium CBD Creepy Kush de interior<\/strong>, Concebido para os verdadeiros conhecedores de canabidiol que apreciam a diferen\u00e7a desde o primeiro momento e desejam possuir esta edi\u00e7\u00e3o, considerada uma joia de cole\u00e7\u00e3o no mundo do CBD.\u00a0<\/span><\/p>\n<h2 data-start=\"549\" data-end=\"976\"><\/h2>\n<p>&nbsp;<\/p>\n<h2 data-start=\"549\" data-end=\"976\"><strong>O que significa que uma flor de CBD \u00e9 <em>Interior<\/em>? <\/strong><\/h2>\n<p data-start=\"549\" data-end=\"976\"><span style=\"font-weight: 400\">O termo <strong>Interior<\/strong> refere-se ao <strong>cultivo em interior<\/strong>, num ambiente totalmente controlado. Isto implica uma gest\u00e3o precisa da <strong>ilumina\u00e7\u00e3o<\/strong>, a <strong>temperatura<\/strong>, a <strong>humidade<\/strong> e o <strong>ventila\u00e7\u00e3o<\/strong>, Estes s\u00e3o factores-chave para obter flores de CBD da mais alta qualidade. <\/span><\/p>\n<p data-start=\"549\" data-end=\"976\"><span style=\"font-weight: 400\">Gra\u00e7as a este m\u00e9todo de cultivo: <\/span><\/p>\n<ul>\n<li data-start=\"549\" data-end=\"976\"><span style=\"font-weight: 400\">As flores t\u00eam uma <strong>maior concentra\u00e7\u00e3o de CBD<\/strong> e outros canabin\u00f3ides. <\/span><\/li>\n<li data-start=\"549\" data-end=\"976\"><span style=\"font-weight: 400\">O <strong>tricomas e resinas<\/strong> desenvolver-se de forma mais densa e uniforme. <\/span><\/li>\n<li data-start=\"549\" data-end=\"976\"><span style=\"font-weight: 400\">O <strong>o aroma \u00e9 mais intenso, limpo e definido<\/strong>, Os terpenos s\u00e3o preservados em condi\u00e7\u00f5es \u00f3ptimas. <\/span><\/li>\n<li data-start=\"549\" data-end=\"976\"><span style=\"font-weight: 400\">A apar\u00eancia do bot\u00e3o \u00e9 mais <strong>compacto, brilhante e homog\u00e9neo<\/strong>. <\/span><\/li>\n<\/ul>\n<p><span style=\"font-weight: 400\">Por esta raz\u00e3o, ao <strong>comprar flores de interior CBD<\/strong>, como nosso <strong>Flor de CBD<\/strong> <strong>Creepy Kush<\/strong> <strong>Interior<\/strong>, tem a garantia de uma experi\u00eancia sensorial mais refinada, est\u00e1vel e de qualidade superior.\u00a0<\/span><\/p>\n<p>&nbsp;<\/p>\n<h2><strong>Creepy Kush CBD Indoor: Iguana Zombie de Halloweem<\/strong><\/h2>\n<p><span style=\"font-weight: 400\">O <strong>Flor CBD Creeypypy Kush Interior<\/strong> \u00e9 perfeito para quem procura um <strong>experi\u00eancia equilibrada entre aroma, est\u00e9tica e efeito<\/strong>. A sua fragr\u00e2ncia combina <strong>notas c\u00edtricas e doces<\/strong>, Este facto, aliado a um efeito suave, torna-o um dos mais procurados. <\/span><\/p>\n<p><span style=\"font-weight: 400\">O nome de <strong>Arrepiante<\/strong> (o <em>Krippy<\/em>) nasceu em <strong>Am\u00e9rica Latina<\/strong> e durante anos foi utilizado para falar de <strong>marijuana muito potente<\/strong>, especialmente em pa\u00edses como a Col\u00f4mbia, o Chile ou o Equador. Neste contexto, referiu-se a bot\u00f5es com n\u00edveis muito elevados de THC, t\u00edpicos do mercado ilegal. <\/span><\/p>\n<p><span style=\"font-weight: 400\">No entanto, o <strong>Creepy Kush Indoor da Iguana Smoke<\/strong> \u00e9 algo completamente diferente. \u00c9 uma <strong>Flor CBD 100% legal em Espanha<\/strong>, Cultivada em interior, com menos de 0,3% de THC e sem efeitos psicoactivos. No entanto, mant\u00e9m a <strong>sabor e car\u00e1cter intensos<\/strong> que tornou famosa a gen\u00e9tica original. <\/span><\/p>\n<p><span style=\"font-weight: 400\">Visualmente, destaca-se pela sua <strong>bot\u00f5es de aspeto resinoso e compacto com tons escuros<\/strong>, coberto por uma fina camada de tricomas que reflectem a qualidade do seu cultivo. Para al\u00e9m disso, a sua <strong>elevado teor de CBD<\/strong>, O n\u00edvel de THC inferior a 0,3% torna-o uma escolha perfeita para desfrutar de um elevado teor de THC inferior a 0,3%, o que o torna uma escolha perfeita para desfrutar de um elevado teor de THC inferior a 0,3%. <strong>efeito relaxante sem efeito psicoativo<\/strong>.\u00a0 \u00a0<\/span><\/p>\n<p>&nbsp;<\/p>\n<p><strong>Vantagens de escolher o Creepy Kush CBD Indoor: <\/strong><\/p>\n<ol>\n<li style=\"list-style-type: none\">\n<ol>\n<li><span style=\"font-weight: 400\">Cultivo natural e controlado em interior 100% <\/span><\/li>\n<li><span style=\"font-weight: 400\">THC &lt;0,3%, de acordo com a legisla\u00e7\u00e3o europeia <\/span><\/li>\n<li><span style=\"font-weight: 400\">Elevado teor de CBD <\/span><\/li>\n<li><span style=\"font-weight: 400\">Aroma forte e efeito relaxante, sem efeito de pedrada <\/span><\/li>\n<li><span style=\"font-weight: 400\">Reinterpreta o conceito original de \u201c<em>Creepy-Krippy<\/em>\u201c<\/span><\/li>\n<\/ol>\n<\/li>\n<\/ol>\n<p><span style=\"font-weight: 400\">O nosso Creepy \u00e9 uma homenagem a essa lenda, adaptada a um conceito <strong>legal, natural e pr\u00e9mio<\/strong>, sem perder a sua personalidade ex\u00f3tica e marcante.<\/span><\/p>\n<p>&nbsp;<\/p>\n<h3><b>Onde comprar o seu <\/b><strong>Flores CBD Indoor<\/strong><b>?<\/b><\/h3>\n<p><span style=\"font-weight: 400\">Se est\u00e1 \u00e0 procura de <strong>comprar CBD Flowers<\/strong><strong>, <\/strong>este \u00e9 o seu lugar seguro para <strong>comprar Flores CBD Indoor vaper Flores CBD Indoor em Espanha.<\/strong>\u00a0<\/span><span style=\"font-weight: 400\">Todos os nossos produtos s\u00e3o <strong>aprovado pela UE<\/strong>, garantindo a sua legalidade e seguran\u00e7a. Para al\u00e9m disso, se desejar, pode consultar<\/span><strong> <a href=\"https:\/\/iguanasmoke.com\/pt\/analiticas\/\">an\u00e1lises laboratoriais.<\/a><\/strong><\/p>\n<p><span style=\"font-weight: 400\">N\u00e3o se esque\u00e7a de explorar outros sabores de <strong><a href=\"https:\/\/iguanasmoke.com\/pt\/categoria\/flores-de-cbd-3\/flores-de-cbd-de-interior\/\">Flores de interior CBD<\/a><\/strong> y <\/span><span style=\"font-weight: 400\">outros <strong><a href=\"https:\/\/iguanasmoke.com\/pt\/categoria\/flores-de-cbd-3\/flores-de-estufa-cbd\/\">Flores em estufa CBD<\/a><\/strong> <strong>TOP<\/strong> como <strong><a href=\"https:\/\/iguanasmoke.com\/pt\/produto\/comprar-cbd-flower-ak-47\/\">Flor CBD AK-47<\/a><\/strong> ou o <strong><a href=\"https:\/\/iguanasmoke.com\/pt\/produto\/comprar-cbd-flower-tropical-cookies\/\">Tropical Cookies CBD Flower<\/a><\/strong>.\u00a0<\/span><span style=\"font-weight: 400\">Em suma, navegue na nossa sele\u00e7\u00e3o de produtos CBD e encontre os seus favoritos. <\/span><\/p>\n<p><span style=\"font-weight: 400\">Lembrem-se que s\u00f3 temos <strong>250 unidades em stock<\/strong>, N\u00e3o esperes muito tempo porque, quando acabarem, n\u00e3o haver\u00e1 substitui\u00e7\u00e3o. N\u00e3o \u00e9 apenas uma flor, \u00e9 uma <strong>experi\u00eancia limitada e m\u00edtica<\/strong>A lenda do \u201c...\u201c<em>Krippy<\/em>\u201de a pureza mais avan\u00e7ada do CBD Indoor. <\/span><\/p>\n<p><strong data-start=\"303\" data-end=\"345\">Entrega r\u00e1pida e discreta em toda a Espanha<\/strong>, com <strong data-start=\"351\" data-end=\"387\">aten\u00e7\u00e3o pr\u00f3xima e personalizada<\/strong> para responder a quaisquer perguntas antes e depois da sua compra.<\/p>\n<p>&nbsp;<\/p>\n<h3><b>Iguana Smoke \u00e9 a sua loja online de CBD\u00a0<\/b><\/h3>\n<p><span style=\"font-weight: 400\">Em<strong> Fumo de Iguana<\/strong>, Acreditamos que desfrutar do CBD deve ser uma experi\u00eancia segura. \u00c9 por isso que temos produtos como este <strong>Flor CBD Creepy Kush<\/strong><strong> Interior<\/strong>, A marca liga-se \u00e0s novas gera\u00e7\u00f5es: pessoas que procuram um bem-estar descomplicado, com marcas aut\u00eanticas e fi\u00e1veis. <\/span><\/p>\n<p><span style=\"font-weight: 400\">A nossa miss\u00e3o \u00e9 clara:<strong> trazer-lhe o melhor do mundo do CBD a um pre\u00e7o justo<\/strong>. Al\u00e9m disso, damos-lhe a tranquilidade de saber que est\u00e1 a escolher um <strong>produto certificado, eficaz e legal 100%<\/strong>. Mergulhe de cabe\u00e7a; compre o seu CBD vaper hoje e leve a sua experi\u00eancia para outro n\u00edvel.\u00a0<\/span><\/p>\n<p>Ainda tem d\u00favidas? Escreva-nos e teremos todo o gosto em ajud\u00e1-lo a encontrar o produto certo para si.<\/p>\n<p>&nbsp;<\/p>\n<h6>\u2139\ufe0f<strong> Informa\u00e7\u00e3o jur\u00eddica<\/strong><\/h6>\n<p><em><span style=\"font-weight: 400\">*Produto destinado a cole\u00e7\u00e3o ou aromaterapia, de acordo com a legisla\u00e7\u00e3o espanhola em vigor. <\/span><\/em><\/p>\n<p><em><span style=\"font-weight: 400\">**Derivado de c\u00e2nhamo industrial certificado. Cont\u00e9m menos de 0,3 THC e n\u00e3o cont\u00e9m canabin\u00f3ides ilegais como HHC, HHC-P, THCP, THCP-O, H4CBD ou subst\u00e2ncias enumeradas no Anexo I do Decreto Real 2829\/1977, nem subst\u00e2ncias controladas por conven\u00e7\u00f5es internacionais.\u00a0\u00a0<\/span><\/em><\/p>","protected":false},"excerpt":{"rendered":"<p><span style=\"font-weight: 400\">Destaca-se pela sua exclusividade de <strong>250 unidades. <\/strong>de <strong>Edi\u00e7\u00e3o limitada<\/strong> inspirado na gen\u00e9tica m\u00edtica <em><strong>Arrepiante<\/strong>:<\/em><\/span><\/p>\n<ul>\n<li><span style=\"font-weight: 400\">Cultivo de interior de qualidade superior Interior <\/span><\/li>\n<li><span style=\"font-weight: 400\">CBD: entre 12-14% <\/span><\/li>\n<li><span style=\"font-weight: 400\">THC: &lt;0,3% <\/span><\/li>\n<li><span style=\"font-weight: 400\">100% legal na Europa <\/span><\/li>\n<li><span style=\"font-weight: 400\">Bot\u00f5es densos com tons escuros<\/span><\/li>\n<li><span style=\"font-weight: 400\">Aroma potente e design Iguana Zombie<\/span><\/li>\n<\/ul>\n<p><span style=\"font-weight: 400\">Consulta<strong> <a href=\"https:\/\/iguanasmoke.com\/pt\/analiticas\/\">an\u00e1lises laboratoriais.<\/a><\/strong><\/span><\/p>","protected":false},"featured_media":66919,"comment_status":"open","ping_status":"closed","template":"","meta":{"_acf_changed":false,"site-sidebar-layout":"default","site-content-layout":"","ast-site-content-layout":"default","site-content-style":"default","site-sidebar-style":"default","ast-global-header-display":"","ast-banner-title-visibility":"","ast-main-header-display":"","ast-hfb-above-header-display":"","ast-hfb-below-header-display":"","ast-hfb-mobile-header-display":"","site-post-title":"","ast-breadcrumbs-content":"","ast-featured-img":"","footer-sml-layout":"","theme-transparent-header-meta":"default","adv-header-id-meta":"","stick-header-meta":"","header-above-stick-meta":"","header-main-stick-meta":"","header-below-stick-meta":"","astra-migrate-meta-layouts":"set","ast-page-background-enabled":"default","ast-page-background-meta":{"desktop":{"background-color":"var(--ast-global-color-4)","background-image":"","background-repeat":"repeat","background-position":"center center","background-size":"auto","background-attachment":"scroll","background-type":"","background-media":"","overlay-type":"","overlay-color":"","overlay-opacity":"","overlay-gradient":""},"tablet":{"background-color":"","background-image":"","background-repeat":"repeat","background-position":"center center","background-size":"auto","background-attachment":"scroll","background-type":"","background-media":"","overlay-type":"","overlay-color":"","overlay-opacity":"","overlay-gradient":""},"mobile":{"background-color":"","background-image":"","background-repeat":"repeat","background-position":"center center","background-size":"auto","background-attachment":"scroll","background-type":"","background-media":"","overlay-type":"","overlay-color":"","overlay-opacity":"","overlay-gradient":""}},"ast-content-background-meta":{"desktop":{"background-color":"var(--ast-global-color-5)","background-image":"","background-repeat":"repeat","background-position":"center center","background-size":"auto","background-attachment":"scroll","background-type":"","background-media":"","overlay-type":"","overlay-color":"","overlay-opacity":"","overlay-gradient":""},"tablet":{"background-color":"var(--ast-global-color-5)","background-image":"","background-repeat":"repeat","background-position":"center center","background-size":"auto","background-attachment":"scroll","background-type":"","background-media":"","overlay-type":"","overlay-color":"","overlay-opacity":"","overlay-gradient":""},"mobile":{"background-color":"var(--ast-global-color-5)","background-image":"","background-repeat":"repeat","background-position":"center center","background-size":"auto","background-attachment":"scroll","background-type":"","background-media":"","overlay-type":"","overlay-color":"","overlay-opacity":"","overlay-gradient":""}}},"product_brand":[],"product_cat":[593,328],"product_tag":[],"class_list":{"0":"post-66917","1":"product","2":"type-product","3":"status-publish","4":"has-post-thumbnail","6":"product_cat-flores-cbd-indoor","7":"product_cat-comprar-flores-de-cbd-y-cogollos-de-cbd","8":"desktop-align-center","9":"tablet-align-center","10":"mobile-align-center","12":"first","13":"outofstock","14":"taxable","15":"shipping-taxable","16":"purchasable","17":"product-type-simple"},"acf":[],"yoast_head":"<!-- This site is optimized with the Yoast SEO Premium plugin v27.3 (Yoast SEO v27.3) - https:\/\/yoast.com\/product\/yoast-seo-premium-wordpress\/ -->\n<title>Flor CBD Creepy Kush Indoor \u2013 Edici\u00f3n Limitada Halloween | Iguana Smoke<\/title>\n<meta name=\"description\" content=\"Celebra Halloween con la Flor CBD Creepy Kush Indoor - Edici\u00f3n Limitada. Dise\u00f1o exclusivo Iguana Zombie. \u00a1Compra CBD Indoor legal y premium aqu\u00ed!\" \/>\n<meta name=\"robots\" content=\"index, follow, max-snippet:-1, max-image-preview:large, max-video-preview:-1\" \/>\n<link rel=\"canonical\" href=\"https:\/\/iguanasmoke.com\/pt\/produto\/creepy-kush-indoor-edicao-limitada-edicao-de-halloween\/\" \/>\n<meta property=\"og:locale\" content=\"pt_PT\" \/>\n<meta property=\"og:type\" content=\"article\" \/>\n<meta property=\"og:title\" content=\"Flor CBD Creepy Kush Indoor (Edici\u00f3n Limitada Halloween)\" \/>\n<meta property=\"og:description\" content=\"Destaca por su exclusividad de 250 unidades de Edici\u00f3n Limitada inspirada en la m\u00edtica gen\u00e9tica Creepy:   Cultivo interior premium Indoor   CBD: entre 12-14%   THC: &lt;0,3%   100% legal en Europa   Cogollos densos con tonos oscuros  Aroma potente y dise\u00f1o Iguana Zombie  Consulta el an\u00e1lisis de laboratorio.\" \/>\n<meta property=\"og:url\" content=\"https:\/\/iguanasmoke.com\/pt\/produto\/creepy-kush-indoor-edicao-limitada-edicao-de-halloween\/\" \/>\n<meta property=\"og:site_name\" content=\"Iguana Smoke\" \/>\n<meta property=\"article:publisher\" content=\"https:\/\/www.facebook.com\/iguanasmoke\" \/>\n<meta property=\"article:modified_time\" content=\"2026-01-29T08:26:25+00:00\" \/>\n<meta property=\"og:image\" content=\"https:\/\/iguanasmoke.com\/wp-content\/uploads\/2025\/10\/Diseno-sin-titulo-21.webp\" \/>\n\t<meta property=\"og:image:width\" content=\"1000\" \/>\n\t<meta property=\"og:image:height\" content=\"1000\" \/>\n\t<meta property=\"og:image:type\" content=\"image\/webp\" \/>\n<meta name=\"twitter:card\" content=\"summary_large_image\" \/>\n<meta name=\"twitter:label1\" content=\"pre\u00e7o\" \/>\n\t<meta name=\"twitter:data1\" content=\"14,90&nbsp;&euro;\" \/>\n\t<meta name=\"twitter:label2\" content=\"Disponibilidade\" \/>\n\t<meta name=\"twitter:data2\" content=\"Esgotado\" \/>\n<meta property=\"product:brand\" content=\"simple\" \/>\n<meta property=\"product:price:amount\" content=\"14.90\" \/>\n<meta property=\"product:price:currency\" content=\"EUR\" \/>\n<meta property=\"og:availability\" content=\"out of stock\" \/>\n<meta property=\"product:availability\" content=\"out of stock\" \/>\n<meta property=\"product:condition\" content=\"new\" \/>\n<!-- \/ Yoast SEO Premium plugin. -->","yoast_head_json":{"title":"Flor CBD Creepy Kush Interior - Edi\u00e7\u00e3o Limitada Halloween | Iguana Smoke","description":"Celebra o Halloween com a CBD Creepy Kush Indoor Flower - Edi\u00e7\u00e3o limitada. Design exclusivo Iguana Zombie. Compre aqui CBD Indoor legal e de alta qualidade!","robots":{"index":"index","follow":"follow","max-snippet":"max-snippet:-1","max-image-preview":"max-image-preview:large","max-video-preview":"max-video-preview:-1"},"canonical":"https:\/\/iguanasmoke.com\/pt\/produto\/creepy-kush-indoor-edicao-limitada-edicao-de-halloween\/","og_locale":"pt_PT","og_type":"article","og_title":"Flor CBD Creepy Kush Indoor (Edici\u00f3n Limitada Halloween)","og_description":"Destaca por su exclusividad de 250 unidades de Edici\u00f3n Limitada inspirada en la m\u00edtica gen\u00e9tica Creepy:   Cultivo interior premium Indoor   CBD: entre 12-14%   THC: &lt;0,3%   100% legal en Europa   Cogollos densos con tonos oscuros  Aroma potente y dise\u00f1o Iguana Zombie  Consulta el an\u00e1lisis de laboratorio.","og_url":"https:\/\/iguanasmoke.com\/pt\/produto\/creepy-kush-indoor-edicao-limitada-edicao-de-halloween\/","og_site_name":"Iguana Smoke","article_publisher":"https:\/\/www.facebook.com\/iguanasmoke","article_modified_time":"2026-01-29T08:26:25+00:00","og_image":[{"width":1000,"height":1000,"url":"https:\/\/iguanasmoke.com\/wp-content\/uploads\/2025\/10\/Diseno-sin-titulo-21.webp","type":"image\/webp"}],"twitter_card":"summary_large_image","twitter_misc":{"pre\u00e7o":"14,90&nbsp;&euro;","Disponibilidade":"Esgotado"},"schema":{"@context":"https:\/\/schema.org","@graph":[{"@type":"WebPage","@id":"https:\/\/iguanasmoke.com\/producto\/creepy-kush-indoor-edicion-limitada-halloween\/","url":"https:\/\/iguanasmoke.com\/producto\/creepy-kush-indoor-edicion-limitada-halloween\/","name":"Flor CBD Creepy Kush Interior - Edi\u00e7\u00e3o Limitada Halloween | Iguana Smoke","isPartOf":{"@id":"https:\/\/iguanasmoke.com\/#website"},"primaryImageOfPage":{"@id":"https:\/\/iguanasmoke.com\/producto\/creepy-kush-indoor-edicion-limitada-halloween\/#primaryimage"},"image":{"@id":"https:\/\/iguanasmoke.com\/producto\/creepy-kush-indoor-edicion-limitada-halloween\/#primaryimage"},"thumbnailUrl":"https:\/\/iguanasmoke.com\/wp-content\/uploads\/2025\/10\/Diseno-sin-titulo-21.webp","datePublished":"2025-10-18T09:57:48+00:00","dateModified":"2026-01-29T08:26:25+00:00","description":"Celebra o Halloween com a CBD Creepy Kush Indoor Flower - Edi\u00e7\u00e3o limitada. Design exclusivo Iguana Zombie. Compre aqui CBD Indoor legal e de alta qualidade!","breadcrumb":{"@id":"https:\/\/iguanasmoke.com\/producto\/creepy-kush-indoor-edicion-limitada-halloween\/#breadcrumb"},"inLanguage":"pt-PT","potentialAction":[{"@type":"ReadAction","target":["https:\/\/iguanasmoke.com\/producto\/creepy-kush-indoor-edicion-limitada-halloween\/"]}]},{"@type":"ImageObject","inLanguage":"pt-PT","@id":"https:\/\/iguanasmoke.com\/producto\/creepy-kush-indoor-edicion-limitada-halloween\/#primaryimage","url":"https:\/\/iguanasmoke.com\/wp-content\/uploads\/2025\/10\/Diseno-sin-titulo-21.webp","contentUrl":"https:\/\/iguanasmoke.com\/wp-content\/uploads\/2025\/10\/Diseno-sin-titulo-21.webp","width":1000,"height":1000,"caption":"Bolsa exclusiva de Creepy Kush Indoor, edici\u00f3n limitada de Halloween con la Iguana Zombie y su emblem\u00e1tico cogollo de CBD premium."},{"@type":"BreadcrumbList","@id":"https:\/\/iguanasmoke.com\/producto\/creepy-kush-indoor-edicion-limitada-halloween\/#breadcrumb","itemListElement":[{"@type":"ListItem","position":1,"name":"home","item":"https:\/\/iguanasmoke.com\/"},{"@type":"ListItem","position":2,"name":"Tienda","item":"https:\/\/iguanasmoke.com\/tienda\/"},{"@type":"ListItem","position":3,"name":"Flores de CBD","item":"https:\/\/iguanasmoke.com\/categoria\/comprar-flores-de-cbd-y-cogollos-de-cbd\/"},{"@type":"ListItem","position":4,"name":"Flor CBD Creepy Kush Indoor (Edici\u00f3n Limitada Halloween)"}]},{"@type":"WebSite","@id":"https:\/\/iguanasmoke.com\/#website","url":"https:\/\/iguanasmoke.com\/","name":"Fumo de Iguana","description":"Comprar CBD online ao melhor pre\u00e7o","publisher":{"@id":"https:\/\/iguanasmoke.com\/#organization"},"potentialAction":[{"@type":"SearchAction","target":{"@type":"EntryPoint","urlTemplate":"https:\/\/iguanasmoke.com\/?s={search_term_string}"},"query-input":{"@type":"PropertyValueSpecification","valueRequired":true,"valueName":"search_term_string"}}],"inLanguage":"pt-PT"},{"@type":"Organization","@id":"https:\/\/iguanasmoke.com\/#organization","name":"Fumo de Iguana","url":"https:\/\/iguanasmoke.com\/","logo":{"@type":"ImageObject","inLanguage":"pt-PT","@id":"https:\/\/iguanasmoke.com\/#\/schema\/logo\/image\/","url":"https:\/\/iguanasmoke.com\/wp-content\/uploads\/2025\/01\/logoiguana-favi-1.png","contentUrl":"https:\/\/iguanasmoke.com\/wp-content\/uploads\/2025\/01\/logoiguana-favi-1.png","width":512,"height":512,"caption":"Iguana Smoke"},"image":{"@id":"https:\/\/iguanasmoke.com\/#\/schema\/logo\/image\/"},"sameAs":["https:\/\/www.facebook.com\/iguanasmoke","https:\/\/www.instagram.com\/iguanasmoke\/"]}]},"product_brand":"simple","product_price_amount":"14.90","product_price_currency":"EUR","og_availability":"out of stock","product_availability":"out of stock","product_condition":"new"},"_links":{"self":[{"href":"https:\/\/iguanasmoke.com\/pt\/wp-json\/wp\/v2\/product\/66917","targetHints":{"allow":["GET"]}}],"collection":[{"href":"https:\/\/iguanasmoke.com\/pt\/wp-json\/wp\/v2\/product"}],"about":[{"href":"https:\/\/iguanasmoke.com\/pt\/wp-json\/wp\/v2\/types\/product"}],"replies":[{"embeddable":true,"href":"https:\/\/iguanasmoke.com\/pt\/wp-json\/wp\/v2\/comments?post=66917"}],"wp:featuredmedia":[{"embeddable":true,"href":"https:\/\/iguanasmoke.com\/pt\/wp-json\/wp\/v2\/media\/66919"}],"wp:attachment":[{"href":"https:\/\/iguanasmoke.com\/pt\/wp-json\/wp\/v2\/media?parent=66917"}],"wp:term":[{"taxonomy":"product_brand","embeddable":true,"href":"https:\/\/iguanasmoke.com\/pt\/wp-json\/wp\/v2\/product_brand?post=66917"},{"taxonomy":"product_cat","embeddable":true,"href":"https:\/\/iguanasmoke.com\/pt\/wp-json\/wp\/v2\/product_cat?post=66917"},{"taxonomy":"product_tag","embeddable":true,"href":"https:\/\/iguanasmoke.com\/pt\/wp-json\/wp\/v2\/product_tag?post=66917"}],"curies":[{"name":"wp","href":"https:\/\/api.w.org\/{rel}","templated":true}]}}