{"id":68885,"date":"2025-11-05T13:24:21","date_gmt":"2025-11-05T12:24:21","guid":{"rendered":"https:\/\/iguanasmoke.com\/?post_type=product&#038;p=68885"},"modified":"2026-03-31T17:13:17","modified_gmt":"2026-03-31T15:13:17","slug":"flores-de-cbd-prontas-a-rolar-amnesia-15gr","status":"publish","type":"product","link":"https:\/\/iguanasmoke.com\/pt\/producto\/flores-de-cbd-ready-to-roll-amnesia-15gr\/","title":{"rendered":"Flower Sting CBD | Pronto para rolar 15gr - Amn\u00e9sia"},"content":{"rendered":"<h1 data-start=\"2843\" data-end=\"2962\"><span style=\"font-size: 32px;font-weight: 400\">CBD Flower Sting sem Trim - Pronto para enrolar 15g Amnesia<\/span><\/h1>\n<p><span style=\"font-weight: 400\">Este <strong>Amn\u00e9sia pronta a rolar<\/strong> \u00e9 um dos nossos mais recentes produtos: <strong>CBD Flower Sting<\/strong> <strong>Amn\u00e9sia<\/strong> prontas a usar com um inconfund\u00edvel aroma de terpeno Amnesia. As nossas flores CBD prov\u00eam de <strong>flores de c\u00e2nhamo certificadas<\/strong> pela UE. <\/span><\/p>\n<p><span style=\"font-weight: 400\">S\u00e3o a escolha perfeita para quem pretende comprar<strong> picada de c\u00e2nhamo <\/strong>de<strong> flores CBD de alta qualidade<\/strong> num formato mais c\u00f3modo e pr\u00e1tico.\u00a0<\/span><\/p>\n<p><span style=\"font-weight: 400\">Este <strong>O CBD flower sting n\u00e3o \u00e9 apenas um simples CBD Trim<\/strong>: \u00e9 uma quest\u00e3o de <strong>bot\u00f5es reais<\/strong>, selecionados manualmente utilizando o m\u00e9todo de filtragem, e <strong>picado<\/strong> cuidadosamente para preservar os seus aromas e propriedades naturais e os terpenos da Amnesia. Ao utilizar este m\u00e9todo, tem a garantia de um produto <strong>100% limpos e refinados, sem sementes e talos<\/strong>, composto apenas por flores suaves, arom\u00e1ticas e prontas a usar.<\/span><\/p>\n<p><span style=\"font-weight: 400\"> Com este <strong>Amn\u00e9sia pronta a rolar sem Trim CBD<\/strong>, desfrutar de uma experi\u00eancia de excel\u00eancia nunca foi t\u00e3o f\u00e1cil.<\/span><\/p>\n<p><span style=\"font-weight: 400\">J\u00e1 n\u00e3o precisa de moer ou preparar os bot\u00f5es porque n\u00f3s facilitamos-lhe a vida: basta <strong>abra a bolsa e desfrute do seu momento<\/strong>. Comprar flores CBD neste formato \u00e9 sin\u00f3nimo de efic\u00e1cia e de prazer imediato. <\/span><\/p>\n<p><span style=\"font-weight: 400\">Al\u00e9m disso, as nossas flores s\u00e3o cultivadas organicamente, sem pesticidas nem OGM. Perfeito para consumidores conscientes e amantes de boas vibra\u00e7\u00f5es.\u00a0<\/span><\/p>\n<p data-start=\"998\" data-end=\"1107\"><strong data-start=\"1001\" data-end=\"1106\">Descubra mais variedades na nossa <a class=\"decorated-link cursor-pointer\" href=\"https:\/\/iguanasmoke.com\/pt\/categoria\/flores\/flores-de-cbd-3\/\" rel=\"noopener\" data-start=\"1049\" data-end=\"1104\">Flores com CBD<\/a><\/strong>.<\/p>\n<p>&nbsp;<\/p>\n<p>&nbsp;<\/p>\n<h2><\/h2>\n<h2>Porqu\u00ea escolher Picadura de Flores - Ready To Roll 15g para comprar flores CBD?<\/h2>\n<p data-start=\"1459\" data-end=\"1612\"><span style=\"font-weight: 400\">Em <strong>Fumo de Iguana<\/strong>, Compreendemos que, quando procura comprar flores de CBD, n\u00e3o quer qualquer coisa. \u00c9 por isso que lhe trazemos as <strong>Pronto para rolar<\/strong>. O ferr\u00e3o desta flor prov\u00e9m de flores dominantes. <strong>Sativa,<\/strong> e cont\u00e9m um <strong>15% de CBD<\/strong> y <strong>inferior a 0,3%<\/strong> <strong>THC,<\/strong> o que os torna legais em Espanha e na Europa.\u00a0<\/span><\/p>\n<p data-start=\"1459\" data-end=\"1612\"><span style=\"font-weight: 400\">Este <strong>picada<\/strong> vem num<strong> bolsa anti-odor<\/strong> super pr\u00e1tico e \u00fanico, perfeito para um transporte despreocupado. A sua <strong>aroma forte, com terpenos Amnesia<\/strong>, torna-a uma escolha de topo para os amantes de CBD e de flores de CBD.<\/span><\/p>\n<h2 data-start=\"2473\" data-end=\"2533\"><\/h2>\n<h2 data-start=\"2473\" data-end=\"2533\">Dicas para comprar Ready To Roll e outras flores CBD<\/h2>\n<ul>\n<li><span style=\"font-weight: 400\"><strong>Verificar o teor de CBD e THC.<\/strong>Esta Ready To Roll tem 15% de CBD e menos de 0,3%THC, o que garante uma experi\u00eancia intensa sem efeitos psicoactivos. <\/span><\/li>\n<li>Compre sempre a um vendedor fi\u00e1vel: <span style=\"font-weight: 400\">Na Iguana Smoke, oferecemos-lhe flores CBD baratas e de qualidade, com total transpar\u00eancia na sua composi\u00e7\u00e3o.\u00a0<\/span><\/li>\n<li>Veja o que os outros clientes t\u00eam a dizer: <span style=\"font-weight: 400\">A nossa comunidade partilha a sua experi\u00eancia para o ajudar a escolher o melhor.\u00a0<\/span><\/li>\n<\/ul>\n<p>&nbsp;<\/p>\n<h2><b>Onde comprar o seu CBD Amnesia Flower Sting online sem Trim CBD<\/b><b>?<\/b><\/h2>\n<p><span style=\"font-weight: 400\">Em <strong>Fumo de Iguana<\/strong>, Damos prioridade \u00e0 qualidade e \u00e0 transpar\u00eancia em cada produto. Os nossos <strong>Flower Sting CBD Amn\u00e9sia sem Trim CBD<\/strong> \u00e9 fabricado a partir de <strong>flores de c\u00e2nhamo<\/strong>. S\u00e3o cuidadosamente selecionados e <strong>picadas<\/strong> para preservar todo o seu aroma, pot\u00eancia e propriedades naturais. <\/span><span style=\"font-weight: 400\">Como \u00e9 o caso do nosso <strong>Pronto para rolar<\/strong>, O novo design, confort\u00e1vel e pr\u00e1tico, \u00e9 um verdadeiro chamariz.<\/span><\/p>\n<p><span style=\"font-weight: 400\">Este \u00e9 o seu lugar seguro para <strong>comprar CBD Amnesia Flower Sting sem Trim CBD online em Espanha.<\/strong> Todos os nossos produtos s\u00e3o aprovados pela UE, o que garante a sua legalidade e seguran\u00e7a. Para al\u00e9m disso, se desejar, pode consultar<\/span><strong> <a href=\"https:\/\/iguanasmoke.com\/pt\/analiticas\/\">an\u00e1lises laboratoriais.<\/a>\u00a0<\/strong><\/p>\n<p><span style=\"font-weight: 400\">N\u00e3o se esque\u00e7a de experimentar os novos sabores do <strong>Pronto para rolar<\/strong>:<strong>\u00a0<a href=\"https:\/\/iguanasmoke.com\/pt\/produto\/flores-de-cbd-prontas-a-rolar-zkittlez-15gr\/\">Zkittlez<\/a>, <a href=\"https:\/\/iguanasmoke.com\/pt\/produto\/flores-de-cbd-prontas-a-rolar-lemon-haze-15gr\/\">Haze de lim\u00e3o<\/a>, <a href=\"https:\/\/iguanasmoke.com\/pt\/produto\/flores-de-cbd-prontas-a-rolar-super-skunk-15gr\/\">Super Skunk<\/a><\/strong>. Descubra tamb\u00e9m <\/span><span style=\"font-weight: 400\">outros <strong>Produtos TOP<\/strong> como o <a href=\"https:\/\/iguanasmoke.com\/pt\/produto\/comprar-flor-cbd-pop-corn-sour-tsunami-25gr-cogollos-online\/\"><strong>Milho para pipocas 25g<\/strong><\/a>. <\/span><span style=\"font-weight: 400\">Explore a nossa gama e encontre j\u00e1 os seus favoritos.<\/span><span style=\"font-weight: 400\">\u00a0<\/span><\/p>\n<p>Rapidez na entrega, aten\u00e7\u00e3o e uma loja com embalagens discretas e seguras que vai \u00e0 frente, s\u00f3 para si!<\/p>\n<p>&nbsp;<\/p>\n<h3><b>Iguana Smoke \u00e9 a sua loja online de confian\u00e7a de CBD<\/b><\/h3>\n<p><span style=\"font-weight: 400\">Em<strong> Fumo de Iguana<\/strong>, Acreditamos que desfrutar do CBD deve ser uma experi\u00eancia segura e agrad\u00e1vel. \u00c9 por isso que temos produtos como este <strong>picada de c\u00e2nhamo<\/strong> qualidade, que se liga \u00e0s novas gera\u00e7\u00f5es: pessoas que procuram um bem-estar descomplicado, com marcas aut\u00eanticas e fi\u00e1veis.\u00a0<\/span><\/p>\n<p>A nossa miss\u00e3o \u00e9 clara: trazer-lhe o melhor do mundo dos canabin\u00f3ides a um pre\u00e7o justo. Al\u00e9m disso, damos-lhe a tranquilidade de saber que est\u00e1 a escolher um produto certificado, eficaz e 100% legal. O seu tempo de relaxamento come\u00e7a aqui connosco.<\/p>\n<p>Ainda tem d\u00favidas? Escreva-nos e teremos todo o gosto em ajud\u00e1-lo a encontrar o produto certo para si.<\/p>\n<p>&nbsp;<\/p>\n<p><em><span style=\"font-weight: 400\">*Nota: a sua utiliza\u00e7\u00e3o destina-se a cole\u00e7\u00e3o ou aromaterapia, de acordo com a legisla\u00e7\u00e3o espanhola. <\/span><\/em><\/p>\n<p><em><span style=\"font-weight: 400\">**Todos os nossos produtos s\u00e3o derivados de c\u00e2nhamo industrial certificado. Cont\u00eam menos de 0,3 THC e n\u00e3o cont\u00eam canabin\u00f3ides ilegais como HHC, HHC-P, THCP, THCP-O, H4CBD e os inclu\u00eddos no Anexo I do Decreto Real 2829\/1977, nem subst\u00e2ncias controladas por conven\u00e7\u00f5es internacionais.\u00a0\u00a0<\/span><\/em><\/p>","protected":false},"excerpt":{"rendered":"<ul>\n<li>Formato Ready To Roll Amnesia, 15g.<\/li>\n<li>Flores de c\u00e2nhamo org\u00e2nico CBD picadas<\/li>\n<li>Sem aparar ou peneirar<\/li>\n<li>CBD: 15% \/ THC: &lt; 0,3%<\/li>\n<li>Bolsa transport\u00e1vel, anti-odor, pronta a usar<\/li>\n<li>Com terpenos Amnesia<\/li>\n<li><span style=\"font-size: 16px\">100% legal em Espanha e na Europa<\/span><\/li>\n<li>Consultar o <a style=\"font-size: 16px;background-color: #ffffff\" href=\"https:\/\/iguanasmoke.com\/wp-content\/uploads\/2018\/02\/Flor-Sour-Tsunami.pdf\" target=\"_blank\" rel=\"noopener\">an\u00e1lise da qualidade<\/a><\/li>\n<\/ul>","protected":false},"featured_media":69078,"comment_status":"open","ping_status":"closed","template":"","meta":{"_acf_changed":false,"site-sidebar-layout":"default","site-content-layout":"","ast-site-content-layout":"default","site-content-style":"default","site-sidebar-style":"default","ast-global-header-display":"","ast-banner-title-visibility":"","ast-main-header-display":"","ast-hfb-above-header-display":"","ast-hfb-below-header-display":"","ast-hfb-mobile-header-display":"","site-post-title":"","ast-breadcrumbs-content":"","ast-featured-img":"","footer-sml-layout":"","theme-transparent-header-meta":"default","adv-header-id-meta":"","stick-header-meta":"","header-above-stick-meta":"","header-main-stick-meta":"","header-below-stick-meta":"","astra-migrate-meta-layouts":"set","ast-page-background-enabled":"default","ast-page-background-meta":{"desktop":{"background-color":"var(--ast-global-color-4)","background-image":"","background-repeat":"repeat","background-position":"center center","background-size":"auto","background-attachment":"scroll","background-type":"","background-media":"","overlay-type":"","overlay-color":"","overlay-opacity":"","overlay-gradient":""},"tablet":{"background-color":"","background-image":"","background-repeat":"repeat","background-position":"center center","background-size":"auto","background-attachment":"scroll","background-type":"","background-media":"","overlay-type":"","overlay-color":"","overlay-opacity":"","overlay-gradient":""},"mobile":{"background-color":"","background-image":"","background-repeat":"repeat","background-position":"center center","background-size":"auto","background-attachment":"scroll","background-type":"","background-media":"","overlay-type":"","overlay-color":"","overlay-opacity":"","overlay-gradient":""}},"ast-content-background-meta":{"desktop":{"background-color":"var(--ast-global-color-5)","background-image":"","background-repeat":"repeat","background-position":"center center","background-size":"auto","background-attachment":"scroll","background-type":"","background-media":"","overlay-type":"","overlay-color":"","overlay-opacity":"","overlay-gradient":""},"tablet":{"background-color":"var(--ast-global-color-5)","background-image":"","background-repeat":"repeat","background-position":"center center","background-size":"auto","background-attachment":"scroll","background-type":"","background-media":"","overlay-type":"","overlay-color":"","overlay-opacity":"","overlay-gradient":""},"mobile":{"background-color":"var(--ast-global-color-5)","background-image":"","background-repeat":"repeat","background-position":"center center","background-size":"auto","background-attachment":"scroll","background-type":"","background-media":"","overlay-type":"","overlay-color":"","overlay-opacity":"","overlay-gradient":""}}},"product_brand":[],"product_cat":[328,457],"product_tag":[],"class_list":{"0":"post-68885","1":"product","2":"type-product","3":"status-publish","4":"has-post-thumbnail","6":"product_cat-comprar-flores-de-cbd-y-cogollos-de-cbd","7":"product_cat-ready-to-roll","8":"desktop-align-center","9":"tablet-align-center","10":"mobile-align-center","12":"first","13":"instock","14":"taxable","15":"shipping-taxable","16":"purchasable","17":"product-type-simple"},"acf":[],"yoast_head":"<!-- This site is optimized with the Yoast SEO Premium plugin v27.3 (Yoast SEO v27.3) - https:\/\/yoast.com\/product\/yoast-seo-premium-wordpress\/ -->\n<title>Picadura de Flores CBD Amnesia | Iguana Smoke<\/title>\n<meta name=\"description\" content=\"Descubre la Picadura de Flores CBD Amnesia, lista para disfrutar. Ideal para quienes buscan Picadura de c\u00e1\u00f1amo con terpenos irresistibles y sin Trim CBD.\" \/>\n<meta name=\"robots\" content=\"index, follow, max-snippet:-1, max-image-preview:large, max-video-preview:-1\" \/>\n<link rel=\"canonical\" href=\"https:\/\/iguanasmoke.com\/pt\/produto\/flores-de-cbd-prontas-a-rolar-amnesia-15gr\/\" \/>\n<meta property=\"og:locale\" content=\"pt_PT\" \/>\n<meta property=\"og:type\" content=\"article\" \/>\n<meta property=\"og:title\" content=\"Picadura de Flores CBD | Ready to Roll 15gr - Amnesia\" \/>\n<meta property=\"og:description\" content=\"Formato Ready To Roll Amnesia, 15g.  Flores Picadas de CBD de c\u00e1\u00f1amo org\u00e1nico  No es Trim ni Tamizado  CBD: 15% \/ THC: &lt; 0,3%  Pouch transportable anti-olor listo para usar  Con terpenos de Amnesia  100% legal en Espa\u00f1a y Europa  Consulta el an\u00e1lisis de calidad\" \/>\n<meta property=\"og:url\" content=\"https:\/\/iguanasmoke.com\/pt\/produto\/flores-de-cbd-prontas-a-rolar-amnesia-15gr\/\" \/>\n<meta property=\"og:site_name\" content=\"Iguana Smoke\" \/>\n<meta property=\"article:publisher\" content=\"https:\/\/www.facebook.com\/iguanasmoke\" \/>\n<meta property=\"article:modified_time\" content=\"2026-03-31T15:13:17+00:00\" \/>\n<meta property=\"og:image\" content=\"https:\/\/iguanasmoke.com\/wp-content\/uploads\/2025\/11\/RTR-Amnesia-frente-montoncito-scaled.webp\" \/>\n\t<meta property=\"og:image:width\" content=\"2560\" \/>\n\t<meta property=\"og:image:height\" content=\"2560\" \/>\n\t<meta property=\"og:image:type\" content=\"image\/webp\" \/>\n<meta name=\"twitter:card\" content=\"summary_large_image\" \/>\n<meta name=\"twitter:label1\" content=\"pre\u00e7o\" \/>\n\t<meta name=\"twitter:data1\" content=\"15,00&nbsp;&euro;\" \/>\n\t<meta name=\"twitter:label2\" content=\"Disponibilidade\" \/>\n\t<meta name=\"twitter:data2\" content=\"Em stock\" \/>\n<meta property=\"product:brand\" content=\"simple\" \/>\n<meta property=\"product:price:amount\" content=\"15.00\" \/>\n<meta property=\"product:price:currency\" content=\"EUR\" \/>\n<meta property=\"og:availability\" content=\"instock\" \/>\n<meta property=\"product:availability\" content=\"instock\" \/>\n<meta property=\"product:retailer_item_id\" content=\"IS-READYTOROLLAMN\" \/>\n<meta property=\"product:condition\" content=\"new\" \/>\n<!-- \/ Yoast SEO Premium plugin. -->","yoast_head_json":{"title":"CBD Amnesia Flower Sting | Fumo de Iguana","description":"Descubra o CBD Amnesia Flower Stash, pronto a ser desfrutado. Ideal para quem procura um stash de c\u00e2nhamo com terpenos irresist\u00edveis e sem CBD Trim.","robots":{"index":"index","follow":"follow","max-snippet":"max-snippet:-1","max-image-preview":"max-image-preview:large","max-video-preview":"max-video-preview:-1"},"canonical":"https:\/\/iguanasmoke.com\/pt\/produto\/flores-de-cbd-prontas-a-rolar-amnesia-15gr\/","og_locale":"pt_PT","og_type":"article","og_title":"Picadura de Flores CBD | Ready to Roll 15gr - Amnesia","og_description":"Formato Ready To Roll Amnesia, 15g.  Flores Picadas de CBD de c\u00e1\u00f1amo org\u00e1nico  No es Trim ni Tamizado  CBD: 15% \/ THC: &lt; 0,3%  Pouch transportable anti-olor listo para usar  Con terpenos de Amnesia  100% legal en Espa\u00f1a y Europa  Consulta el an\u00e1lisis de calidad","og_url":"https:\/\/iguanasmoke.com\/pt\/produto\/flores-de-cbd-prontas-a-rolar-amnesia-15gr\/","og_site_name":"Iguana Smoke","article_publisher":"https:\/\/www.facebook.com\/iguanasmoke","article_modified_time":"2026-03-31T15:13:17+00:00","og_image":[{"width":2560,"height":2560,"url":"https:\/\/iguanasmoke.com\/wp-content\/uploads\/2025\/11\/RTR-Amnesia-frente-montoncito-scaled.webp","type":"image\/webp"}],"twitter_card":"summary_large_image","twitter_misc":{"pre\u00e7o":"15,00&nbsp;&euro;","Disponibilidade":"Em stock"},"schema":{"@context":"https:\/\/schema.org","@graph":[{"@type":"WebPage","@id":"https:\/\/iguanasmoke.com\/producto\/flores-de-cbd-ready-to-roll-amnesia-15gr\/","url":"https:\/\/iguanasmoke.com\/producto\/flores-de-cbd-ready-to-roll-amnesia-15gr\/","name":"CBD Amnesia Flower Sting | Fumo de Iguana","isPartOf":{"@id":"https:\/\/iguanasmoke.com\/#website"},"primaryImageOfPage":{"@id":"https:\/\/iguanasmoke.com\/producto\/flores-de-cbd-ready-to-roll-amnesia-15gr\/#primaryimage"},"image":{"@id":"https:\/\/iguanasmoke.com\/producto\/flores-de-cbd-ready-to-roll-amnesia-15gr\/#primaryimage"},"thumbnailUrl":"https:\/\/iguanasmoke.com\/wp-content\/uploads\/2025\/11\/RTR-Amnesia-frente-montoncito-scaled.webp","datePublished":"2025-11-05T12:24:21+00:00","dateModified":"2026-03-31T15:13:17+00:00","description":"Descubra o CBD Amnesia Flower Stash, pronto a ser desfrutado. Ideal para quem procura um stash de c\u00e2nhamo com terpenos irresist\u00edveis e sem CBD Trim.","breadcrumb":{"@id":"https:\/\/iguanasmoke.com\/producto\/flores-de-cbd-ready-to-roll-amnesia-15gr\/#breadcrumb"},"inLanguage":"pt-PT","potentialAction":[{"@type":"ReadAction","target":["https:\/\/iguanasmoke.com\/producto\/flores-de-cbd-ready-to-roll-amnesia-15gr\/"]}]},{"@type":"ImageObject","inLanguage":"pt-PT","@id":"https:\/\/iguanasmoke.com\/producto\/flores-de-cbd-ready-to-roll-amnesia-15gr\/#primaryimage","url":"https:\/\/iguanasmoke.com\/wp-content\/uploads\/2025\/11\/RTR-Amnesia-frente-montoncito-scaled.webp","contentUrl":"https:\/\/iguanasmoke.com\/wp-content\/uploads\/2025\/11\/RTR-Amnesia-frente-montoncito-scaled.webp","width":2560,"height":2560,"caption":"Picadura de Flores CBD Amnesia"},{"@type":"BreadcrumbList","@id":"https:\/\/iguanasmoke.com\/producto\/flores-de-cbd-ready-to-roll-amnesia-15gr\/#breadcrumb","itemListElement":[{"@type":"ListItem","position":1,"name":"home","item":"https:\/\/iguanasmoke.com\/"},{"@type":"ListItem","position":2,"name":"Tienda","item":"https:\/\/iguanasmoke.com\/tienda\/"},{"@type":"ListItem","position":3,"name":"Ready to Roll","item":"https:\/\/iguanasmoke.com\/categoria\/ready-to-roll\/"},{"@type":"ListItem","position":4,"name":"Picadura de Flores CBD | Ready to Roll 15gr &#8211; Amnesia"}]},{"@type":"WebSite","@id":"https:\/\/iguanasmoke.com\/#website","url":"https:\/\/iguanasmoke.com\/","name":"Fumo de Iguana","description":"Comprar CBD online ao melhor pre\u00e7o","publisher":{"@id":"https:\/\/iguanasmoke.com\/#organization"},"potentialAction":[{"@type":"SearchAction","target":{"@type":"EntryPoint","urlTemplate":"https:\/\/iguanasmoke.com\/?s={search_term_string}"},"query-input":{"@type":"PropertyValueSpecification","valueRequired":true,"valueName":"search_term_string"}}],"inLanguage":"pt-PT"},{"@type":"Organization","@id":"https:\/\/iguanasmoke.com\/#organization","name":"Fumo de Iguana","url":"https:\/\/iguanasmoke.com\/","logo":{"@type":"ImageObject","inLanguage":"pt-PT","@id":"https:\/\/iguanasmoke.com\/#\/schema\/logo\/image\/","url":"https:\/\/iguanasmoke.com\/wp-content\/uploads\/2025\/01\/logoiguana-favi-1.png","contentUrl":"https:\/\/iguanasmoke.com\/wp-content\/uploads\/2025\/01\/logoiguana-favi-1.png","width":512,"height":512,"caption":"Iguana Smoke"},"image":{"@id":"https:\/\/iguanasmoke.com\/#\/schema\/logo\/image\/"},"sameAs":["https:\/\/www.facebook.com\/iguanasmoke","https:\/\/www.instagram.com\/iguanasmoke\/"]}]},"product_brand":"simple","product_price_amount":"15.00","product_price_currency":"EUR","og_availability":"instock","product_availability":"instock","product_retailer_item_id":"IS-READYTOROLLAMN","product_condition":"new"},"_links":{"self":[{"href":"https:\/\/iguanasmoke.com\/pt\/wp-json\/wp\/v2\/product\/68885","targetHints":{"allow":["GET"]}}],"collection":[{"href":"https:\/\/iguanasmoke.com\/pt\/wp-json\/wp\/v2\/product"}],"about":[{"href":"https:\/\/iguanasmoke.com\/pt\/wp-json\/wp\/v2\/types\/product"}],"replies":[{"embeddable":true,"href":"https:\/\/iguanasmoke.com\/pt\/wp-json\/wp\/v2\/comments?post=68885"}],"wp:featuredmedia":[{"embeddable":true,"href":"https:\/\/iguanasmoke.com\/pt\/wp-json\/wp\/v2\/media\/69078"}],"wp:attachment":[{"href":"https:\/\/iguanasmoke.com\/pt\/wp-json\/wp\/v2\/media?parent=68885"}],"wp:term":[{"taxonomy":"product_brand","embeddable":true,"href":"https:\/\/iguanasmoke.com\/pt\/wp-json\/wp\/v2\/product_brand?post=68885"},{"taxonomy":"product_cat","embeddable":true,"href":"https:\/\/iguanasmoke.com\/pt\/wp-json\/wp\/v2\/product_cat?post=68885"},{"taxonomy":"product_tag","embeddable":true,"href":"https:\/\/iguanasmoke.com\/pt\/wp-json\/wp\/v2\/product_tag?post=68885"}],"curies":[{"name":"wp","href":"https:\/\/api.w.org\/{rel}","templated":true}]}}