{"id":69671,"date":"2025-11-13T15:54:45","date_gmt":"2025-11-13T14:54:45","guid":{"rendered":"https:\/\/iguanasmoke.com\/?post_type=product&#038;p=69671"},"modified":"2026-03-16T10:48:11","modified_gmt":"2026-03-16T09:48:11","slug":"espaco-hash-bubblegum-e8h","status":"publish","type":"product","link":"https:\/\/iguanasmoke.com\/pt\/producto\/space-hash-bubblegum-e8h\/","title":{"rendered":"Pastilha el\u00e1stica de espa\u00e7o E8H"},"content":{"rendered":"<h1><span style=\"font-weight: 400\">Space Hash Bubblegum E8H: A nova mol\u00e9cula<\/span><\/h1>\n<p><span style=\"font-weight: 400\">Bem-vindo ao futuro, apresentamos a nova adi\u00e7\u00e3o \u00e0 fam\u00edlia. <em>Espa\u00e7o Hash<\/em>, O haxixe sem THC vai fazer-te desfrutar de uma experi\u00eancia que n\u00e3o \u00e9 deste planeta (haxixe sem THC). O <strong>Pastilha el\u00e1stica de espa\u00e7o E8H<\/strong> \u00e9 a joia da coroa.<\/span><\/p>\n<ul>\n<li>\u00c9 um produto seguro que cumpre as normas legais, com menos de 0,3% de THC.<\/li>\n<li>Al\u00e9m disso, n\u00e3o cont\u00e9m produtos qu\u00edmicos ou aditivos artificiais.<\/li>\n<li>Enriquecido com a mol\u00e9cula E8H.<\/li>\n<li>Ideal para consumidores exigentes e amantes de haxixe de primeira qualidade.<\/li>\n<li>Qualidade testada por laborat\u00f3rios independentes <a href=\"https:\/\/iguanasmoke.com\/pt\/analise-2\/\">aqui<\/a>.<\/li>\n<\/ul>\n<p>&nbsp;<\/p>\n<h2><strong>O que \u00e9 a mol\u00e9cula E8H?<\/strong><\/h2>\n<p><span style=\"font-weight: 400\">Foi concebido para oferecer uma <strong>experi\u00eancia<\/strong> <strong>apenas<\/strong>, <strong>muito semelhante ao do HHC<\/strong>. No entanto, ao contr\u00e1rio do que j\u00e1 conheces, esta mol\u00e9cula de vanguarda oferece uma experi\u00eancia \u00fanica que vai mudar as tuas expectativas - \u00e9 o teu haxixe sem THC. <\/span><\/p>\n<p><span style=\"font-weight: 400\">\u00c9 \u00fanico, tem de o experimentar para o sentir! O seu recente desenvolvimento insere-o num quadro regulamentar em evolu\u00e7\u00e3o, abrindo novas possibilidades no mundo do vaping. <\/span><\/p>\n<p><span style=\"font-weight: 400\">Embora os efeitos possam variar de pessoa para pessoa, as experi\u00eancias incluem frequentemente:<\/span><\/p>\n<ul>\n<li>Experi\u00eancias semelhantes \u00e0s do THC, uma sensa\u00e7\u00e3o agrad\u00e1vel.<\/li>\n<li>Relaxamento geral e redu\u00e7\u00e3o do stress<\/li>\n<li>Sensa\u00e7\u00e3o de calma ou bem-estar.<\/li>\n<\/ul>\n<p>&nbsp;<\/p>\n<h2>Carater\u00edsticas do Space Hash Bubblegum E8H:<\/h2>\n<ul>\n<li><span style=\"font-size: 16px;font-weight: 400\"><strong>Aroma e sabor:<\/strong> Emite uma <strong>aroma e sabor subtis<\/strong> <strong>envelope<\/strong> desde o in\u00edcio, que n\u00e3o \u00e9 enjoativo. Saboroso e equilibrado no seu efeito.<\/span><\/li>\n<li><strong>Origem e pureza:<\/strong> <span style=\"font-size: 16px;font-weight: 400\">Esta resina de elevada pureza capta os tricomas das melhores flores frescas (de gelo e \u00e1gua). Uma extra\u00e7\u00e3o limpa que preserva todos os terpenos da can\u00e1bis. A isto junta-se o E8H, um canabin\u00f3ide semelhante ao HHC, para criar um haxixe \u00fanico.<\/span><\/li>\n<li><span style=\"font-size: 16px;font-weight: 400\"><strong>Aspeto e textura:<\/strong>\u00a0 A sua cor castanha escura e o seu aspeto compacto mas mold\u00e1vel fazem dele um haxixe atraente para quem valoriza a qualidade visual. Com uma textura f\u00e1cil de manusear, \u00e9 perfeito para saborear sozinho ou com outras pessoas.\u00a0<\/span><\/li>\n<\/ul>\n<p>&nbsp;<\/p>\n<h3><b>Porqu\u00ea comprar haxixe e resina E8H na Iguana Smoke?<\/b><\/h3>\n<p><span style=\"font-weight: 400\">Na Iguana Smoke, estamos empenhados na qualidade. Os nossos produtos E8H combinam o melhor de dois mundos: o c\u00e2nhamo natural 100% e os canabin\u00f3ides mais inovadores, oferecendo uma alternativa segura e legal, sem efeitos psicoactivos. <\/span><strong>A Space Hash Bubblegum E8H destaca-se realmente no mundo dos canabin\u00f3ides e \u00e9 um haxixe sem THC.<\/strong><\/p>\n<p>Pode ter a certeza de que cada unidade do nosso haxixe E8H \u00e9 fabricada a partir de mat\u00e9rias-primas amigas do ambiente e \u00e9 submetida a testes laboratoriais para garantir a pureza e a seguran\u00e7a.<span style=\"font-weight: 400\"> Lembrem-se que a Iguana Smoke \u00e9 o vosso lugar seguro. <strong>onde comprar haxixe CBD e E8H em Espanha: <\/strong>Produtos aprovados pela UE, com menos de 0,3 % de THC, para uma experi\u00eancia aut\u00eantica e legal.\u00a0<\/span><\/p>\n<p><span style=\"font-weight: 400\">Pode consultar a an\u00e1lise da qualidade deste haxixe <a href=\"https:\/\/iguanasmoke.com\/pt\/analiticas\/\">aqui<\/a>.\u00a0<\/span><\/p>\n<p><span style=\"font-weight: 400\">Al\u00e9m disso, se gosta das nossas resinas CBD mais tradicionais, como a <a href=\"https:\/\/iguanasmoke.com\/pt\/produto\/hash-cbd-amnesia\/\">hash amn\u00e9sia cbd<\/a> tu <\/span><span style=\"font-weight: 400\">garantimos que o <strong>Pastilha el\u00e1stica de espa\u00e7o E8H<\/strong> ir\u00e1 limpar os seus sentidos. Al\u00e9m disso, n\u00e3o se esque\u00e7a de experimentar outros produtos TOP, como o <a href=\"https:\/\/iguanasmoke.com\/pt\/produto\/flor-gelato-stv-20\/\">Flores STV 20%<\/a> e o <a href=\"https:\/\/iguanasmoke.com\/pt\/categoria\/novas-moleculas\/\">Vapores Espaciais E8H<\/a>. <\/span><\/p>\n<p><span style=\"font-weight: 400\">Em suma, explore a nossa variedade e encontre j\u00e1 os seus favoritos.\u00a0<\/span><\/p>\n<p>&nbsp;<\/p>\n<h3><b>Iguana Smoke \u00e9 sin\u00f3nimo de qualidade e fiabilidade.<\/b><\/h3>\n<p><span style=\"font-weight: 400\">Na Iguana Smoke, acreditamos que desfrutar do E8H deve ser uma experi\u00eancia segura e agrad\u00e1vel. Por isso, temos produtos de alta qualidade que se conectam com as novas gera\u00e7\u00f5es: pessoas que procuram bem-estar sem complica\u00e7\u00f5es, com marcas aut\u00eanticas e fi\u00e1veis. Lembra-te que todos os nossos produtos s\u00e3o haxixe<strong>\u00a0Sem THC, HHC e THCP<\/strong>, como o <strong>Pastilha el\u00e1stica de espa\u00e7o E8H <\/strong>que vai levar para casa.<\/span><\/p>\n<p>A nossa miss\u00e3o \u00e9 clara: trazer-lhe o melhor do mundo dos canabin\u00f3ides a um pre\u00e7o justo, com a tranquilidade de saber que est\u00e1 a escolher um produto certificado, eficaz e 100% legal. Estamos na vanguarda dos produtos CBD.<\/p>\n<p>Ainda tem d\u00favidas? Escreva-nos e teremos todo o gosto em ajud\u00e1-lo a encontrar o produto certo para si.<\/p>\n<p>&nbsp;<\/p>\n<p>*<em><span style=\"font-weight: 400\">Lembre-se: a sua utiliza\u00e7\u00e3o destina-se \u00e0 recolha ou \u00e0 aromaterapia, de acordo com a legisla\u00e7\u00e3o espanhola.\u00a0<\/span><\/em><\/p>","protected":false},"excerpt":{"rendered":"<p><span style=\"font-weight: 400\">A Space Hash Bubblegum E8H \u00e9 arom\u00e1tica e saborosa. Enriquecido com a mol\u00e9cula E8H, vai fazer-te voar e desfrutar.\u00a0<\/span><\/p>\n<ul>\n<li><strong style=\"font-size: 16px;font-style: normal\">Cor castanha escura e textura agrad\u00e1vel<\/strong><\/li>\n<li><strong>Menos de 0,3% THC - 100% legal em toda a Europa<\/strong><\/li>\n<li><strong>Produ\u00e7\u00e3o natural<\/strong>- Sem pesticidas ou produtos qu\u00edmicos artificiais<\/li>\n<\/ul>\n<p>An\u00e1lise da qualidade: clique\u00a0<a href=\"https:\/\/iguanasmoke.com\/pt\/analiticas\/\" target=\"_blank\" rel=\"noopener\">aqui<\/a><\/p>","protected":false},"featured_media":69675,"comment_status":"open","ping_status":"closed","template":"","meta":{"_acf_changed":false,"site-sidebar-layout":"default","site-content-layout":"","ast-site-content-layout":"default","site-content-style":"default","site-sidebar-style":"default","ast-global-header-display":"","ast-banner-title-visibility":"","ast-main-header-display":"","ast-hfb-above-header-display":"","ast-hfb-below-header-display":"","ast-hfb-mobile-header-display":"","site-post-title":"","ast-breadcrumbs-content":"","ast-featured-img":"","footer-sml-layout":"","theme-transparent-header-meta":"default","adv-header-id-meta":"","stick-header-meta":"","header-above-stick-meta":"","header-main-stick-meta":"","header-below-stick-meta":"","astra-migrate-meta-layouts":"set","ast-page-background-enabled":"default","ast-page-background-meta":{"desktop":{"background-color":"var(--ast-global-color-4)","background-image":"","background-repeat":"repeat","background-position":"center center","background-size":"auto","background-attachment":"scroll","background-type":"","background-media":"","overlay-type":"","overlay-color":"","overlay-opacity":"","overlay-gradient":""},"tablet":{"background-color":"","background-image":"","background-repeat":"repeat","background-position":"center center","background-size":"auto","background-attachment":"scroll","background-type":"","background-media":"","overlay-type":"","overlay-color":"","overlay-opacity":"","overlay-gradient":""},"mobile":{"background-color":"","background-image":"","background-repeat":"repeat","background-position":"center center","background-size":"auto","background-attachment":"scroll","background-type":"","background-media":"","overlay-type":"","overlay-color":"","overlay-opacity":"","overlay-gradient":""}},"ast-content-background-meta":{"desktop":{"background-color":"var(--ast-global-color-5)","background-image":"","background-repeat":"repeat","background-position":"center center","background-size":"auto","background-attachment":"scroll","background-type":"","background-media":"","overlay-type":"","overlay-color":"","overlay-opacity":"","overlay-gradient":""},"tablet":{"background-color":"var(--ast-global-color-5)","background-image":"","background-repeat":"repeat","background-position":"center center","background-size":"auto","background-attachment":"scroll","background-type":"","background-media":"","overlay-type":"","overlay-color":"","overlay-opacity":"","overlay-gradient":""},"mobile":{"background-color":"var(--ast-global-color-5)","background-image":"","background-repeat":"repeat","background-position":"center center","background-size":"auto","background-attachment":"scroll","background-type":"","background-media":"","overlay-type":"","overlay-color":"","overlay-opacity":"","overlay-gradient":""}}},"product_brand":[],"product_cat":[627,397,628],"product_tag":[],"class_list":{"0":"post-69671","1":"product","2":"type-product","3":"status-publish","4":"has-post-thumbnail","6":"product_cat-e8h","7":"product_cat-hash-cbd","8":"product_cat-nuevas-moleculas","9":"desktop-align-center","10":"tablet-align-center","11":"mobile-align-center","13":"first","14":"instock","15":"taxable","16":"shipping-taxable","17":"purchasable","18":"product-type-variable"},"acf":[],"yoast_head":"<!-- This site is optimized with the Yoast SEO Premium plugin v27.3 (Yoast SEO v27.3) - https:\/\/yoast.com\/product\/yoast-seo-premium-wordpress\/ -->\n<title>Space Hash Bubblegum E8H: vive la experiencia similar al HHC<\/title>\n<meta name=\"description\" content=\"\u00a1Bienvenido al futuro con el Space Hash Bubblegum E8H! Un producto legal, seguro y lleno de sabor, es tu hach\u00eds sin THC. Prueba la alegr\u00eda sin aditivos.\" \/>\n<meta name=\"robots\" content=\"index, follow, max-snippet:-1, max-image-preview:large, max-video-preview:-1\" \/>\n<link rel=\"canonical\" href=\"https:\/\/iguanasmoke.com\/pt\/produto\/espaco-hash-bubblegum-e8h\/\" \/>\n<meta property=\"og:locale\" content=\"pt_PT\" \/>\n<meta property=\"og:type\" content=\"article\" \/>\n<meta property=\"og:title\" content=\"Space Hash Bubblegum E8H\" \/>\n<meta property=\"og:description\" content=\"El Space Hash Bubblegum E8H es arom\u00e1tico, sabroso. Enriquecido con la mol\u00e9cula E8H, que te har\u00e1 volar y disfrutar.\u00a0   Color marr\u00f3n oscuro y textura agradable  Menos de 0,3% de THC \u2013 100% legal en toda Europa  Producci\u00f3n natural\u2013 Sin pesticidas ni qu\u00edmicos artificiales  An\u00e1lisis de calidad: pincha\u00a0aqu\u00ed\" \/>\n<meta property=\"og:url\" content=\"https:\/\/iguanasmoke.com\/pt\/produto\/espaco-hash-bubblegum-e8h\/\" \/>\n<meta property=\"og:site_name\" content=\"Iguana Smoke\" \/>\n<meta property=\"article:publisher\" content=\"https:\/\/www.facebook.com\/iguanasmoke\" \/>\n<meta property=\"article:modified_time\" content=\"2026-03-16T09:48:11+00:00\" \/>\n<meta property=\"og:image\" content=\"https:\/\/iguanasmoke.com\/wp-content\/uploads\/2025\/11\/Bubllegum-2g-con-resina.webp\" \/>\n\t<meta property=\"og:image:width\" content=\"1000\" \/>\n\t<meta property=\"og:image:height\" content=\"1000\" \/>\n\t<meta property=\"og:image:type\" content=\"image\/webp\" \/>\n<meta name=\"twitter:card\" content=\"summary_large_image\" \/>\n<meta name=\"twitter:label1\" content=\"Disponibilidade\" \/>\n\t<meta name=\"twitter:data1\" content=\"Em stock\" \/>\n<meta property=\"product:brand\" content=\"variable\" \/>\n<meta property=\"og:availability\" content=\"instock\" \/>\n<meta property=\"product:availability\" content=\"instock\" \/>\n<meta property=\"product:condition\" content=\"new\" \/>\n<!-- \/ Yoast SEO Premium plugin. -->","yoast_head_json":{"title":"Space Hash Bubblegum E8H: viva uma experi\u00eancia semelhante \u00e0 do HHC","description":"Bem-vindo ao futuro com o Space Hash Bubblegum E8H! Um produto legal, seguro e saboroso, \u00e9 o teu haxixe sem THC. Saboreia a alegria sem aditivos.","robots":{"index":"index","follow":"follow","max-snippet":"max-snippet:-1","max-image-preview":"max-image-preview:large","max-video-preview":"max-video-preview:-1"},"canonical":"https:\/\/iguanasmoke.com\/pt\/produto\/espaco-hash-bubblegum-e8h\/","og_locale":"pt_PT","og_type":"article","og_title":"Space Hash Bubblegum E8H","og_description":"El Space Hash Bubblegum E8H es arom\u00e1tico, sabroso. Enriquecido con la mol\u00e9cula E8H, que te har\u00e1 volar y disfrutar.\u00a0   Color marr\u00f3n oscuro y textura agradable  Menos de 0,3% de THC \u2013 100% legal en toda Europa  Producci\u00f3n natural\u2013 Sin pesticidas ni qu\u00edmicos artificiales  An\u00e1lisis de calidad: pincha\u00a0aqu\u00ed","og_url":"https:\/\/iguanasmoke.com\/pt\/produto\/espaco-hash-bubblegum-e8h\/","og_site_name":"Iguana Smoke","article_publisher":"https:\/\/www.facebook.com\/iguanasmoke","article_modified_time":"2026-03-16T09:48:11+00:00","og_image":[{"width":1000,"height":1000,"url":"https:\/\/iguanasmoke.com\/wp-content\/uploads\/2025\/11\/Bubllegum-2g-con-resina.webp","type":"image\/webp"}],"twitter_card":"summary_large_image","twitter_misc":{"Disponibilidade":"Em stock"},"schema":{"@context":"https:\/\/schema.org","@graph":[{"@type":"WebPage","@id":"https:\/\/iguanasmoke.com\/producto\/space-hash-bubblegum-e8h\/","url":"https:\/\/iguanasmoke.com\/producto\/space-hash-bubblegum-e8h\/","name":"Space Hash Bubblegum E8H: viva uma experi\u00eancia semelhante \u00e0 do HHC","isPartOf":{"@id":"https:\/\/iguanasmoke.com\/#website"},"primaryImageOfPage":{"@id":"https:\/\/iguanasmoke.com\/producto\/space-hash-bubblegum-e8h\/#primaryimage"},"image":{"@id":"https:\/\/iguanasmoke.com\/producto\/space-hash-bubblegum-e8h\/#primaryimage"},"thumbnailUrl":"https:\/\/iguanasmoke.com\/wp-content\/uploads\/2025\/11\/Bubllegum-2g-con-resina.webp","datePublished":"2025-11-13T14:54:45+00:00","dateModified":"2026-03-16T09:48:11+00:00","description":"Bem-vindo ao futuro com o Space Hash Bubblegum E8H! Um produto legal, seguro e saboroso, \u00e9 o teu haxixe sem THC. Saboreia a alegria sem aditivos.","breadcrumb":{"@id":"https:\/\/iguanasmoke.com\/producto\/space-hash-bubblegum-e8h\/#breadcrumb"},"inLanguage":"pt-PT","potentialAction":[{"@type":"ReadAction","target":["https:\/\/iguanasmoke.com\/producto\/space-hash-bubblegum-e8h\/"]}]},{"@type":"ImageObject","inLanguage":"pt-PT","@id":"https:\/\/iguanasmoke.com\/producto\/space-hash-bubblegum-e8h\/#primaryimage","url":"https:\/\/iguanasmoke.com\/wp-content\/uploads\/2025\/11\/Bubllegum-2g-con-resina.webp","contentUrl":"https:\/\/iguanasmoke.com\/wp-content\/uploads\/2025\/11\/Bubllegum-2g-con-resina.webp","width":1000,"height":1000,"caption":"Space hash bubblegum E8H comprar hachis legal."},{"@type":"BreadcrumbList","@id":"https:\/\/iguanasmoke.com\/producto\/space-hash-bubblegum-e8h\/#breadcrumb","itemListElement":[{"@type":"ListItem","position":1,"name":"home","item":"https:\/\/iguanasmoke.com\/"},{"@type":"ListItem","position":2,"name":"Tienda","item":"https:\/\/iguanasmoke.com\/tienda\/"},{"@type":"ListItem","position":3,"name":"Nuevas Mol\u00e9culas","item":"https:\/\/iguanasmoke.com\/categoria\/nuevas-moleculas\/"},{"@type":"ListItem","position":4,"name":"E8H","item":"https:\/\/iguanasmoke.com\/categoria\/nuevas-moleculas\/e8h\/"},{"@type":"ListItem","position":5,"name":"Space Hash Bubblegum E8H"}]},{"@type":"WebSite","@id":"https:\/\/iguanasmoke.com\/#website","url":"https:\/\/iguanasmoke.com\/","name":"Fumo de Iguana","description":"Comprar CBD online ao melhor pre\u00e7o","publisher":{"@id":"https:\/\/iguanasmoke.com\/#organization"},"potentialAction":[{"@type":"SearchAction","target":{"@type":"EntryPoint","urlTemplate":"https:\/\/iguanasmoke.com\/?s={search_term_string}"},"query-input":{"@type":"PropertyValueSpecification","valueRequired":true,"valueName":"search_term_string"}}],"inLanguage":"pt-PT"},{"@type":"Organization","@id":"https:\/\/iguanasmoke.com\/#organization","name":"Fumo de Iguana","url":"https:\/\/iguanasmoke.com\/","logo":{"@type":"ImageObject","inLanguage":"pt-PT","@id":"https:\/\/iguanasmoke.com\/#\/schema\/logo\/image\/","url":"https:\/\/iguanasmoke.com\/wp-content\/uploads\/2025\/01\/logoiguana-favi-1.png","contentUrl":"https:\/\/iguanasmoke.com\/wp-content\/uploads\/2025\/01\/logoiguana-favi-1.png","width":512,"height":512,"caption":"Iguana Smoke"},"image":{"@id":"https:\/\/iguanasmoke.com\/#\/schema\/logo\/image\/"},"sameAs":["https:\/\/www.facebook.com\/iguanasmoke","https:\/\/www.instagram.com\/iguanasmoke\/"]}]},"product_brand":"variable","og_availability":"instock","product_availability":"instock","product_condition":"new"},"_links":{"self":[{"href":"https:\/\/iguanasmoke.com\/pt\/wp-json\/wp\/v2\/product\/69671","targetHints":{"allow":["GET"]}}],"collection":[{"href":"https:\/\/iguanasmoke.com\/pt\/wp-json\/wp\/v2\/product"}],"about":[{"href":"https:\/\/iguanasmoke.com\/pt\/wp-json\/wp\/v2\/types\/product"}],"replies":[{"embeddable":true,"href":"https:\/\/iguanasmoke.com\/pt\/wp-json\/wp\/v2\/comments?post=69671"}],"wp:featuredmedia":[{"embeddable":true,"href":"https:\/\/iguanasmoke.com\/pt\/wp-json\/wp\/v2\/media\/69675"}],"wp:attachment":[{"href":"https:\/\/iguanasmoke.com\/pt\/wp-json\/wp\/v2\/media?parent=69671"}],"wp:term":[{"taxonomy":"product_brand","embeddable":true,"href":"https:\/\/iguanasmoke.com\/pt\/wp-json\/wp\/v2\/product_brand?post=69671"},{"taxonomy":"product_cat","embeddable":true,"href":"https:\/\/iguanasmoke.com\/pt\/wp-json\/wp\/v2\/product_cat?post=69671"},{"taxonomy":"product_tag","embeddable":true,"href":"https:\/\/iguanasmoke.com\/pt\/wp-json\/wp\/v2\/product_tag?post=69671"}],"curies":[{"name":"wp","href":"https:\/\/api.w.org\/{rel}","templated":true}]}}