{"id":73624,"date":"2026-01-02T10:48:03","date_gmt":"2026-01-02T09:48:03","guid":{"rendered":"https:\/\/iguanasmoke.com\/?post_type=product&#038;p=73624"},"modified":"2026-03-17T12:59:51","modified_gmt":"2026-03-17T11:59:51","slug":"haxixe-cbd-libanes","status":"publish","type":"product","link":"https:\/\/iguanasmoke.com\/pt\/producto\/hash-cbd-libanes\/","title":{"rendered":"Hash liban\u00eas CBD 40%"},"content":{"rendered":"<h1><span style=\"font-weight: 400\">Lebanese CBD Hash 40%: o haxixe cl\u00e1ssico\u00a0<\/span><\/h1>\n<p><span style=\"font-weight: 400\">Bem-vindo a uma nova experi\u00eancia de qualidade superior com o <strong>Hash liban\u00eas CBD<\/strong>. Esta resina est\u00e1 a revolucionar o mercado, inspirada no estilo cl\u00e1ssico do haxixe liban\u00eas, cont\u00e9m uma <strong>40% de CBD<\/strong> e oferece-lhe uma combina\u00e7\u00e3o \u00fanica de propriedades relaxantes com um aroma excecional: tem uma <strong>acabamento artesanal<\/strong> digno dos paladares mais profissionais.<\/span><\/p>\n<p><span style=\"font-weight: 400\">\u00c9 ideal para quem procura autenticidade e benef\u00edcios terap\u00eauticos gra\u00e7as ao seu sabor equilibrado, \u00e0 sua suavidade e \u00e0 sua intensidade. Destaca-se tamb\u00e9m pela sua <strong>elevada concentra\u00e7\u00e3o de CBD<\/strong>, N\u00e3o \u00e9 menos do que 40%. Tamb\u00e9m tem menos de 0,3% de THC, por isso este haxixe \u00e9 <strong>legal em Espanha e na Europa<\/strong>.<\/span><\/p>\n<p><span style=\"font-weight: 400\">\u00c9 muito mais do que um simples haxixe de CBD, \u00e9 uma obra-prima que combina qualidade, pureza e um aroma inigual\u00e1vel - explore a sua textura e saboreie os seus aromas! Descobre porque \u00e9 que o <strong>Haxixe liban\u00eas CBD <\/strong>\u00e9 uma das resinas mais aut\u00eanticas e de melhor qualidade que encontrar\u00e1 se quiser <strong>haxixe CBD barato<\/strong> mas de pr\u00e9mio.<\/span><\/p>\n<p>&nbsp;<\/p>\n<h2>Carater\u00edsticas do CBD Hash liban\u00eas:<\/h2>\n<ul>\n<li><b>Aspeto e textura: <span style=\"font-size: 16px;font-weight: 400\">destaca-se pela sua <strong>textura compacta<\/strong>. De cor castanha, este haxixe tem um bom <strong>consist\u00eancia\u00a0<\/strong>que facilita uma utiliza\u00e7\u00e3o agrad\u00e1vel, reflectindo o cuidado e a precis\u00e3o do seu trabalho artesanal.\u00a0<\/span><\/b><\/li>\n<li><span style=\"font-size: 16px;font-weight: 400\"><strong>Aroma e sabor:<\/strong> notas quentes, <strong>picante e ligeiramente terroso<\/strong>;\u00a0<\/span><\/li>\n<li><strong>Origem e pureza:<\/strong><span style=\"font-size: 16px;font-weight: 400\"> foi desenvolvido com <strong>m\u00e9todos tradicionais <\/strong>que permitem preservar os canabin\u00f3ides e os terpenos naturais do c\u00e2nhamo.\u00a0<\/span><\/li>\n<\/ul>\n<p>&nbsp;<\/p>\n<h3><b>Porqu\u00ea comprar haxixe de CBD liban\u00eas na Iguana Smoke?<\/b><\/h3>\n<p><span style=\"font-weight: 400\">Na Iguana Smoke, estamos empenhados na qualidade. Os nossos produtos de haxixe CBD s\u00e3o 100% naturais e org\u00e2nicos, sem qu\u00edmicos ou pesticidas. Isto significa que quando nos compra, est\u00e1 a escolher <strong>resina e haxixe CBD puros e seguros<\/strong>. Como \u00e9 o caso do nosso <strong>Haxixe liban\u00eas CBD<\/strong><strong>.<\/strong><\/span><\/p>\n<p><span style=\"font-weight: 400\">Este \u00e9 o local seguro para <strong>comprar haxixe CBD online em Espanha.<\/strong> Todos os nossos produtos s\u00e3o aprovados pela UE, garantindo a sua legalidade e seguran\u00e7a. Com menos de 0,3 % de THC, pode desfrutar dos muitos benef\u00edcios do CBD sem os efeitos psicoactivos. Os nossos <strong>Haxixe de CBD sem THC com elevado teor de CBD<\/strong> cumpre as normas de qualidade, cuja an\u00e1lise pode ser consultada em<\/span><span style=\"font-weight: 400\">\u00a0<a href=\"https:\/\/iguanasmoke.com\/pt\/analiticas\/\">aqui<\/a>.\u00a0<\/span><\/p>\n<p>&nbsp;<\/p>\n<p><span style=\"font-weight: 400\">Al\u00e9m disso, se gosta das nossas resinas CBD mais tradicionais, como a <a href=\"https:\/\/iguanasmoke.com\/pt\/produto\/dry-sift-hash-cbd-15\/\">hash CBD Dry Sift<\/a> ou o <a href=\"https:\/\/iguanasmoke.com\/pt\/produto\/haxixe-de-cbd-com-filtragem-tripla\/\">hash CBD Triple Filtered<\/a>, tu, tu <\/span><span style=\"font-weight: 400\">garantimos que o <strong>Hash liban\u00eas CBD<\/strong> far\u00e1 com que se divirta. Al\u00e9m disso, n\u00e3o se esque\u00e7a de experimentar outros <strong>Produtos TOP<\/strong> como o <a href=\"https:\/\/iguanasmoke.com\/pt\/produto\/cold-cure-rosin-cbd-91-con-live-terpenes\/\">Extrato de colof\u00f3nia<\/a> ou o <a href=\"https:\/\/iguanasmoke.com\/pt\/produto\/vape-cbd-iguana-pod-pocket-ak-47-broad-spectrum-750mg\/\">Vaper CBD Ak-47<\/a>. <\/span><span style=\"font-weight: 400\">Em suma, explore a nossa variedade e encontre j\u00e1 os seus favoritos.\u00a0<\/span><\/p>\n<p>&nbsp;<\/p>\n<h3><b>Iguana Smoke \u00e9 sin\u00f3nimo de qualidade e fiabilidade.<\/b><\/h3>\n<p><span style=\"font-weight: 400\">Na Iguana Smoke, acreditamos que desfrutar do CBD deve ser uma experi\u00eancia segura e prazerosa. Por isso, temos produtos de alta qualidade que se conectam com as novas gera\u00e7\u00f5es: pessoas que buscam um bem-estar descomplicado, com marcas aut\u00eanticas e confi\u00e1veis. Lembre-se que todos os nossos produtos s\u00e3o <strong>Haxixe de CBD sem THC<\/strong>, como o <strong>Hash liban\u00eas CBD 40% <\/strong>vai tentar.<\/span><\/p>\n<p>A nossa miss\u00e3o \u00e9 clara: trazer-lhe o melhor do mundo dos canabin\u00f3ides a um pre\u00e7o justo, com a tranquilidade de saber que est\u00e1 a escolher um produto certificado, eficaz e 100% legal. Estamos na vanguarda dos produtos CBD.<\/p>\n<p>Ainda tem d\u00favidas? Escreva-nos e teremos todo o gosto em ajud\u00e1-lo a encontrar o produto certo para si.<\/p>\n<p><em><span style=\"font-weight: 400\">*Nota: a sua utiliza\u00e7\u00e3o destina-se a cole\u00e7\u00e3o ou aromaterapia, de acordo com a legisla\u00e7\u00e3o espanhola.\u00a0<\/span><\/em><\/p>","protected":false},"excerpt":{"rendered":"<p><span style=\"font-weight: 400\">Experimente o Lebanese CBD Hash 40%, uma resina CBD \u00fanica com um aroma especial. Inspirada no estilo tradicional do haxixe liban\u00eas, intensa e equilibrada, sem efeitos psicoactivos.\u00a0<\/span><\/p>\n<ul>\n<li>Composi\u00e7\u00e3o: 40% CBD e &lt;0,3% THC<\/li>\n<li>100% legal em Espanha<\/li>\n<\/ul>\n<p>An\u00e1lise da qualidade: clique\u00a0<a href=\"https:\/\/iguanasmoke.com\/pt\/analiticas\/\" target=\"_blank\" rel=\"noopener\">aqui<\/a><\/p>","protected":false},"featured_media":73628,"comment_status":"open","ping_status":"closed","template":"","meta":{"_acf_changed":false,"site-sidebar-layout":"default","site-content-layout":"default","ast-site-content-layout":"default","site-content-style":"default","site-sidebar-style":"default","ast-global-header-display":"","ast-banner-title-visibility":"","ast-main-header-display":"","ast-hfb-above-header-display":"","ast-hfb-below-header-display":"","ast-hfb-mobile-header-display":"","site-post-title":"","ast-breadcrumbs-content":"","ast-featured-img":"","footer-sml-layout":"","theme-transparent-header-meta":"default","adv-header-id-meta":"","stick-header-meta":"","header-above-stick-meta":"","header-main-stick-meta":"","header-below-stick-meta":"","astra-migrate-meta-layouts":"set","ast-page-background-enabled":"default","ast-page-background-meta":{"desktop":{"background-color":"var(--ast-global-color-4)","background-image":"","background-repeat":"repeat","background-position":"center center","background-size":"auto","background-attachment":"scroll","background-type":"","background-media":"","overlay-type":"","overlay-color":"","overlay-opacity":"","overlay-gradient":""},"tablet":{"background-color":"","background-image":"","background-repeat":"repeat","background-position":"center center","background-size":"auto","background-attachment":"scroll","background-type":"","background-media":"","overlay-type":"","overlay-color":"","overlay-opacity":"","overlay-gradient":""},"mobile":{"background-color":"","background-image":"","background-repeat":"repeat","background-position":"center center","background-size":"auto","background-attachment":"scroll","background-type":"","background-media":"","overlay-type":"","overlay-color":"","overlay-opacity":"","overlay-gradient":""}},"ast-content-background-meta":{"desktop":{"background-color":"var(--ast-global-color-5)","background-image":"","background-repeat":"repeat","background-position":"center center","background-size":"auto","background-attachment":"scroll","background-type":"","background-media":"","overlay-type":"","overlay-color":"","overlay-opacity":"","overlay-gradient":""},"tablet":{"background-color":"var(--ast-global-color-5)","background-image":"","background-repeat":"repeat","background-position":"center center","background-size":"auto","background-attachment":"scroll","background-type":"","background-media":"","overlay-type":"","overlay-color":"","overlay-opacity":"","overlay-gradient":""},"mobile":{"background-color":"var(--ast-global-color-5)","background-image":"","background-repeat":"repeat","background-position":"center center","background-size":"auto","background-attachment":"scroll","background-type":"","background-media":"","overlay-type":"","overlay-color":"","overlay-opacity":"","overlay-gradient":""}}},"product_brand":[],"product_cat":[397],"product_tag":[],"class_list":{"0":"post-73624","1":"product","2":"type-product","3":"status-publish","4":"has-post-thumbnail","6":"product_cat-hash-cbd","7":"desktop-align-center","8":"tablet-align-center","9":"mobile-align-center","11":"first","12":"outofstock","13":"taxable","14":"shipping-taxable","15":"purchasable","16":"product-type-variable"},"acf":[],"yoast_head":"<!-- This site is optimized with the Yoast SEO Premium plugin v27.3 (Yoast SEO v27.3) - https:\/\/yoast.com\/product\/yoast-seo-premium-wordpress\/ -->\n<title>Hash CBD Liban\u00e9s 40 % | Resina CBD de estilo tradicional Iguana Smoke<\/title>\n<meta name=\"description\" content=\"Descubre el Hash CBD Liban\u00e9s, una resina \u00fanica con un 40% de cannabidiol y &lt;0,3% THC. Este Hach\u00eds de CBD es perfecto para una experiencia arom\u00e1tica top.\" \/>\n<meta name=\"robots\" content=\"index, follow, max-snippet:-1, max-image-preview:large, max-video-preview:-1\" \/>\n<link rel=\"canonical\" href=\"https:\/\/iguanasmoke.com\/pt\/produto\/haxixe-cbd-libanes\/\" \/>\n<meta property=\"og:locale\" content=\"pt_PT\" \/>\n<meta property=\"og:type\" content=\"article\" \/>\n<meta property=\"og:title\" content=\"Hash CBD Liban\u00e9s 40%\" \/>\n<meta property=\"og:description\" content=\"Prueba el Hash CBD Liban\u00e9s 40%, una resina CBD \u00fanica con un aroma especial. Inspirado en el estilo tradicional del hach\u00eds liban\u00e9s, intenso y equilibrado, sin efectos psicoactivos.\u00a0   Composici\u00f3n: 40% de CBD y &lt;0,3% THC  100% legal en Espa\u00f1a  An\u00e1lisis de calidad: pincha\u00a0aqu\u00ed\" \/>\n<meta property=\"og:url\" content=\"https:\/\/iguanasmoke.com\/pt\/produto\/haxixe-cbd-libanes\/\" \/>\n<meta property=\"og:site_name\" content=\"Iguana Smoke\" \/>\n<meta property=\"article:publisher\" content=\"https:\/\/www.facebook.com\/iguanasmoke\" \/>\n<meta property=\"article:modified_time\" content=\"2026-03-17T11:59:51+00:00\" \/>\n<meta property=\"og:image\" content=\"https:\/\/iguanasmoke.com\/wp-content\/uploads\/2026\/01\/Hash-Libanes.webp\" \/>\n\t<meta property=\"og:image:width\" content=\"1000\" \/>\n\t<meta property=\"og:image:height\" content=\"1000\" \/>\n\t<meta property=\"og:image:type\" content=\"image\/webp\" \/>\n<meta name=\"twitter:card\" content=\"summary_large_image\" \/>\n<meta name=\"twitter:label1\" content=\"Disponibilidade\" \/>\n\t<meta name=\"twitter:data1\" content=\"Esgotado\" \/>\n<meta property=\"product:brand\" content=\"variable\" \/>\n<meta property=\"og:availability\" content=\"out of stock\" \/>\n<meta property=\"product:availability\" content=\"out of stock\" \/>\n<meta property=\"product:condition\" content=\"new\" \/>\n<!-- \/ Yoast SEO Premium plugin. -->","yoast_head_json":{"title":"Lebanese CBD Hash 40 % | Fumo de Iguana de Resina CBD de Estilo Tradicional","description":"Descubre el Hash CBD Liban\u00e9s, una resina \u00fanica con un 40% de cannabidiol y &lt;0,3% THC. Este Hach\u00eds de CBD es perfecto para una experiencia arom\u00e1tica top.","robots":{"index":"index","follow":"follow","max-snippet":"max-snippet:-1","max-image-preview":"max-image-preview:large","max-video-preview":"max-video-preview:-1"},"canonical":"https:\/\/iguanasmoke.com\/pt\/produto\/haxixe-cbd-libanes\/","og_locale":"pt_PT","og_type":"article","og_title":"Hash CBD Liban\u00e9s 40%","og_description":"Prueba el Hash CBD Liban\u00e9s 40%, una resina CBD \u00fanica con un aroma especial. Inspirado en el estilo tradicional del hach\u00eds liban\u00e9s, intenso y equilibrado, sin efectos psicoactivos.\u00a0   Composici\u00f3n: 40% de CBD y &lt;0,3% THC  100% legal en Espa\u00f1a  An\u00e1lisis de calidad: pincha\u00a0aqu\u00ed","og_url":"https:\/\/iguanasmoke.com\/pt\/produto\/haxixe-cbd-libanes\/","og_site_name":"Iguana Smoke","article_publisher":"https:\/\/www.facebook.com\/iguanasmoke","article_modified_time":"2026-03-17T11:59:51+00:00","og_image":[{"width":1000,"height":1000,"url":"https:\/\/iguanasmoke.com\/wp-content\/uploads\/2026\/01\/Hash-Libanes.webp","type":"image\/webp"}],"twitter_card":"summary_large_image","twitter_misc":{"Disponibilidade":"Esgotado"},"schema":{"@context":"https:\/\/schema.org","@graph":[{"@type":"WebPage","@id":"https:\/\/iguanasmoke.com\/producto\/hash-cbd-libanes\/","url":"https:\/\/iguanasmoke.com\/producto\/hash-cbd-libanes\/","name":"Lebanese CBD Hash 40 % | Fumo de Iguana de Resina CBD de Estilo Tradicional","isPartOf":{"@id":"https:\/\/iguanasmoke.com\/#website"},"primaryImageOfPage":{"@id":"https:\/\/iguanasmoke.com\/producto\/hash-cbd-libanes\/#primaryimage"},"image":{"@id":"https:\/\/iguanasmoke.com\/producto\/hash-cbd-libanes\/#primaryimage"},"thumbnailUrl":"https:\/\/iguanasmoke.com\/wp-content\/uploads\/2026\/01\/Hash-Libanes.webp","datePublished":"2026-01-02T09:48:03+00:00","dateModified":"2026-03-17T11:59:51+00:00","description":"Descubre el Hash CBD Liban\u00e9s, una resina \u00fanica con un 40% de cannabidiol y &lt;0,3% THC. Este Hach\u00eds de CBD es perfecto para una experiencia arom\u00e1tica top.","breadcrumb":{"@id":"https:\/\/iguanasmoke.com\/producto\/hash-cbd-libanes\/#breadcrumb"},"inLanguage":"pt-PT","potentialAction":[{"@type":"ReadAction","target":["https:\/\/iguanasmoke.com\/producto\/hash-cbd-libanes\/"]}]},{"@type":"ImageObject","inLanguage":"pt-PT","@id":"https:\/\/iguanasmoke.com\/producto\/hash-cbd-libanes\/#primaryimage","url":"https:\/\/iguanasmoke.com\/wp-content\/uploads\/2026\/01\/Hash-Libanes.webp","contentUrl":"https:\/\/iguanasmoke.com\/wp-content\/uploads\/2026\/01\/Hash-Libanes.webp","width":1000,"height":1000,"caption":"hash cbd liban\u00e9s"},{"@type":"BreadcrumbList","@id":"https:\/\/iguanasmoke.com\/producto\/hash-cbd-libanes\/#breadcrumb","itemListElement":[{"@type":"ListItem","position":1,"name":"home","item":"https:\/\/iguanasmoke.com\/"},{"@type":"ListItem","position":2,"name":"Tienda","item":"https:\/\/iguanasmoke.com\/tienda\/"},{"@type":"ListItem","position":3,"name":"Hash CBD","item":"https:\/\/iguanasmoke.com\/categoria\/hash-cbd\/"},{"@type":"ListItem","position":4,"name":"Hash CBD Liban\u00e9s 40%"}]},{"@type":"WebSite","@id":"https:\/\/iguanasmoke.com\/#website","url":"https:\/\/iguanasmoke.com\/","name":"Fumo de Iguana","description":"Comprar CBD online ao melhor pre\u00e7o","publisher":{"@id":"https:\/\/iguanasmoke.com\/#organization"},"potentialAction":[{"@type":"SearchAction","target":{"@type":"EntryPoint","urlTemplate":"https:\/\/iguanasmoke.com\/?s={search_term_string}"},"query-input":{"@type":"PropertyValueSpecification","valueRequired":true,"valueName":"search_term_string"}}],"inLanguage":"pt-PT"},{"@type":"Organization","@id":"https:\/\/iguanasmoke.com\/#organization","name":"Fumo de Iguana","url":"https:\/\/iguanasmoke.com\/","logo":{"@type":"ImageObject","inLanguage":"pt-PT","@id":"https:\/\/iguanasmoke.com\/#\/schema\/logo\/image\/","url":"https:\/\/iguanasmoke.com\/wp-content\/uploads\/2025\/01\/logoiguana-favi-1.png","contentUrl":"https:\/\/iguanasmoke.com\/wp-content\/uploads\/2025\/01\/logoiguana-favi-1.png","width":512,"height":512,"caption":"Iguana Smoke"},"image":{"@id":"https:\/\/iguanasmoke.com\/#\/schema\/logo\/image\/"},"sameAs":["https:\/\/www.facebook.com\/iguanasmoke","https:\/\/www.instagram.com\/iguanasmoke\/"]}]},"product_brand":"variable","og_availability":"out of stock","product_availability":"out of stock","product_condition":"new"},"_links":{"self":[{"href":"https:\/\/iguanasmoke.com\/pt\/wp-json\/wp\/v2\/product\/73624","targetHints":{"allow":["GET"]}}],"collection":[{"href":"https:\/\/iguanasmoke.com\/pt\/wp-json\/wp\/v2\/product"}],"about":[{"href":"https:\/\/iguanasmoke.com\/pt\/wp-json\/wp\/v2\/types\/product"}],"replies":[{"embeddable":true,"href":"https:\/\/iguanasmoke.com\/pt\/wp-json\/wp\/v2\/comments?post=73624"}],"wp:featuredmedia":[{"embeddable":true,"href":"https:\/\/iguanasmoke.com\/pt\/wp-json\/wp\/v2\/media\/73628"}],"wp:attachment":[{"href":"https:\/\/iguanasmoke.com\/pt\/wp-json\/wp\/v2\/media?parent=73624"}],"wp:term":[{"taxonomy":"product_brand","embeddable":true,"href":"https:\/\/iguanasmoke.com\/pt\/wp-json\/wp\/v2\/product_brand?post=73624"},{"taxonomy":"product_cat","embeddable":true,"href":"https:\/\/iguanasmoke.com\/pt\/wp-json\/wp\/v2\/product_cat?post=73624"},{"taxonomy":"product_tag","embeddable":true,"href":"https:\/\/iguanasmoke.com\/pt\/wp-json\/wp\/v2\/product_tag?post=73624"}],"curies":[{"name":"wp","href":"https:\/\/api.w.org\/{rel}","templated":true}]}}