{"id":73804,"date":"2026-01-08T19:28:27","date_gmt":"2026-01-08T18:28:27","guid":{"rendered":"https:\/\/iguanasmoke.com\/?post_type=product&#038;p=73804"},"modified":"2026-02-17T11:16:34","modified_gmt":"2026-02-17T10:16:34","slug":"cbd-vape-ipuff-pod-bagas-vermelhas-capsula-de-recarga-1ml","status":"publish","type":"product","link":"https:\/\/iguanasmoke.com\/pt\/producto\/cbd-vape-ipuff-pod-capsula-recambio-red-berries-1ml\/","title":{"rendered":"C\u00e1psula de recarga I-Puff Pod Vape CBD - Bagas vermelhas 1ml"},"content":{"rendered":"<h1 data-start=\"1609\" data-end=\"1642\"><span style=\"font-weight: 400\">C\u00e1psula de substitui\u00e7\u00e3o I-Puff Pod <\/span><span style=\"font-weight: 400\">Vape CBD <\/span><span style=\"font-weight: 400\">- Bagas vermelhas 1ml<\/span><\/h1>\n<h3 data-start=\"335\" data-end=\"375\">CBD de qualidade superior com tecnologia CCELL<\/h3>\n<p><span style=\"font-weight: 400\">Desfrute de uma experi\u00eancia suave e equilibrada com o <strong>C\u00e1psula de recarga I-Puff Pod Vape CBD - Bagas vermelhas 1ml.<\/strong>\u00a0Este dispositivo foi concebido para os utilizadores que procuram um sistema avan\u00e7ado, duradouro, sustent\u00e1vel e orientado para uma <strong>experi\u00eancia vape superior. <\/strong><\/span><\/p>\n<p><span style=\"font-weight: 400\">Gra\u00e7as ao seu formato recarreg\u00e1vel, s\u00f3 precisa de substituir o I-puff Pod quando este acabar, mantendo a mesma bateria reutiliz\u00e1vel e recarreg\u00e1vel. Por conseguinte, oferece uma <strong>alternativa mais inteligente, mais limpa e mais sustent\u00e1vel<\/strong> contra os vapers descart\u00e1veis, posicionando-se como um dos vapers mais populares do mundo. <strong>melhores op\u00e7\u00f5es para comprar CBD Vaper em Espanha<\/strong>.\u00a0<\/span><\/p>\n<p>&nbsp;<\/p>\n<h2><strong>Tecnologia avan\u00e7ada de Vape CBD com CCELL<\/strong><\/h2>\n<p><span style=\"font-weight: 400\">O sistema<strong> I-Puff<\/strong> incorpora o reconhecido <strong>Tecnologia de aquecimento cer\u00e2mico CCELL<\/strong>, A nova tecnologia, considerada o padr\u00e3o de excel\u00eancia na ind\u00fastria vaping. O que esta tecnologia faz \u00e9 permitir uma<strong> vaporiza\u00e7\u00e3o uniforme e controlada<\/strong>, garantindo uma produ\u00e7\u00e3o de vapor suave e constante, com um <strong>temperatura est\u00e1vel<\/strong> que preserva o perfil arom\u00e1tico do CBD em cada baforada. <\/span><\/p>\n<p><span style=\"font-weight: 400\">Ao contr\u00e1rio dos vaporizadores tradicionais de utiliza\u00e7\u00e3o \u00fanica, este vaporizador de CBD foi concebido para oferecer <strong>maior durabilidade e efici\u00eancia<\/strong>. Seu <strong>bateria recarreg\u00e1vel<\/strong> \u00e9 combinado com <strong>c\u00e1psulas intercambi\u00e1veis por meio de um sistema de \u201cclique\u201d<\/strong>, A nova experi\u00eancia, limpa e suave, garante um ajuste perfeito, sem queimaduras ou aspereza. <\/span><\/p>\n<p><span style=\"font-weight: 400\">Al\u00e9m disso, o <strong>Tecnologia CCELL<\/strong> optimiza o <strong>absor\u00e7\u00e3o de canabin\u00f3ides<\/strong>, <strong>maximizar o rendimento do CBD de espetro total<\/strong> e fornecer um <strong>experi\u00eancia vape mais refinada<\/strong>, equilibrada e coerente. Tudo isto faz com que o <strong>C\u00e1psula de recarga I-Puff Pod Vape CBD - Bagas vermelhas <\/strong>numa escolha premium para quem procura qualidade, sabor e controlo em cada baforada.\u00a0<\/span><\/p>\n<p>&nbsp;<\/p>\n<h2 data-start=\"2311\" data-end=\"2335\"><strong>Perfil de terpenos das bagas vermelhas: <\/strong><\/h2>\n<p data-start=\"2311\" data-end=\"2335\"><span style=\"font-weight: 400\">Este perfil de terpenos oferece uma <strong>aut\u00eantico sabor a frutos vermelhos<\/strong>, Rico em CBD, sem aditivos artificiais, ideal para quem procura uma experi\u00eancia natural ao comprar um vape de CBD.\u00a0<\/span><\/p>\n<ul>\n<li data-start=\"2311\" data-end=\"2335\"><span style=\"font-weight: 400\">Notas doces e ligeiras<\/span><\/li>\n<li data-start=\"2311\" data-end=\"2335\"><span style=\"font-weight: 400\">Notas de morangos, framboesas e frutos silvestres<\/span><\/li>\n<li data-start=\"2311\" data-end=\"2335\"><span style=\"font-weight: 400\">Aroma ligeiramente \u00e1cido e muito arom\u00e1tico<\/span><\/li>\n<li data-start=\"2311\" data-end=\"2335\"><\/li>\n<\/ul>\n<h2 data-start=\"3033\" data-end=\"3049\"><strong>Porqu\u00ea escolher o sistema I-Puff? <\/strong><\/h2>\n<p data-start=\"3033\" data-end=\"3049\"><span style=\"font-weight: 400\">Se est\u00e1 \u00e0 procura de um <strong>Vaper com CBD superior aos dispositivos descart\u00e1veis<\/strong>, o sistema I-Puff Pod faz a diferen\u00e7a:\u00a0<\/span><\/p>\n<ul>\n<li><span style=\"font-weight: 400\"><strong>Especifica\u00e7\u00f5es<\/strong>: <\/span>\n<ul>\n<li style=\"list-style-type: none\">\n<ul>\n<li><span style=\"font-weight: 400\">Teor de CBD: 700mg <\/span><span style=\"font-weight: 400\">CBD Espectro total 70%<\/span><\/li>\n<li><span style=\"font-weight: 400\">Sem nicotina<\/span><\/li>\n<li><span style=\"font-weight: 400\">Capacidade: 1ml (at\u00e9 300 puffs)<\/span><\/li>\n<li><span style=\"font-weight: 400\">Bateria recarreg\u00e1vel USB-C <\/span><\/li>\n<li><span style=\"font-weight: 400\">Tecnologia: Aquecimento CCELL cer\u00e2mico para vapor de qualidade superior <\/span><\/li>\n<li><span style=\"font-weight: 400\">Sistema reutiliz\u00e1vel: amigo do ambiente, sem res\u00edduos de utiliza\u00e7\u00e3o \u00fanica <\/span><\/li>\n<li><span style=\"font-weight: 400\">Perfil de terpenos: Bagas vermelhas (morangos, framboesas, bagas vermelhas)<\/span><\/li>\n<li><span style=\"font-weight: 400\">N\u00e3o cont\u00e9m VG, PG, PEG, MCT ou qualquer outro agente de corte.<\/span><\/li>\n<\/ul>\n<\/li>\n<\/ul>\n<\/li>\n<\/ul>\n<p><span style=\"font-weight: 400\">N\u00e3o \u00e9 apenas mais um vaper. \u00c9 um <strong>solu\u00e7\u00e3o de vaporiza\u00e7\u00e3o de CBD a longo prazo<\/strong>, Concebido para garantir a qualidade, o controlo e a coer\u00eancia.\u00a0<\/span><\/p>\n<p>&nbsp;<\/p>\n<h2 data-start=\"3217\" data-end=\"3287\"><strong>O que est\u00e1 inclu\u00eddo na c\u00e1psula de recarga I-Puff Pod Vape CBD - Bagas vermelhas?<\/strong><\/h2>\n<ul>\n<li data-start=\"3217\" data-end=\"3287\"><span style=\"font-weight: 400\">1 x <strong>C\u00e1psula I-Puff Pod <\/strong>Vape CBD Bagas Vermelhas 1ml recarga, com 700mg CBD Full Spectrum al 70%<\/span>\n<ul>\n<li data-start=\"3217\" data-end=\"3287\"><em>Bateria n\u00e3o inclu\u00edda - compat\u00edvel com o sistema I-Puff Pod<\/em><\/li>\n<\/ul>\n<\/li>\n<\/ul>\n<p>Colocar o seu novo <strong>C\u00e1psula de substitui\u00e7\u00e3o I-Puff Pod<\/strong> no <strong>Bateria do sistema I-Puff Pod<\/strong> que j\u00e1 comprou e desfrute sempre de um vape suave.<\/p>\n<p>&nbsp;<\/p>\n<h3><b>Onde comprar o seu <\/b><strong>C\u00e1psula de substitui\u00e7\u00e3o I-Puff Pod Vape CBD<\/strong><b>?<\/b><\/h3>\n<p><span style=\"font-weight: 400\">Se est\u00e1 \u00e0 procura de <strong>comprar uma c\u00e1psula de substitui\u00e7\u00e3o I-Puff Pod Vape CBD<\/strong><strong>, <\/strong>este \u00e9 o seu lugar seguro para <strong>comprar Full Spectrum CBD vaper em Espanha.<\/strong> Al\u00e9m disso, o sistema I-Puff une um <strong>hardware de primeira qualidade com os melhores extractos de CBD<\/strong>, ideal para quem j\u00e1 compra <strong><a href=\"https:\/\/iguanasmoke.com\/pt\/categoria\/flores\/flores-de-cbd-3\/\">Flores com CBD<\/a><\/strong>, <a href=\"https:\/\/iguanasmoke.com\/pt\/categoria\/oleo-de-cbd\/\"><strong>\u00d3leos<\/strong> <\/a>o <a href=\"https:\/\/iguanasmoke.com\/pt\/categoria\/haxixe-cbd\/\"><strong>Resinas<\/strong> <\/a>e quer dar o salto para o vaporizador. <\/span><\/p>\n<p><span style=\"font-weight: 400\">Todos os nossos produtos s\u00e3o <strong>aprovado pela UE<\/strong>, garantindo a sua legalidade e seguran\u00e7a. Para al\u00e9m disso, se desejar, pode consultar<\/span><strong> <a href=\"https:\/\/iguanasmoke.com\/pt\/analiticas\/\">an\u00e1lises laboratoriais.<\/a><\/strong><\/p>\n<p><span style=\"font-weight: 400\">N\u00e3o se esque\u00e7a de explorar outros sabores de <strong>C\u00e1psula de substitui\u00e7\u00e3o I-Puff Pod Vape CBD <\/strong>como o <strong><a href=\"https:\/\/iguanasmoke.com\/pt\/produto\/cbd-vape-ipuff-pod-strawberry-capsula-de-recarga-1ml\/\">C\u00e1psula de recarga I-Puff Pod Vape CBD - Morango<\/a>\u00a0<\/strong>y <\/span><span style=\"font-weight: 400\">outros <strong>Produtos TOP<\/strong> com CBD Full Spectrum como o <strong><a href=\"https:\/\/iguanasmoke.com\/pt\/categoria\/cigarro-de-cbd\/cartuchos\/?filter_tipo-cartucho=cbd\">Cartuchos de CBD de espetro total<\/a><\/strong> ou o <strong><a href=\"https:\/\/iguanasmoke.com\/pt\/categoria\/cbd-full-spectrum-vaper\/\">Espectro total de CBD Vaper<\/a><\/strong>. <\/span><span style=\"font-weight: 400\">Em suma, navegue na nossa sele\u00e7\u00e3o de produtos CBD e encontre os seus favoritos.<\/span><span style=\"font-weight: 400\">\u00a0<\/span><\/p>\n<p><strong data-start=\"303\" data-end=\"345\">Entrega r\u00e1pida e discreta em toda a Espanha<\/strong>, com <strong data-start=\"351\" data-end=\"387\">aten\u00e7\u00e3o pr\u00f3xima e personalizada<\/strong> para responder a quaisquer perguntas antes e depois da sua compra.<\/p>\n<p>&nbsp;<\/p>\n<h3><b>Iguana Smoke \u00e9 a sua loja online de CBD\u00a0<\/b><\/h3>\n<p><span style=\"font-weight: 400\">Em<strong> Fumo de Iguana<\/strong>, Acreditamos que desfrutar do CBD deve ser uma experi\u00eancia segura. \u00c9 por isso que temos produtos como este <strong>C\u00e1psula de substitui\u00e7\u00e3o I-Puff Pod Vape CBD<\/strong><strong> - Bagas vermelhas 1ml<\/strong>, A marca liga-se \u00e0s novas gera\u00e7\u00f5es: pessoas que procuram um bem-estar descomplicado, com marcas aut\u00eanticas e fi\u00e1veis. <\/span><\/p>\n<p><span style=\"font-weight: 400\">A nossa miss\u00e3o \u00e9 clara:<strong> trazer-lhe o melhor do mundo do CBD a um pre\u00e7o justo<\/strong>. Al\u00e9m disso, damos-lhe a tranquilidade de saber que est\u00e1 a escolher um <strong>produto certificado, eficaz e legal 100%<\/strong>. Mergulhe de cabe\u00e7a; compre o seu CBD vaper hoje e leve a sua experi\u00eancia para outro n\u00edvel.\u00a0<\/span><\/p>\n<p>Ainda tem d\u00favidas? Escreva-nos e teremos todo o gosto em ajud\u00e1-lo a encontrar o produto certo para si.<\/p>\n<p>&nbsp;<\/p>\n<h6>\u2139\ufe0f<strong> Informa\u00e7\u00e3o jur\u00eddica<\/strong><\/h6>\n<p><em><span style=\"font-weight: 400\">*Produto destinado a cole\u00e7\u00e3o ou aromaterapia, de acordo com a legisla\u00e7\u00e3o espanhola em vigor. <\/span><\/em><\/p>\n<p><em><span style=\"font-weight: 400\">**Derivado de c\u00e2nhamo industrial certificado. Cont\u00e9m menos de 0,3 THC e n\u00e3o cont\u00e9m canabin\u00f3ides ilegais como HHC, HHC-P, THCP, THCP-O, H4CBD ou subst\u00e2ncias enumeradas no Anexo I do Decreto Real 2829\/1977, nem subst\u00e2ncias controladas por conven\u00e7\u00f5es internacionais.\u00a0\u00a0<\/span><\/em><\/p>\n<p>&nbsp;<\/p>\n<h2><strong>FAQS C\u00e1psula de recarga I-Puff Pod Vape CBD: <\/strong><\/h2>\n<h4><span style=\"font-weight: 400\">O que est\u00e1 inclu\u00eddo na c\u00e1psula de recarga I-Puff Pod Vape CBD - Bagas vermelhas? <\/span><\/h4>\n<p><span style=\"font-weight: 400\">Inclui um <strong>C\u00e1psula de bagas vermelhas de 1 ml com 700 mg de CBD de espetro total<\/strong>.<\/span><\/p>\n<h4><span style=\"font-weight: 400\">Quanto tempo dura uma c\u00e1psula de Pod I-Puff?\u00a0<\/span><\/h4>\n<p><span style=\"font-weight: 400\">Lembre-se que cada pessoa \u00e9 \u00fanica e que depende da utiliza\u00e7\u00e3o individual e da frequ\u00eancia de consumo, mas cada c\u00e1psula fornece <strong>cerca de 300 puffs<\/strong>.<\/span><\/p>\n<h4><span style=\"font-weight: 400\">O I-Puff CBD Vape \u00e9 legal em Espanha?\u00a0<\/span><\/h4>\n<p><span style=\"font-weight: 400\"><strong>Sim<\/strong>, o espetro completo do CBD<strong>\u00a0pode ser comercializado legalmente em Espanha<\/strong> desde que esteja em conformidade com a regulamenta\u00e7\u00e3o europeia relativa ao c\u00e2nhamo industrial e disponha de an\u00e1lises laboratoriais independentes e de rastreabilidade. <\/span><\/p>\n<h4><span style=\"font-weight: 400\">\u00c9 poss\u00edvel comprar c\u00e1psulas de substitui\u00e7\u00e3o?\u00a0<\/span><\/h4>\n<p><span style=\"font-weight: 400\"><strong>Claro que sim<\/strong>, primeiro tem de deitar as m\u00e3os a um <a href=\"https:\/\/iguanasmoke.com\/pt\/produto\/cbd-vape-ipuff-gelato-1ml-700mg\/\"><strong>Pacote inicial<\/strong><\/a> (que \u00e9 onde se compra o <strong>bateria pela primeira vez + uma c\u00e1psula<\/strong>) e depois pode comprar todos os <a href=\"https:\/\/iguanasmoke.com\/pt\/produto\/vape-cbd-i-puff-capsula-de-recarga-amnesia-1ml\/\">C\u00e1psulas de recarga de c\u00e1psulas<\/a> que precisa. Pode at\u00e9 comprar um <a href=\"https:\/\/iguanasmoke.com\/pt\/produto\/vape-cbd-i-puff-starter-pack-bagas-vermelhas-1ml\/\">Pacote inicial<\/a> e um <a href=\"https:\/\/iguanasmoke.com\/pt\/produto\/ipuff-lemon-haze-cbd-vape-capsula-de-recarga-1ml\/\">c\u00e1psula de substitui\u00e7\u00e3o<\/a> e, por conseguinte, apreciar o interc\u00e2mbio de sabores.<\/span><\/p>","protected":false},"excerpt":{"rendered":"<ul>\n<li><span style=\"font-weight: 400\">Sistema de c\u00e1psulas de CBD de nova gera\u00e7\u00e3o: tecnologia CCELL<\/span><\/li>\n<li data-start=\"541\" data-end=\"786\"><span style=\"font-weight: 400\">Terpenos naturais de alta qualidade: Bagas vermelhas<\/span><\/li>\n<li data-start=\"541\" data-end=\"786\"><span style=\"font-weight: 400\">Nicotina: 0% e THC: 0%<\/span><\/li>\n<li data-start=\"541\" data-end=\"786\"><span style=\"font-weight: 400\">O <em>C\u00e1psula I-Puff Pod<\/em> <em>pe\u00e7as sobresselentes<\/em>\u00a0inclui: <\/span>\n<ul>\n<li style=\"list-style-type: none\">\n<ul data-start=\"825\" data-end=\"887\">\n<li data-start=\"541\" data-end=\"786\"><strong>1 x C\u00e1psula de c\u00e1psula com 700 mg de CBD de espetro total em 70% Bagas vermelhas <\/strong><em>(Bateria n\u00e3o inclu\u00edda)<\/em><\/li>\n<\/ul>\n<\/li>\n<\/ul>\n<\/li>\n<\/ul>\n<p><span style=\"font-weight: 400\">Consulta<strong> <a href=\"https:\/\/iguanasmoke.com\/pt\/analiticas\/\">an\u00e1lises laboratoriais.<\/a><\/strong><\/span><\/p>","protected":false},"featured_media":73678,"comment_status":"open","ping_status":"closed","template":"","meta":{"_acf_changed":false,"site-sidebar-layout":"default","site-content-layout":"","ast-site-content-layout":"default","site-content-style":"default","site-sidebar-style":"default","ast-global-header-display":"","ast-banner-title-visibility":"","ast-main-header-display":"","ast-hfb-above-header-display":"","ast-hfb-below-header-display":"","ast-hfb-mobile-header-display":"","site-post-title":"","ast-breadcrumbs-content":"","ast-featured-img":"","footer-sml-layout":"","theme-transparent-header-meta":"default","adv-header-id-meta":"","stick-header-meta":"","header-above-stick-meta":"","header-main-stick-meta":"","header-below-stick-meta":"","astra-migrate-meta-layouts":"set","ast-page-background-enabled":"default","ast-page-background-meta":{"desktop":{"background-color":"var(--ast-global-color-4)","background-image":"","background-repeat":"repeat","background-position":"center center","background-size":"auto","background-attachment":"scroll","background-type":"","background-media":"","overlay-type":"","overlay-color":"","overlay-opacity":"","overlay-gradient":""},"tablet":{"background-color":"","background-image":"","background-repeat":"repeat","background-position":"center center","background-size":"auto","background-attachment":"scroll","background-type":"","background-media":"","overlay-type":"","overlay-color":"","overlay-opacity":"","overlay-gradient":""},"mobile":{"background-color":"","background-image":"","background-repeat":"repeat","background-position":"center center","background-size":"auto","background-attachment":"scroll","background-type":"","background-media":"","overlay-type":"","overlay-color":"","overlay-opacity":"","overlay-gradient":""}},"ast-content-background-meta":{"desktop":{"background-color":"var(--ast-global-color-5)","background-image":"","background-repeat":"repeat","background-position":"center center","background-size":"auto","background-attachment":"scroll","background-type":"","background-media":"","overlay-type":"","overlay-color":"","overlay-opacity":"","overlay-gradient":""},"tablet":{"background-color":"var(--ast-global-color-5)","background-image":"","background-repeat":"repeat","background-position":"center center","background-size":"auto","background-attachment":"scroll","background-type":"","background-media":"","overlay-type":"","overlay-color":"","overlay-opacity":"","overlay-gradient":""},"mobile":{"background-color":"var(--ast-global-color-5)","background-image":"","background-repeat":"repeat","background-position":"center center","background-size":"auto","background-attachment":"scroll","background-type":"","background-media":"","overlay-type":"","overlay-color":"","overlay-opacity":"","overlay-gradient":""}}},"product_brand":[],"product_cat":[922,419,981],"product_tag":[],"class_list":{"0":"post-73804","1":"product","2":"type-product","3":"status-publish","4":"has-post-thumbnail","6":"product_cat-capsula-cbd","7":"product_cat-cartuchos-cbd","8":"product_cat-cbd-full-spectrum","9":"desktop-align-center","10":"tablet-align-center","11":"mobile-align-center","13":"first","14":"instock","15":"taxable","16":"shipping-taxable","17":"purchasable","18":"product-type-simple"},"acf":[],"yoast_head":"<!-- This site is optimized with the Yoast SEO Premium plugin v27.3 (Yoast SEO v27.3) - https:\/\/yoast.com\/product\/yoast-seo-premium-wordpress\/ -->\n<title>I-Puff Pod C\u00e1psula de Recambio Red Berries - Vape CBD | Iguana Smoke<\/title>\n<meta name=\"description\" content=\"Prueba el I-Puff Pod C\u00e1psula de Recambio Red Berries - Vape CBD 1ml. Con tecnolog\u00eda CCELL, c\u00e1psulas intercambiables CBD Full Spectrum 700mg al 70%.\" \/>\n<meta name=\"robots\" content=\"index, follow, max-snippet:-1, max-image-preview:large, max-video-preview:-1\" \/>\n<link rel=\"canonical\" href=\"https:\/\/iguanasmoke.com\/pt\/produto\/cbd-vape-ipuff-pod-bagas-vermelhas-capsula-de-recarga-1ml\/\" \/>\n<meta property=\"og:locale\" content=\"pt_PT\" \/>\n<meta property=\"og:type\" content=\"article\" \/>\n<meta property=\"og:title\" content=\"I-Puff Pod C\u00e1psula de recambio Vape CBD - Red Berries 1ml\" \/>\n<meta property=\"og:description\" content=\"Sistema de c\u00e1psulas CBD de nueva generaci\u00f3n: tecnolog\u00eda CCELL  Terpenos naturales de alta calidad: Frutos Rojos  Nicotina: 0% y THC: 0%  El I-Puff Pod C\u00e1psula de recambio\u00a0incluye:       1 x C\u00e1psula Pod con 700mg CBD Full Spectrum al 70% Red Berries (Bater\u00eda no inclu\u00edda)      Consulta el an\u00e1lisis de laboratorio.\" \/>\n<meta property=\"og:url\" content=\"https:\/\/iguanasmoke.com\/pt\/produto\/cbd-vape-ipuff-pod-bagas-vermelhas-capsula-de-recarga-1ml\/\" \/>\n<meta property=\"og:site_name\" content=\"Iguana Smoke\" \/>\n<meta property=\"article:publisher\" content=\"https:\/\/www.facebook.com\/iguanasmoke\" \/>\n<meta property=\"article:modified_time\" content=\"2026-02-17T10:16:34+00:00\" \/>\n<meta property=\"og:image\" content=\"https:\/\/iguanasmoke.com\/wp-content\/uploads\/2026\/01\/Bolsa-full-spectrum-Red-Berries-con-pod.webp\" \/>\n\t<meta property=\"og:image:width\" content=\"1000\" \/>\n\t<meta property=\"og:image:height\" content=\"1000\" \/>\n\t<meta property=\"og:image:type\" content=\"image\/webp\" \/>\n<meta name=\"twitter:card\" content=\"summary_large_image\" \/>\n<meta name=\"twitter:label1\" content=\"pre\u00e7o\" \/>\n\t<meta name=\"twitter:data1\" content=\"12,90&nbsp;&euro;\" \/>\n\t<meta name=\"twitter:label2\" content=\"Disponibilidade\" \/>\n\t<meta name=\"twitter:data2\" content=\"Em stock\" \/>\n<meta property=\"product:brand\" content=\"simple\" \/>\n<meta property=\"product:price:amount\" content=\"12.90\" \/>\n<meta property=\"product:price:currency\" content=\"EUR\" \/>\n<meta property=\"og:availability\" content=\"instock\" \/>\n<meta property=\"product:availability\" content=\"instock\" \/>\n<meta property=\"product:retailer_item_id\" content=\"IS-POD-RDBRR1ML\" \/>\n<meta property=\"product:condition\" content=\"new\" \/>\n<!-- \/ Yoast SEO Premium plugin. -->","yoast_head_json":{"title":"C\u00e1psula de recarga de bagas vermelhas I-Puff Pod - Vape CBD | Iguana Smoke","description":"Experimente a c\u00e1psula de substitui\u00e7\u00e3o I-Puff Pod Red Berries - Vape CBD 1ml. Com tecnologia CCELL, c\u00e1psulas intercambi\u00e1veis CBD Full Spectrum 700mg a 70%.","robots":{"index":"index","follow":"follow","max-snippet":"max-snippet:-1","max-image-preview":"max-image-preview:large","max-video-preview":"max-video-preview:-1"},"canonical":"https:\/\/iguanasmoke.com\/pt\/produto\/cbd-vape-ipuff-pod-bagas-vermelhas-capsula-de-recarga-1ml\/","og_locale":"pt_PT","og_type":"article","og_title":"I-Puff Pod C\u00e1psula de recambio Vape CBD - Red Berries 1ml","og_description":"Sistema de c\u00e1psulas CBD de nueva generaci\u00f3n: tecnolog\u00eda CCELL  Terpenos naturales de alta calidad: Frutos Rojos  Nicotina: 0% y THC: 0%  El I-Puff Pod C\u00e1psula de recambio\u00a0incluye:       1 x C\u00e1psula Pod con 700mg CBD Full Spectrum al 70% Red Berries (Bater\u00eda no inclu\u00edda)      Consulta el an\u00e1lisis de laboratorio.","og_url":"https:\/\/iguanasmoke.com\/pt\/produto\/cbd-vape-ipuff-pod-bagas-vermelhas-capsula-de-recarga-1ml\/","og_site_name":"Iguana Smoke","article_publisher":"https:\/\/www.facebook.com\/iguanasmoke","article_modified_time":"2026-02-17T10:16:34+00:00","og_image":[{"width":1000,"height":1000,"url":"https:\/\/iguanasmoke.com\/wp-content\/uploads\/2026\/01\/Bolsa-full-spectrum-Red-Berries-con-pod.webp","type":"image\/webp"}],"twitter_card":"summary_large_image","twitter_misc":{"pre\u00e7o":"12,90&nbsp;&euro;","Disponibilidade":"Em stock"},"schema":{"@context":"https:\/\/schema.org","@graph":[{"@type":"WebPage","@id":"https:\/\/iguanasmoke.com\/producto\/cbd-vape-ipuff-pod-capsula-recambio-red-berries-1ml\/","url":"https:\/\/iguanasmoke.com\/producto\/cbd-vape-ipuff-pod-capsula-recambio-red-berries-1ml\/","name":"C\u00e1psula de recarga de bagas vermelhas I-Puff Pod - Vape CBD | Iguana Smoke","isPartOf":{"@id":"https:\/\/iguanasmoke.com\/#website"},"primaryImageOfPage":{"@id":"https:\/\/iguanasmoke.com\/producto\/cbd-vape-ipuff-pod-capsula-recambio-red-berries-1ml\/#primaryimage"},"image":{"@id":"https:\/\/iguanasmoke.com\/producto\/cbd-vape-ipuff-pod-capsula-recambio-red-berries-1ml\/#primaryimage"},"thumbnailUrl":"https:\/\/iguanasmoke.com\/wp-content\/uploads\/2026\/01\/Bolsa-full-spectrum-Red-Berries-con-pod.webp","datePublished":"2026-01-08T18:28:27+00:00","dateModified":"2026-02-17T10:16:34+00:00","description":"Experimente a c\u00e1psula de substitui\u00e7\u00e3o I-Puff Pod Red Berries - Vape CBD 1ml. Com tecnologia CCELL, c\u00e1psulas intercambi\u00e1veis CBD Full Spectrum 700mg a 70%.","breadcrumb":{"@id":"https:\/\/iguanasmoke.com\/producto\/cbd-vape-ipuff-pod-capsula-recambio-red-berries-1ml\/#breadcrumb"},"inLanguage":"pt-PT","potentialAction":[{"@type":"ReadAction","target":["https:\/\/iguanasmoke.com\/producto\/cbd-vape-ipuff-pod-capsula-recambio-red-berries-1ml\/"]}]},{"@type":"ImageObject","inLanguage":"pt-PT","@id":"https:\/\/iguanasmoke.com\/producto\/cbd-vape-ipuff-pod-capsula-recambio-red-berries-1ml\/#primaryimage","url":"https:\/\/iguanasmoke.com\/wp-content\/uploads\/2026\/01\/Bolsa-full-spectrum-Red-Berries-con-pod.webp","contentUrl":"https:\/\/iguanasmoke.com\/wp-content\/uploads\/2026\/01\/Bolsa-full-spectrum-Red-Berries-con-pod.webp","width":1000,"height":1000,"caption":"C\u00e1psula de recambio CBD Vape I-Puff Red Berries 1ml con 700mg de CBD y vapor suave gracias a la tecnolog\u00eda CCELL."},{"@type":"BreadcrumbList","@id":"https:\/\/iguanasmoke.com\/producto\/cbd-vape-ipuff-pod-capsula-recambio-red-berries-1ml\/#breadcrumb","itemListElement":[{"@type":"ListItem","position":1,"name":"home","item":"https:\/\/iguanasmoke.com\/"},{"@type":"ListItem","position":2,"name":"Tienda","item":"https:\/\/iguanasmoke.com\/tienda\/"},{"@type":"ListItem","position":3,"name":"Vaper CBD","item":"https:\/\/iguanasmoke.com\/categoria\/vaper-cbd\/"},{"@type":"ListItem","position":4,"name":"C\u00e1psulas CBD I-Puff Vape","item":"https:\/\/iguanasmoke.com\/categoria\/vaper-cbd\/capsula-cbd\/"},{"@type":"ListItem","position":5,"name":"I-Puff Pod C\u00e1psula de recambio Vape CBD &#8211; Red Berries 1ml"}]},{"@type":"WebSite","@id":"https:\/\/iguanasmoke.com\/#website","url":"https:\/\/iguanasmoke.com\/","name":"Fumo de Iguana","description":"Comprar CBD online ao melhor pre\u00e7o","publisher":{"@id":"https:\/\/iguanasmoke.com\/#organization"},"potentialAction":[{"@type":"SearchAction","target":{"@type":"EntryPoint","urlTemplate":"https:\/\/iguanasmoke.com\/?s={search_term_string}"},"query-input":{"@type":"PropertyValueSpecification","valueRequired":true,"valueName":"search_term_string"}}],"inLanguage":"pt-PT"},{"@type":"Organization","@id":"https:\/\/iguanasmoke.com\/#organization","name":"Fumo de Iguana","url":"https:\/\/iguanasmoke.com\/","logo":{"@type":"ImageObject","inLanguage":"pt-PT","@id":"https:\/\/iguanasmoke.com\/#\/schema\/logo\/image\/","url":"https:\/\/iguanasmoke.com\/wp-content\/uploads\/2025\/01\/logoiguana-favi-1.png","contentUrl":"https:\/\/iguanasmoke.com\/wp-content\/uploads\/2025\/01\/logoiguana-favi-1.png","width":512,"height":512,"caption":"Iguana Smoke"},"image":{"@id":"https:\/\/iguanasmoke.com\/#\/schema\/logo\/image\/"},"sameAs":["https:\/\/www.facebook.com\/iguanasmoke","https:\/\/www.instagram.com\/iguanasmoke\/"]}]},"product_brand":"simple","product_price_amount":"12.90","product_price_currency":"EUR","og_availability":"instock","product_availability":"instock","product_retailer_item_id":"IS-POD-RDBRR1ML","product_condition":"new"},"_links":{"self":[{"href":"https:\/\/iguanasmoke.com\/pt\/wp-json\/wp\/v2\/product\/73804","targetHints":{"allow":["GET"]}}],"collection":[{"href":"https:\/\/iguanasmoke.com\/pt\/wp-json\/wp\/v2\/product"}],"about":[{"href":"https:\/\/iguanasmoke.com\/pt\/wp-json\/wp\/v2\/types\/product"}],"replies":[{"embeddable":true,"href":"https:\/\/iguanasmoke.com\/pt\/wp-json\/wp\/v2\/comments?post=73804"}],"wp:featuredmedia":[{"embeddable":true,"href":"https:\/\/iguanasmoke.com\/pt\/wp-json\/wp\/v2\/media\/73678"}],"wp:attachment":[{"href":"https:\/\/iguanasmoke.com\/pt\/wp-json\/wp\/v2\/media?parent=73804"}],"wp:term":[{"taxonomy":"product_brand","embeddable":true,"href":"https:\/\/iguanasmoke.com\/pt\/wp-json\/wp\/v2\/product_brand?post=73804"},{"taxonomy":"product_cat","embeddable":true,"href":"https:\/\/iguanasmoke.com\/pt\/wp-json\/wp\/v2\/product_cat?post=73804"},{"taxonomy":"product_tag","embeddable":true,"href":"https:\/\/iguanasmoke.com\/pt\/wp-json\/wp\/v2\/product_tag?post=73804"}],"curies":[{"name":"wp","href":"https:\/\/api.w.org\/{rel}","templated":true}]}}