{"id":73808,"date":"2026-02-04T12:49:53","date_gmt":"2026-02-04T11:49:53","guid":{"rendered":"https:\/\/iguanasmoke.com\/?post_type=product&#038;p=73808"},"modified":"2026-02-17T11:57:05","modified_gmt":"2026-02-17T10:57:05","slug":"bateria-i-puff-bateria-vape-cbd","status":"publish","type":"product","link":"https:\/\/iguanasmoke.com\/pt\/producto\/bateria-i-puff-battery-vape-cbd\/","title":{"rendered":"I-Puff Bateria Vape CBD"},"content":{"rendered":"<h1><span style=\"font-weight: 400\">I-Puff Bateria Vape CBD Bateria - 280<em> mAh<\/em><\/span><\/h1>\n<p><span style=\"font-weight: 400\">Descubra a incr\u00edvel pot\u00eancia e versatilidade do <strong>Bateria I-Puff Bateria CBD Vape<\/strong> especialmente concebido para o <strong><em>C\u00e1psulas de CBD I-Puff Vape<\/em><\/strong>. O\u00a0 <em>Sistema I-Puff Pod<\/em> possui tecnologia CCELL e oferece-lhe uma experi\u00eancia de vaporiza\u00e7\u00e3o de CBD confort\u00e1vel, limpa e sem complica\u00e7\u00f5es. <\/span><\/p>\n<p><span style=\"font-weight: 400\">Gra\u00e7as \u00e0 sua tecnologia avan\u00e7ada e ao seu design compacto, \u00e9 a escolha ideal que ir\u00e1 satisfazer at\u00e9 os entusiastas mais exigentes. <strong>vaporiza\u00e7\u00e3o<\/strong>, este <strong>aparelho de \u00faltima gera\u00e7\u00e3o<\/strong> oferece um desempenho fi\u00e1vel e uma experi\u00eancia inigual\u00e1vel. <\/span><\/p>\n<p><span style=\"font-weight: 400\">O seu tamanho compacto, pequeno e ergon\u00f3mico torna-o f\u00e1cil de transportar, ideal para o uso di\u00e1rio. O seu <strong>a pot\u00eancia est\u00e1 perfeitamente calibrada<\/strong> para extrair todo o perfil arom\u00e1tico dos vapores sem sobreaquecer o l\u00edquido. Com o <strong>Bateria I-Puff Bateria CBD Vape<\/strong> compre agora o seu <a href=\"https:\/\/iguanasmoke.com\/pt\/categoria\/cigarro-de-cbd\/capsula-de-cbd\/\"><strong><em>C\u00e1psulas de CBD I-Puff Vape <\/em><\/strong><\/a>e come\u00e7ar a vaporizar. <em>Tem uma pot\u00eancia de 280 mAh<\/em>.\u00a0<\/span><\/p>\n<p>&nbsp;<\/p>\n<h2><strong>Carater\u00edsticas do I-Puff Battery Vape CBD:<\/strong><\/h2>\n<ul>\n<li><span style=\"font-weight: 400\"><strong>Compatibilidade com o sistema I-Puff Pod:<\/strong> O <strong>I-Puff Bateria Vape CBD<\/strong> \u00e9 compat\u00edvel com o nosso <a href=\"https:\/\/iguanasmoke.com\/pt\/categoria\/cigarro-de-cbd\/capsula-de-cbd\/\"><strong><em>C\u00e1psulas de CBD I-Puff Vape<\/em><\/strong><\/a> que acabaram de chegar e est\u00e3o a tomar o mundo de assalto.\u00a0<\/span><\/li>\n<li>Janela vis\u00edvel para monitorizar o n\u00edvel de POD.<\/li>\n<li><span style=\"font-weight: 400\"><strong>Portabilidade, durabilidade e personaliza\u00e7\u00e3o<\/strong>O design compacto e duradouro torna-a a companheira ideal para as suas aventuras di\u00e1rias. Leve-a consigo com confian\u00e7a, sabendo que foi constru\u00edda para resistir a uma utiliza\u00e7\u00e3o constante. Gra\u00e7as \u00e0 sua superf\u00edcie mate, pode decor\u00e1-la com autocolantes, para lhe dar o seu toque pessoal. <\/span><\/li>\n<li><span style=\"font-weight: 400\"><strong>Modo de ativa\u00e7\u00e3o autom\u00e1tica<\/strong>Sem bot\u00f5es, a primeira inala\u00e7\u00e3o ativa o dispositivo. <\/span><\/li>\n<li><span style=\"font-weight: 400\">Conce\u00e7\u00e3o<strong> reutiliz\u00e1vel e sustent\u00e1vel<\/strong>, com carga <strong>USB-C<\/strong>. <\/span><\/li>\n<li><span style=\"font-weight: 400\">Equipado com um <strong>sistema anti-obstru\u00e7\u00e3o<\/strong> que produz vapor limpo. <\/span><\/li>\n<li><span style=\"font-weight: 400\">Compat\u00edvel com c\u00e1psulas de 0,5 e 1 ml. <\/span><\/li>\n<\/ul>\n<p>&nbsp;<\/p>\n<h2><strong>Tecnologia avan\u00e7ada para uma vaporiza\u00e7\u00e3o sem obstru\u00e7\u00f5es <\/strong><\/h2>\n<p><span style=\"font-weight: 400\">O <strong>Bateria I-Puff Bateria CBD Vape <\/strong>incorpora um <strong>sistema de dupla entrada de ar (<em>ventila\u00e7\u00e3o dupla<\/em>)<\/strong> que evita entupimentos e melhora o fluxo de vapor a cada tragada. Al\u00e9m disso, o seu funcionamento de inala\u00e7\u00e3o autom\u00e1tica elimina bot\u00f5es e defini\u00e7\u00f5es, tornando a vaporiza\u00e7\u00e3o de CBD t\u00e3o simples como inalar. <\/span><\/p>\n<p><span style=\"font-weight: 400\">Al\u00e9m disso, gra\u00e7as \u00e0 sua compatibilidade com os CCELL Pods, o vapor \u00e9 <strong>suave<\/strong>, <strong>est\u00e1vel<\/strong> y <strong>constante<\/strong>, mesmo em caso de utiliza\u00e7\u00e3o prolongada.<\/span><\/p>\n<h2 data-start=\"3094\" data-end=\"3121\">O que est\u00e1 inclu\u00eddo no <strong>Bateria I-Puff Bateria CBD Vape<\/strong><\/h2>\n<ul data-start=\"3123\" data-end=\"3168\">\n<li data-start=\"3123\" data-end=\"3168\">\n<p data-start=\"3125\" data-end=\"3168\"><strong data-start=\"3125\" data-end=\"3166\">1 \u00d7 Bateria I-Puff Battery Vape CBD (280 mAh)<\/strong><\/p>\n<\/li>\n<\/ul>\n<p data-start=\"3170\" data-end=\"3239\"><em data-start=\"3170\" data-end=\"3239\">*C\u00e1psulas de CBD da I-Puff Vape <span style=\"font-weight: 400\">c<\/span>ompat\u00edveis dispon\u00edveis separadamente em v\u00e1rios sabores.<\/em><\/p>\n<div class=\"ewd-ufaq-faq-body\">\n<h3><b>Iguana Smoke \u00e9 a sua loja online de confian\u00e7a de CBD<\/b><\/h3>\n<p><span style=\"font-weight: 400\">Na Iguana Smoke, acreditamos que desfrutar do CBD deve ser uma experi\u00eancia segura e prazerosa. Por isso, temos produtos de alta qualidade que se conectam com as novas gera\u00e7\u00f5es: pessoas que buscam um bem-estar descomplicado, com marcas aut\u00eanticas e confi\u00e1veis. Obter o <strong>Bateria I-Puff Bateria CBD Vape<\/strong> agora.<\/span><\/p>\n<p>A nossa miss\u00e3o \u00e9 clara: trazer-lhe o melhor do mundo dos canabin\u00f3ides a um pre\u00e7o justo, com a tranquilidade de saber que est\u00e1 a escolher um produto certificado, eficaz e 100% legal. Estamos na vanguarda dos produtos CBD.<\/p>\n<p>Ainda tem d\u00favidas? Escreva-nos e teremos todo o gosto em ajud\u00e1-lo a encontrar o produto certo para si.<\/p>\n<\/div>\n<p>&nbsp;<\/p>\n<p><em><span style=\"font-weight: 400\">*Nota: a sua utiliza\u00e7\u00e3o destina-se a cole\u00e7\u00e3o ou aromaterapia, de acordo com a legisla\u00e7\u00e3o espanhola.<\/span><\/em><\/p>\n<p><em><span style=\"font-weight: 400\">**Todos os nossos produtos s\u00e3o derivados de c\u00e2nhamo industrial certificado. Cont\u00eam menos de 0,3 THC e n\u00e3o cont\u00eam canabin\u00f3ides ilegais como HHC, HHC-P, THCP, THCP-O, H4CBD e os inclu\u00eddos no Anexo I do Decreto Real 2829\/1977, nem subst\u00e2ncias controladas por conven\u00e7\u00f5es internacionais.\u00a0<\/span><\/em><\/p>","protected":false},"excerpt":{"rendered":"<ul>\n<li>Bateria recarreg\u00e1vel USB-C para <em>I-Puff Pods<\/em> 0,5 ml e 1 ml: <em>280 MaH<\/em><\/li>\n<li>Liga\u00e7\u00e3o compat\u00edvel com o <em><a href=\"https:\/\/iguanasmoke.com\/pt\/categoria\/cigarro-de-cbd\/capsula-de-cbd\/\">C\u00e1psulas Pods I-Puff System<\/a> (n\u00e3o inclu\u00eddo neste produto)<\/em><\/li>\n<li>Espiga central em a\u00e7o inoxid\u00e1vel de qualidade m\u00e9dica<\/li>\n<li>Sistema de entrada de ar duplo<\/li>\n<li>Dimens\u00f5es: 108,9 x 23 x 11,3 mm<\/li>\n<\/ul>","protected":false},"featured_media":73666,"comment_status":"open","ping_status":"closed","template":"","meta":{"_acf_changed":false,"site-sidebar-layout":"default","site-content-layout":"","ast-site-content-layout":"default","site-content-style":"default","site-sidebar-style":"default","ast-global-header-display":"","ast-banner-title-visibility":"","ast-main-header-display":"","ast-hfb-above-header-display":"","ast-hfb-below-header-display":"","ast-hfb-mobile-header-display":"","site-post-title":"","ast-breadcrumbs-content":"","ast-featured-img":"","footer-sml-layout":"","theme-transparent-header-meta":"default","adv-header-id-meta":"","stick-header-meta":"","header-above-stick-meta":"","header-main-stick-meta":"","header-below-stick-meta":"","astra-migrate-meta-layouts":"set","ast-page-background-enabled":"default","ast-page-background-meta":{"desktop":{"background-color":"var(--ast-global-color-4)","background-image":"","background-repeat":"repeat","background-position":"center center","background-size":"auto","background-attachment":"scroll","background-type":"","background-media":"","overlay-type":"","overlay-color":"","overlay-opacity":"","overlay-gradient":""},"tablet":{"background-color":"","background-image":"","background-repeat":"repeat","background-position":"center center","background-size":"auto","background-attachment":"scroll","background-type":"","background-media":"","overlay-type":"","overlay-color":"","overlay-opacity":"","overlay-gradient":""},"mobile":{"background-color":"","background-image":"","background-repeat":"repeat","background-position":"center center","background-size":"auto","background-attachment":"scroll","background-type":"","background-media":"","overlay-type":"","overlay-color":"","overlay-opacity":"","overlay-gradient":""}},"ast-content-background-meta":{"desktop":{"background-color":"var(--ast-global-color-5)","background-image":"","background-repeat":"repeat","background-position":"center center","background-size":"auto","background-attachment":"scroll","background-type":"","background-media":"","overlay-type":"","overlay-color":"","overlay-opacity":"","overlay-gradient":""},"tablet":{"background-color":"var(--ast-global-color-5)","background-image":"","background-repeat":"repeat","background-position":"center center","background-size":"auto","background-attachment":"scroll","background-type":"","background-media":"","overlay-type":"","overlay-color":"","overlay-opacity":"","overlay-gradient":""},"mobile":{"background-color":"var(--ast-global-color-5)","background-image":"","background-repeat":"repeat","background-position":"center center","background-size":"auto","background-attachment":"scroll","background-type":"","background-media":"","overlay-type":"","overlay-color":"","overlay-opacity":"","overlay-gradient":""}}},"product_brand":[],"product_cat":[984,922,419,981],"product_tag":[],"class_list":{"0":"post-73808","1":"product","2":"type-product","3":"status-publish","4":"has-post-thumbnail","6":"product_cat-baterias-y-kits-de-vapeo","7":"product_cat-capsula-cbd","8":"product_cat-cartuchos-cbd","9":"product_cat-cbd-full-spectrum","10":"desktop-align-center","11":"tablet-align-center","12":"mobile-align-center","14":"first","15":"instock","16":"taxable","17":"shipping-taxable","18":"purchasable","19":"product-type-simple"},"acf":[],"yoast_head":"<!-- This site is optimized with the Yoast SEO Premium plugin v27.3 (Yoast SEO v27.3) - https:\/\/yoast.com\/product\/yoast-seo-premium-wordpress\/ -->\n<title>Bater\u00eda I-Puff Battery Vape CBD | Iguana Smoke<\/title>\n<meta name=\"description\" content=\"Compra la Bater\u00eda I-Puff Battery Vape CBD recargable con tecnolog\u00eda CCELL. Compatible con pods I-Puff de 0,5 ml y 1 ml. Vape CBD carga USB-C y uso sencillo.\" \/>\n<meta name=\"robots\" content=\"index, follow, max-snippet:-1, max-image-preview:large, max-video-preview:-1\" \/>\n<link rel=\"canonical\" href=\"https:\/\/iguanasmoke.com\/pt\/produto\/bateria-i-puff-bateria-vape-cbd\/\" \/>\n<meta property=\"og:locale\" content=\"pt_PT\" \/>\n<meta property=\"og:type\" content=\"article\" \/>\n<meta property=\"og:title\" content=\"I-Puff Battery Vape CBD\" \/>\n<meta property=\"og:description\" content=\"Bateria recargable USB-C para Pods I-Puff de 0,5ml y 1ml: 280 MaH  Conexi\u00f3n compatible con las C\u00e1psulas Pods I-Puff System (no incluidas en este producto)  Poste central de acero inoxidable de grado m\u00e9dico  Sistema de aire de doble entrada  Dimensiones: 108,9 x 23 x 11,3 mm\" \/>\n<meta property=\"og:url\" content=\"https:\/\/iguanasmoke.com\/pt\/produto\/bateria-i-puff-bateria-vape-cbd\/\" \/>\n<meta property=\"og:site_name\" content=\"Iguana Smoke\" \/>\n<meta property=\"article:publisher\" content=\"https:\/\/www.facebook.com\/iguanasmoke\" \/>\n<meta property=\"article:modified_time\" content=\"2026-02-17T10:57:05+00:00\" \/>\n<meta property=\"og:image\" content=\"https:\/\/iguanasmoke.com\/wp-content\/uploads\/2026\/01\/Bolsa-i-Puff-battery-con-bateria-.webp\" \/>\n\t<meta property=\"og:image:width\" content=\"1000\" \/>\n\t<meta property=\"og:image:height\" content=\"1000\" \/>\n\t<meta property=\"og:image:type\" content=\"image\/webp\" \/>\n<meta name=\"twitter:card\" content=\"summary_large_image\" \/>\n<meta name=\"twitter:label1\" content=\"pre\u00e7o\" \/>\n\t<meta name=\"twitter:data1\" content=\"9,90&nbsp;&euro;\" \/>\n\t<meta name=\"twitter:label2\" content=\"Disponibilidade\" \/>\n\t<meta name=\"twitter:data2\" content=\"Em stock\" \/>\n<meta property=\"product:brand\" content=\"simple\" \/>\n<meta property=\"product:price:amount\" content=\"9.90\" \/>\n<meta property=\"product:price:currency\" content=\"EUR\" \/>\n<meta property=\"og:availability\" content=\"instock\" \/>\n<meta property=\"product:availability\" content=\"instock\" \/>\n<meta property=\"product:retailer_item_id\" content=\"IS-BATTERYPOD\" \/>\n<meta property=\"product:condition\" content=\"new\" \/>\n<!-- \/ Yoast SEO Premium plugin. -->","yoast_head_json":{"title":"I-Puff Bateria Vape CBD | Fumo Iguana","description":"Compre a bateria I-Puff Battery Vape CBD recarreg\u00e1vel com tecnologia CCELL. Compat\u00edvel com c\u00e1psulas I-Puff de 0,5 ml e 1 ml. Carregamento Vape CBD USB-C e f\u00e1cil de usar.","robots":{"index":"index","follow":"follow","max-snippet":"max-snippet:-1","max-image-preview":"max-image-preview:large","max-video-preview":"max-video-preview:-1"},"canonical":"https:\/\/iguanasmoke.com\/pt\/produto\/bateria-i-puff-bateria-vape-cbd\/","og_locale":"pt_PT","og_type":"article","og_title":"I-Puff Battery Vape CBD","og_description":"Bateria recargable USB-C para Pods I-Puff de 0,5ml y 1ml: 280 MaH  Conexi\u00f3n compatible con las C\u00e1psulas Pods I-Puff System (no incluidas en este producto)  Poste central de acero inoxidable de grado m\u00e9dico  Sistema de aire de doble entrada  Dimensiones: 108,9 x 23 x 11,3 mm","og_url":"https:\/\/iguanasmoke.com\/pt\/produto\/bateria-i-puff-bateria-vape-cbd\/","og_site_name":"Iguana Smoke","article_publisher":"https:\/\/www.facebook.com\/iguanasmoke","article_modified_time":"2026-02-17T10:57:05+00:00","og_image":[{"width":1000,"height":1000,"url":"https:\/\/iguanasmoke.com\/wp-content\/uploads\/2026\/01\/Bolsa-i-Puff-battery-con-bateria-.webp","type":"image\/webp"}],"twitter_card":"summary_large_image","twitter_misc":{"pre\u00e7o":"9,90&nbsp;&euro;","Disponibilidade":"Em stock"},"schema":{"@context":"https:\/\/schema.org","@graph":[{"@type":"WebPage","@id":"https:\/\/iguanasmoke.com\/producto\/bateria-i-puff-battery-vape-cbd\/","url":"https:\/\/iguanasmoke.com\/producto\/bateria-i-puff-battery-vape-cbd\/","name":"I-Puff Bateria Vape CBD | Fumo Iguana","isPartOf":{"@id":"https:\/\/iguanasmoke.com\/#website"},"primaryImageOfPage":{"@id":"https:\/\/iguanasmoke.com\/producto\/bateria-i-puff-battery-vape-cbd\/#primaryimage"},"image":{"@id":"https:\/\/iguanasmoke.com\/producto\/bateria-i-puff-battery-vape-cbd\/#primaryimage"},"thumbnailUrl":"https:\/\/iguanasmoke.com\/wp-content\/uploads\/2026\/01\/Bolsa-i-Puff-battery-con-bateria-.webp","datePublished":"2026-02-04T11:49:53+00:00","dateModified":"2026-02-17T10:57:05+00:00","description":"Compre a bateria I-Puff Battery Vape CBD recarreg\u00e1vel com tecnologia CCELL. Compat\u00edvel com c\u00e1psulas I-Puff de 0,5 ml e 1 ml. Carregamento Vape CBD USB-C e f\u00e1cil de usar.","breadcrumb":{"@id":"https:\/\/iguanasmoke.com\/producto\/bateria-i-puff-battery-vape-cbd\/#breadcrumb"},"inLanguage":"pt-PT","potentialAction":[{"@type":"ReadAction","target":["https:\/\/iguanasmoke.com\/producto\/bateria-i-puff-battery-vape-cbd\/"]}]},{"@type":"ImageObject","inLanguage":"pt-PT","@id":"https:\/\/iguanasmoke.com\/producto\/bateria-i-puff-battery-vape-cbd\/#primaryimage","url":"https:\/\/iguanasmoke.com\/wp-content\/uploads\/2026\/01\/Bolsa-i-Puff-battery-con-bateria-.webp","contentUrl":"https:\/\/iguanasmoke.com\/wp-content\/uploads\/2026\/01\/Bolsa-i-Puff-battery-con-bateria-.webp","width":1000,"height":1000,"caption":"Bater\u00eda I-Puff Power de Iguana Smoke: el dispositivo ideal para usar c\u00e1psulas de CBD Vape de forma c\u00f3moda, segura y reutilizable."},{"@type":"BreadcrumbList","@id":"https:\/\/iguanasmoke.com\/producto\/bateria-i-puff-battery-vape-cbd\/#breadcrumb","itemListElement":[{"@type":"ListItem","position":1,"name":"home","item":"https:\/\/iguanasmoke.com\/"},{"@type":"ListItem","position":2,"name":"Tienda","item":"https:\/\/iguanasmoke.com\/tienda\/"},{"@type":"ListItem","position":3,"name":"Vaper CBD","item":"https:\/\/iguanasmoke.com\/categoria\/vaper-cbd\/"},{"@type":"ListItem","position":4,"name":"Cartuchos","item":"https:\/\/iguanasmoke.com\/categoria\/vaper-cbd\/cartuchos-cbd\/"},{"@type":"ListItem","position":5,"name":"Bater\u00edas y Kits de Vapeo","item":"https:\/\/iguanasmoke.com\/categoria\/vaper-cbd\/cartuchos-cbd\/baterias-y-kits-de-vapeo\/"},{"@type":"ListItem","position":6,"name":"I-Puff Battery Vape CBD"}]},{"@type":"WebSite","@id":"https:\/\/iguanasmoke.com\/#website","url":"https:\/\/iguanasmoke.com\/","name":"Fumo de Iguana","description":"Comprar CBD online ao melhor pre\u00e7o","publisher":{"@id":"https:\/\/iguanasmoke.com\/#organization"},"potentialAction":[{"@type":"SearchAction","target":{"@type":"EntryPoint","urlTemplate":"https:\/\/iguanasmoke.com\/?s={search_term_string}"},"query-input":{"@type":"PropertyValueSpecification","valueRequired":true,"valueName":"search_term_string"}}],"inLanguage":"pt-PT"},{"@type":"Organization","@id":"https:\/\/iguanasmoke.com\/#organization","name":"Fumo de Iguana","url":"https:\/\/iguanasmoke.com\/","logo":{"@type":"ImageObject","inLanguage":"pt-PT","@id":"https:\/\/iguanasmoke.com\/#\/schema\/logo\/image\/","url":"https:\/\/iguanasmoke.com\/wp-content\/uploads\/2025\/01\/logoiguana-favi-1.png","contentUrl":"https:\/\/iguanasmoke.com\/wp-content\/uploads\/2025\/01\/logoiguana-favi-1.png","width":512,"height":512,"caption":"Iguana Smoke"},"image":{"@id":"https:\/\/iguanasmoke.com\/#\/schema\/logo\/image\/"},"sameAs":["https:\/\/www.facebook.com\/iguanasmoke","https:\/\/www.instagram.com\/iguanasmoke\/"]}]},"product_brand":"simple","product_price_amount":"9.90","product_price_currency":"EUR","og_availability":"instock","product_availability":"instock","product_retailer_item_id":"IS-BATTERYPOD","product_condition":"new"},"_links":{"self":[{"href":"https:\/\/iguanasmoke.com\/pt\/wp-json\/wp\/v2\/product\/73808","targetHints":{"allow":["GET"]}}],"collection":[{"href":"https:\/\/iguanasmoke.com\/pt\/wp-json\/wp\/v2\/product"}],"about":[{"href":"https:\/\/iguanasmoke.com\/pt\/wp-json\/wp\/v2\/types\/product"}],"replies":[{"embeddable":true,"href":"https:\/\/iguanasmoke.com\/pt\/wp-json\/wp\/v2\/comments?post=73808"}],"wp:featuredmedia":[{"embeddable":true,"href":"https:\/\/iguanasmoke.com\/pt\/wp-json\/wp\/v2\/media\/73666"}],"wp:attachment":[{"href":"https:\/\/iguanasmoke.com\/pt\/wp-json\/wp\/v2\/media?parent=73808"}],"wp:term":[{"taxonomy":"product_brand","embeddable":true,"href":"https:\/\/iguanasmoke.com\/pt\/wp-json\/wp\/v2\/product_brand?post=73808"},{"taxonomy":"product_cat","embeddable":true,"href":"https:\/\/iguanasmoke.com\/pt\/wp-json\/wp\/v2\/product_cat?post=73808"},{"taxonomy":"product_tag","embeddable":true,"href":"https:\/\/iguanasmoke.com\/pt\/wp-json\/wp\/v2\/product_tag?post=73808"}],"curies":[{"name":"wp","href":"https:\/\/api.w.org\/{rel}","templated":true}]}}