{"id":77106,"date":"2026-02-06T14:26:10","date_gmt":"2026-02-06T13:26:10","guid":{"rendered":"https:\/\/iguanasmoke.com\/?post_type=product&#038;p=77106"},"modified":"2026-03-26T09:05:42","modified_gmt":"2026-03-26T08:05:42","slug":"space-hash-piatella-stv-sativanol","status":"publish","type":"product","link":"https:\/\/iguanasmoke.com\/pt\/producto\/space-hash-piatella-stv-sativanol\/","title":{"rendered":"Espa\u00e7o Hash Piatella STV (Sativanol)"},"content":{"rendered":"<h1><span style=\"font-weight: 400\">Space Hash Piatella STV 30%: o mesmo haxixe de sempre, s\u00f3 que melhor<\/span><\/h1>\n<p><span style=\"font-weight: 400\">Na Iguana Smoke gostamos de lhe oferecer o melhor, e \u00e9 por isso que lhe trazemos o <strong>Piatella STV 30%<\/strong>, que \u00e9 uma joia para quem procura uma <strong>Haxixe sem THC. <\/strong><\/span><\/p>\n<p><span style=\"font-weight: 400\">Este haxixe, um dos mais potentes e premium do mercado, \u00e9 agora trazido at\u00e9 si pela Sativanol. O <strong>Super Sativa<\/strong> proporciona uma textura flex\u00edvel e um acabamento artesanal, para aqueles que procuram algo diferente sem perder a ess\u00eancia do aut\u00eantico haxixe de primeira qualidade:<\/span><\/p>\n<ul>\n<li>\u00c9 um produto seguro que cumpre as normas legais, com menos de 0,3% de THC.<\/li>\n<li>Al\u00e9m disso, n\u00e3o cont\u00e9m produtos qu\u00edmicos ou aditivos artificiais.<\/li>\n<li>Ideal para consumidores exigentes e amantes da gastronomia <a href=\"https:\/\/iguanasmoke.com\/pt\/piatella-hash-cbd-o-haxixe-de-qualidade-superior-ao-alcance-de-todos\/\"><strong>Piatella CBD premium<\/strong><\/a>.<\/li>\n<li>Qualidade testada por laborat\u00f3rios independentes.<\/li>\n<\/ul>\n<h2><\/h2>\n<h2><strong>O que \u00e9 o STV? <\/strong><\/h2>\n<p><span style=\"font-weight: 400\">A STV (Super Sativa - Sativanol) \u00e9 uma <strong>canabin\u00f3ide semi-sint\u00e9tico<\/strong> que \u00e9 derivado do c\u00e2nhamo. Foi concebido para oferecer <strong>efeitos estimulantes, sensa\u00e7\u00f5es de euforia e momentos de clareza mental<\/strong>, todos isentos de THC, HHC, THCP e an\u00e1logos psicoactivos. <\/span><\/p>\n<p><span style=\"font-weight: 400\">O lado bom desta mol\u00e9cula \u00e9 que n\u00e3o se sabe se cria toler\u00e2ncia, o que significa que podes desfrutar do seu efeito durante mais tempo. Podes experimentar a Space Hash Piatella STV com uma <strong>in\u00edcio moderado<\/strong> (10-30 minutos) e um <strong>dura\u00e7\u00e3o 3-4 horas<\/strong>, que n\u00e3o provoca sonol\u00eancia no final.\u00a0<\/span><\/p>\n<p><span style=\"font-weight: 400\">O melhor de tudo \u00e9 que o STV representa um <strong>nova era dos canabin\u00f3ides funcionais<\/strong>, ideal para quem procura experi\u00eancias <strong>Tipo Sativa sem sofrer os efeitos negativos<\/strong>. \u00c9 simplesmente perfeito.\u00a0\u00a0<\/span><\/p>\n<p>&nbsp;<\/p>\n<p><span style=\"font-weight: 400\">\u00a0<\/span><\/p>\n<h2>Carater\u00edsticas do Space Hash Piatella STV 30%:<\/h2>\n<ul>\n<li><b>Aspeto e textura: <span style=\"font-weight: 400\">destaca-se visualmente pela sua <strong>textura male\u00e1vel<\/strong> que derrete facilmente, convidando a uma experi\u00eancia t\u00e1til t\u00e3o agrad\u00e1vel como o seu efeito. Este haxixe CBD \u00e9 fabricado com <strong>malhas de alta precis\u00e3o<\/strong> para separar os<strong> gl\u00e2ndulas de resina de material vegetal<\/strong>, atingindo assim a perfei\u00e7\u00e3o. A sua c<strong>o cheiro \u00e9 claro como o mel<\/strong>, entrar\u00e1 em si pelos olhos.\u00a0<\/span><\/b><\/li>\n<li><span style=\"font-size: 16px;font-weight: 400\"><strong>Aroma e sabor:<\/strong> intenso, com um perfil rico em terpen\u00f3ides que combina <strong>notas terrosas, doces e picantes<\/strong>. \u00a0<\/span><\/li>\n<li><strong>Origem e pureza:<\/strong> <span style=\"font-size: 16px;font-weight: 400\">esta resina prov\u00e9m de fontes fi\u00e1veis que garantem a<strong> pureza e qualidade<\/strong>. Ao contr\u00e1rio de outros produtos, este haxixe mant\u00e9m toda a sua <strong>terpenos naturais<\/strong>, Isto garante uma experi\u00eancia olfactiva e gustativa excecional.<\/span><span style=\"font-size: 16px;font-weight: 400\">, crucial para quem procura <strong>CBD barato<\/strong> mas n\u00e3o quer comprometer a qualidade do <strong>Piatella haxixe STV 30%<\/strong>.<\/span><\/li>\n<\/ul>\n<p>&nbsp;<\/p>\n<h3><b>Porqu\u00ea comprar Space Hash Piatella STV na Iguana Smoke?<\/b><\/h3>\n<p><span style=\"font-weight: 400\">Na Iguana Smoke, estamos empenhados na qualidade. Os nossos produtos STV (Sativanol) combinam os dois mundos do c\u00e2nhamo natural 100% e os canabin\u00f3ides mais inovadores, oferecendo uma alternativa segura e legal, sem efeitos psicoactivos. <\/span><strong>Piatella STV <\/strong>destaca-se realmente no mundo dos canabin\u00f3ides.<\/p>\n<p><span style=\"font-weight: 400\">Fique descansado, como sabe, cada unidade do nosso hash STV \u00e9 composta por<strong> mat\u00e9rias-primas org\u00e2nicas<\/strong> e est\u00e1 sujeito a <strong>controlos laboratoriais<\/strong>, onde a pureza e a seguran\u00e7a s\u00e3o garantidas<\/span>.<span style=\"font-weight: 400\"> Lembrem-se que a Iguana Smoke \u00e9 o vosso lugar seguro. <strong>onde comprar haxixe CBD e STV em Espanha: <\/strong>Produtos aprovados pela UE, com menos de 0,3 % de THC, para uma experi\u00eancia aut\u00eantica e legal.\u00a0<\/span><\/p>\n<p><span style=\"font-weight: 400\">Pode consultar a an\u00e1lise da qualidade deste haxixe <a href=\"https:\/\/iguanasmoke.com\/pt\/analiticas\/\">aqui<\/a>.\u00a0<\/span><\/p>\n<p><span style=\"font-weight: 400\">Al\u00e9m disso, se gosta das nossas resinas CBD mais tradicionais, como a <a href=\"https:\/\/iguanasmoke.com\/pt\/produto\/space-hash-moroccan-stv-sativanol\/\"><strong>Espa\u00e7o Hash marroquino STV<\/strong><\/a>\u00a0tu <\/span><span style=\"font-weight: 400\">garantimos que o <strong>Piatella STV<\/strong> ir\u00e1 limpar os seus sentidos. Al\u00e9m disso, n\u00e3o se esque\u00e7a de experimentar outros produtos TOP, como o <a href=\"https:\/\/iguanasmoke.com\/pt\/produto\/flor-gelato-stv-20\/\">Flores STV 20%<\/a> e o <a href=\"https:\/\/iguanasmoke.com\/pt\/space-vape-stv-um-vaper-revolucionario\/\">Vapores Espaciais STV<\/a>. <\/span><\/p>\n<p><span style=\"font-weight: 400\">Em suma, explore a nossa variedade e encontre j\u00e1 os seus favoritos.\u00a0<\/span><\/p>\n<p>&nbsp;<\/p>\n<h3><b>Iguana Smoke \u00e9 sin\u00f3nimo de qualidade e fiabilidade.<\/b><\/h3>\n<p><span style=\"font-weight: 400\">Na Iguana Smoke, acreditamos que desfrutar da STV deve ser uma experi\u00eancia segura e agrad\u00e1vel. Por isso, temos produtos de alta qualidade que se conectam com as novas gera\u00e7\u00f5es: pessoas que procuram bem-estar sem complica\u00e7\u00f5es, com marcas aut\u00eanticas e fi\u00e1veis. Lembra-te que todos os nossos produtos s\u00e3o haxixe<strong>\u00a0Sem THC, HHC e THCP<\/strong>, como o <strong>Piatella STV <\/strong>que vai levar para casa.<\/span><\/p>\n<p>A nossa miss\u00e3o \u00e9 clara: trazer-lhe o melhor do mundo dos canabin\u00f3ides a um pre\u00e7o justo, com a tranquilidade de saber que est\u00e1 a escolher um produto certificado, eficaz e 100% legal. Estamos na vanguarda dos produtos CBD.<\/p>\n<p>Ainda tem d\u00favidas? Escreva-nos e teremos todo o gosto em ajud\u00e1-lo a encontrar o produto certo para si.<\/p>\n<p>&nbsp;<\/p>\n<p>*<em><span style=\"font-weight: 400\">Lembre-se: a sua utiliza\u00e7\u00e3o destina-se \u00e0 recolha ou \u00e0 aromaterapia, de acordo com a legisla\u00e7\u00e3o espanhola.\u00a0<\/span><\/em><\/p>","protected":false},"excerpt":{"rendered":"<p><span style=\"font-weight: 400\">\u00a0Experimente o <strong>Piatella STV<\/strong> O 30%, enriquecido com STV (Sativanol), proporciona clareza e uma leve euforia:<\/span><\/p>\n<ul>\n<li><strong>STV<\/strong>30%, garantindo uma intensidade elevada.<\/li>\n<li><strong style=\"font-size: 16px;font-style: normal\">Cor loura clara<\/strong><\/li>\n<li><strong>Aroma <\/strong>com um toque picante que lembra as resinas tradicionais.<\/li>\n<li>100% legal na Europa - menos de 0,3% THC.<\/li>\n<\/ul>\n<p>An\u00e1lise da qualidade: clique\u00a0<a href=\"https:\/\/iguanasmoke.com\/pt\/analiticas\/\" target=\"_blank\" rel=\"noopener\">aqui<\/a><\/p>","protected":false},"featured_media":77110,"comment_status":"open","ping_status":"closed","template":"","meta":{"_acf_changed":false,"site-sidebar-layout":"default","site-content-layout":"","ast-site-content-layout":"default","site-content-style":"default","site-sidebar-style":"default","ast-global-header-display":"","ast-banner-title-visibility":"","ast-main-header-display":"","ast-hfb-above-header-display":"","ast-hfb-below-header-display":"","ast-hfb-mobile-header-display":"","site-post-title":"","ast-breadcrumbs-content":"","ast-featured-img":"","footer-sml-layout":"","theme-transparent-header-meta":"default","adv-header-id-meta":"","stick-header-meta":"","header-above-stick-meta":"","header-main-stick-meta":"","header-below-stick-meta":"","astra-migrate-meta-layouts":"set","ast-page-background-enabled":"default","ast-page-background-meta":{"desktop":{"background-color":"var(--ast-global-color-4)","background-image":"","background-repeat":"repeat","background-position":"center center","background-size":"auto","background-attachment":"scroll","background-type":"","background-media":"","overlay-type":"","overlay-color":"","overlay-opacity":"","overlay-gradient":""},"tablet":{"background-color":"","background-image":"","background-repeat":"repeat","background-position":"center center","background-size":"auto","background-attachment":"scroll","background-type":"","background-media":"","overlay-type":"","overlay-color":"","overlay-opacity":"","overlay-gradient":""},"mobile":{"background-color":"","background-image":"","background-repeat":"repeat","background-position":"center center","background-size":"auto","background-attachment":"scroll","background-type":"","background-media":"","overlay-type":"","overlay-color":"","overlay-opacity":"","overlay-gradient":""}},"ast-content-background-meta":{"desktop":{"background-color":"var(--ast-global-color-5)","background-image":"","background-repeat":"repeat","background-position":"center center","background-size":"auto","background-attachment":"scroll","background-type":"","background-media":"","overlay-type":"","overlay-color":"","overlay-opacity":"","overlay-gradient":""},"tablet":{"background-color":"var(--ast-global-color-5)","background-image":"","background-repeat":"repeat","background-position":"center center","background-size":"auto","background-attachment":"scroll","background-type":"","background-media":"","overlay-type":"","overlay-color":"","overlay-opacity":"","overlay-gradient":""},"mobile":{"background-color":"var(--ast-global-color-5)","background-image":"","background-repeat":"repeat","background-position":"center center","background-size":"auto","background-attachment":"scroll","background-type":"","background-media":"","overlay-type":"","overlay-color":"","overlay-opacity":"","overlay-gradient":""}}},"product_brand":[],"product_cat":[397,628,549],"product_tag":[],"class_list":{"0":"post-77106","1":"product","2":"type-product","3":"status-publish","4":"has-post-thumbnail","6":"product_cat-hash-cbd","7":"product_cat-nuevas-moleculas","8":"product_cat-sativanol","9":"desktop-align-center","10":"tablet-align-center","11":"mobile-align-center","13":"first","14":"instock","15":"taxable","16":"shipping-taxable","17":"purchasable","18":"product-type-variable"},"acf":[],"yoast_head":"<!-- This site is optimized with the Yoast SEO Premium plugin v27.3 (Yoast SEO v27.3) - https:\/\/yoast.com\/product\/yoast-seo-premium-wordpress\/ -->\n<title>Space Hash Piatella STV: hach\u00eds sin THC | Iguana Smoke<\/title>\n<meta name=\"description\" content=\"Experimenta la calidad del Space Hash Piatella STV de Iguana Smoke. Es un producto premium perfecto para quienes buscan lo mejor. \u00a1Adquiere el tuyo!\" \/>\n<meta name=\"robots\" content=\"index, follow, max-snippet:-1, max-image-preview:large, max-video-preview:-1\" \/>\n<link rel=\"canonical\" href=\"https:\/\/iguanasmoke.com\/pt\/produto\/space-hash-piatella-stv-sativanol\/\" \/>\n<meta property=\"og:locale\" content=\"pt_PT\" \/>\n<meta property=\"og:type\" content=\"article\" \/>\n<meta property=\"og:title\" content=\"Space Hash Piatella STV (Sativanol)\" \/>\n<meta property=\"og:description\" content=\"\u00a0Prueba el Space Hash Piatella STV 30%, enriquecido con STV(Sativanol), aporta claridad y euforia ligera:   STV: 30%, garantizando una alta intensidad.  Color rubio claro  Aroma con un toque especiado que recuerda a las resinas tradicionales.  100% legal en Europa - menos del 0,3% THC.  An\u00e1lisis de calidad: pincha\u00a0aqu\u00ed\" \/>\n<meta property=\"og:url\" content=\"https:\/\/iguanasmoke.com\/pt\/produto\/space-hash-piatella-stv-sativanol\/\" \/>\n<meta property=\"og:site_name\" content=\"Iguana Smoke\" \/>\n<meta property=\"article:publisher\" content=\"https:\/\/www.facebook.com\/iguanasmoke\" \/>\n<meta property=\"article:modified_time\" content=\"2026-03-26T08:05:42+00:00\" \/>\n<meta property=\"og:image\" content=\"https:\/\/iguanasmoke.com\/wp-content\/uploads\/2026\/02\/Space-Hash-Piatella-2g-con-resina.webp\" \/>\n\t<meta property=\"og:image:width\" content=\"1000\" \/>\n\t<meta property=\"og:image:height\" content=\"1000\" \/>\n\t<meta property=\"og:image:type\" content=\"image\/webp\" \/>\n<meta name=\"twitter:card\" content=\"summary_large_image\" \/>\n<meta name=\"twitter:label1\" content=\"Disponibilidade\" \/>\n\t<meta name=\"twitter:data1\" content=\"Em stock\" \/>\n<meta property=\"product:brand\" content=\"variable\" \/>\n<meta property=\"og:availability\" content=\"instock\" \/>\n<meta property=\"product:availability\" content=\"instock\" \/>\n<meta property=\"product:condition\" content=\"new\" \/>\n<!-- \/ Yoast SEO Premium plugin. -->","yoast_head_json":{"title":"Space Hash Piatella STV: Haxixe sem THC : Iguana Smoke","description":"Experimenta a qualidade do Space Hash Piatella STV da Iguana Smoke. \u00c9 um produto premium perfeito para quem procura o melhor - adquira o seu!","robots":{"index":"index","follow":"follow","max-snippet":"max-snippet:-1","max-image-preview":"max-image-preview:large","max-video-preview":"max-video-preview:-1"},"canonical":"https:\/\/iguanasmoke.com\/pt\/produto\/space-hash-piatella-stv-sativanol\/","og_locale":"pt_PT","og_type":"article","og_title":"Space Hash Piatella STV (Sativanol)","og_description":"\u00a0Prueba el Space Hash Piatella STV 30%, enriquecido con STV(Sativanol), aporta claridad y euforia ligera:   STV: 30%, garantizando una alta intensidad.  Color rubio claro  Aroma con un toque especiado que recuerda a las resinas tradicionales.  100% legal en Europa - menos del 0,3% THC.  An\u00e1lisis de calidad: pincha\u00a0aqu\u00ed","og_url":"https:\/\/iguanasmoke.com\/pt\/produto\/space-hash-piatella-stv-sativanol\/","og_site_name":"Iguana Smoke","article_publisher":"https:\/\/www.facebook.com\/iguanasmoke","article_modified_time":"2026-03-26T08:05:42+00:00","og_image":[{"width":1000,"height":1000,"url":"https:\/\/iguanasmoke.com\/wp-content\/uploads\/2026\/02\/Space-Hash-Piatella-2g-con-resina.webp","type":"image\/webp"}],"twitter_card":"summary_large_image","twitter_misc":{"Disponibilidade":"Em stock"},"schema":{"@context":"https:\/\/schema.org","@graph":[{"@type":"WebPage","@id":"https:\/\/iguanasmoke.com\/producto\/space-hash-piatella-stv-sativanol\/","url":"https:\/\/iguanasmoke.com\/producto\/space-hash-piatella-stv-sativanol\/","name":"Space Hash Piatella STV: Haxixe sem THC : Iguana Smoke","isPartOf":{"@id":"https:\/\/iguanasmoke.com\/#website"},"primaryImageOfPage":{"@id":"https:\/\/iguanasmoke.com\/producto\/space-hash-piatella-stv-sativanol\/#primaryimage"},"image":{"@id":"https:\/\/iguanasmoke.com\/producto\/space-hash-piatella-stv-sativanol\/#primaryimage"},"thumbnailUrl":"https:\/\/iguanasmoke.com\/wp-content\/uploads\/2026\/02\/Space-Hash-Piatella-2g-con-resina.webp","datePublished":"2026-02-06T13:26:10+00:00","dateModified":"2026-03-26T08:05:42+00:00","description":"Experimenta a qualidade do Space Hash Piatella STV da Iguana Smoke. \u00c9 um produto premium perfeito para quem procura o melhor - adquira o seu!","breadcrumb":{"@id":"https:\/\/iguanasmoke.com\/producto\/space-hash-piatella-stv-sativanol\/#breadcrumb"},"inLanguage":"pt-PT","potentialAction":[{"@type":"ReadAction","target":["https:\/\/iguanasmoke.com\/producto\/space-hash-piatella-stv-sativanol\/"]}]},{"@type":"ImageObject","inLanguage":"pt-PT","@id":"https:\/\/iguanasmoke.com\/producto\/space-hash-piatella-stv-sativanol\/#primaryimage","url":"https:\/\/iguanasmoke.com\/wp-content\/uploads\/2026\/02\/Space-Hash-Piatella-2g-con-resina.webp","contentUrl":"https:\/\/iguanasmoke.com\/wp-content\/uploads\/2026\/02\/Space-Hash-Piatella-2g-con-resina.webp","width":1000,"height":1000,"caption":"Space Hash Piatella STV 2 g con bote nueva pegatina"},{"@type":"BreadcrumbList","@id":"https:\/\/iguanasmoke.com\/producto\/space-hash-piatella-stv-sativanol\/#breadcrumb","itemListElement":[{"@type":"ListItem","position":1,"name":"home","item":"https:\/\/iguanasmoke.com\/"},{"@type":"ListItem","position":2,"name":"Tienda","item":"https:\/\/iguanasmoke.com\/tienda\/"},{"@type":"ListItem","position":3,"name":"Nuevas Mol\u00e9culas","item":"https:\/\/iguanasmoke.com\/categoria\/nuevas-moleculas\/"},{"@type":"ListItem","position":4,"name":"Space Hash Piatella STV (Sativanol)"}]},{"@type":"WebSite","@id":"https:\/\/iguanasmoke.com\/#website","url":"https:\/\/iguanasmoke.com\/","name":"Fumo de Iguana","description":"Comprar CBD online ao melhor pre\u00e7o","publisher":{"@id":"https:\/\/iguanasmoke.com\/#organization"},"potentialAction":[{"@type":"SearchAction","target":{"@type":"EntryPoint","urlTemplate":"https:\/\/iguanasmoke.com\/?s={search_term_string}"},"query-input":{"@type":"PropertyValueSpecification","valueRequired":true,"valueName":"search_term_string"}}],"inLanguage":"pt-PT"},{"@type":"Organization","@id":"https:\/\/iguanasmoke.com\/#organization","name":"Fumo de Iguana","url":"https:\/\/iguanasmoke.com\/","logo":{"@type":"ImageObject","inLanguage":"pt-PT","@id":"https:\/\/iguanasmoke.com\/#\/schema\/logo\/image\/","url":"https:\/\/iguanasmoke.com\/wp-content\/uploads\/2025\/01\/logoiguana-favi-1.png","contentUrl":"https:\/\/iguanasmoke.com\/wp-content\/uploads\/2025\/01\/logoiguana-favi-1.png","width":512,"height":512,"caption":"Iguana Smoke"},"image":{"@id":"https:\/\/iguanasmoke.com\/#\/schema\/logo\/image\/"},"sameAs":["https:\/\/www.facebook.com\/iguanasmoke","https:\/\/www.instagram.com\/iguanasmoke\/"]}]},"product_brand":"variable","og_availability":"instock","product_availability":"instock","product_condition":"new"},"_links":{"self":[{"href":"https:\/\/iguanasmoke.com\/pt\/wp-json\/wp\/v2\/product\/77106","targetHints":{"allow":["GET"]}}],"collection":[{"href":"https:\/\/iguanasmoke.com\/pt\/wp-json\/wp\/v2\/product"}],"about":[{"href":"https:\/\/iguanasmoke.com\/pt\/wp-json\/wp\/v2\/types\/product"}],"replies":[{"embeddable":true,"href":"https:\/\/iguanasmoke.com\/pt\/wp-json\/wp\/v2\/comments?post=77106"}],"wp:featuredmedia":[{"embeddable":true,"href":"https:\/\/iguanasmoke.com\/pt\/wp-json\/wp\/v2\/media\/77110"}],"wp:attachment":[{"href":"https:\/\/iguanasmoke.com\/pt\/wp-json\/wp\/v2\/media?parent=77106"}],"wp:term":[{"taxonomy":"product_brand","embeddable":true,"href":"https:\/\/iguanasmoke.com\/pt\/wp-json\/wp\/v2\/product_brand?post=77106"},{"taxonomy":"product_cat","embeddable":true,"href":"https:\/\/iguanasmoke.com\/pt\/wp-json\/wp\/v2\/product_cat?post=77106"},{"taxonomy":"product_tag","embeddable":true,"href":"https:\/\/iguanasmoke.com\/pt\/wp-json\/wp\/v2\/product_tag?post=77106"}],"curies":[{"name":"wp","href":"https:\/\/api.w.org\/{rel}","templated":true}]}}