{"id":81154,"date":"2026-03-13T14:50:45","date_gmt":"2026-03-13T13:50:45","guid":{"rendered":"https:\/\/iguanasmoke.com\/?post_type=product&#038;p=81154"},"modified":"2026-03-19T13:09:14","modified_gmt":"2026-03-19T12:09:14","slug":"flor-10-oh-gelato-space-flowers","status":"publish","type":"product","link":"https:\/\/iguanasmoke.com\/pt\/producto\/flor-10-oh-gelato-space-flowers\/","title":{"rendered":"10-OH Gelato Espa\u00e7o Flores"},"content":{"rendered":"<h1 data-start=\"1609\" data-end=\"1642\"><span style=\"font-weight: 400;\">Flor 10-OH Gelato <\/span><span style=\"font-weight: 400;\">Flores do espa\u00e7o<\/span><\/h1>\n<p data-start=\"549\" data-end=\"976\"><span style=\"font-weight: 400;\">Se pretende comprar flores 10-OH da mais alta qualidade online, a <strong>10-OH Gelato Espa\u00e7o Flores <\/strong>es la opci\u00f3n perfecta para quienes valoran cogollos con gran presencia, aroma intenso y est\u00e9tica premium. Esta variedad,<strong> enriquecido com a mol\u00e9cula 10-OH<\/strong> destaca dentro del mercado de cogollos 10-OH y va un paso m\u00e1s all\u00e1 en funcionalidad gracias a su estructura compacta.<\/span><\/p>\n<p data-start=\"549\" data-end=\"976\"><span style=\"font-weight: 400;\">Gra\u00e7as \u00e0 sua <strong>agricultura biol\u00f3gica sem pesticidas<\/strong>, curada de forma natural y con una est\u00e9tica resinosamente compacta, la flor 10-OH Gelato es perfecta para quienes desean una flor potente, limpia y con un efecto equilibrado, similar a los cogollos cl\u00e1sicos del cannabis pero sin efectos psicoactivos del THC.\u00a0 Por eso, muchas personas optan por<strong> comprar flores 10-OH<\/strong> porque esta flor \u00e9 uma alternativa legal aos bot\u00f5es de marijuana.<\/span><\/p>\n<p data-start=\"549\" data-end=\"976\"><span style=\"font-weight: 400;\"> Em <strong>Fumo de Iguana<\/strong>, seleccionamos cuidadosamente cada lote para lhe oferecer uma <strong>Gelato 10-OH <\/strong><\/span><span style=\"font-weight: 400;\"><b>impressionante<\/b>, Concebido para os verdadeiros amantes das flores.<\/span><\/p>\n<p>&nbsp;<\/p>\n<h2 data-section-id=\"gmpuro\" data-start=\"837\" data-end=\"870\">Como \u00e9 a Flor de Gelato 10-OH?<\/h2>\n<p><span style=\"font-weight: 400;\">Esta Flor CBD se ha convertido en una opci\u00f3n muy buscada para quienes quieren <strong>comprar bot\u00f5es de CBD de alta qualidade online<\/strong>. E n\u00e3o \u00e9 por acaso, pois esta variedade destaca-se pela sua <strong>poderoso aroma doce <\/strong>e a sua <strong>perfil de terpenos<\/strong> carater\u00edstica da Flor Gelato. <\/span><\/p>\n<ul>\n<li><span style=\"font-weight: 400;\"><strong>Tipo e percentagem de CBD:<\/strong> Esta flor es dominante Sativa y contiene 15% CBD y est\u00e1 enriquecida con 10-OH.<\/span><\/li>\n<li><span style=\"font-weight: 400;\"><strong>Apar\u00eancia<\/strong>: bot\u00f5es <\/span><span style=\"font-weight: 400;\">densos color verde intenso y\u00a0pistilos anaranjados<strong style=\"font-weight: 400;\">;\u00a0<\/strong>con una capa resinosa que recuerda a la flor de cannabis.<\/span><\/li>\n<li><span style=\"font-weight: 400;\"><strong>Aroma<\/strong>Mistura cremosa com notas c\u00edtricas e sugest\u00f5es terrosas, perfeita para os amantes de aromas intensos.\u00a0<\/span><\/li>\n<li><span style=\"font-weight: 400;\"><strong>Origem<\/strong>: vem de um <strong>gen\u00e9tica<\/strong> <strong>selecionado<\/strong> para maximizar o CBD e preservar <strong>a alma do Gelato original<\/strong>. Uma flor CBD legal, cultivada de forma sustent\u00e1vel e com rastreabilidade garantida. <\/span><\/li>\n<\/ul>\n<p><span style=\"font-weight: 400;\">O <strong>As flores 10-OH est\u00e3o a tornar-se cada vez mais populares<\/strong> pois s\u00e3o visualmente reminiscentes do <strong>bot\u00f5es de marijuana tradicionais<\/strong>. Al\u00e9m disso, nos pa\u00edses onde a can\u00e1bis \u00e9 legal, alguns utilizadores <strong>relatam sensa\u00e7\u00f5es que podem lembr\u00e1-los de<\/strong> aos associados ao THC ou \u00e0 marijuana.\u00a0<\/span><\/p>\n<p>&nbsp;<\/p>\n<h2><strong>Guia r\u00e1pido para escolher os bot\u00f5es 10-OH certos<\/strong><\/h2>\n<ul>\n<li><span style=\"font-weight: 400;\">Verificar o teor de CBD e THC. <\/span><\/li>\n<li><span style=\"font-weight: 400;\">Optar por marcas fi\u00e1veis e transparentes<\/span><\/li>\n<li>Verificar o aspeto dos rebentos<\/li>\n<li><span style=\"font-weight: 400;\">Verificar as certifica\u00e7\u00f5es e os controlos de qualidade <\/span><\/li>\n<li><span style=\"font-weight: 400;\">Ver coment\u00e1rios reais de clientes <\/span><\/li>\n<\/ul>\n<p><span style=\"font-weight: 400;\">Em <strong>Fumo de Iguana<\/strong>, a nossa comunidade \u00e9 a melhor garantia de confian\u00e7a. N\u00e3o perca a nossa <strong>10-OH Gelato Espa\u00e7o Flores<\/strong><strong>\u00a0<\/strong>mais aut\u00eantico.<\/span><\/p>\n<p>&nbsp;<\/p>\n<p>&nbsp;<\/p>\n<h2 data-start=\"1548\" data-end=\"1601\">Porqu\u00ea comprar <span style=\"font-weight: 400;\"><strong>Flor 10-OH Gelato <\/strong><\/span>em Fumo de Iguana?<\/h2>\n<p data-start=\"2504\" data-end=\"2696\"><span style=\"font-weight: 400;\">Se est\u00e1 a pensar onde comprar flores 10-OH online, na Iguana Smoke damos-lhe v\u00e1rias raz\u00f5es para o fazer connosco: <\/span><\/p>\n<ol>\n<li style=\"list-style-type: none;\">\n<ol>\n<li data-start=\"2504\" data-end=\"2696\"><span style=\"font-weight: 400;\">\u2705 <strong>Flores CBD de qualidade superior e econ\u00f3micas:<\/strong> qualidade superior a pre\u00e7os justos.<\/span><\/li>\n<li data-start=\"2504\" data-end=\"2696\"><span style=\"font-weight: 400;\">\u2705 <strong>Agricultura biol\u00f3gica:<\/strong> sem pesticidas, sem produtos qu\u00edmicos, sem OGM<\/span><\/li>\n<li data-start=\"2504\" data-end=\"2696\"><span style=\"font-weight: 400;\">\u2705 <strong>Sele\u00e7\u00e3o de variedades populares<\/strong>\u00a0como Gelato, Amnesia e Gorilla Glue<\/span><\/li>\n<li data-start=\"2504\" data-end=\"2696\"><span style=\"font-weight: 400;\">\u2705 <strong>Teor de THC &lt;0,3%:<\/strong> legal 100% em Espanha e na Europa<\/span><\/li>\n<li data-start=\"2504\" data-end=\"2696\"><span style=\"font-weight: 400;\">\u2705 <strong>Entrega r\u00e1pida e discreta:<\/strong> em 24\/48 horas tem-no em casa<\/span><\/li>\n<li data-start=\"2504\" data-end=\"2696\"><span style=\"font-weight: 400;\"> \u2705 <strong>Plataforma de pagamento segura<\/strong><\/span><\/li>\n<li data-start=\"2504\" data-end=\"2696\"><span style=\"font-weight: 400;\">\u2705 <strong>Especialistas em produtos CBD<\/strong>: <strong><a href=\"https:\/\/iguanasmoke.com\/pt\/categoria\/haxixe-cbd\/\">Resinas<\/a><\/strong>, <a href=\"https:\/\/iguanasmoke.com\/pt\/categoria\/oleo-de-cbd\/\"><strong>\u00d3leos<\/strong><\/a>, <a href=\"https:\/\/iguanasmoke.com\/pt\/categoria\/pop-corn-cbd-cbd-pequenos-botoes-cbd-mini-botoes-cbd\/\"><strong>Milho para pipocas<\/strong><\/a>, <a href=\"https:\/\/iguanasmoke.com\/pt\/categoria\/extractos-de-cbd\/\"><strong>Extractos<\/strong><\/a>, <a href=\"https:\/\/iguanasmoke.com\/pt\/categoria\/cigarro-de-cbd\/\"><strong>Vapers<\/strong> <\/a>e muito mais<\/span><\/li>\n<\/ol>\n<\/li>\n<\/ol>\n<p><span style=\"font-weight: 400;\">Al\u00e9m disso, todas as nossas flores de CBD s\u00e3o<strong> aprovado pela UE<\/strong>, Garantimos a sua legalidade e seguran\u00e7a. Dispomos de<a href=\"https:\/\/iguanasmoke.com\/pt\/analiticas\/\"><strong> relat\u00f3rios de laborat\u00f3rios independentes<\/strong><\/a> para verificar a sua qualidade e rastreabilidade. <\/span><\/p>\n<p><span style=\"font-weight: 400;\">J\u00e1 experimentou o nosso <strong style=\"font-weight: 400;\"><a href=\"https:\/\/iguanasmoke.com\/pt\/produto\/flor-10-oh-gorila-cola-flores-do-espaco\/\">Flor 10-OH Cola de Gorila<\/a><\/strong>, nosso <a style=\"font-weight: 400;\" href=\"https:\/\/iguanasmoke.com\/pt\/categoria\/novas-moleculas\/\"><strong>Vapers 10-OH <\/strong><\/a>ou o nosso <a style=\"font-weight: 400;\" href=\"https:\/\/iguanasmoke.com\/pt\/produto\/espaco-hash-dry-sift-10-oh\/\"><strong>Espa\u00e7o Hash Dry Sift 10-OH<\/strong><\/a>? N\u00e3o perca a <strong><a href=\"https:\/\/iguanasmoke.com\/pt\/categoria\/cbd\/pronto-para-rolar\/\">CBD Flower Bites mais premium<\/a><\/strong> ou o <a style=\"font-weight: 400;\" href=\"https:\/\/iguanasmoke.com\/pt\/categoria\/pop-corn-cbd-cbd-pequenos-botoes-cbd-mini-botoes-cbd\/\"><strong>Pequenos bot\u00f5es CBD - Pop Corn<\/strong><\/a> mais famoso do mercado.<\/span><\/p>\n<p>&nbsp;<\/p>\n<h3><b>Iguana Smoke \u00e9 a sua loja online legal de canabin\u00f3ides\u00a0<\/b><\/h3>\n<p><span style=\"font-weight: 400;\">Em<strong> Fumo de Iguana<\/strong>, Acreditamos que desfrutar do CBD deve ser uma experi\u00eancia segura. \u00c9 por isso que temos produtos como este <strong>Flor 10-OH Gelato <\/strong><strong>Flores do espa\u00e7o<\/strong>, A marca liga-se \u00e0s novas gera\u00e7\u00f5es: pessoas que procuram um bem-estar descomplicado, com marcas aut\u00eanticas e fi\u00e1veis. <\/span><\/p>\n<p><span style=\"font-weight: 400;\">A nossa miss\u00e3o \u00e9 clara:<strong> trazer-lhe o melhor do mundo do CBD a um pre\u00e7o justo<\/strong>. Al\u00e9m disso, damos-lhe a tranquilidade de saber que est\u00e1 a escolher um <strong>produto certificado, eficaz e legal 100%<\/strong>. Mergulhe de cabe\u00e7a; compre hoje a sua CBD Flower e leve a sua experi\u00eancia para outro n\u00edvel.\u00a0<\/span><\/p>\n<p>Ainda tem d\u00favidas? Escreva-nos e teremos todo o gosto em ajud\u00e1-lo a encontrar o produto certo para si.<\/p>\n<p>&nbsp;<\/p>\n<p>&nbsp;<\/p>\n<h6>\u2139\ufe0f<strong> Informa\u00e7\u00e3o jur\u00eddica<\/strong><\/h6>\n<p><em><span style=\"font-weight: 400;\">*Produto destinado a cole\u00e7\u00e3o ou aromaterapia, de acordo com a legisla\u00e7\u00e3o espanhola em vigor. <\/span><\/em><\/p>\n<p><em><span style=\"font-weight: 400;\">**Derivado de c\u00e2nhamo industrial certificado. Cont\u00e9m menos de 0,3 THC e n\u00e3o cont\u00e9m canabin\u00f3ides ilegais como HHC, HHC-P, THCP, THCP-O, H4CBD ou subst\u00e2ncias enumeradas no Anexo I do Decreto Real 2829\/1977, nem subst\u00e2ncias controladas por conven\u00e7\u00f5es internacionais.\u00a0\u00a0<\/span><\/em><\/p>","protected":false},"excerpt":{"rendered":"<p><span style=\"font-weight: 400;\">Esta Flor 10-OH destaca por sus tonos c\u00edtricos y frescos, creando una experiencia olfativa memorable:<\/span><\/p>\n<ul>\n<li>Flor de CBD de qualidade superior enriquecida com 10-OH<\/li>\n<li>THC: &lt;0,3%<\/li>\n<li>Aroma picante, doce e \u00e1cido<\/li>\n<li>100% legal Espanha e Europa<\/li>\n<\/ul>\n<p><span style=\"font-weight: 400;\">Consulta<strong> <a href=\"https:\/\/iguanasmoke.com\/pt\/analiticas\/\">an\u00e1lises laboratoriais.<\/a><\/strong><\/span><\/p>","protected":false},"featured_media":81164,"comment_status":"open","ping_status":"closed","template":"","meta":{"_acf_changed":false,"site-sidebar-layout":"default","site-content-layout":"","ast-site-content-layout":"default","site-content-style":"default","site-sidebar-style":"default","ast-global-header-display":"","ast-banner-title-visibility":"","ast-main-header-display":"","ast-hfb-above-header-display":"","ast-hfb-below-header-display":"","ast-hfb-mobile-header-display":"","site-post-title":"","ast-breadcrumbs-content":"","ast-featured-img":"","footer-sml-layout":"","theme-transparent-header-meta":"default","adv-header-id-meta":"","stick-header-meta":"","header-above-stick-meta":"","header-main-stick-meta":"","header-below-stick-meta":"","astra-migrate-meta-layouts":"set","ast-page-background-enabled":"default","ast-page-background-meta":{"desktop":{"background-color":"var(--ast-global-color-4)","background-image":"","background-repeat":"repeat","background-position":"center center","background-size":"auto","background-attachment":"scroll","background-type":"","background-media":"","overlay-type":"","overlay-color":"","overlay-opacity":"","overlay-gradient":""},"tablet":{"background-color":"","background-image":"","background-repeat":"repeat","background-position":"center center","background-size":"auto","background-attachment":"scroll","background-type":"","background-media":"","overlay-type":"","overlay-color":"","overlay-opacity":"","overlay-gradient":""},"mobile":{"background-color":"","background-image":"","background-repeat":"repeat","background-position":"center center","background-size":"auto","background-attachment":"scroll","background-type":"","background-media":"","overlay-type":"","overlay-color":"","overlay-opacity":"","overlay-gradient":""}},"ast-content-background-meta":{"desktop":{"background-color":"var(--ast-global-color-5)","background-image":"","background-repeat":"repeat","background-position":"center center","background-size":"auto","background-attachment":"scroll","background-type":"","background-media":"","overlay-type":"","overlay-color":"","overlay-opacity":"","overlay-gradient":""},"tablet":{"background-color":"var(--ast-global-color-5)","background-image":"","background-repeat":"repeat","background-position":"center center","background-size":"auto","background-attachment":"scroll","background-type":"","background-media":"","overlay-type":"","overlay-color":"","overlay-opacity":"","overlay-gradient":""},"mobile":{"background-color":"var(--ast-global-color-5)","background-image":"","background-repeat":"repeat","background-position":"center center","background-size":"auto","background-attachment":"scroll","background-type":"","background-media":"","overlay-type":"","overlay-color":"","overlay-opacity":"","overlay-gradient":""}}},"product_brand":[],"product_cat":[550,990,628],"product_tag":[],"class_list":{"0":"post-81154","1":"product","2":"type-product","3":"status-publish","4":"has-post-thumbnail","6":"product_cat-10oh","7":"product_cat-flores-10-oh","8":"product_cat-nuevas-moleculas","9":"desktop-align-center","10":"tablet-align-center","11":"mobile-align-center","13":"first","14":"instock","15":"taxable","16":"shipping-taxable","17":"purchasable","18":"product-type-variable"},"acf":[],"yoast_head":"<!-- This site is optimized with the Yoast SEO Premium plugin v27.3 (Yoast SEO v27.3) - https:\/\/yoast.com\/product\/yoast-seo-premium-wordpress\/ -->\n<title>Flor 10-OH Gelato Space Flowers: Compra flores 10-OH | Iguana Smoke<\/title>\n<meta name=\"description\" content=\"Comprar la Flor 10-OH Gelato Space Flowers: Cogollos 10-OH con aroma dulce y apariencia resinosa tipo cannabis. Alternativa legal a cogollos de marihuana.\" \/>\n<meta name=\"robots\" content=\"index, follow, max-snippet:-1, max-image-preview:large, max-video-preview:-1\" \/>\n<link rel=\"canonical\" href=\"https:\/\/iguanasmoke.com\/pt\/produto\/flor-10-oh-gelato-space-flowers\/\" \/>\n<meta property=\"og:locale\" content=\"pt_PT\" \/>\n<meta property=\"og:type\" content=\"article\" \/>\n<meta property=\"og:title\" content=\"Flor 10-OH Gelato Space Flowers\" \/>\n<meta property=\"og:description\" content=\"Esta Flor 10-OH destaca por sus tonos c\u00edtricos y frescos, creando una experiencia olfativa memorable:   Flor CBD premium enriquecida con 10-OH  THC: &lt;0,3%  Aroma penetrante y agridulce  100% legal Espa\u00f1a y Europa  Consulta el an\u00e1lisis de laboratorio.\" \/>\n<meta property=\"og:url\" content=\"https:\/\/iguanasmoke.com\/pt\/produto\/flor-10-oh-gelato-space-flowers\/\" \/>\n<meta property=\"og:site_name\" content=\"Iguana Smoke\" \/>\n<meta property=\"article:publisher\" content=\"https:\/\/www.facebook.com\/iguanasmoke\" \/>\n<meta property=\"article:modified_time\" content=\"2026-03-19T12:09:14+00:00\" \/>\n<meta property=\"og:image\" content=\"https:\/\/iguanasmoke.com\/wp-content\/uploads\/2026\/03\/Space-Flowers-Gelato-5g-10-OH-con-cogollo.webp\" \/>\n\t<meta property=\"og:image:width\" content=\"1000\" \/>\n\t<meta property=\"og:image:height\" content=\"1000\" \/>\n\t<meta property=\"og:image:type\" content=\"image\/webp\" \/>\n<meta name=\"twitter:card\" content=\"summary_large_image\" \/>\n<meta name=\"twitter:label1\" content=\"Disponibilidade\" \/>\n\t<meta name=\"twitter:data1\" content=\"Em stock\" \/>\n<meta property=\"product:brand\" content=\"variable\" \/>\n<meta property=\"og:availability\" content=\"instock\" \/>\n<meta property=\"product:availability\" content=\"instock\" \/>\n<meta property=\"product:condition\" content=\"new\" \/>\n<!-- \/ Yoast SEO Premium plugin. -->","yoast_head_json":{"title":"Flor 10-OH Gelato Space Flowers: Compra flores 10-OH | Iguana Smoke","description":"Comprar la Flor 10-OH Gelato Space Flowers: Cogollos 10-OH con aroma dulce y apariencia resinosa tipo cannabis. Alternativa legal a cogollos de marihuana.","robots":{"index":"index","follow":"follow","max-snippet":"max-snippet:-1","max-image-preview":"max-image-preview:large","max-video-preview":"max-video-preview:-1"},"canonical":"https:\/\/iguanasmoke.com\/pt\/produto\/flor-10-oh-gelato-space-flowers\/","og_locale":"pt_PT","og_type":"article","og_title":"Flor 10-OH Gelato Space Flowers","og_description":"Esta Flor 10-OH destaca por sus tonos c\u00edtricos y frescos, creando una experiencia olfativa memorable:   Flor CBD premium enriquecida con 10-OH  THC: &lt;0,3%  Aroma penetrante y agridulce  100% legal Espa\u00f1a y Europa  Consulta el an\u00e1lisis de laboratorio.","og_url":"https:\/\/iguanasmoke.com\/pt\/produto\/flor-10-oh-gelato-space-flowers\/","og_site_name":"Iguana Smoke","article_publisher":"https:\/\/www.facebook.com\/iguanasmoke","article_modified_time":"2026-03-19T12:09:14+00:00","og_image":[{"width":1000,"height":1000,"url":"https:\/\/iguanasmoke.com\/wp-content\/uploads\/2026\/03\/Space-Flowers-Gelato-5g-10-OH-con-cogollo.webp","type":"image\/webp"}],"twitter_card":"summary_large_image","twitter_misc":{"Disponibilidade":"Em stock"},"schema":{"@context":"https:\/\/schema.org","@graph":[{"@type":"WebPage","@id":"https:\/\/iguanasmoke.com\/producto\/flor-10-oh-gelato-space-flowers\/","url":"https:\/\/iguanasmoke.com\/producto\/flor-10-oh-gelato-space-flowers\/","name":"Flor 10-OH Gelato Space Flowers: Compra flores 10-OH | Iguana Smoke","isPartOf":{"@id":"https:\/\/iguanasmoke.com\/#website"},"primaryImageOfPage":{"@id":"https:\/\/iguanasmoke.com\/producto\/flor-10-oh-gelato-space-flowers\/#primaryimage"},"image":{"@id":"https:\/\/iguanasmoke.com\/producto\/flor-10-oh-gelato-space-flowers\/#primaryimage"},"thumbnailUrl":"https:\/\/iguanasmoke.com\/wp-content\/uploads\/2026\/03\/Space-Flowers-Gelato-5g-10-OH-con-cogollo.webp","datePublished":"2026-03-13T13:50:45+00:00","dateModified":"2026-03-19T12:09:14+00:00","description":"Comprar la Flor 10-OH Gelato Space Flowers: Cogollos 10-OH con aroma dulce y apariencia resinosa tipo cannabis. Alternativa legal a cogollos de marihuana.","breadcrumb":{"@id":"https:\/\/iguanasmoke.com\/producto\/flor-10-oh-gelato-space-flowers\/#breadcrumb"},"inLanguage":"pt-PT","potentialAction":[{"@type":"ReadAction","target":["https:\/\/iguanasmoke.com\/producto\/flor-10-oh-gelato-space-flowers\/"]}]},{"@type":"ImageObject","inLanguage":"pt-PT","@id":"https:\/\/iguanasmoke.com\/producto\/flor-10-oh-gelato-space-flowers\/#primaryimage","url":"https:\/\/iguanasmoke.com\/wp-content\/uploads\/2026\/03\/Space-Flowers-Gelato-5g-10-OH-con-cogollo.webp","contentUrl":"https:\/\/iguanasmoke.com\/wp-content\/uploads\/2026\/03\/Space-Flowers-Gelato-5g-10-OH-con-cogollo.webp","width":1000,"height":1000,"caption":"cogollos 10-OH gelato flor 10-OH 5g"},{"@type":"BreadcrumbList","@id":"https:\/\/iguanasmoke.com\/producto\/flor-10-oh-gelato-space-flowers\/#breadcrumb","itemListElement":[{"@type":"ListItem","position":1,"name":"home","item":"https:\/\/iguanasmoke.com\/"},{"@type":"ListItem","position":2,"name":"Tienda","item":"https:\/\/iguanasmoke.com\/tienda\/"},{"@type":"ListItem","position":3,"name":"Flores 10-OH","item":"https:\/\/iguanasmoke.com\/categoria\/flores-10-oh\/"},{"@type":"ListItem","position":4,"name":"Flor 10-OH Gelato Space Flowers"}]},{"@type":"WebSite","@id":"https:\/\/iguanasmoke.com\/#website","url":"https:\/\/iguanasmoke.com\/","name":"Fumo de Iguana","description":"Comprar CBD online ao melhor pre\u00e7o","publisher":{"@id":"https:\/\/iguanasmoke.com\/#organization"},"potentialAction":[{"@type":"SearchAction","target":{"@type":"EntryPoint","urlTemplate":"https:\/\/iguanasmoke.com\/?s={search_term_string}"},"query-input":{"@type":"PropertyValueSpecification","valueRequired":true,"valueName":"search_term_string"}}],"inLanguage":"pt-PT"},{"@type":"Organization","@id":"https:\/\/iguanasmoke.com\/#organization","name":"Fumo de Iguana","url":"https:\/\/iguanasmoke.com\/","logo":{"@type":"ImageObject","inLanguage":"pt-PT","@id":"https:\/\/iguanasmoke.com\/#\/schema\/logo\/image\/","url":"https:\/\/iguanasmoke.com\/wp-content\/uploads\/2025\/01\/logoiguana-favi-1.png","contentUrl":"https:\/\/iguanasmoke.com\/wp-content\/uploads\/2025\/01\/logoiguana-favi-1.png","width":512,"height":512,"caption":"Iguana Smoke"},"image":{"@id":"https:\/\/iguanasmoke.com\/#\/schema\/logo\/image\/"},"sameAs":["https:\/\/www.facebook.com\/iguanasmoke","https:\/\/www.instagram.com\/iguanasmoke\/"]}]},"product_brand":"variable","og_availability":"instock","product_availability":"instock","product_condition":"new"},"_links":{"self":[{"href":"https:\/\/iguanasmoke.com\/pt\/wp-json\/wp\/v2\/product\/81154","targetHints":{"allow":["GET"]}}],"collection":[{"href":"https:\/\/iguanasmoke.com\/pt\/wp-json\/wp\/v2\/product"}],"about":[{"href":"https:\/\/iguanasmoke.com\/pt\/wp-json\/wp\/v2\/types\/product"}],"replies":[{"embeddable":true,"href":"https:\/\/iguanasmoke.com\/pt\/wp-json\/wp\/v2\/comments?post=81154"}],"wp:featuredmedia":[{"embeddable":true,"href":"https:\/\/iguanasmoke.com\/pt\/wp-json\/wp\/v2\/media\/81164"}],"wp:attachment":[{"href":"https:\/\/iguanasmoke.com\/pt\/wp-json\/wp\/v2\/media?parent=81154"}],"wp:term":[{"taxonomy":"product_brand","embeddable":true,"href":"https:\/\/iguanasmoke.com\/pt\/wp-json\/wp\/v2\/product_brand?post=81154"},{"taxonomy":"product_cat","embeddable":true,"href":"https:\/\/iguanasmoke.com\/pt\/wp-json\/wp\/v2\/product_cat?post=81154"},{"taxonomy":"product_tag","embeddable":true,"href":"https:\/\/iguanasmoke.com\/pt\/wp-json\/wp\/v2\/product_tag?post=81154"}],"curies":[{"name":"wp","href":"https:\/\/api.w.org\/{rel}","templated":true}]}}