{"id":83905,"date":"2026-04-10T12:48:49","date_gmt":"2026-04-10T10:48:49","guid":{"rendered":"https:\/\/iguanasmoke.com\/?post_type=product&#038;p=83905"},"modified":"2026-04-10T15:29:53","modified_gmt":"2026-04-10T13:29:53","slug":"space-pop-corn-cogollos-pequenos-10-oh-10g","status":"publish","type":"product","link":"https:\/\/iguanasmoke.com\/pt\/producto\/space-pop-corn-cogollos-pequenos-10-oh-10g\/","title":{"rendered":"Space Pop Corn &#8211; Cogollos peque\u00f1os 10-OH 10g"},"content":{"rendered":"<h1><b>Space Pop Corn &#8211; Cogollos peque\u00f1os 10-OH 10g (Mini buds)<\/b><\/h1>\n<p><span style=\"font-weight: 400;\">Llega la nueva versi\u00f3n mini de <strong>Space Pop Corn 10-OH<\/strong> para aquellos interesados en comprar flores con nuevas mol\u00e9culas. Descubre ahora tus <strong>cogollos peque\u00f1os 10-OH 10g<\/strong> en formato econ\u00f3mico y de gran calidad, con hasta un 12% de CBD y enriquecido con 10-OH. Este formato <strong>Space Pop Corn<\/strong>, tamb\u00e9m conhecido como <strong>Mini buds<\/strong>, oferece um equil\u00edbrio perfeito entre pre\u00e7o, qualidade e conveni\u00eancia para os utilizadores frequentes de CBD.<\/span><\/p>\n<p>&nbsp;<\/p>\n<h2>\u00bfQu\u00e9 son los cogollos peque\u00f1os 10-OH 10g?<\/h2>\n<p><span style=\"font-weight: 400;\">O<strong> cogollos peque\u00f1os 10-OH 10g son flores de tama\u00f1o reducido<\/strong>, em <strong>Fumo de Iguana<\/strong> chamamos-lhes <strong>Pop Corn o Mini Buds<\/strong>. T\u00eam a mesma pot\u00eancia arom\u00e1tica e qualidade que os bot\u00f5es premium, mas com uma <strong>tamanho compacto<\/strong> o que permite oferecer <strong>mais quantidade a um pre\u00e7o melhor<\/strong>, sem comprometer o sabor ou o perfil canabin\u00f3ide.<\/span><\/p>\n<p>&nbsp;<\/p>\n<h2><b>Caracter\u00edsticas de los mini buds:\u00a0<\/b><\/h2>\n<p><span style=\"font-weight: 400;\">O nosso<strong> Space Pop Corn<\/strong> destacan por su estructura densa y bien compactada: son <strong>bot\u00f5es densos e compactos<\/strong>. Sus tonos verdes intensos llenos de <strong>pistilos<\/strong> <strong>laranja<\/strong> hacen que sea un espect\u00e1culo mirarlos, destacando tambi\u00e9n por sus tricomas brillantes. En cada bolsa, encontrar\u00e1s <strong>cogollos peque\u00f1os 10-OH 10g<\/strong> escogidos entre una selecci\u00f3n homog\u00e9nea de flores peque\u00f1as cuidadosamente curadas para garantizar un aroma intenso y una <strong>experi\u00eancia incr\u00edvel<\/strong>.<\/span><\/p>\n<p>&nbsp;<\/p>\n<h2><b>Aroma e perfil de terpenos<\/b><\/h2>\n<p><span style=\"font-weight: 400;\">O <strong>Mini buds 10-OH de Iguana Smoke<\/strong> oferecem um perfil olfativo complexo e profundamente apelativo. Encontrar\u00e1 uma mistura equilibrada de:<\/span><\/p>\n<ul>\n<li><em><span style=\"font-weight: 400;\">notas dulces frutales<\/span><\/em><\/li>\n<li><em><span style=\"font-weight: 400;\">un toque distintivo herbal<\/span><\/em><\/li>\n<li><em><span style=\"font-weight: 400;\">nuances c\u00edtricas<\/span><\/em><\/li>\n<li><em><span style=\"font-weight: 400;\">um fundo suave em tons de terra<\/span><\/em><\/li>\n<\/ul>\n<p>Um aroma profundo e envolvente, ideal para quem procura flores com personalidade.<\/p>\n<p>&nbsp;<\/p>\n<h2><b>Valoraci\u00f3n general del Space Pop Corn 10-OH<\/b><\/h2>\n<p><span style=\"font-weight: 400;\">O<strong> cogollos peque\u00f1os 10-OH 10g <\/strong>de <strong>Fumo de Iguana<\/strong>, Representam o melhor do mundo do CBD. S\u00e3o uma alternativa perfeita para aqueles que querem <strong>comprar flores CBD online<\/strong> com uma excelente rela\u00e7\u00e3o qualidade\/pre\u00e7o. S\u00e3o flores<strong> legal, seguro e carregado de terpenos<\/strong>, Os novos produtos s\u00e3o ideais para uma utiliza\u00e7\u00e3o ocasional, bem como para consumidores regulares.\u00a0<\/span><\/p>\n<p>&nbsp;<\/p>\n<h2><b>Comprar flores CBD y cogollos peque\u00f1os 10-OH 10g en Iguana Smoke<\/b><\/h2>\n<p><span style=\"font-weight: 400;\">Trabalhamos com agricultores que cultivam can\u00e1bis industrial de forma biol\u00f3gica, <strong>sem pesticidas e produtos qu\u00edmicos geneticamente modificados<\/strong>. Todas as nossas flores prov\u00eam de variedades de <strong><em>Cannabis Sativa<\/em><\/strong> aprovado pela UE e que cont\u00e9m <strong>menos de 0,3% de THC<\/strong>, e por isso s\u00e3o totalmente <strong>legal<\/strong> e n\u00e3o produzem efeitos psicoactivos. <\/span><span style=\"font-weight: 400;\">Al\u00e9m disso, se quiser, pode consultar<strong> <a href=\"https:\/\/iguanasmoke.com\/pt\/analiticas\/\">an\u00e1lises laboratoriais.<\/a>\u00a0<\/strong><\/span><\/p>\n<p><span style=\"font-weight: 400;\">Si te gusta esta flor, te animamos a que descubras otras flores de 10-OH como la <a href=\"https:\/\/iguanasmoke.com\/wp-admin\/post.php?post=81155&amp;action=edit\"><strong>Flor 10-OH Amn\u00e9sia Flores do espa\u00e7o<\/strong><\/a>. E s<\/span><span style=\"font-weight: 400;\">Se pretender explorar outros produtos, consulte a nossa <a href=\"https:\/\/iguanasmoke.com\/pt\/categoria\/haxixe-cbd\/\"><span style=\"text-decoration: underline;\"><strong>Resinas CBD<\/strong><\/span><\/a> o <strong><a href=\"https:\/\/iguanasmoke.com\/pt\/categoria\/novas-moleculas\/10oh\/\">Vapers 10-OH<\/a><\/strong>. <\/span><span style=\"font-weight: 400;\">Explora nuestra variedad y encuentra tus favoritos.<\/span><span style=\"font-weight: 400;\">\u00a0<\/span><\/p>\n<p>Rapidez na entrega, aten\u00e7\u00e3o e uma loja com embalagens discretas e seguras que vai \u00e0 frente, s\u00f3 para si!<\/p>\n<h2><span style=\"color: #ffffff;\">comprar flore<\/span><\/h2>\n<h3><b>Iguana Smoke \u00e9 a sua loja online legal de canabin\u00f3ides\u00a0<\/b><\/h3>\n<p><span style=\"font-weight: 400;\">Em<strong> Fumo de Iguana<\/strong>, Acreditamos que desfrutar do CBD deve ser uma experi\u00eancia segura. \u00c9 por isso que temos produtos como este <strong>Space Pop Corn Cogollos peque\u00f1os 10-OH 10g<\/strong>, A marca liga-se \u00e0s novas gera\u00e7\u00f5es: pessoas que procuram um bem-estar descomplicado, com marcas aut\u00eanticas e fi\u00e1veis. <\/span><\/p>\n<p><span style=\"font-weight: 400;\">A nossa miss\u00e3o \u00e9 clara:<strong> trazer-lhe o melhor do mundo do CBD a um pre\u00e7o justo<\/strong>. Al\u00e9m disso, damos-lhe a tranquilidade de saber que est\u00e1 a escolher um <strong>produto certificado, eficaz e legal 100%<\/strong>. Mergulhe de cabe\u00e7a; compre hoje a sua CBD Flower e leve a sua experi\u00eancia para outro n\u00edvel.\u00a0<\/span><\/p>\n<p>Ainda tem d\u00favidas? Escreva-nos e teremos todo o gosto em ajud\u00e1-lo a encontrar o produto certo para si.<\/p>\n<p>&nbsp;<\/p>\n<h6>\u2139\ufe0f<strong> Informa\u00e7\u00e3o jur\u00eddica<\/strong><\/h6>\n<p><em><span style=\"font-weight: 400;\">*Produto destinado a cole\u00e7\u00e3o ou aromaterapia, de acordo com a legisla\u00e7\u00e3o espanhola em vigor. <\/span><\/em><\/p>\n<p><em><span style=\"font-weight: 400;\">**Derivado de c\u00e2nhamo industrial certificado. Cont\u00e9m menos de 0,3 THC e n\u00e3o cont\u00e9m canabin\u00f3ides ilegais como HHC, HHC-P, THCP, THCP-O, H4CBD ou subst\u00e2ncias enumeradas no Anexo I do Decreto Real 2829\/1977, nem subst\u00e2ncias controladas por conven\u00e7\u00f5es internacionais.\u00a0\u00a0<\/span><\/em><\/p>","protected":false},"excerpt":{"rendered":"<p><span style=\"font-weight: 400;\">Seleccionados cuidadosamente para satisfacer las necesidades arom\u00e1ticas de los consumidores de Flores 10-OH:<\/span><\/p>\n<ul>\n<li style=\"list-style-type: none;\">\n<ul>\n<li>Flor de CBD de qualidade superior enriquecida com a mol\u00e9cula 10-OH<\/li>\n<li>CBD: 12% \/ THC: &lt;0,3%<\/li>\n<li>Cogollos peque\u00f1os (Mini Buds) &#8211; 10g<\/li>\n<li>Aroma c\u00edtrico, con tonos dulces y herbales<\/li>\n<li>100% legal em Espanha e na Europa<\/li>\n<\/ul>\n<\/li>\n<\/ul>\n<p><span style=\"font-weight: 400;\">Consulta<strong> <a href=\"https:\/\/iguanasmoke.com\/pt\/analiticas\/\">an\u00e1lises laboratoriais.<\/a><\/strong><\/span><\/p>","protected":false},"featured_media":83907,"comment_status":"open","ping_status":"closed","template":"","meta":{"_acf_changed":false,"site-sidebar-layout":"default","site-content-layout":"","ast-site-content-layout":"default","site-content-style":"default","site-sidebar-style":"default","ast-global-header-display":"","ast-banner-title-visibility":"","ast-main-header-display":"","ast-hfb-above-header-display":"","ast-hfb-below-header-display":"","ast-hfb-mobile-header-display":"","site-post-title":"","ast-breadcrumbs-content":"","ast-featured-img":"","footer-sml-layout":"","theme-transparent-header-meta":"default","adv-header-id-meta":"","stick-header-meta":"","header-above-stick-meta":"","header-main-stick-meta":"","header-below-stick-meta":"","astra-migrate-meta-layouts":"set","ast-page-background-enabled":"default","ast-page-background-meta":{"desktop":{"background-color":"var(--ast-global-color-4)","background-image":"","background-repeat":"repeat","background-position":"center center","background-size":"auto","background-attachment":"scroll","background-type":"","background-media":"","overlay-type":"","overlay-color":"","overlay-opacity":"","overlay-gradient":""},"tablet":{"background-color":"","background-image":"","background-repeat":"repeat","background-position":"center center","background-size":"auto","background-attachment":"scroll","background-type":"","background-media":"","overlay-type":"","overlay-color":"","overlay-opacity":"","overlay-gradient":""},"mobile":{"background-color":"","background-image":"","background-repeat":"repeat","background-position":"center center","background-size":"auto","background-attachment":"scroll","background-type":"","background-media":"","overlay-type":"","overlay-color":"","overlay-opacity":"","overlay-gradient":""}},"ast-content-background-meta":{"desktop":{"background-color":"var(--ast-global-color-5)","background-image":"","background-repeat":"repeat","background-position":"center center","background-size":"auto","background-attachment":"scroll","background-type":"","background-media":"","overlay-type":"","overlay-color":"","overlay-opacity":"","overlay-gradient":""},"tablet":{"background-color":"var(--ast-global-color-5)","background-image":"","background-repeat":"repeat","background-position":"center center","background-size":"auto","background-attachment":"scroll","background-type":"","background-media":"","overlay-type":"","overlay-color":"","overlay-opacity":"","overlay-gradient":""},"mobile":{"background-color":"var(--ast-global-color-5)","background-image":"","background-repeat":"repeat","background-position":"center center","background-size":"auto","background-attachment":"scroll","background-type":"","background-media":"","overlay-type":"","overlay-color":"","overlay-opacity":"","overlay-gradient":""}}},"product_brand":[],"product_cat":[992],"product_tag":[],"class_list":{"0":"post-83905","1":"product","2":"type-product","3":"status-publish","4":"has-post-thumbnail","6":"product_cat-pop-corn-molecula-10-oh","7":"desktop-align-center","8":"tablet-align-center","9":"mobile-align-center","11":"first","12":"instock","13":"taxable","14":"shipping-taxable","15":"product-type-simple"},"acf":[],"yoast_head":"<!-- This site is optimized with the Yoast SEO Premium plugin v27.3 (Yoast SEO v27.3) - https:\/\/yoast.com\/product\/yoast-seo-premium-wordpress\/ -->\n<title>Cogollos peque\u00f1os 10-OH 10g: Space Pop Corn | Iguana Smoke<\/title>\n<meta name=\"description\" content=\"Descubre los Space Pop Corn: tus cogollos peque\u00f1os 10-OH 10g, con un 12% de CBD y calidad premium. Perfectos para quienes buscan comodidad y buen precio.\" \/>\n<meta name=\"robots\" content=\"index, follow, max-snippet:-1, max-image-preview:large, max-video-preview:-1\" \/>\n<link rel=\"canonical\" href=\"https:\/\/iguanasmoke.com\/pt\/produto\/space-pop-corn-cogollos-pequenos-10-oh-10g\/\" \/>\n<meta property=\"og:locale\" content=\"pt_PT\" \/>\n<meta property=\"og:type\" content=\"article\" \/>\n<meta property=\"og:title\" content=\"Space Pop Corn - Cogollos peque\u00f1os 10-OH 10g\" \/>\n<meta property=\"og:description\" content=\"Seleccionados cuidadosamente para satisfacer las necesidades arom\u00e1ticas de los consumidores de Flores 10-OH:      Flor CBD premium enriquecida con la mol\u00e9cula 10-OH  CBD: 12% \/ THC: &lt;0,3%  Cogollos peque\u00f1os (Mini Buds) - 10g  Aroma c\u00edtrico, con tonos dulces y herbales  100% legal en Espa\u00f1a y Europa    Consulta el an\u00e1lisis de laboratorio.\" \/>\n<meta property=\"og:url\" content=\"https:\/\/iguanasmoke.com\/pt\/produto\/space-pop-corn-cogollos-pequenos-10-oh-10g\/\" \/>\n<meta property=\"og:site_name\" content=\"Iguana Smoke\" \/>\n<meta property=\"article:publisher\" content=\"https:\/\/www.facebook.com\/iguanasmoke\" \/>\n<meta property=\"article:modified_time\" content=\"2026-04-10T13:29:53+00:00\" \/>\n<meta property=\"og:image\" content=\"https:\/\/iguanasmoke.com\/wp-content\/uploads\/2026\/04\/Space-pop-corn.webp\" \/>\n\t<meta property=\"og:image:width\" content=\"1000\" \/>\n\t<meta property=\"og:image:height\" content=\"1000\" \/>\n\t<meta property=\"og:image:type\" content=\"image\/webp\" \/>\n<meta name=\"twitter:card\" content=\"summary_large_image\" \/>\n<meta name=\"twitter:label1\" content=\"pre\u00e7o\" \/>\n\t<meta name=\"twitter:data1\" content=\"\" \/>\n\t<meta name=\"twitter:label2\" content=\"Disponibilidade\" \/>\n\t<meta name=\"twitter:data2\" content=\"Em stock\" \/>\n<meta property=\"product:brand\" content=\"simple\" \/>\n<meta property=\"product:price:currency\" content=\"EUR\" \/>\n<meta property=\"og:availability\" content=\"instock\" \/>\n<meta property=\"product:availability\" content=\"instock\" \/>\n<meta property=\"product:condition\" content=\"new\" \/>\n<!-- \/ Yoast SEO Premium plugin. -->","yoast_head_json":{"title":"Cogollos peque\u00f1os 10-OH 10g: Space Pop Corn | Iguana Smoke","description":"Descubre los Space Pop Corn: tus cogollos peque\u00f1os 10-OH 10g, con un 12% de CBD y calidad premium. Perfectos para quienes buscan comodidad y buen precio.","robots":{"index":"index","follow":"follow","max-snippet":"max-snippet:-1","max-image-preview":"max-image-preview:large","max-video-preview":"max-video-preview:-1"},"canonical":"https:\/\/iguanasmoke.com\/pt\/produto\/space-pop-corn-cogollos-pequenos-10-oh-10g\/","og_locale":"pt_PT","og_type":"article","og_title":"Space Pop Corn - Cogollos peque\u00f1os 10-OH 10g","og_description":"Seleccionados cuidadosamente para satisfacer las necesidades arom\u00e1ticas de los consumidores de Flores 10-OH:      Flor CBD premium enriquecida con la mol\u00e9cula 10-OH  CBD: 12% \/ THC: &lt;0,3%  Cogollos peque\u00f1os (Mini Buds) - 10g  Aroma c\u00edtrico, con tonos dulces y herbales  100% legal en Espa\u00f1a y Europa    Consulta el an\u00e1lisis de laboratorio.","og_url":"https:\/\/iguanasmoke.com\/pt\/produto\/space-pop-corn-cogollos-pequenos-10-oh-10g\/","og_site_name":"Iguana Smoke","article_publisher":"https:\/\/www.facebook.com\/iguanasmoke","article_modified_time":"2026-04-10T13:29:53+00:00","og_image":[{"width":1000,"height":1000,"url":"https:\/\/iguanasmoke.com\/wp-content\/uploads\/2026\/04\/Space-pop-corn.webp","type":"image\/webp"}],"twitter_card":"summary_large_image","twitter_misc":{"pre\u00e7o":"","Disponibilidade":"Em stock"},"schema":{"@context":"https:\/\/schema.org","@graph":[{"@type":"WebPage","@id":"https:\/\/iguanasmoke.com\/producto\/space-pop-corn-cogollos-pequenos-10-oh-10g\/","url":"https:\/\/iguanasmoke.com\/producto\/space-pop-corn-cogollos-pequenos-10-oh-10g\/","name":"Cogollos peque\u00f1os 10-OH 10g: Space Pop Corn | Iguana Smoke","isPartOf":{"@id":"https:\/\/iguanasmoke.com\/#website"},"primaryImageOfPage":{"@id":"https:\/\/iguanasmoke.com\/producto\/space-pop-corn-cogollos-pequenos-10-oh-10g\/#primaryimage"},"image":{"@id":"https:\/\/iguanasmoke.com\/producto\/space-pop-corn-cogollos-pequenos-10-oh-10g\/#primaryimage"},"thumbnailUrl":"https:\/\/iguanasmoke.com\/wp-content\/uploads\/2026\/04\/Space-pop-corn.webp","datePublished":"2026-04-10T10:48:49+00:00","dateModified":"2026-04-10T13:29:53+00:00","description":"Descubre los Space Pop Corn: tus cogollos peque\u00f1os 10-OH 10g, con un 12% de CBD y calidad premium. Perfectos para quienes buscan comodidad y buen precio.","breadcrumb":{"@id":"https:\/\/iguanasmoke.com\/producto\/space-pop-corn-cogollos-pequenos-10-oh-10g\/#breadcrumb"},"inLanguage":"pt-PT","potentialAction":[{"@type":"ReadAction","target":["https:\/\/iguanasmoke.com\/producto\/space-pop-corn-cogollos-pequenos-10-oh-10g\/"]}]},{"@type":"ImageObject","inLanguage":"pt-PT","@id":"https:\/\/iguanasmoke.com\/producto\/space-pop-corn-cogollos-pequenos-10-oh-10g\/#primaryimage","url":"https:\/\/iguanasmoke.com\/wp-content\/uploads\/2026\/04\/Space-pop-corn.webp","contentUrl":"https:\/\/iguanasmoke.com\/wp-content\/uploads\/2026\/04\/Space-pop-corn.webp","width":1000,"height":1000,"caption":"Bolsa Space Pop Corn cogollos peque\u00f1os 10-OH"},{"@type":"BreadcrumbList","@id":"https:\/\/iguanasmoke.com\/producto\/space-pop-corn-cogollos-pequenos-10-oh-10g\/#breadcrumb","itemListElement":[{"@type":"ListItem","position":1,"name":"home","item":"https:\/\/iguanasmoke.com\/"},{"@type":"ListItem","position":2,"name":"Tienda","item":"https:\/\/iguanasmoke.com\/tienda\/"},{"@type":"ListItem","position":3,"name":"Pop Corn Mol\u00e9cula 10-OH","item":"https:\/\/iguanasmoke.com\/categoria\/pop-corn-molecula-10-oh\/"},{"@type":"ListItem","position":4,"name":"Space Pop Corn &#8211; Cogollos peque\u00f1os 10-OH 10g"}]},{"@type":"WebSite","@id":"https:\/\/iguanasmoke.com\/#website","url":"https:\/\/iguanasmoke.com\/","name":"Fumo de Iguana","description":"Comprar CBD online ao melhor pre\u00e7o","publisher":{"@id":"https:\/\/iguanasmoke.com\/#organization"},"potentialAction":[{"@type":"SearchAction","target":{"@type":"EntryPoint","urlTemplate":"https:\/\/iguanasmoke.com\/?s={search_term_string}"},"query-input":{"@type":"PropertyValueSpecification","valueRequired":true,"valueName":"search_term_string"}}],"inLanguage":"pt-PT"},{"@type":"Organization","@id":"https:\/\/iguanasmoke.com\/#organization","name":"Fumo de Iguana","url":"https:\/\/iguanasmoke.com\/","logo":{"@type":"ImageObject","inLanguage":"pt-PT","@id":"https:\/\/iguanasmoke.com\/#\/schema\/logo\/image\/","url":"https:\/\/iguanasmoke.com\/wp-content\/uploads\/2025\/01\/logoiguana-favi-1.png","contentUrl":"https:\/\/iguanasmoke.com\/wp-content\/uploads\/2025\/01\/logoiguana-favi-1.png","width":512,"height":512,"caption":"Iguana Smoke"},"image":{"@id":"https:\/\/iguanasmoke.com\/#\/schema\/logo\/image\/"},"sameAs":["https:\/\/www.facebook.com\/iguanasmoke","https:\/\/www.instagram.com\/iguanasmoke\/"]}]},"product_brand":"simple","product_price_currency":"EUR","og_availability":"instock","product_availability":"instock","product_condition":"new"},"_links":{"self":[{"href":"https:\/\/iguanasmoke.com\/pt\/wp-json\/wp\/v2\/product\/83905","targetHints":{"allow":["GET"]}}],"collection":[{"href":"https:\/\/iguanasmoke.com\/pt\/wp-json\/wp\/v2\/product"}],"about":[{"href":"https:\/\/iguanasmoke.com\/pt\/wp-json\/wp\/v2\/types\/product"}],"replies":[{"embeddable":true,"href":"https:\/\/iguanasmoke.com\/pt\/wp-json\/wp\/v2\/comments?post=83905"}],"wp:featuredmedia":[{"embeddable":true,"href":"https:\/\/iguanasmoke.com\/pt\/wp-json\/wp\/v2\/media\/83907"}],"wp:attachment":[{"href":"https:\/\/iguanasmoke.com\/pt\/wp-json\/wp\/v2\/media?parent=83905"}],"wp:term":[{"taxonomy":"product_brand","embeddable":true,"href":"https:\/\/iguanasmoke.com\/pt\/wp-json\/wp\/v2\/product_brand?post=83905"},{"taxonomy":"product_cat","embeddable":true,"href":"https:\/\/iguanasmoke.com\/pt\/wp-json\/wp\/v2\/product_cat?post=83905"},{"taxonomy":"product_tag","embeddable":true,"href":"https:\/\/iguanasmoke.com\/pt\/wp-json\/wp\/v2\/product_tag?post=83905"}],"curies":[{"name":"wp","href":"https:\/\/api.w.org\/{rel}","templated":true}]}}