{"id":84239,"date":"2026-04-13T18:17:07","date_gmt":"2026-04-13T16:17:07","guid":{"rendered":"https:\/\/iguanasmoke.com\/?post_type=product&#038;p=84239"},"modified":"2026-04-18T12:11:27","modified_gmt":"2026-04-18T10:11:27","slug":"camiseta-oversize-negra-iguana-420","status":"publish","type":"product","link":"https:\/\/iguanasmoke.com\/pt\/producto\/camiseta-oversize-negra-iguana-420\/","title":{"rendered":"T-shirt Oversize Negra Iguana 420"},"content":{"rendered":"<div class=\"flex flex-col text-sm pb-25\">\n<section class=\"text-token-text-primary w-full focus:outline-none [--shadow-height:45px] has-data-writing-block:pointer-events-none has-data-writing-block:-mt-(--shadow-height) has-data-writing-block:pt-(--shadow-height) [&amp;:has([data-writing-block])&gt;*]:pointer-events-auto scroll-mt-[calc(var(--header-height)+min(200px,max(70px,20svh)))]\" dir=\"auto\" data-turn-id=\"request-WEB:ef7eb2a6-d3f8-4414-aeb5-b7863adad2d1-47\" data-testid=\"conversation-turn-10\" data-scroll-anchor=\"true\" data-turn=\"assistant\">\n<div class=\"text-base my-auto mx-auto pb-10 [--thread-content-margin:var(--thread-content-margin-xs,calc(var(--spacing)*4))] @w-sm\/main:[--thread-content-margin:var(--thread-content-margin-sm,calc(var(--spacing)*6))] @w-lg\/main:[--thread-content-margin:var(--thread-content-margin-lg,calc(var(--spacing)*16))] px-(--thread-content-margin)\">\n<div class=\"[--thread-content-max-width:40rem] @w-lg\/main:[--thread-content-max-width:48rem] mx-auto max-w-(--thread-content-max-width) flex-1 group\/turn-messages focus-visible:outline-hidden relative flex w-full min-w-0 flex-col agent-turn\">\n<div class=\"flex max-w-full flex-col gap-4 grow\">\n<div class=\"min-h-8 text-message relative flex w-full flex-col items-end gap-2 text-start break-words whitespace-normal outline-none keyboard-focused:focus-ring [.text-message+&amp;]:mt-1\" dir=\"auto\" tabindex=\"0\" data-message-author-role=\"assistant\" data-message-id=\"9d6d2d85-ecf8-4ee3-99b0-23afafaec44b\" data-message-model-slug=\"gpt-5-3\" data-turn-start-message=\"true\">\n<div class=\"flex w-full flex-col gap-1 empty:hidden\">\n<div class=\"markdown prose dark:prose-invert w-full wrap-break-word dark markdown-new-styling\">\n<h1 data-section-id=\"14mdglw\" data-start=\"0\" data-end=\"68\">Comprar Camiseta Negra Oversize Iguana 420 | Merch Iguana Smoke<\/h1>\n<h2 data-section-id=\"1m888yt\" data-start=\"70\" data-end=\"124\">Camiseta Iguana Smoke 420: El Drop M\u00e1s Exclusivo<\/h2>\n<p data-start=\"126\" data-end=\"386\">La <strong data-start=\"129\" data-end=\"183\">Camiseta Negra Oversize Iguana 420 de Iguana Smoke<\/strong> es una pieza imprescindible dentro del universo streetwear. Este <strong data-start=\"249\" data-end=\"280\">drop exclusivo 420 limitado<\/strong> est\u00e1 dise\u00f1ado para quienes buscan algo m\u00e1s que una camiseta: una prenda con identidad, actitud y cultura.<\/p>\n<p data-start=\"388\" data-end=\"533\">Si est\u00e1s buscando <strong data-start=\"406\" data-end=\"436\">comprar merch Iguana Smoke<\/strong>, esta camiseta oversize es la combinaci\u00f3n perfecta entre tendencia, comodidad y dise\u00f1o rompedor.<\/p>\n<h2 data-section-id=\"1l8vafq\" data-start=\"540\" data-end=\"586\">Dise\u00f1o Exclusivo Iguana Smoke Skater 420<\/h2>\n<p data-start=\"588\" data-end=\"740\">La camiseta presenta un <strong data-start=\"612\" data-end=\"679\">dise\u00f1o ic\u00f3nico inspirado en la cultura skater y el universo 420<\/strong>, con una est\u00e9tica potente que define el ADN de Iguana Smoke:<\/p>\n<ul data-start=\"742\" data-end=\"941\">\n<li data-section-id=\"bo7bbe\" data-start=\"742\" data-end=\"798\">&#x1f6f9; Ilustraci\u00f3n de iguana skater con actitud thrasher<\/li>\n<li data-section-id=\"o9mja8\" data-start=\"799\" data-end=\"842\">&#x1f525; Gr\u00e1ficos vibrantes con elementos 420<\/li>\n<li data-section-id=\"1wz1pil\" data-start=\"843\" data-end=\"895\">&#x1f3af; Estilo urbano que destaca en cualquier outfit<\/li>\n<li data-section-id=\"1f9ixxh\" data-start=\"896\" data-end=\"941\">&#x1f40a; Identidad visual \u00fanica de Iguana Smoke<\/li>\n<\/ul>\n<h2 data-section-id=\"sibu3h\" data-start=\"1013\" data-end=\"1054\">Fit Oversize<\/h2>\n<p data-start=\"1056\" data-end=\"1146\">La <strong data-start=\"1059\" data-end=\"1097\">Camiseta Negra Oversize Iguana 420<\/strong> apuesta por un corte amplio que marca tendencia:<\/p>\n<ul data-start=\"1148\" data-end=\"1284\">\n<li data-section-id=\"1mg168u\" data-start=\"1148\" data-end=\"1188\">Fit oversize para un look relajado<\/li>\n<li data-section-id=\"c155rb\" data-start=\"1189\" data-end=\"1229\">M\u00e1xima comodidad en el d\u00eda a d\u00eda<\/li>\n<li data-section-id=\"oii2ud\" data-start=\"1230\" data-end=\"1284\">Versatilidad para combinar con cualquier estilo<\/li>\n<\/ul>\n<h2 data-section-id=\"ghtqta\" data-start=\"1352\" data-end=\"1395\">Edici\u00f3n Limitada: Unidades Exclusivas<\/h2>\n<p data-start=\"1397\" data-end=\"1485\">Este drop forma parte de una colecci\u00f3n limitada, lo que la convierte en una pieza \u00fanica:<\/p>\n<ul data-start=\"1487\" data-end=\"1586\">\n<li data-section-id=\"1kt4v0u\" data-start=\"1487\" data-end=\"1513\">Producci\u00f3n limitada<\/li>\n<li data-section-id=\"11t6gtx\" data-start=\"1514\" data-end=\"1534\">Sin reposici\u00f3n<\/li>\n<li data-section-id=\"17kmgkb\" data-start=\"1535\" data-end=\"1586\">Alta demanda entre fans del 420 y streetwear<\/li>\n<\/ul>\n<p data-start=\"1588\" data-end=\"1653\">Si quieres <strong data-start=\"1599\" data-end=\"1632\">comprar camiseta Iguana Smoke<\/strong>, este es el momento.<\/p>\n<h2 data-section-id=\"irb00p\" data-start=\"1660\" data-end=\"1694\">Calidad Premium Iguana Smoke<\/h2>\n<p data-start=\"1696\" data-end=\"1748\">Dise\u00f1ada para durar y acompa\u00f1arte en cualquier plan:<\/p>\n<ul data-start=\"1750\" data-end=\"1843\">\n<li data-section-id=\"1uqod4s\" data-start=\"1750\" data-end=\"1792\">Tejido resistente y de alta calidad<\/li>\n<li data-section-id=\"qrzep3\" data-start=\"1793\" data-end=\"1814\">Suave al tacto<\/li>\n<li data-section-id=\"15t51d1\" data-start=\"1815\" data-end=\"1843\">Ideal para uso diario<\/li>\n<\/ul>\n<p data-start=\"1845\" data-end=\"1925\">Una camiseta que no solo destaca por su dise\u00f1o, sino tambi\u00e9n por su rendimiento.<\/p>\n<h2 data-section-id=\"1yw9jg7\" data-start=\"1932\" data-end=\"1968\">Comprar Merch Iguana Smoke 420<\/h2>\n<p data-start=\"1970\" data-end=\"2022\">Hazte con una de las piezas m\u00e1s exclusivas del drop:<\/p>\n<p data-start=\"2024\" data-end=\"2152\">&#x1f449; <strong data-start=\"2027\" data-end=\"2064\">Comprar Camiseta Iguana Smoke 420<\/strong><br data-start=\"2064\" data-end=\"2067\" \/>&#x1f449; <strong data-start=\"2070\" data-end=\"2109\">Comprar Merch Iguana Smoke Oversize<\/strong><br data-start=\"2109\" data-end=\"2112\" \/>&#x1f449; <strong data-start=\"2115\" data-end=\"2152\">Edici\u00f3n limitada disponible ahora<\/strong><\/p>\n<h2 data-section-id=\"rou6im\" data-start=\"2159\" data-end=\"2198\">Streetwear con ADN 420<\/h2>\n<p data-start=\"2200\" data-end=\"2400\">La <strong data-start=\"2203\" data-end=\"2241\">Camiseta Negra Oversize Iguana 420<\/strong> es m\u00e1s que una prenda, es una declaraci\u00f3n de estilo. Representa la esencia de <strong data-start=\"2320\" data-end=\"2336\">Iguana Smoke<\/strong>, fusionando cultura urbana, dise\u00f1o y actitud en una sola pieza.<\/p>\n<\/div>\n<\/div>\n<\/div>\n<\/div>\n<\/div>\n<\/div>\n<\/section>\n<\/div>\n","protected":false},"excerpt":{"rendered":"<div class=\"text-base my-auto mx-auto [--thread-content-margin:var(--thread-content-margin-xs,calc(var(--spacing)*4))] @w-sm\/main:[--thread-content-margin:var(--thread-content-margin-sm,calc(var(--spacing)*6))] @w-lg\/main:[--thread-content-margin:var(--thread-content-margin-lg,calc(var(--spacing)*16))] px-(--thread-content-margin)\">\n<div class=\"[--thread-content-max-width:40rem] @w-lg\/main:[--thread-content-max-width:48rem] mx-auto max-w-(--thread-content-max-width) flex-1 group\/turn-messages focus-visible:outline-hidden relative flex w-full min-w-0 flex-col agent-turn\">\n<div class=\"flex max-w-full flex-col gap-4 grow\">\n<div class=\"min-h-8 text-message relative flex w-full flex-col items-end gap-2 text-start break-words whitespace-normal outline-none keyboard-focused:focus-ring [.text-message+&amp;]:mt-1\" dir=\"auto\" data-message-author-role=\"assistant\" data-message-id=\"656620e0-a8d3-41e9-b61b-8a7ccbf4faeb\" data-message-model-slug=\"gpt-5-3\">\n<div class=\"flex w-full flex-col gap-1 empty:hidden\">\n<div class=\"markdown prose dark:prose-invert w-full wrap-break-word dark markdown-new-styling\">\n<p data-start=\"0\" data-end=\"379\" data-is-last-node=\"\" data-is-only-node=\"\">La <strong data-start=\"3\" data-end=\"57\">Camiseta Negra Oversize Iguana 420 de Iguana Smoke<\/strong> es un drop exclusivo de edici\u00f3n limitada que fusiona estilo urbano, est\u00e9tica skater 420 y fit oversize. Dise\u00f1ada con materiales de alta calidad, garantiza comodidad y un look desenfadado, convirti\u00e9ndose en la prenda perfecta para quienes buscan destacar con actitud y representar el universo Iguana Smoke.<\/p>\n<\/div>\n<\/div>\n<\/div>\n<\/div>\n<div class=\"z-0 flex min-h-[46px] justify-start\"><\/div>\n<\/div>\n<\/div>\n<ul>\n<li>Material: 100% Algodon<\/li>\n<li>Impresion DTG<\/li>\n<li>Longitud estandar<\/li>\n<li>Disponible en tama\u00f1o. XS, S, M, L, XL y XXL<\/li>\n<\/ul>\n","protected":false},"featured_media":84254,"comment_status":"open","ping_status":"closed","template":"","meta":{"_acf_changed":false,"site-sidebar-layout":"default","site-content-layout":"","ast-site-content-layout":"default","site-content-style":"default","site-sidebar-style":"default","ast-global-header-display":"","ast-banner-title-visibility":"","ast-main-header-display":"","ast-hfb-above-header-display":"","ast-hfb-below-header-display":"","ast-hfb-mobile-header-display":"","site-post-title":"","ast-breadcrumbs-content":"","ast-featured-img":"","footer-sml-layout":"","theme-transparent-header-meta":"default","adv-header-id-meta":"","stick-header-meta":"","header-above-stick-meta":"","header-main-stick-meta":"","header-below-stick-meta":"","astra-migrate-meta-layouts":"set","ast-page-background-enabled":"default","ast-page-background-meta":{"desktop":{"background-color":"var(--ast-global-color-4)","background-image":"","background-repeat":"repeat","background-position":"center center","background-size":"auto","background-attachment":"scroll","background-type":"","background-media":"","overlay-type":"","overlay-color":"","overlay-opacity":"","overlay-gradient":""},"tablet":{"background-color":"","background-image":"","background-repeat":"repeat","background-position":"center center","background-size":"auto","background-attachment":"scroll","background-type":"","background-media":"","overlay-type":"","overlay-color":"","overlay-opacity":"","overlay-gradient":""},"mobile":{"background-color":"","background-image":"","background-repeat":"repeat","background-position":"center center","background-size":"auto","background-attachment":"scroll","background-type":"","background-media":"","overlay-type":"","overlay-color":"","overlay-opacity":"","overlay-gradient":""}},"ast-content-background-meta":{"desktop":{"background-color":"var(--ast-global-color-5)","background-image":"","background-repeat":"repeat","background-position":"center center","background-size":"auto","background-attachment":"scroll","background-type":"","background-media":"","overlay-type":"","overlay-color":"","overlay-opacity":"","overlay-gradient":""},"tablet":{"background-color":"var(--ast-global-color-5)","background-image":"","background-repeat":"repeat","background-position":"center center","background-size":"auto","background-attachment":"scroll","background-type":"","background-media":"","overlay-type":"","overlay-color":"","overlay-opacity":"","overlay-gradient":""},"mobile":{"background-color":"var(--ast-global-color-5)","background-image":"","background-repeat":"repeat","background-position":"center center","background-size":"auto","background-attachment":"scroll","background-type":"","background-media":"","overlay-type":"","overlay-color":"","overlay-opacity":"","overlay-gradient":""}}},"product_brand":[],"product_cat":[441,436],"product_tag":[],"class_list":{"0":"post-84239","1":"product","2":"type-product","3":"status-publish","4":"has-post-thumbnail","6":"product_cat-camisetas","7":"product_cat-merchandise-de-iguana-smoke","8":"desktop-align-center","9":"tablet-align-center","10":"mobile-align-center","12":"first","13":"instock","14":"taxable","15":"shipping-taxable","16":"purchasable","17":"product-type-variable","18":"has-default-attributes"},"acf":[],"yoast_head":"<!-- This site is optimized with the Yoast SEO Premium plugin v27.3 (Yoast SEO v27.3) - https:\/\/yoast.com\/product\/yoast-seo-premium-wordpress\/ -->\n<title>Camiseta Negra Oversize Iguana 420<\/title>\n<meta name=\"description\" content=\"Compra la Camiseta Negra Oversize Iguana 420 de Iguana Smoke, un drop exclusivo con dise\u00f1o skater 420, fit oversize y estilo urbano \u00fanico. Edici\u00f3n limitada.\" \/>\n<meta name=\"robots\" content=\"index, follow, max-snippet:-1, max-image-preview:large, max-video-preview:-1\" \/>\n<link rel=\"canonical\" href=\"https:\/\/iguanasmoke.com\/pt\/produto\/camiseta-oversize-negra-iguana-420\/\" \/>\n<meta property=\"og:locale\" content=\"pt_PT\" \/>\n<meta property=\"og:type\" content=\"article\" \/>\n<meta property=\"og:title\" content=\"Camiseta Oversize Negra Iguana 420\" \/>\n<meta property=\"og:description\" content=\"La Camiseta Negra Oversize Iguana 420 de Iguana Smoke es un drop exclusivo de edici\u00f3n limitada que fusiona estilo urbano, est\u00e9tica skater 420 y fit oversize. Dise\u00f1ada con materiales de alta calidad, garantiza comodidad y un look desenfadado, convirti\u00e9ndose en la prenda perfecta para quienes buscan destacar con actitud y representar el universo Iguana Smoke.           Material: 100% Algodon  Impresion DTG  Longitud estandar  Disponible en tama\u00f1o. XS, S, M, L, XL y XXL\" \/>\n<meta property=\"og:url\" content=\"https:\/\/iguanasmoke.com\/pt\/produto\/camiseta-oversize-negra-iguana-420\/\" \/>\n<meta property=\"og:site_name\" content=\"Iguana Smoke\" \/>\n<meta property=\"article:publisher\" content=\"https:\/\/www.facebook.com\/iguanasmoke\" \/>\n<meta property=\"article:modified_time\" content=\"2026-04-18T10:11:27+00:00\" \/>\n<meta property=\"og:image\" content=\"https:\/\/iguanasmoke.com\/wp-content\/uploads\/2026\/04\/2-2.webp\" \/>\n\t<meta property=\"og:image:width\" content=\"1000\" \/>\n\t<meta property=\"og:image:height\" content=\"1000\" \/>\n\t<meta property=\"og:image:type\" content=\"image\/webp\" \/>\n<meta name=\"twitter:card\" content=\"summary_large_image\" \/>\n<meta name=\"twitter:label1\" content=\"Disponibilidade\" \/>\n\t<meta name=\"twitter:data1\" content=\"Em stock\" \/>\n<meta property=\"product:brand\" content=\"variable\" \/>\n<meta property=\"og:availability\" content=\"instock\" \/>\n<meta property=\"product:availability\" content=\"instock\" \/>\n<meta property=\"product:condition\" content=\"new\" \/>\n<!-- \/ Yoast SEO Premium plugin. -->","yoast_head_json":{"title":"Camiseta Negra Oversize Iguana 420","description":"Compra la Camiseta Negra Oversize Iguana 420 de Iguana Smoke, un drop exclusivo con dise\u00f1o skater 420, fit oversize y estilo urbano \u00fanico. Edici\u00f3n limitada.","robots":{"index":"index","follow":"follow","max-snippet":"max-snippet:-1","max-image-preview":"max-image-preview:large","max-video-preview":"max-video-preview:-1"},"canonical":"https:\/\/iguanasmoke.com\/pt\/produto\/camiseta-oversize-negra-iguana-420\/","og_locale":"pt_PT","og_type":"article","og_title":"Camiseta Oversize Negra Iguana 420","og_description":"La Camiseta Negra Oversize Iguana 420 de Iguana Smoke es un drop exclusivo de edici\u00f3n limitada que fusiona estilo urbano, est\u00e9tica skater 420 y fit oversize. Dise\u00f1ada con materiales de alta calidad, garantiza comodidad y un look desenfadado, convirti\u00e9ndose en la prenda perfecta para quienes buscan destacar con actitud y representar el universo Iguana Smoke.           Material: 100% Algodon  Impresion DTG  Longitud estandar  Disponible en tama\u00f1o. XS, S, M, L, XL y XXL","og_url":"https:\/\/iguanasmoke.com\/pt\/produto\/camiseta-oversize-negra-iguana-420\/","og_site_name":"Iguana Smoke","article_publisher":"https:\/\/www.facebook.com\/iguanasmoke","article_modified_time":"2026-04-18T10:11:27+00:00","og_image":[{"width":1000,"height":1000,"url":"https:\/\/iguanasmoke.com\/wp-content\/uploads\/2026\/04\/2-2.webp","type":"image\/webp"}],"twitter_card":"summary_large_image","twitter_misc":{"Disponibilidade":"Em stock"},"schema":{"@context":"https:\/\/schema.org","@graph":[{"@type":"WebPage","@id":"https:\/\/iguanasmoke.com\/producto\/camiseta-oversize-negra-iguana-420\/","url":"https:\/\/iguanasmoke.com\/producto\/camiseta-oversize-negra-iguana-420\/","name":"Camiseta Negra Oversize Iguana 420","isPartOf":{"@id":"https:\/\/iguanasmoke.com\/#website"},"primaryImageOfPage":{"@id":"https:\/\/iguanasmoke.com\/producto\/camiseta-oversize-negra-iguana-420\/#primaryimage"},"image":{"@id":"https:\/\/iguanasmoke.com\/producto\/camiseta-oversize-negra-iguana-420\/#primaryimage"},"thumbnailUrl":"https:\/\/iguanasmoke.com\/wp-content\/uploads\/2026\/04\/2-2.webp","datePublished":"2026-04-13T16:17:07+00:00","dateModified":"2026-04-18T10:11:27+00:00","description":"Compra la Camiseta Negra Oversize Iguana 420 de Iguana Smoke, un drop exclusivo con dise\u00f1o skater 420, fit oversize y estilo urbano \u00fanico. Edici\u00f3n limitada.","breadcrumb":{"@id":"https:\/\/iguanasmoke.com\/producto\/camiseta-oversize-negra-iguana-420\/#breadcrumb"},"inLanguage":"pt-PT","potentialAction":[{"@type":"ReadAction","target":["https:\/\/iguanasmoke.com\/producto\/camiseta-oversize-negra-iguana-420\/"]}]},{"@type":"ImageObject","inLanguage":"pt-PT","@id":"https:\/\/iguanasmoke.com\/producto\/camiseta-oversize-negra-iguana-420\/#primaryimage","url":"https:\/\/iguanasmoke.com\/wp-content\/uploads\/2026\/04\/2-2.webp","contentUrl":"https:\/\/iguanasmoke.com\/wp-content\/uploads\/2026\/04\/2-2.webp","width":1000,"height":1000,"caption":"Camiseta Oversize Iguana Smoke"},{"@type":"BreadcrumbList","@id":"https:\/\/iguanasmoke.com\/producto\/camiseta-oversize-negra-iguana-420\/#breadcrumb","itemListElement":[{"@type":"ListItem","position":1,"name":"home","item":"https:\/\/iguanasmoke.com\/"},{"@type":"ListItem","position":2,"name":"Tienda","item":"https:\/\/iguanasmoke.com\/tienda\/"},{"@type":"ListItem","position":3,"name":"Ropa y Accesorios","item":"https:\/\/iguanasmoke.com\/categoria\/ropa-y-accesorios\/"},{"@type":"ListItem","position":4,"name":"Camisetas","item":"https:\/\/iguanasmoke.com\/categoria\/ropa-y-accesorios\/camisetas\/"},{"@type":"ListItem","position":5,"name":"Camiseta Oversize Negra Iguana 420"}]},{"@type":"WebSite","@id":"https:\/\/iguanasmoke.com\/#website","url":"https:\/\/iguanasmoke.com\/","name":"Fumo de Iguana","description":"Comprar CBD online ao melhor pre\u00e7o","publisher":{"@id":"https:\/\/iguanasmoke.com\/#organization"},"potentialAction":[{"@type":"SearchAction","target":{"@type":"EntryPoint","urlTemplate":"https:\/\/iguanasmoke.com\/?s={search_term_string}"},"query-input":{"@type":"PropertyValueSpecification","valueRequired":true,"valueName":"search_term_string"}}],"inLanguage":"pt-PT"},{"@type":"Organization","@id":"https:\/\/iguanasmoke.com\/#organization","name":"Fumo de Iguana","url":"https:\/\/iguanasmoke.com\/","logo":{"@type":"ImageObject","inLanguage":"pt-PT","@id":"https:\/\/iguanasmoke.com\/#\/schema\/logo\/image\/","url":"https:\/\/iguanasmoke.com\/wp-content\/uploads\/2025\/01\/logoiguana-favi-1.png","contentUrl":"https:\/\/iguanasmoke.com\/wp-content\/uploads\/2025\/01\/logoiguana-favi-1.png","width":512,"height":512,"caption":"Iguana Smoke"},"image":{"@id":"https:\/\/iguanasmoke.com\/#\/schema\/logo\/image\/"},"sameAs":["https:\/\/www.facebook.com\/iguanasmoke","https:\/\/www.instagram.com\/iguanasmoke\/"]}]},"product_brand":"variable","og_availability":"instock","product_availability":"instock","product_condition":"new"},"_links":{"self":[{"href":"https:\/\/iguanasmoke.com\/pt\/wp-json\/wp\/v2\/product\/84239","targetHints":{"allow":["GET"]}}],"collection":[{"href":"https:\/\/iguanasmoke.com\/pt\/wp-json\/wp\/v2\/product"}],"about":[{"href":"https:\/\/iguanasmoke.com\/pt\/wp-json\/wp\/v2\/types\/product"}],"replies":[{"embeddable":true,"href":"https:\/\/iguanasmoke.com\/pt\/wp-json\/wp\/v2\/comments?post=84239"}],"wp:featuredmedia":[{"embeddable":true,"href":"https:\/\/iguanasmoke.com\/pt\/wp-json\/wp\/v2\/media\/84254"}],"wp:attachment":[{"href":"https:\/\/iguanasmoke.com\/pt\/wp-json\/wp\/v2\/media?parent=84239"}],"wp:term":[{"taxonomy":"product_brand","embeddable":true,"href":"https:\/\/iguanasmoke.com\/pt\/wp-json\/wp\/v2\/product_brand?post=84239"},{"taxonomy":"product_cat","embeddable":true,"href":"https:\/\/iguanasmoke.com\/pt\/wp-json\/wp\/v2\/product_cat?post=84239"},{"taxonomy":"product_tag","embeddable":true,"href":"https:\/\/iguanasmoke.com\/pt\/wp-json\/wp\/v2\/product_tag?post=84239"}],"curies":[{"name":"wp","href":"https:\/\/api.w.org\/{rel}","templated":true}]}}