{"id":9340,"date":"2021-06-23T17:16:39","date_gmt":"2021-06-23T15:16:39","guid":{"rendered":"http:\/\/iguanasmoke.com\/?post_type=product&#038;p=9340"},"modified":"2026-03-15T22:36:11","modified_gmt":"2026-03-15T21:36:11","slug":"comprar-flower-amnesia-cbd-cbd-buds-online","status":"publish","type":"product","link":"https:\/\/iguanasmoke.com\/pt\/producto\/comprar-flor-amnesia-cbd-cogollos-online\/","title":{"rendered":"Flor de Amn\u00e9sia CBD"},"content":{"rendered":"<h1 data-start=\"1609\" data-end=\"1642\"><span style=\"font-weight: 400\">CBD Amnesia Flower: A rainha das flores CBD<\/span><\/h1>\n<p data-start=\"549\" data-end=\"976\"><span style=\"font-weight: 400\">Se procura comprar flores de CBD online da mais alta qualidade, a <strong>Flor CBD Amn\u00e9sia<\/strong>\u00a0\u00e9, sem d\u00favida, uma das op\u00e7\u00f5es mais valorizadas do mercado. Esta gen\u00e9tica lend\u00e1ria \u00e9 reconhecida internacionalmente pela sua <strong>perfil arom\u00e1tico inconfund\u00edvel<\/strong>, e a sua pot\u00eancia e qualidade.\u00a0<\/span><\/p>\n<p data-start=\"549\" data-end=\"976\"><span style=\"font-weight: 400\">Gra\u00e7as \u00e0 sua <strong>agricultura biol\u00f3gica Estufa<\/strong>, Esta flor de CBD oferece uma <strong>maior grau de pureza e preserva\u00e7\u00e3o dos terpenos<\/strong>. Como resultado, cada bot\u00e3o destaca-se tanto pela sua apar\u00eancia como pela sua fragr\u00e2ncia, ideal para aqueles que apreciam o CBD no seu melhor.<\/span><\/p>\n<p data-start=\"549\" data-end=\"976\"><span style=\"font-weight: 400\"> Em <strong>Fumo de Iguana<\/strong>, seleccionamos cuidadosamente cada lote para lhe oferecer uma <strong>Amn\u00e9sia CBD <\/strong><\/span><span style=\"font-weight: 400\"><b>inacredit\u00e1vel<\/b>, A nova variedade de can\u00e1bis, concebida para verdadeiros conhecedores de flores e canabidiol, \u00e9 a escolha perfeita para os amantes das flores e do canabidiol.<\/span><\/p>\n<p>&nbsp;<\/p>\n<h2><strong>Como \u00e9 a Amnesia CBD Flower?<\/strong><\/h2>\n<p><span style=\"font-weight: 400\">Esta flor de CBD tornou-se uma das favoritas para aqueles que querem <strong>comprar bot\u00f5es de CBD de alta qualidade online<\/strong>. E n\u00e3o \u00e9 por acaso, pois esta variedade deslumbra pela sua <strong>apar\u00eancia vibrante<\/strong>, seu <strong>poderoso aroma c\u00edtrico<\/strong> e a sua <strong>perfil de terpenos<\/strong> carater\u00edstica do cl\u00e1ssico <strong><em>N\u00e9voa<\/em><\/strong>. <\/span><\/p>\n<ul>\n<li><span style=\"font-weight: 400\"><strong>Tipo e percentagem de CBD:<\/strong> Esta flor tem domin\u00e2ncia Sativa e cont\u00e9m 12% CBD.<\/span><\/li>\n<li><span style=\"font-weight: 400\"><strong>Apar\u00eancia<\/strong>: bot\u00f5es <strong>compactos<\/strong> de <strong>cor verde profunda<\/strong>. Cheio de <strong>pistilos<\/strong> <strong>laranja<\/strong> e uma chuva de tricomas brilhantes. Sim, visualmente \u00e9 um espet\u00e1culo.<\/span><\/li>\n<li><span style=\"font-weight: 400\"><strong>Aroma<\/strong>mistura explosiva de <strong>lim\u00e3o<\/strong>, fruta doce, notas de <strong>terroso<\/strong> e notas <strong>de ervas<\/strong>; Perfeito para os amantes de aromas intensos.\u00a0<\/span><\/li>\n<li><span style=\"font-weight: 400\"><strong>Origem<\/strong>: vem de um <strong>gen\u00e9tica<\/strong> <strong>selecionado<\/strong> para maximizar o CBD e preservar <strong>a alma do Amnesia original<\/strong>. Uma flor CBD legal, cultivada de forma sustent\u00e1vel e com rastreabilidade garantida.\u00a0<\/span><\/li>\n<\/ul>\n<p><span style=\"font-weight: 400\">Mas se estiver realmente interessado e quiser saber mais sobre esta variedade, pode ler o nosso \u00faltimo Blog Post e <strong><a href=\"https:\/\/iguanasmoke.com\/pt\/flor-de-amnesia-cbd\/\">conhecer a sua hist\u00f3ria e o que fez dela uma flor t\u00e3o emblem\u00e1tica do CBD<\/a><\/strong>.\u00a0<\/span><\/p>\n<p>&nbsp;<\/p>\n<h2><strong>Um guia r\u00e1pido para escolher os bot\u00f5es de CBD certos <\/strong><\/h2>\n<ul>\n<li><span style=\"font-weight: 400\">Verificar o teor de CBD e THC. <\/span><\/li>\n<li><span style=\"font-weight: 400\">Optar por marcas fi\u00e1veis e transparentes <\/span><\/li>\n<li><span style=\"font-weight: 400\">Verificar as certifica\u00e7\u00f5es e os controlos de qualidade <\/span><\/li>\n<li><span style=\"font-weight: 400\">Ver coment\u00e1rios reais de clientes <\/span><\/li>\n<\/ul>\n<p><span style=\"font-weight: 400\">Em <strong>Fumo de Iguana<\/strong>, a nossa comunidade \u00e9 a melhor garantia de confian\u00e7a.\u00a0<\/span><\/p>\n<p>&nbsp;<\/p>\n<h2 data-start=\"1548\" data-end=\"1601\">Porqu\u00ea comprar flores CBD na Iguana Smoke?<\/h2>\n<p data-start=\"2504\" data-end=\"2696\"><span style=\"font-weight: 400\">Se est\u00e1 a pensar onde comprar flores CBD online, na Iguana Smoke damos-lhe v\u00e1rias raz\u00f5es para o fazer connosco: <\/span><\/p>\n<ol>\n<li style=\"list-style-type: none\">\n<ol>\n<li data-start=\"2504\" data-end=\"2696\"><span style=\"font-weight: 400\">\u2705 <strong>Flores CBD de qualidade superior e econ\u00f3micas:<\/strong> qualidade superior a pre\u00e7os justos, a partir de 2,20 euros\/g.<\/span><\/li>\n<li data-start=\"2504\" data-end=\"2696\"><span style=\"font-weight: 400\">\u2705 <strong>Agricultura biol\u00f3gica:<\/strong> sem pesticidas, sem produtos qu\u00edmicos, sem OGM<\/span><\/li>\n<li data-start=\"2504\" data-end=\"2696\"><span style=\"font-weight: 400\">\u2705 <strong>Teor de THC &lt; 0,3%:<\/strong> legal 100% em Espanha e na Europa<\/span><\/li>\n<li data-start=\"2504\" data-end=\"2696\"><span style=\"font-weight: 400\">\u2705 <strong>Entrega r\u00e1pida e discreta:<\/strong> em 24\/48 horas tem-no em casa<\/span><\/li>\n<li data-start=\"2504\" data-end=\"2696\"><span style=\"font-weight: 400\"> \u2705 <strong>Plataforma de pagamento segura<\/strong><\/span><\/li>\n<li data-start=\"2504\" data-end=\"2696\"><span style=\"font-weight: 400\">\u2705 <strong>Especialistas em produtos CBD<\/strong>: <strong><a href=\"https:\/\/iguanasmoke.com\/pt\/categoria\/haxixe-cbd\/\">Resinas<\/a><\/strong>, <a href=\"https:\/\/iguanasmoke.com\/pt\/categoria\/oleo-de-cbd\/\"><strong>\u00d3leos<\/strong><\/a>, <a href=\"https:\/\/iguanasmoke.com\/pt\/categoria\/pop-corn-cbd-cbd-pequenos-botoes-cbd-mini-botoes-cbd\/\"><strong>Milho para pipocas<\/strong><\/a>, <a href=\"https:\/\/iguanasmoke.com\/pt\/categoria\/extractos-de-cbd\/\"><strong>Extractos<\/strong><\/a>, <a href=\"https:\/\/iguanasmoke.com\/pt\/categoria\/cigarro-de-cbd\/\"><strong>Vapers<\/strong> <\/a>e muito mais<\/span><\/li>\n<\/ol>\n<\/li>\n<\/ol>\n<p><span style=\"font-weight: 400\">Al\u00e9m disso, todas as nossas flores de CBD s\u00e3o<strong> aprovado pela UE<\/strong>, Garantimos a sua legalidade e seguran\u00e7a. Dispomos de<a href=\"https:\/\/iguanasmoke.com\/pt\/analiticas\/\"><strong> relat\u00f3rios de laborat\u00f3rios independentes<\/strong><\/a> para verificar a sua qualidade e rastreabilidade. <\/span><\/p>\n<p><span style=\"font-weight: 400\">J\u00e1 experimentou o nosso <strong><a href=\"https:\/\/iguanasmoke.com\/pt\/produto\/comprar-flor-gelato-cbd-flower-buds-online-2\/\">Flor Gelato<\/a><\/strong>, <a href=\"https:\/\/iguanasmoke.com\/pt\/produto\/comprar-flower-gorilla-glue-cbd-cbd-buds-online\/\"><strong>Cola de Gorila<\/strong> <\/a>y <a href=\"https:\/\/iguanasmoke.com\/pt\/produto\/comprar-flores-super-skunk-cbd\/\"><strong>Super Skunk<\/strong><\/a>? N\u00e3o perca o <strong><a href=\"https:\/\/iguanasmoke.com\/pt\/categoria\/flores-de-cbd-3\/flores-de-cbd-de-interior\/\">Flores de interior mais premium<\/a><\/strong> ou o <a href=\"https:\/\/iguanasmoke.com\/pt\/categoria\/pop-corn-cbd-cbd-pequenos-botoes-cbd-mini-botoes-cbd\/\"><strong>Pequenos bot\u00f5es CBD - Pop Corn<\/strong><\/a> mais famoso do mercado.<\/span><\/p>\n<p>&nbsp;<\/p>\n<h3><b>Iguana Smoke \u00e9 a sua loja online de CBD\u00a0<\/b><\/h3>\n<p><span style=\"font-weight: 400\">Em<strong> Fumo de Iguana<\/strong>, Acreditamos que desfrutar do CBD deve ser uma experi\u00eancia segura. \u00c9 por isso que temos produtos como este <strong>Flor CBD Amn\u00e9sia\u00a0<\/strong>, A marca liga-se \u00e0s novas gera\u00e7\u00f5es: pessoas que procuram um bem-estar descomplicado, com marcas aut\u00eanticas e fi\u00e1veis. <\/span><\/p>\n<p><span style=\"font-weight: 400\">A nossa miss\u00e3o \u00e9 clara:<strong> trazer-lhe o melhor do mundo do CBD a um pre\u00e7o justo<\/strong>. Al\u00e9m disso, damos-lhe a tranquilidade de saber que est\u00e1 a escolher um <strong>produto certificado, eficaz e legal 100%<\/strong>. Mergulhe de cabe\u00e7a; compre hoje a sua CBD Flower e leve a sua experi\u00eancia para outro n\u00edvel.\u00a0<\/span><\/p>\n<p>Ainda tem d\u00favidas? Escreva-nos e teremos todo o gosto em ajud\u00e1-lo a encontrar o produto certo para si.<\/p>\n<p>&nbsp;<\/p>\n<h6>\u2139\ufe0f<strong> Informa\u00e7\u00e3o jur\u00eddica<\/strong><\/h6>\n<p><em><span style=\"font-weight: 400\">*Produto destinado a cole\u00e7\u00e3o ou aromaterapia, de acordo com a legisla\u00e7\u00e3o espanhola em vigor. <\/span><\/em><\/p>\n<p><em><span style=\"font-weight: 400\">**Derivado de c\u00e2nhamo industrial certificado. Cont\u00e9m menos de 0,3 THC e n\u00e3o cont\u00e9m canabin\u00f3ides ilegais como HHC, HHC-P, THCP, THCP-O, H4CBD ou subst\u00e2ncias enumeradas no Anexo I do Decreto Real 2829\/1977, nem subst\u00e2ncias controladas por conven\u00e7\u00f5es internacionais.\u00a0\u00a0<\/span><\/em><\/p>\n<p>&nbsp;<\/p>\n<h3><strong>\ud83d\udcac FAQS CBD Flor da Amn\u00e9sia: <\/strong><\/h3>\n<h4><span style=\"font-weight: 400\">A flor de CBD produz uma \u201cmoca\u201d?\u00a0<\/span><\/h4>\n<p><span style=\"font-weight: 400\"><strong>N\u00e3o<\/strong>, As flores de CBD n\u00e3o produzem efeitos psicoactivos, pelo que n\u00e3o os sentir\u00e1, mas sentir\u00e1 efeitos relaxantes.\u00a0<\/span><\/p>\n<h4><span style=\"font-weight: 400\">\u00c9 legal comprar CBD Flower em Espanha?\u00a0<\/span><\/h4>\n<p><span style=\"font-weight: 400\"><strong>Sim<\/strong>, Flores com CBD<strong> pode ser comercializado legalmente em Espanha<\/strong> desde que cumpra os regulamentos europeus: que contenha menos de 0,3% THC e que tenha an\u00e1lises laboratoriais independentes e rastreabilidade. <\/span><\/p>\n<h4><span style=\"font-weight: 400\">De que tipo de cultivo prov\u00e9m esta flor de CBD?\u00a0<\/span><\/h4>\n<p data-start=\"3103\" data-end=\"3345\"><span style=\"font-weight: 400\">Esta flor de CBD prov\u00e9m de uma <strong>Cultivo em estufa<\/strong> (estufa) com certifica\u00e7\u00e3o biol\u00f3gica. \u00c9 tamb\u00e9m isento de produtos qu\u00edmicos e, por conseguinte, amigo do ambiente.<\/span><\/p>","protected":false},"excerpt":{"rendered":"<p><span style=\"font-weight: 400\">Esta flor CBD impressiona pelo seu aspeto vibrante e pelo seu perfil arom\u00e1tico complexo: combina notas c\u00edtricas e terrosas frescas com um subtil toque de ervas, criando uma experi\u00eancia olfactiva memor\u00e1vel.<\/span><\/p>\n<ul>\n<li><strong>CBD: 12%<\/strong><\/li>\n<li>THC: &lt;0,3%<\/li>\n<li>Dominante Sativa<\/li>\n<li>Aroma forte e reconhec\u00edvel<\/li>\n<li>100% legal Espanha e Europa<\/li>\n<\/ul>\n<p><span style=\"font-weight: 400\">Consulta<strong> <a href=\"https:\/\/iguanasmoke.com\/pt\/analiticas\/\">an\u00e1lises laboratoriais.<\/a><\/strong><\/span><\/p>","protected":false},"featured_media":36640,"comment_status":"open","ping_status":"closed","template":"","meta":{"_acf_changed":false,"site-sidebar-layout":"default","site-content-layout":"default","ast-site-content-layout":"default","site-content-style":"default","site-sidebar-style":"default","ast-global-header-display":"","ast-banner-title-visibility":"","ast-main-header-display":"","ast-hfb-above-header-display":"","ast-hfb-below-header-display":"","ast-hfb-mobile-header-display":"","site-post-title":"","ast-breadcrumbs-content":"","ast-featured-img":"","footer-sml-layout":"","theme-transparent-header-meta":"default","adv-header-id-meta":"","stick-header-meta":"","header-above-stick-meta":"","header-main-stick-meta":"","header-below-stick-meta":"","astra-migrate-meta-layouts":"set","ast-page-background-enabled":"default","ast-page-background-meta":{"desktop":{"background-color":"var(--ast-global-color-4)","background-image":"","background-repeat":"repeat","background-position":"center center","background-size":"auto","background-attachment":"scroll","background-type":"","background-media":"","overlay-type":"","overlay-color":"","overlay-opacity":"","overlay-gradient":""},"tablet":{"background-color":"","background-image":"","background-repeat":"repeat","background-position":"center center","background-size":"auto","background-attachment":"scroll","background-type":"","background-media":"","overlay-type":"","overlay-color":"","overlay-opacity":"","overlay-gradient":""},"mobile":{"background-color":"","background-image":"","background-repeat":"repeat","background-position":"center center","background-size":"auto","background-attachment":"scroll","background-type":"","background-media":"","overlay-type":"","overlay-color":"","overlay-opacity":"","overlay-gradient":""}},"ast-content-background-meta":{"desktop":{"background-color":"var(--ast-global-color-5)","background-image":"","background-repeat":"repeat","background-position":"center center","background-size":"auto","background-attachment":"scroll","background-type":"","background-media":"","overlay-type":"","overlay-color":"","overlay-opacity":"","overlay-gradient":""},"tablet":{"background-color":"var(--ast-global-color-5)","background-image":"","background-repeat":"repeat","background-position":"center center","background-size":"auto","background-attachment":"scroll","background-type":"","background-media":"","overlay-type":"","overlay-color":"","overlay-opacity":"","overlay-gradient":""},"mobile":{"background-color":"var(--ast-global-color-5)","background-image":"","background-repeat":"repeat","background-position":"center center","background-size":"auto","background-attachment":"scroll","background-type":"","background-media":"","overlay-type":"","overlay-color":"","overlay-opacity":"","overlay-gradient":""}}},"product_brand":[],"product_cat":[598,328],"product_tag":[],"class_list":{"0":"post-9340","1":"product","2":"type-product","3":"status-publish","4":"has-post-thumbnail","6":"product_cat-flores-cbd-greenhouse","7":"product_cat-comprar-flores-de-cbd-y-cogollos-de-cbd","8":"desktop-align-center","9":"tablet-align-center","10":"mobile-align-center","12":"first","13":"instock","14":"taxable","15":"shipping-taxable","16":"purchasable","17":"product-type-variable"},"acf":[],"yoast_head":"<!-- This site is optimized with the Yoast SEO Premium plugin v27.3 (Yoast SEO v27.3) - https:\/\/yoast.com\/product\/yoast-seo-premium-wordpress\/ -->\n<title>Flor CBD Amnesia - Cogollos CBD online | Iguana Smoke<\/title>\n<meta name=\"description\" content=\"Atr\u00e9vete a probar la Flor CBD Amnesia, famosa por su inconfundible aroma y cultivo ecol\u00f3gico. Mejora tu bienestar al comprar flores CBD online.\" \/>\n<meta name=\"robots\" content=\"index, follow, max-snippet:-1, max-image-preview:large, max-video-preview:-1\" \/>\n<link rel=\"canonical\" href=\"https:\/\/iguanasmoke.com\/pt\/produto\/comprar-flower-amnesia-cbd-cbd-buds-online\/\" \/>\n<meta property=\"og:locale\" content=\"pt_PT\" \/>\n<meta property=\"og:type\" content=\"article\" \/>\n<meta property=\"og:title\" content=\"Flor de CBD Amnesia\" \/>\n<meta property=\"og:description\" content=\"Esta Flor CBD impresiona por su vibrante apariencia y su complejo perfil arom\u00e1tico: combina frescas notas c\u00edtricas y terrosas con un sutil toque herbal, creando una experiencia olfativa memorable.   CBD: 12%  THC: &lt;0,3%  Dominante Sativa  Aroma fuerte y reconocible  100% legal Espa\u00f1a y Europa  Consulta el an\u00e1lisis de laboratorio.\" \/>\n<meta property=\"og:url\" content=\"https:\/\/iguanasmoke.com\/pt\/produto\/comprar-flower-amnesia-cbd-cbd-buds-online\/\" \/>\n<meta property=\"og:site_name\" content=\"Iguana Smoke\" \/>\n<meta property=\"article:publisher\" content=\"https:\/\/www.facebook.com\/iguanasmoke\" \/>\n<meta property=\"article:modified_time\" content=\"2026-03-15T21:36:11+00:00\" \/>\n<meta property=\"og:image\" content=\"https:\/\/iguanasmoke.com\/wp-content\/uploads\/2021\/06\/amnesia.webp\" \/>\n\t<meta property=\"og:image:width\" content=\"1000\" \/>\n\t<meta property=\"og:image:height\" content=\"1000\" \/>\n\t<meta property=\"og:image:type\" content=\"image\/webp\" \/>\n<meta name=\"twitter:card\" content=\"summary_large_image\" \/>\n<meta name=\"twitter:label1\" content=\"Disponibilidade\" \/>\n\t<meta name=\"twitter:data1\" content=\"Em stock\" \/>\n<meta property=\"product:brand\" content=\"variable\" \/>\n<meta property=\"og:availability\" content=\"instock\" \/>\n<meta property=\"product:availability\" content=\"instock\" \/>\n<meta property=\"product:condition\" content=\"new\" \/>\n<!-- \/ Yoast SEO Premium plugin. -->","yoast_head_json":{"title":"Amnesia CBD flower - CBD buds online | Iguana Smoke","description":"Atreva-se a experimentar a Amnesia CBD Flower, famosa pelo seu aroma inconfund\u00edvel e pelo seu cultivo org\u00e2nico. Melhore o seu bem-estar ao comprar flores CBD online.","robots":{"index":"index","follow":"follow","max-snippet":"max-snippet:-1","max-image-preview":"max-image-preview:large","max-video-preview":"max-video-preview:-1"},"canonical":"https:\/\/iguanasmoke.com\/pt\/produto\/comprar-flower-amnesia-cbd-cbd-buds-online\/","og_locale":"pt_PT","og_type":"article","og_title":"Flor de CBD Amnesia","og_description":"Esta Flor CBD impresiona por su vibrante apariencia y su complejo perfil arom\u00e1tico: combina frescas notas c\u00edtricas y terrosas con un sutil toque herbal, creando una experiencia olfativa memorable.   CBD: 12%  THC: &lt;0,3%  Dominante Sativa  Aroma fuerte y reconocible  100% legal Espa\u00f1a y Europa  Consulta el an\u00e1lisis de laboratorio.","og_url":"https:\/\/iguanasmoke.com\/pt\/produto\/comprar-flower-amnesia-cbd-cbd-buds-online\/","og_site_name":"Iguana Smoke","article_publisher":"https:\/\/www.facebook.com\/iguanasmoke","article_modified_time":"2026-03-15T21:36:11+00:00","og_image":[{"width":1000,"height":1000,"url":"https:\/\/iguanasmoke.com\/wp-content\/uploads\/2021\/06\/amnesia.webp","type":"image\/webp"}],"twitter_card":"summary_large_image","twitter_misc":{"Disponibilidade":"Em stock"},"schema":{"@context":"https:\/\/schema.org","@graph":[{"@type":"WebPage","@id":"https:\/\/iguanasmoke.com\/producto\/comprar-flor-amnesia-cbd-cogollos-online\/","url":"https:\/\/iguanasmoke.com\/producto\/comprar-flor-amnesia-cbd-cogollos-online\/","name":"Amnesia CBD flower - CBD buds online | Iguana Smoke","isPartOf":{"@id":"https:\/\/iguanasmoke.com\/#website"},"primaryImageOfPage":{"@id":"https:\/\/iguanasmoke.com\/producto\/comprar-flor-amnesia-cbd-cogollos-online\/#primaryimage"},"image":{"@id":"https:\/\/iguanasmoke.com\/producto\/comprar-flor-amnesia-cbd-cogollos-online\/#primaryimage"},"thumbnailUrl":"https:\/\/iguanasmoke.com\/wp-content\/uploads\/2021\/06\/amnesia.webp","datePublished":"2021-06-23T15:16:39+00:00","dateModified":"2026-03-15T21:36:11+00:00","description":"Atreva-se a experimentar a Amnesia CBD Flower, famosa pelo seu aroma inconfund\u00edvel e pelo seu cultivo org\u00e2nico. Melhore o seu bem-estar ao comprar flores CBD online.","breadcrumb":{"@id":"https:\/\/iguanasmoke.com\/producto\/comprar-flor-amnesia-cbd-cogollos-online\/#breadcrumb"},"inLanguage":"pt-PT","potentialAction":[{"@type":"ReadAction","target":["https:\/\/iguanasmoke.com\/producto\/comprar-flor-amnesia-cbd-cogollos-online\/"]}]},{"@type":"ImageObject","inLanguage":"pt-PT","@id":"https:\/\/iguanasmoke.com\/producto\/comprar-flor-amnesia-cbd-cogollos-online\/#primaryimage","url":"https:\/\/iguanasmoke.com\/wp-content\/uploads\/2021\/06\/amnesia.webp","contentUrl":"https:\/\/iguanasmoke.com\/wp-content\/uploads\/2021\/06\/amnesia.webp","width":1000,"height":1000,"caption":"amnesia flor cbd barato"},{"@type":"BreadcrumbList","@id":"https:\/\/iguanasmoke.com\/producto\/comprar-flor-amnesia-cbd-cogollos-online\/#breadcrumb","itemListElement":[{"@type":"ListItem","position":1,"name":"home","item":"https:\/\/iguanasmoke.com\/"},{"@type":"ListItem","position":2,"name":"Tienda","item":"https:\/\/iguanasmoke.com\/tienda\/"},{"@type":"ListItem","position":3,"name":"Flores de CBD","item":"https:\/\/iguanasmoke.com\/categoria\/comprar-flores-de-cbd-y-cogollos-de-cbd\/"},{"@type":"ListItem","position":4,"name":"Flor de CBD Amnesia"}]},{"@type":"WebSite","@id":"https:\/\/iguanasmoke.com\/#website","url":"https:\/\/iguanasmoke.com\/","name":"Fumo de Iguana","description":"Comprar CBD online ao melhor pre\u00e7o","publisher":{"@id":"https:\/\/iguanasmoke.com\/#organization"},"potentialAction":[{"@type":"SearchAction","target":{"@type":"EntryPoint","urlTemplate":"https:\/\/iguanasmoke.com\/?s={search_term_string}"},"query-input":{"@type":"PropertyValueSpecification","valueRequired":true,"valueName":"search_term_string"}}],"inLanguage":"pt-PT"},{"@type":"Organization","@id":"https:\/\/iguanasmoke.com\/#organization","name":"Fumo de Iguana","url":"https:\/\/iguanasmoke.com\/","logo":{"@type":"ImageObject","inLanguage":"pt-PT","@id":"https:\/\/iguanasmoke.com\/#\/schema\/logo\/image\/","url":"https:\/\/iguanasmoke.com\/wp-content\/uploads\/2025\/01\/logoiguana-favi-1.png","contentUrl":"https:\/\/iguanasmoke.com\/wp-content\/uploads\/2025\/01\/logoiguana-favi-1.png","width":512,"height":512,"caption":"Iguana Smoke"},"image":{"@id":"https:\/\/iguanasmoke.com\/#\/schema\/logo\/image\/"},"sameAs":["https:\/\/www.facebook.com\/iguanasmoke","https:\/\/www.instagram.com\/iguanasmoke\/"]}]},"product_brand":"variable","og_availability":"instock","product_availability":"instock","product_condition":"new"},"_links":{"self":[{"href":"https:\/\/iguanasmoke.com\/pt\/wp-json\/wp\/v2\/product\/9340","targetHints":{"allow":["GET"]}}],"collection":[{"href":"https:\/\/iguanasmoke.com\/pt\/wp-json\/wp\/v2\/product"}],"about":[{"href":"https:\/\/iguanasmoke.com\/pt\/wp-json\/wp\/v2\/types\/product"}],"replies":[{"embeddable":true,"href":"https:\/\/iguanasmoke.com\/pt\/wp-json\/wp\/v2\/comments?post=9340"}],"wp:featuredmedia":[{"embeddable":true,"href":"https:\/\/iguanasmoke.com\/pt\/wp-json\/wp\/v2\/media\/36640"}],"wp:attachment":[{"href":"https:\/\/iguanasmoke.com\/pt\/wp-json\/wp\/v2\/media?parent=9340"}],"wp:term":[{"taxonomy":"product_brand","embeddable":true,"href":"https:\/\/iguanasmoke.com\/pt\/wp-json\/wp\/v2\/product_brand?post=9340"},{"taxonomy":"product_cat","embeddable":true,"href":"https:\/\/iguanasmoke.com\/pt\/wp-json\/wp\/v2\/product_cat?post=9340"},{"taxonomy":"product_tag","embeddable":true,"href":"https:\/\/iguanasmoke.com\/pt\/wp-json\/wp\/v2\/product_tag?post=9340"}],"curies":[{"name":"wp","href":"https:\/\/api.w.org\/{rel}","templated":true}]}}