{"id":9479,"date":"2021-07-08T19:11:58","date_gmt":"2021-07-08T17:11:58","guid":{"rendered":"http:\/\/iguanasmoke.com\/?post_type=product&#038;p=9479"},"modified":"2026-03-24T13:19:25","modified_gmt":"2026-03-24T12:19:25","slug":"comprar-flores-de-cbd-cone-pre-rolamento-cone-king-size-cbd-1gr","status":"publish","type":"product","link":"https:\/\/iguanasmoke.com\/pt\/producto\/comprar-cbd-flores-pre-roll-cono-king-size-cbd-1gr\/","title":{"rendered":"Pre Roll CBD - Cone de CBD de tamanho grande"},"content":{"rendered":"<h1><span style=\"font-weight: 400;\">Pr\u00e9-Rolo CBD - Cone de tamanho grande\u00a0<\/span><\/h1>\n<p data-start=\"277\" data-end=\"346\"><span style=\"font-weight: 400;\">Est\u00e1 \u00e0 procura de um <strong>Pr\u00e9-rolamento de CBD<\/strong> potente e com a qualidade perfeita de uma flor de primeira qualidade? O <strong>Iguana Smoke CBD King Size Cone<\/strong> \u00e9 a escolha perfeita para quem quer desfrutar do canabidiol sem complica\u00e7\u00f5es: aberto, leve e relaxante. <\/span><\/p>\n<p data-start=\"277\" data-end=\"346\"><span style=\"font-weight: 400;\">Este cone pr\u00e9-licenciado cont\u00e9m <strong>1g de flor Sour Tsunami CBD<\/strong>, cultivados organicamente e <strong>sem restos, aparas ou misturas<\/strong>. Apenas <strong>flor premium pronta a usar<\/strong> para vos oferecer um <strong>experi\u00eancia suave, natural e muito fresca<\/strong>. <\/span><\/p>\n<p data-start=\"277\" data-end=\"346\"><span style=\"font-weight: 400;\">Descubra mais formatos para <a href=\"https:\/\/iguanasmoke.com\/pt\/categoria\/flores\/flores-de-cbd-3\/\"><strong>comprar flores CBD<\/strong><\/a>, onde descobrir\u00e1 a nossa vasta sele\u00e7\u00e3o de flores CBD de primeira qualidade.<\/span><\/p>\n<p data-start=\"277\" data-end=\"346\"><span style=\"color: #ffffff;\">-<\/span><\/p>\n<h2><strong>Pr\u00e9-rolos de CBD de qualidade - r\u00e1pidos, limpos e diretos<\/strong><\/h2>\n<p><span style=\"font-weight: 400;\">O nosso <strong>Cone King Size CBD<\/strong> est\u00e1 envolvido com <strong>papel cru org\u00e2nico<\/strong>, sem produtos qu\u00edmicos, aditivos ou corantes. No interior, encontrar\u00e1 flores selecionadas com <strong>15% CBD<\/strong> e menos de <strong>0,3% THC<\/strong>. Assim, os 100% s\u00e3o legais em Espanha e na Europa.<\/span><\/p>\n<p><span style=\"font-weight: 400;\">Este formato XL \u00e9 ideal para quem pretende <strong>comprar flores CBD<\/strong> j\u00e1 pr\u00e9-enrolado sem sacrificar o aroma, a pot\u00eancia e a qualidade de uma boa flor. Este n\u00e3o \u00e9 um Pr\u00e9-Rolo qualquer, \u00e9 <strong>qualidade superior<\/strong>, Concebido para os praticantes que procuram conforto sem perder a intensidade.\u00a0<\/span><\/p>\n<p>&nbsp;<\/p>\n<h2 data-start=\"1495\" data-end=\"1540\">Carater\u00edsticas do cone King Size CBD:<\/h2>\n<ul>\n<li><span style=\"font-weight: 400;\"><strong>1 grama<\/strong> de flor verdadeira <strong>Tsunami azedo <\/strong><\/span><\/li>\n<li><span style=\"font-weight: 400;\"><strong>CBD<\/strong> em <strong>15%<\/strong> y <strong>THC &lt;0,3%<\/strong> -Produto legal sem efeitos psicoactivos <\/span><\/li>\n<li><span style=\"font-weight: 400;\"><strong>Pap\u00e9is em bruto<\/strong> biol\u00f3gico e sem qu\u00edmicos <\/span><\/li>\n<li><span style=\"font-weight: 400;\"><strong>Dominante Sativa<\/strong>, com um aroma doce e intenso <\/span><\/li>\n<li><span style=\"font-weight: 400;\"><strong>Agricultura biol\u00f3gica<\/strong>, sem pesticidas e OGM<\/span><\/li>\n<li><span style=\"font-weight: 400;\">Pronto a utilizar, <strong>n\u00e3o misturado e n\u00e3o enrolado<\/strong><\/span><\/li>\n<\/ul>\n<p>&nbsp;<\/p>\n<h2><b>Onde comprar o seu Pre Roll CBD online<\/b><b>?<\/b><\/h2>\n<p><span style=\"font-weight: 400;\">Naturalmente, em <strong>Fumo de Iguana. <\/strong>Aqui damos prioridade \u00e0 qualidade e \u00e0 transpar\u00eancia em cada produto. O nosso Pre Roll \u00e9 fabricado a partir de <strong>flores de c\u00e2nhamo<\/strong>. S\u00e3o cuidadosamente selecionados e <strong>picadas<\/strong> para preservar todo o seu aroma, pot\u00eancia e propriedades naturais. <\/span><span style=\"font-weight: 400;\">Como \u00e9 o caso do nosso <strong>Cone CBD<\/strong>, O novo design, confort\u00e1vel e pr\u00e1tico, \u00e9 um verdadeiro chamariz.<\/span><\/p>\n<p><span style=\"font-weight: 400;\">Este \u00e9 o seu lugar seguro para <strong>comprar Pre Roll CBD online em Espanha.<\/strong> Todos os nossos produtos s\u00e3o aprovados pela UE, o que garante a sua legalidade e seguran\u00e7a. Para al\u00e9m disso, se desejar, pode consultar<\/span><strong> <a href=\"https:\/\/iguanasmoke.com\/pt\/analiticas\/\">an\u00e1lises laboratoriais.<\/a>\u00a0<\/strong><\/p>\n<p><span style=\"font-weight: 400;\">N\u00e3o se esque\u00e7a de completar a sua experi\u00eancia com o <a href=\"https:\/\/iguanasmoke.com\/pt\/produto\/suporte-para-pre-rolos\/\"><strong>Suporte para pr\u00e9-rolos Iguana Smoke<\/strong><\/a> e testar o <strong>novo Pr\u00e9-Rolo<\/strong> cheio da nossa mol\u00e9cula da moda: <strong><a href=\"https:\/\/iguanasmoke.com\/pt\/produto\/pre-rolo-10-oh-king-size-1-5g\/\">Pr\u00e9-Rolo 10-OH - Cone King Size<\/a><\/strong>. Se gosta de flores com CBD, descubra <\/span><span style=\"font-weight: 400;\">outros <strong>Produtos TOP<\/strong> como o <a href=\"https:\/\/iguanasmoke.com\/pt\/produto\/comprar-flor-cbd-pop-corn-sour-tsunami-25gr-cogollos-online\/\"><strong>Milho para pipocas 25g<\/strong><\/a> ou o <strong><a href=\"https:\/\/iguanasmoke.com\/pt\/categoria\/cbd\/pronto-para-rolar\/\">Pronto para rolar<\/a><\/strong>. <\/span><span style=\"font-weight: 400;\">Explore a nossa gama de <strong><a href=\"https:\/\/iguanasmoke.com\/pt\/categoria\/extractos-de-cbd\/\">Extractos de CBD<\/a><\/strong> y <strong><a href=\"https:\/\/iguanasmoke.com\/pt\/categoria\/haxixe-cbd\/\">Resinas CBD<\/a><\/strong> e alucinar.\u00a0<\/span><\/p>\n<p>Rapidez na entrega, aten\u00e7\u00e3o e uma loja com embalagens discretas e seguras que v\u00e3o em frente, s\u00f3 para si!<\/p>\n<p>&nbsp;<\/p>\n<h3><b>Iguana Smoke \u00e9 a sua loja online de CBD\u00a0<\/b><\/h3>\n<p><span style=\"font-weight: 400;\">Em<strong> Fumo de Iguana<\/strong>, Acreditamos que desfrutar do CBD deve ser uma experi\u00eancia segura e agrad\u00e1vel. \u00c9 por isso que temos produtos como este <em>Pr\u00e9-Rolo - Cone de tamanho real de CBD<\/em> alta qualidade, que se liga \u00e0s novas gera\u00e7\u00f5es: pessoas que procuram um bem-estar descomplicado, com marcas aut\u00eanticas e fi\u00e1veis. Este \u00e9 o seu Pre Roll CBD: n\u00e3o h\u00e1 mais moagem, n\u00e3o h\u00e1 mais enrolamento, n\u00e3o h\u00e1 mais problemas.\u00a0<\/span><\/p>\n<p>A nossa miss\u00e3o \u00e9 clara: trazer-lhe o melhor do mundo dos canabin\u00f3ides a um pre\u00e7o justo. Al\u00e9m disso, damos-lhe a tranquilidade de saber que est\u00e1 a escolher um produto certificado, eficaz e 100% legal. O seu tempo de relaxamento come\u00e7a aqui connosco.<\/p>\n<p>Ainda tem d\u00favidas? Escreva-nos e teremos todo o gosto em ajud\u00e1-lo a encontrar o produto certo para si*.<\/p>\n<p>&nbsp;<\/p>\n<p style=\"padding-left: 40px; text-align: center;\"><em><span style=\"font-weight: 400;\">\u26a0\ufe0fRecuerda: a sua utiliza\u00e7\u00e3o destina-se \u00e0 recolha ou \u00e0 aromaterapia, de acordo com a legisla\u00e7\u00e3o espanhola. <\/span><\/em><\/p>\n<p><em><span style=\"font-weight: 400;\">*Todos os nossos produtos s\u00e3o derivados de c\u00e2nhamo industrial certificado. Cont\u00eam menos de 0,3 THC e n\u00e3o cont\u00eam canabin\u00f3ides ilegais como HHC, HHC-P, THCP, THCP-O, H4CBD e os inclu\u00eddos no Anexo I do Decreto Real 2829\/1977, nem subst\u00e2ncias controladas por conven\u00e7\u00f5es internacionais.\u00a0\u00a0<\/span><\/em><\/p>","protected":false},"excerpt":{"rendered":"<p>O seu formato XL oferece comodidade, aroma doce e qualidade superior:<\/p>\n<ul>\n<li>N\u00e3o utilizamos enfeites, apenas flores de qualidade superior.<\/li>\n<li>Dominante Sativa<\/li>\n<li>Variedade Sour Tsunami<\/li>\n<li style=\"text-align: justify;\">Quantidade aproximada de flores: 1 grama<\/li>\n<li style=\"text-align: justify;\">CBD: 15% \/ THC: &lt; 0,3%<\/li>\n<li style=\"text-align: justify;\">100% legal na Europa<\/li>\n<\/ul>\n<p>An\u00e1lise da qualidade <a href=\"https:\/\/iguanasmoke.com\/wp-content\/uploads\/2018\/02\/Pre-Rolls-de-CBD.pdf\" target=\"_blank\" rel=\"noopener\">aqui<\/a><\/p>","protected":false},"featured_media":15081,"comment_status":"open","ping_status":"closed","template":"","meta":{"_acf_changed":false,"site-sidebar-layout":"default","site-content-layout":"default","ast-site-content-layout":"default","site-content-style":"default","site-sidebar-style":"default","ast-global-header-display":"","ast-banner-title-visibility":"","ast-main-header-display":"","ast-hfb-above-header-display":"","ast-hfb-below-header-display":"","ast-hfb-mobile-header-display":"","site-post-title":"","ast-breadcrumbs-content":"","ast-featured-img":"","footer-sml-layout":"","theme-transparent-header-meta":"default","adv-header-id-meta":"","stick-header-meta":"","header-above-stick-meta":"","header-main-stick-meta":"","header-below-stick-meta":"","astra-migrate-meta-layouts":"set","ast-page-background-enabled":"default","ast-page-background-meta":{"desktop":{"background-color":"var(--ast-global-color-4)","background-image":"","background-repeat":"repeat","background-position":"center center","background-size":"auto","background-attachment":"scroll","background-type":"","background-media":"","overlay-type":"","overlay-color":"","overlay-opacity":"","overlay-gradient":""},"tablet":{"background-color":"","background-image":"","background-repeat":"repeat","background-position":"center center","background-size":"auto","background-attachment":"scroll","background-type":"","background-media":"","overlay-type":"","overlay-color":"","overlay-opacity":"","overlay-gradient":""},"mobile":{"background-color":"","background-image":"","background-repeat":"repeat","background-position":"center center","background-size":"auto","background-attachment":"scroll","background-type":"","background-media":"","overlay-type":"","overlay-color":"","overlay-opacity":"","overlay-gradient":""}},"ast-content-background-meta":{"desktop":{"background-color":"var(--ast-global-color-5)","background-image":"","background-repeat":"repeat","background-position":"center center","background-size":"auto","background-attachment":"scroll","background-type":"","background-media":"","overlay-type":"","overlay-color":"","overlay-opacity":"","overlay-gradient":""},"tablet":{"background-color":"var(--ast-global-color-5)","background-image":"","background-repeat":"repeat","background-position":"center center","background-size":"auto","background-attachment":"scroll","background-type":"","background-media":"","overlay-type":"","overlay-color":"","overlay-opacity":"","overlay-gradient":""},"mobile":{"background-color":"var(--ast-global-color-5)","background-image":"","background-repeat":"repeat","background-position":"center center","background-size":"auto","background-attachment":"scroll","background-type":"","background-media":"","overlay-type":"","overlay-color":"","overlay-opacity":"","overlay-gradient":""}}},"product_brand":[],"product_cat":[328,335],"product_tag":[],"class_list":{"0":"post-9479","1":"product","2":"type-product","3":"status-publish","4":"has-post-thumbnail","6":"product_cat-comprar-flores-de-cbd-y-cogollos-de-cbd","7":"product_cat-pre-roll-porros-cbd","8":"desktop-align-center","9":"tablet-align-center","10":"mobile-align-center","12":"first","13":"instock","14":"taxable","15":"shipping-taxable","16":"purchasable","17":"product-type-simple"},"acf":[],"yoast_head":"<!-- This site is optimized with the Yoast SEO Premium plugin v27.3 (Yoast SEO v27.3) - https:\/\/yoast.com\/product\/yoast-seo-premium-wordpress\/ -->\n<title>Pre Roll CBD - Cono King Size | Iguana Smoke<\/title>\n<meta name=\"description\" content=\"Prueba el Pre Roll CBD de Iguana Smoke y siente la diferencia. Con flor ecol\u00f3gica y calidad excepcional, este Cono King Size CBD ser\u00e1 tu perdici\u00f3n.\" \/>\n<meta name=\"robots\" content=\"index, follow, max-snippet:-1, max-image-preview:large, max-video-preview:-1\" \/>\n<link rel=\"canonical\" href=\"https:\/\/iguanasmoke.com\/pt\/produto\/comprar-flores-de-cbd-cone-pre-rolamento-cone-king-size-cbd-1gr\/\" \/>\n<meta property=\"og:locale\" content=\"pt_PT\" \/>\n<meta property=\"og:type\" content=\"article\" \/>\n<meta property=\"og:title\" content=\"Pre Roll CBD - Cono King Size de CBD\" \/>\n<meta property=\"og:description\" content=\"Su formato XL ofrece comodidad, aroma dulce y calidad premium:   No usamos trim, solo flores de primera calidad  Dominante Sativa  Variedad Sour Tsunami  Cantidad de flores aproximada: 1 gramo  CBD: 15% \/ THC: &lt; 0,3%  100% legal en Europa  An\u00e1lisis de calidad aqu\u00ed\" \/>\n<meta property=\"og:url\" content=\"https:\/\/iguanasmoke.com\/pt\/produto\/comprar-flores-de-cbd-cone-pre-rolamento-cone-king-size-cbd-1gr\/\" \/>\n<meta property=\"og:site_name\" content=\"Iguana Smoke\" \/>\n<meta property=\"article:publisher\" content=\"https:\/\/www.facebook.com\/iguanasmoke\" \/>\n<meta property=\"article:modified_time\" content=\"2026-03-24T12:19:25+00:00\" \/>\n<meta property=\"og:image\" content=\"https:\/\/iguanasmoke.com\/wp-content\/uploads\/2021\/07\/Pre-Roll-1G.webp\" \/>\n\t<meta property=\"og:image:width\" content=\"500\" \/>\n\t<meta property=\"og:image:height\" content=\"500\" \/>\n\t<meta property=\"og:image:type\" content=\"image\/webp\" \/>\n<meta name=\"twitter:card\" content=\"summary_large_image\" \/>\n<meta name=\"twitter:label1\" content=\"pre\u00e7o\" \/>\n\t<meta name=\"twitter:data1\" content=\"5,00&nbsp;&euro;\" \/>\n\t<meta name=\"twitter:label2\" content=\"Disponibilidade\" \/>\n\t<meta name=\"twitter:data2\" content=\"Em stock\" \/>\n<meta property=\"product:brand\" content=\"simple\" \/>\n<meta property=\"product:price:amount\" content=\"5.00\" \/>\n<meta property=\"product:price:currency\" content=\"EUR\" \/>\n<meta property=\"og:availability\" content=\"instock\" \/>\n<meta property=\"product:availability\" content=\"instock\" \/>\n<meta property=\"product:retailer_item_id\" content=\"IS-CONOCBD\" \/>\n<meta property=\"product:condition\" content=\"new\" \/>\n<!-- \/ Yoast SEO Premium plugin. -->","yoast_head_json":{"title":"Pr\u00e9-Rolo CBD - Cone King Size | Iguana Smoke","description":"Experimente o Iguana Smoke Pre Roll CBD e sinta a diferen\u00e7a. Com flores org\u00e2nicas e uma qualidade excecional, este King Size CBD Cone ser\u00e1 certamente o seu doce.","robots":{"index":"index","follow":"follow","max-snippet":"max-snippet:-1","max-image-preview":"max-image-preview:large","max-video-preview":"max-video-preview:-1"},"canonical":"https:\/\/iguanasmoke.com\/pt\/produto\/comprar-flores-de-cbd-cone-pre-rolamento-cone-king-size-cbd-1gr\/","og_locale":"pt_PT","og_type":"article","og_title":"Pre Roll CBD - Cono King Size de CBD","og_description":"Su formato XL ofrece comodidad, aroma dulce y calidad premium:   No usamos trim, solo flores de primera calidad  Dominante Sativa  Variedad Sour Tsunami  Cantidad de flores aproximada: 1 gramo  CBD: 15% \/ THC: &lt; 0,3%  100% legal en Europa  An\u00e1lisis de calidad aqu\u00ed","og_url":"https:\/\/iguanasmoke.com\/pt\/produto\/comprar-flores-de-cbd-cone-pre-rolamento-cone-king-size-cbd-1gr\/","og_site_name":"Iguana Smoke","article_publisher":"https:\/\/www.facebook.com\/iguanasmoke","article_modified_time":"2026-03-24T12:19:25+00:00","og_image":[{"width":500,"height":500,"url":"https:\/\/iguanasmoke.com\/wp-content\/uploads\/2021\/07\/Pre-Roll-1G.webp","type":"image\/webp"}],"twitter_card":"summary_large_image","twitter_misc":{"pre\u00e7o":"5,00&nbsp;&euro;","Disponibilidade":"Em stock"},"schema":{"@context":"https:\/\/schema.org","@graph":[{"@type":"WebPage","@id":"https:\/\/iguanasmoke.com\/producto\/comprar-cbd-flores-pre-roll-cono-king-size-cbd-1gr\/","url":"https:\/\/iguanasmoke.com\/producto\/comprar-cbd-flores-pre-roll-cono-king-size-cbd-1gr\/","name":"Pr\u00e9-Rolo CBD - Cone King Size | Iguana Smoke","isPartOf":{"@id":"https:\/\/iguanasmoke.com\/#website"},"primaryImageOfPage":{"@id":"https:\/\/iguanasmoke.com\/producto\/comprar-cbd-flores-pre-roll-cono-king-size-cbd-1gr\/#primaryimage"},"image":{"@id":"https:\/\/iguanasmoke.com\/producto\/comprar-cbd-flores-pre-roll-cono-king-size-cbd-1gr\/#primaryimage"},"thumbnailUrl":"https:\/\/iguanasmoke.com\/wp-content\/uploads\/2021\/07\/Pre-Roll-1G.webp","datePublished":"2021-07-08T17:11:58+00:00","dateModified":"2026-03-24T12:19:25+00:00","description":"Experimente o Iguana Smoke Pre Roll CBD e sinta a diferen\u00e7a. Com flores org\u00e2nicas e uma qualidade excecional, este King Size CBD Cone ser\u00e1 certamente o seu doce.","breadcrumb":{"@id":"https:\/\/iguanasmoke.com\/producto\/comprar-cbd-flores-pre-roll-cono-king-size-cbd-1gr\/#breadcrumb"},"inLanguage":"pt-PT","potentialAction":[{"@type":"ReadAction","target":["https:\/\/iguanasmoke.com\/producto\/comprar-cbd-flores-pre-roll-cono-king-size-cbd-1gr\/"]}]},{"@type":"ImageObject","inLanguage":"pt-PT","@id":"https:\/\/iguanasmoke.com\/producto\/comprar-cbd-flores-pre-roll-cono-king-size-cbd-1gr\/#primaryimage","url":"https:\/\/iguanasmoke.com\/wp-content\/uploads\/2021\/07\/Pre-Roll-1G.webp","contentUrl":"https:\/\/iguanasmoke.com\/wp-content\/uploads\/2021\/07\/Pre-Roll-1G.webp","width":500,"height":500,"caption":"pre roll cbd. Cono King Size CBD"},{"@type":"BreadcrumbList","@id":"https:\/\/iguanasmoke.com\/producto\/comprar-cbd-flores-pre-roll-cono-king-size-cbd-1gr\/#breadcrumb","itemListElement":[{"@type":"ListItem","position":1,"name":"home","item":"https:\/\/iguanasmoke.com\/"},{"@type":"ListItem","position":2,"name":"Tienda","item":"https:\/\/iguanasmoke.com\/tienda\/"},{"@type":"ListItem","position":3,"name":"Pre Rolls","item":"https:\/\/iguanasmoke.com\/categoria\/pre-roll-porros-cbd\/"},{"@type":"ListItem","position":4,"name":"Pre Roll CBD &#8211; Cono King Size de CBD"}]},{"@type":"WebSite","@id":"https:\/\/iguanasmoke.com\/#website","url":"https:\/\/iguanasmoke.com\/","name":"Fumo de Iguana","description":"Comprar CBD online ao melhor pre\u00e7o","publisher":{"@id":"https:\/\/iguanasmoke.com\/#organization"},"potentialAction":[{"@type":"SearchAction","target":{"@type":"EntryPoint","urlTemplate":"https:\/\/iguanasmoke.com\/?s={search_term_string}"},"query-input":{"@type":"PropertyValueSpecification","valueRequired":true,"valueName":"search_term_string"}}],"inLanguage":"pt-PT"},{"@type":"Organization","@id":"https:\/\/iguanasmoke.com\/#organization","name":"Fumo de Iguana","url":"https:\/\/iguanasmoke.com\/","logo":{"@type":"ImageObject","inLanguage":"pt-PT","@id":"https:\/\/iguanasmoke.com\/#\/schema\/logo\/image\/","url":"https:\/\/iguanasmoke.com\/wp-content\/uploads\/2025\/01\/logoiguana-favi-1.png","contentUrl":"https:\/\/iguanasmoke.com\/wp-content\/uploads\/2025\/01\/logoiguana-favi-1.png","width":512,"height":512,"caption":"Iguana Smoke"},"image":{"@id":"https:\/\/iguanasmoke.com\/#\/schema\/logo\/image\/"},"sameAs":["https:\/\/www.facebook.com\/iguanasmoke","https:\/\/www.instagram.com\/iguanasmoke\/"]}]},"product_brand":"simple","product_price_amount":"5.00","product_price_currency":"EUR","og_availability":"instock","product_availability":"instock","product_retailer_item_id":"IS-CONOCBD","product_condition":"new"},"_links":{"self":[{"href":"https:\/\/iguanasmoke.com\/pt\/wp-json\/wp\/v2\/product\/9479","targetHints":{"allow":["GET"]}}],"collection":[{"href":"https:\/\/iguanasmoke.com\/pt\/wp-json\/wp\/v2\/product"}],"about":[{"href":"https:\/\/iguanasmoke.com\/pt\/wp-json\/wp\/v2\/types\/product"}],"replies":[{"embeddable":true,"href":"https:\/\/iguanasmoke.com\/pt\/wp-json\/wp\/v2\/comments?post=9479"}],"wp:featuredmedia":[{"embeddable":true,"href":"https:\/\/iguanasmoke.com\/pt\/wp-json\/wp\/v2\/media\/15081"}],"wp:attachment":[{"href":"https:\/\/iguanasmoke.com\/pt\/wp-json\/wp\/v2\/media?parent=9479"}],"wp:term":[{"taxonomy":"product_brand","embeddable":true,"href":"https:\/\/iguanasmoke.com\/pt\/wp-json\/wp\/v2\/product_brand?post=9479"},{"taxonomy":"product_cat","embeddable":true,"href":"https:\/\/iguanasmoke.com\/pt\/wp-json\/wp\/v2\/product_cat?post=9479"},{"taxonomy":"product_tag","embeddable":true,"href":"https:\/\/iguanasmoke.com\/pt\/wp-json\/wp\/v2\/product_tag?post=9479"}],"curies":[{"name":"wp","href":"https:\/\/api.w.org\/{rel}","templated":true}]}}